{"id":135001,"date":"2025-03-03T14:01:18","date_gmt":"2025-03-03T12:01:18","guid":{"rendered":"https:\/\/www.zoner.fi\/tuki\/?page_id=135001"},"modified":"2026-01-29T13:32:23","modified_gmt":"2026-01-29T11:32:23","slug":"vps-resurssien-ja-paketin-hallinta","status":"publish","type":"page","link":"https:\/\/www.zoner.fi\/tuki\/virtuaalipalvelimet\/vps-resurssien-ja-paketin-hallinta\/","title":{"rendered":"Virtuaalipalvelimen resurssien ja paketin hallinta"},"content":{"rendered":"\n<p>Jokaisella virtuaalipalvelimella on omat resurssinsa, kuten CPU, RAM ja tallennustila, joiden ansiosta se tarjoaa paremman hallinnan, mukautettavuuden ja suojauksen kuin tavallinen webhotelli. Virtuaalipalvelimella voit my\u00f6s k\u00e4tev\u00e4sti s\u00e4\u00e4t\u00e4\u00e4 resursseja tarpeen mukaan.<\/p>\n\n\n\n<p>T\u00e4ss\u00e4 oppaassa kerromme, miten voit hallita virtuaalipalvelimen lis\u00e4osia ja vaihtaa suurempaan pakettiin, jotta palvelin vastaa aina tarpeitasi.<\/p>\n\n\n\n<ul class=\"wp-block-list\">\n<li><a href=\"#VPS-resurssit ja tekniset tiedot\">Virtuaalipalvelimen resurssit ja tekniset tiedot<\/a><\/li>\n\n\n\n<li><a href=\"#Kuinka-voin-aktivoida-lisaresursseja\">Kuinka voin aktivoida lis\u00e4resursseja?<\/a><\/li>\n\n\n\n<li><a href=\"#Kuinka-voin-vaihtaa-VPS-pakettiani\">Kuinka voin vaihtaa virtuaalipalvelinpakettiani?<\/a><\/li>\n\n\n\n<li><a href=\"#Kuinka irtisanon VPS-paketin?\">Kuinka irtisanon virtuaalipalvelinpaketin?<\/a><\/li>\n<\/ul>\n\n\n\n<h2 class=\"wp-block-heading\" id=\"VPS-resurssit-ja-tekniset-tiedot\">Virtuaalipalvelimen resurssit ja tekniset tiedot<\/h2>\n\n\n\n<p>Siirry <a href=\"https:\/\/home.zoner.fi\" target=\"_blank\" rel=\"noopener\">Zoner Home-hallintapaneelissa<\/a> kohtaan&nbsp;<strong>Cloud Server<\/strong>&nbsp;&gt;&nbsp;<strong>J\u00e4rjestelm\u00e4n tila<\/strong>,&nbsp;niin n\u00e4et yhteenvedon virtuaalipalvelimen t\u00e4rkeimmist\u00e4 resursseista ja teknisist\u00e4 tiedoista. T\u00e4ll\u00e4 sivulla n\u00e4et muun muassa seuraavat tiedot: tuotteen nimi, palvelimen nykyinen k\u00e4ytt\u00f6j\u00e4rjestelm\u00e4, RAM-muisti, ytimien m\u00e4\u00e4r\u00e4 ja levytila.<\/p>\n\n\n\n<figure class=\"wp-block-image size-large\"><img loading=\"lazy\" decoding=\"async\" width=\"1024\" height=\"657\" src=\"https:\/\/www.zoner.fi\/tuki\/wp-content\/uploads\/2025\/03\/vps-yleiskatsaus-1024x657.png\" alt=\"\" class=\"wp-image-135507\" srcset=\"https:\/\/www.zoner.fi\/tuki\/wp-content\/uploads\/2025\/03\/vps-yleiskatsaus-1024x657.png 1024w, https:\/\/www.zoner.fi\/tuki\/wp-content\/uploads\/2025\/03\/vps-yleiskatsaus-300x193.png 300w, https:\/\/www.zoner.fi\/tuki\/wp-content\/uploads\/2025\/03\/vps-yleiskatsaus-768x493.png 768w, https:\/\/www.zoner.fi\/tuki\/wp-content\/uploads\/2025\/03\/vps-yleiskatsaus.png 1418w\" sizes=\"auto, (max-width: 1024px) 100vw, 1024px\" \/><\/figure>\n\n\n\n<p><strong>RAM (Random Access Memory):<\/strong>&nbsp;T\u00e4t\u00e4 muistia k\u00e4ytet\u00e4\u00e4n tietojen ja ohjelmak\u00e4skyjen tallentamiseen nopeaa k\u00e4ytt\u00f6\u00e4 varten. Suuremman RAM-muistin avulla palvelimesi pystyy k\u00e4sittelem\u00e4\u00e4n useampia teht\u00e4vi\u00e4 ja k\u00e4sittelem\u00e4\u00e4n tietoja nopeammin.<\/p>\n\n\n\n<p><strong>Suoritin eli CPU (Central Processing Unit):<\/strong>&nbsp;Suoritin suorittaa laskuja ja hallitsee tietojenk\u00e4sittelyteht\u00e4vi\u00e4. Suurempi suoritinteho parantaa sovellusten suorituskyky\u00e4. Suorittimilla on useita ytimi\u00e4, jotka mahdollistavat useiden teht\u00e4vien suorittamisen samanaikaisesti.<\/p>\n\n\n\n<h2 class=\"wp-block-heading\" id=\"Kuinka-voin-aktivoida-lisaresursseja\">Kuinka aktivoin lis\u00e4resursseja?<\/h2>\n\n\n\n<p>Voit lis\u00e4t\u00e4 Cloud Serverin tehoa kasvattamalla sen resursseja.<\/p>\n\n\n\n<ol class=\"wp-block-list\">\n<li>Kirjaudu <a href=\"https:\/\/home.zoner.fi\" target=\"_blank\" rel=\"noopener\">Zoner Home -hallintapaneeliin<\/a> ja avaa&nbsp;VPS-sivu.<\/li>\n\n\n\n<li>Klikkaa sen virtuaalipalvelimen nime\u00e4, jolle haluat lis\u00e4t\u00e4 resursseja.<\/li>\n\n\n\n<li>Valitse vasemman reunan valikosta&nbsp;<strong>Cloud Server<\/strong>&nbsp;&gt;&nbsp;<strong>Lis\u00e4palvelut<\/strong>&nbsp;.<\/li>\n\n\n\n<li><strong>Omat lis\u00e4osat ja resurssit<\/strong>&nbsp;-kohdassa n\u00e4et kaikki k\u00e4yt\u00f6ss\u00e4si olevat lis\u00e4osat ja resurssit.<\/li>\n\n\n\n<li>Vierit\u00e4 alas kohtaan&nbsp;<strong>Tehosta Cloud Serveri\u00e4si<\/strong>, jossa n\u00e4et saatavilla olevat lis\u00e4osat.<\/li>\n\n\n\n<li>Klikkaa <strong>Valitse<\/strong>-painiketta haluamasi lis\u00e4osan kohdalla.<\/li>\n\n\n\n<li>N\u00e4et, kuinka paljon lis\u00e4osa maksaa kuukaudessa.&nbsp;<strong>Osta nyt<\/strong>&nbsp;-painikkeen kautta voit siirty\u00e4 maksusivulle.<\/li>\n\n\n\n<li>Viimeistele ostos klikkaamalla <strong>Hyv\u00e4ksy<\/strong>. Maksu veloitetaan automaattisesti tallennetulta luottokortilta.<\/li>\n\n\n\n<li>Tehty\u00e4si tilauksen saat siit\u00e4 vahvistusviestin. L\u00e4het\u00e4mme laskun s\u00e4hk\u00f6postiosoitteeseesi. Voit hallita uusia lis\u00e4osia\u00a0<strong>Zoner Home &#8211;<\/strong>hallintapaneelissa.<\/li>\n<\/ol>\n\n\n\n<h2 class=\"wp-block-heading\" id=\"Kuinka-voin-vaihtaa-VPS-pakettiani\">Kuinka vaihdan virtuaalipalvelinpakettiani?<\/h2>\n\n\n\n<p>Huomaa, ett\u00e4 t\u00e4ll\u00e4 hetkell\u00e4 vain paketin p\u00e4ivitt\u00e4minen suurempaan on mahdollista. Jos haluat p\u00e4ivitt\u00e4\u00e4 suurempaan pakettiin, noudata n\u00e4it\u00e4 ohjeita.<\/p>\n\n\n\n<ol class=\"wp-block-list\">\n<li>Kirjaudu <a href=\"https:\/\/home.zoner.fi\" target=\"_blank\" rel=\"noopener\">Zoner Home -hallintapaneeliin<\/a> ja avaa&nbsp;VPS-sivu.<\/li>\n\n\n\n<li>Napsauta sen VPS:n nime\u00e4, jonka paketin haluat vaihtaa suurempaan.<\/li>\n\n\n\n<li>Siirry kohtaan&nbsp;<strong>Cloud Server<\/strong>&nbsp;&gt;&nbsp;<strong>J\u00e4rjestelm\u00e4n tila<\/strong>.&nbsp;<\/li>\n\n\n\n<li>Klikkaa&nbsp;<strong>P\u00e4ivit\u00e4<\/strong>-painiketta oikeassa yl\u00e4kulmassa.<\/li>\n\n\n\n<li>Klikkaa virtuaalipalvelinpakettien ja -hintojen yleiskatsauksessa&nbsp;<strong>P\u00e4ivit\u00e4<\/strong>-painiketta haluamasi paketin kohdalla. Sinut ohjataan maksusivulle.<\/li>\n\n\n\n<li>Viimeistele ostos klikkaamalla <strong>Hyv\u00e4ksy<\/strong>-painiketta. Maksu veloitetaan automaattisesti tallennetulta luottokortiltasi.<\/li>\n\n\n\n<li>Saat pian paketin p\u00e4ivitt\u00e4mist\u00e4 koskevan vahvistusviestin ja laskun s\u00e4hk\u00f6postiosoitteeseesi. Zoner Home -hallintapaneelissa paketin tiedot p\u00e4ivittyv\u00e4t 20 minuutin sis\u00e4ll\u00e4.<\/li>\n<\/ol>\n\n\n\n<figure class=\"wp-block-image size-large\"><img loading=\"lazy\" decoding=\"async\" width=\"1024\" height=\"694\" src=\"https:\/\/www.zoner.fi\/tuki\/wp-content\/uploads\/2025\/01\/VPS-paketin-paivitys-1024x694.png\" alt=\"\" class=\"wp-image-135003\" srcset=\"https:\/\/www.zoner.fi\/tuki\/wp-content\/uploads\/2025\/01\/VPS-paketin-paivitys-1024x694.png 1024w, https:\/\/www.zoner.fi\/tuki\/wp-content\/uploads\/2025\/01\/VPS-paketin-paivitys-300x203.png 300w, https:\/\/www.zoner.fi\/tuki\/wp-content\/uploads\/2025\/01\/VPS-paketin-paivitys-768x520.png 768w, https:\/\/www.zoner.fi\/tuki\/wp-content\/uploads\/2025\/01\/VPS-paketin-paivitys.png 1144w\" sizes=\"auto, (max-width: 1024px) 100vw, 1024px\" \/><\/figure>\n\n\n\n<h2 class=\"wp-block-heading\" id=\"Kuinka-irtisanon-VPS-paketin\">Kuinka irtisanon virtuaalipalvelinpaketin?<\/h2>\n\n\n\n<ol class=\"wp-block-list\">\n<li>Kirjaudu <a href=\"https:\/\/home.zoner.fi\" target=\"_blank\" rel=\"noopener\">Zoner Home -hallintapaneeliin<\/a> ja avaa&nbsp;VPS-v\u00e4lilehti.<\/li>\n\n\n\n<li>Klikkaa kolmea pistett\u00e4 sen paketin kohdalla, jonka haluat irtisanoa. Valitse avautuneesta valikosta <strong>Irtisano VPS<\/strong>.<\/li>\n<\/ol>\n","protected":false},"excerpt":{"rendered":"<p>Jokaisella virtuaalipalvelimella on omat resurssinsa, kuten CPU, RAM ja tallennustila, joiden ansiosta se tarjoaa paremman hallinnan, mukautettavuuden ja suojauksen kuin tavallinen webhotelli. Virtuaalipalvelimella voit my\u00f6s k\u00e4tev\u00e4sti s\u00e4\u00e4t\u00e4\u00e4 resursseja tarpeen mukaan. T\u00e4ss\u00e4 oppaassa kerromme, miten voit hallita virtuaalipalvelimen lis\u00e4osia ja vaihtaa suurempaan pakettiin, jotta palvelin vastaa aina tarpeitasi. Virtuaalipalvelimen resurssit ja tekniset tiedot Siirry Zoner Home-hallintapaneelissa &#8230; <a title=\"Virtuaalipalvelimen resurssien ja paketin hallinta\" class=\"read-more\" href=\"https:\/\/www.zoner.fi\/tuki\/virtuaalipalvelimet\/vps-resurssien-ja-paketin-hallinta\/\" aria-label=\"Lue lis\u00e4\u00e4 aiheesta Virtuaalipalvelimen resurssien ja paketin hallinta\">Lue lis\u00e4\u00e4<\/a><\/p>\n","protected":false},"author":18,"featured_media":0,"parent":659,"menu_order":0,"comment_status":"closed","ping_status":"closed","template":"","meta":{"_relevanssi_hide_post":"","_relevanssi_hide_content":"","_relevanssi_pin_for_all":"","_relevanssi_pin_keywords":"","_relevanssi_unpin_keywords":"","_relevanssi_related_keywords":"","_relevanssi_related_include_ids":"","_relevanssi_related_exclude_ids":"","_relevanssi_related_no_append":"","_relevanssi_related_not_related":"","_relevanssi_related_posts":"130813,130779,130553,130455,134291,132278","_relevanssi_noindex_reason":"","footnotes":""},"categories":[70],"tags":[92],"wf_page_folders":[],"class_list":{"0":"post-135001","1":"page","2":"type-page","3":"status-publish","5":"category-cloudserver-virtuaalipalvelin","6":"tag-virtuaalipalvelin"},"_links":{"self":[{"href":"https:\/\/www.zoner.fi\/tuki\/wp-json\/wp\/v2\/pages\/135001","targetHints":{"allow":["GET"]}}],"collection":[{"href":"https:\/\/www.zoner.fi\/tuki\/wp-json\/wp\/v2\/pages"}],"about":[{"href":"https:\/\/www.zoner.fi\/tuki\/wp-json\/wp\/v2\/types\/page"}],"author":[{"embeddable":true,"href":"https:\/\/www.zoner.fi\/tuki\/wp-json\/wp\/v2\/users\/18"}],"replies":[{"embeddable":true,"href":"https:\/\/www.zoner.fi\/tuki\/wp-json\/wp\/v2\/comments?post=135001"}],"version-history":[{"count":7,"href":"https:\/\/www.zoner.fi\/tuki\/wp-json\/wp\/v2\/pages\/135001\/revisions"}],"predecessor-version":[{"id":138505,"href":"https:\/\/www.zoner.fi\/tuki\/wp-json\/wp\/v2\/pages\/135001\/revisions\/138505"}],"up":[{"embeddable":true,"href":"https:\/\/www.zoner.fi\/tuki\/wp-json\/wp\/v2\/pages\/659"}],"wp:attachment":[{"href":"https:\/\/www.zoner.fi\/tuki\/wp-json\/wp\/v2\/media?parent=135001"}],"wp:term":[{"taxonomy":"category","embeddable":true,"href":"https:\/\/www.zoner.fi\/tuki\/wp-json\/wp\/v2\/categories?post=135001"},{"taxonomy":"post_tag","embeddable":true,"href":"https:\/\/www.zoner.fi\/tuki\/wp-json\/wp\/v2\/tags?post=135001"},{"taxonomy":"wf_page_folders","embeddable":true,"href":"https:\/\/www.zoner.fi\/tuki\/wp-json\/wp\/v2\/wf_page_folders?post=135001"}],"curies":[{"name":"wp","href":"https:\/\/api.w.org\/{rel}","templated":true}]}}