{"id":135203,"date":"2025-02-26T16:59:08","date_gmt":"2025-02-26T14:59:08","guid":{"rendered":"https:\/\/www.zoner.fi\/tuki\/?page_id=135203"},"modified":"2025-09-17T12:23:33","modified_gmt":"2025-09-17T09:23:33","slug":"sahkopostialiaksen-maarittaminen-zoner-home-webhotellin-hallintapaneelissa","status":"publish","type":"page","link":"https:\/\/www.zoner.fi\/tuki\/sahkopostiohjeet\/zoner-home\/sahkopostialiaksen-maarittaminen-zoner-home-webhotellin-hallintapaneelissa\/","title":{"rendered":"S\u00e4hk\u00f6postialiaksen m\u00e4\u00e4ritt\u00e4minen Zoner Home -webhotellin hallintapaneelissa"},"content":{"rendered":"<div class=\"gb-container gb-container-dd33ba64\">\n<div class=\"gb-container gb-container-d7276b9a\">\n<div class=\"gb-container gb-container-a962f59c\">\n<div class=\"gb-container gb-container-26847c74\">\n<div class=\"gb-container gb-container-3df7c13a\">\n<div class=\"gb-container gb-container-36253ea4\">\n\n<p>S\u00e4hk\u00f6postialias on s\u00e4hk\u00f6postitilin vaihtoehtoinen s\u00e4hk\u00f6postiosoite. Voit luoda useita aliasosoitteita yhdelle s\u00e4hk\u00f6postitilille hallitaksesi erilaisia \u200b\u200brooleja ja teht\u00e4vi\u00e4 ilman erillisi\u00e4 postilaatikoita. Aliasosoitteeseen l\u00e4hetetyt s\u00e4hk\u00f6postit p\u00e4\u00e4tyv\u00e4t p\u00e4\u00e4tilin postilaatikkoon.<\/p>\n\n<\/div>\n<\/div>\n<\/div>\n<\/div>\n<\/div>\n<\/div>\n\n\n<h2 class=\"wp-block-heading\">Luo s\u00e4hk\u00f6postialias Zoner Home -webhotellin hallintapaneelissa<\/h2>\n\n\n\n<p>1. Kirjaudu Zoner Homeen osoitteessa <a href=\"https:\/\/home.zoner.fi\/\" target=\"_blank\" rel=\"noreferrer noopener\">https:\/\/home.zoner.fi<\/a><\/p>\n\n\n\n<p>2. Avaa Zoner Homessa <strong>Omat tuotteet<\/strong> -v\u00e4lilehti.<\/p>\n\n\n\n<p>3. Klikkaa <strong>Verkkosivustot<\/strong>-kohdassa sit\u00e4 webhotellia, johon kuuluvaan s\u00e4hk\u00f6postilaatikkoon haluat luoda aliaksen.<\/p>\n\n\n\n<p>4. Klikkaa vasemmassa valikossa kohtaa <strong>S\u00e4hk\u00f6posti<\/strong>:<\/p>\n\n\n\n<figure class=\"wp-block-image size-large\"><img loading=\"lazy\" decoding=\"async\" width=\"1024\" height=\"744\" src=\"https:\/\/www.zoner.fi\/tuki\/wp-content\/uploads\/2025\/01\/sahkopostilaatikon-luominen-zoner-home-1-1024x744.png\" alt=\"\" class=\"wp-image-135098\" srcset=\"https:\/\/www.zoner.fi\/tuki\/wp-content\/uploads\/2025\/01\/sahkopostilaatikon-luominen-zoner-home-1-1024x744.png 1024w, https:\/\/www.zoner.fi\/tuki\/wp-content\/uploads\/2025\/01\/sahkopostilaatikon-luominen-zoner-home-1-300x218.png 300w, https:\/\/www.zoner.fi\/tuki\/wp-content\/uploads\/2025\/01\/sahkopostilaatikon-luominen-zoner-home-1-768x558.png 768w, https:\/\/www.zoner.fi\/tuki\/wp-content\/uploads\/2025\/01\/sahkopostilaatikon-luominen-zoner-home-1.png 1463w\" sizes=\"auto, (max-width: 1024px) 100vw, 1024px\" \/><\/figure>\n\n\n\n<p>5. Klikkaa S\u00e4hk\u00f6posti-sivulla sit\u00e4 verkkotunnusta, jossa s\u00e4hk\u00f6postilaatikko sijaitsee.<\/p>\n\n\n\n<p>6. Klikkaa s\u00e4hk\u00f6postiosoitteen rivin lopussa kuvaketta, jossa on kolme pistett\u00e4. Valitse avautuneesta valikosta <strong>Aliakset<\/strong>:<\/p>\n\n\n\n<figure class=\"wp-block-image size-large\"><img loading=\"lazy\" decoding=\"async\" width=\"1024\" height=\"747\" src=\"https:\/\/www.zoner.fi\/tuki\/wp-content\/uploads\/2025\/01\/lomavastaaja-zoner-home-1-1-1024x747.png\" alt=\"\" class=\"wp-image-135126\" srcset=\"https:\/\/www.zoner.fi\/tuki\/wp-content\/uploads\/2025\/01\/lomavastaaja-zoner-home-1-1-1024x747.png 1024w, https:\/\/www.zoner.fi\/tuki\/wp-content\/uploads\/2025\/01\/lomavastaaja-zoner-home-1-1-300x219.png 300w, https:\/\/www.zoner.fi\/tuki\/wp-content\/uploads\/2025\/01\/lomavastaaja-zoner-home-1-1-768x560.png 768w, https:\/\/www.zoner.fi\/tuki\/wp-content\/uploads\/2025\/01\/lomavastaaja-zoner-home-1-1.png 1388w\" sizes=\"auto, (max-width: 1024px) 100vw, 1024px\" \/><\/figure>\n\n\n\n<p>7. Olet nyt s\u00e4hk\u00f6postiosoitteen Aliakset-sivulla, jossa voit luoda, tarkastella ja poistaa aliaksia. Luo uusi alias klikkaamalla <strong>Lis\u00e4\u00e4 alias<\/strong> -painiketta.<\/p>\n\n\n\n<figure class=\"wp-block-image size-large\"><img loading=\"lazy\" decoding=\"async\" width=\"1024\" height=\"526\" src=\"https:\/\/www.zoner.fi\/tuki\/wp-content\/uploads\/2025\/02\/zoner-home-sahkoposti-alias-1-1024x526.png\" alt=\"\" class=\"wp-image-135457\" srcset=\"https:\/\/www.zoner.fi\/tuki\/wp-content\/uploads\/2025\/02\/zoner-home-sahkoposti-alias-1-1024x526.png 1024w, https:\/\/www.zoner.fi\/tuki\/wp-content\/uploads\/2025\/02\/zoner-home-sahkoposti-alias-1-300x154.png 300w, https:\/\/www.zoner.fi\/tuki\/wp-content\/uploads\/2025\/02\/zoner-home-sahkoposti-alias-1-768x394.png 768w, https:\/\/www.zoner.fi\/tuki\/wp-content\/uploads\/2025\/02\/zoner-home-sahkoposti-alias-1.png 1447w\" sizes=\"auto, (max-width: 1024px) 100vw, 1024px\" \/><\/figure>\n\n\n\n<p>8. Kirjoita kentt\u00e4\u00e4n haluamasi alias. Jos haluat luoda esimerkiksi aliasosoitteen &#8221;asiakaspalvelu@esimerkki.fi&#8221;, kirjoita kentt\u00e4\u00e4n vain &#8221;asiakaspalvelu&#8221;. Klikkaa sitten <strong>Lis\u00e4\u00e4<\/strong>.<\/p>\n\n\n\n<figure class=\"wp-block-image size-full\"><img loading=\"lazy\" decoding=\"async\" width=\"880\" height=\"498\" src=\"https:\/\/www.zoner.fi\/tuki\/wp-content\/uploads\/2025\/02\/zoner-home-sahkoposti-alias.png\" alt=\"\" class=\"wp-image-135456\" srcset=\"https:\/\/www.zoner.fi\/tuki\/wp-content\/uploads\/2025\/02\/zoner-home-sahkoposti-alias.png 880w, https:\/\/www.zoner.fi\/tuki\/wp-content\/uploads\/2025\/02\/zoner-home-sahkoposti-alias-300x170.png 300w, https:\/\/www.zoner.fi\/tuki\/wp-content\/uploads\/2025\/02\/zoner-home-sahkoposti-alias-768x435.png 768w\" sizes=\"auto, (max-width: 880px) 100vw, 880px\" \/><\/figure>\n\n\n\n<p>9. Luotu alias n\u00e4kyy nyt Aliakset-sivulla. Jos haluat muokata sit\u00e4 tai poistaa sen, klikkaa kolmea pistett\u00e4 sen oikeassa reunassa avataksesi valikon.<\/p>\n\n\n\n<figure class=\"wp-block-image size-large\"><img loading=\"lazy\" decoding=\"async\" width=\"1024\" height=\"538\" src=\"https:\/\/www.zoner.fi\/tuki\/wp-content\/uploads\/2025\/02\/zoner-home-sahkoposti-alias-2-1024x538.png\" alt=\"\" class=\"wp-image-135458\" srcset=\"https:\/\/www.zoner.fi\/tuki\/wp-content\/uploads\/2025\/02\/zoner-home-sahkoposti-alias-2-1024x538.png 1024w, https:\/\/www.zoner.fi\/tuki\/wp-content\/uploads\/2025\/02\/zoner-home-sahkoposti-alias-2-300x158.png 300w, https:\/\/www.zoner.fi\/tuki\/wp-content\/uploads\/2025\/02\/zoner-home-sahkoposti-alias-2-768x403.png 768w, https:\/\/www.zoner.fi\/tuki\/wp-content\/uploads\/2025\/02\/zoner-home-sahkoposti-alias-2.png 1445w\" sizes=\"auto, (max-width: 1024px) 100vw, 1024px\" \/><\/figure>\n\n\n\n<p><\/p>\n","protected":false},"excerpt":{"rendered":"<p>S\u00e4hk\u00f6postialias on s\u00e4hk\u00f6postitilin vaihtoehtoinen s\u00e4hk\u00f6postiosoite. Voit luoda useita aliasosoitteita yhdelle s\u00e4hk\u00f6postitilille hallitaksesi erilaisia \u200b\u200brooleja ja teht\u00e4vi\u00e4 ilman erillisi\u00e4 postilaatikoita. Aliasosoitteeseen l\u00e4hetetyt s\u00e4hk\u00f6postit p\u00e4\u00e4tyv\u00e4t p\u00e4\u00e4tilin postilaatikkoon. Luo s\u00e4hk\u00f6postialias Zoner Home -webhotellin hallintapaneelissa 1. Kirjaudu Zoner Homeen osoitteessa https:\/\/home.zoner.fi 2. Avaa Zoner Homessa Omat tuotteet -v\u00e4lilehti. 3. Klikkaa Verkkosivustot-kohdassa sit\u00e4 webhotellia, johon kuuluvaan s\u00e4hk\u00f6postilaatikkoon haluat luoda aliaksen. &#8230; <a title=\"S\u00e4hk\u00f6postialiaksen m\u00e4\u00e4ritt\u00e4minen Zoner Home -webhotellin hallintapaneelissa\" class=\"read-more\" href=\"https:\/\/www.zoner.fi\/tuki\/sahkopostiohjeet\/zoner-home\/sahkopostialiaksen-maarittaminen-zoner-home-webhotellin-hallintapaneelissa\/\" aria-label=\"Lue lis\u00e4\u00e4 aiheesta S\u00e4hk\u00f6postialiaksen m\u00e4\u00e4ritt\u00e4minen Zoner Home -webhotellin hallintapaneelissa\">Lue lis\u00e4\u00e4<\/a><\/p>\n","protected":false},"author":18,"featured_media":0,"parent":137087,"menu_order":0,"comment_status":"closed","ping_status":"closed","template":"","meta":{"_relevanssi_hide_post":"","_relevanssi_hide_content":"","_relevanssi_pin_for_all":"","_relevanssi_pin_keywords":"","_relevanssi_unpin_keywords":"","_relevanssi_related_keywords":"","_relevanssi_related_include_ids":"","_relevanssi_related_exclude_ids":"","_relevanssi_related_no_append":"","_relevanssi_related_not_related":"","_relevanssi_related_posts":"130684,132072,130397,130578,130899,131541","_relevanssi_noindex_reason":"","footnotes":""},"categories":[194],"tags":[214],"wf_page_folders":[],"class_list":{"0":"post-135203","1":"page","2":"type-page","3":"status-publish","5":"category-zoner-home","6":"tag-sahkopostin-hallinta"},"_links":{"self":[{"href":"https:\/\/www.zoner.fi\/tuki\/wp-json\/wp\/v2\/pages\/135203","targetHints":{"allow":["GET"]}}],"collection":[{"href":"https:\/\/www.zoner.fi\/tuki\/wp-json\/wp\/v2\/pages"}],"about":[{"href":"https:\/\/www.zoner.fi\/tuki\/wp-json\/wp\/v2\/types\/page"}],"author":[{"embeddable":true,"href":"https:\/\/www.zoner.fi\/tuki\/wp-json\/wp\/v2\/users\/18"}],"replies":[{"embeddable":true,"href":"https:\/\/www.zoner.fi\/tuki\/wp-json\/wp\/v2\/comments?post=135203"}],"version-history":[{"count":5,"href":"https:\/\/www.zoner.fi\/tuki\/wp-json\/wp\/v2\/pages\/135203\/revisions"}],"predecessor-version":[{"id":137432,"href":"https:\/\/www.zoner.fi\/tuki\/wp-json\/wp\/v2\/pages\/135203\/revisions\/137432"}],"up":[{"embeddable":true,"href":"https:\/\/www.zoner.fi\/tuki\/wp-json\/wp\/v2\/pages\/137087"}],"wp:attachment":[{"href":"https:\/\/www.zoner.fi\/tuki\/wp-json\/wp\/v2\/media?parent=135203"}],"wp:term":[{"taxonomy":"category","embeddable":true,"href":"https:\/\/www.zoner.fi\/tuki\/wp-json\/wp\/v2\/categories?post=135203"},{"taxonomy":"post_tag","embeddable":true,"href":"https:\/\/www.zoner.fi\/tuki\/wp-json\/wp\/v2\/tags?post=135203"},{"taxonomy":"wf_page_folders","embeddable":true,"href":"https:\/\/www.zoner.fi\/tuki\/wp-json\/wp\/v2\/wf_page_folders?post=135203"}],"curies":[{"name":"wp","href":"https:\/\/api.w.org\/{rel}","templated":true}]}}