{"id":135205,"date":"2025-02-25T13:57:57","date_gmt":"2025-02-25T11:57:57","guid":{"rendered":"https:\/\/www.zoner.fi\/tuki\/?page_id=135205"},"modified":"2025-09-17T09:57:46","modified_gmt":"2025-09-17T06:57:46","slug":"miten-kirjaudun-webhotelliini-zoner-homen-kautta","status":"publish","type":"page","link":"https:\/\/www.zoner.fi\/tuki\/zoner-home\/miten-kirjaudun-webhotelliini-zoner-homen-kautta\/","title":{"rendered":"Miten kirjaudun webhotelliin?"},"content":{"rendered":"\n<p>Webhotelliin on helppo kirjautua suoraan Zoner Homesta:<\/p>\n\n\n\n<p>1. Kirjaudu Zoner Homeen osoitteessa <a href=\"https:\/\/home.zoner.fi\/\" target=\"_blank\" rel=\"noreferrer noopener\">https:\/\/home.zoner.fi<\/a>.<br><strong>Ohje<\/strong>: <a href=\"https:\/\/www.zoner.fi\/tuki\/zoner-home\/miten-kirjaudun-zoner-home-hallintapaneeliin\/\">Miten kirjaudun Zoner Home -hallintapaneeliin?<\/a><\/p>\n\n\n\n<p>2. Avaa Zoner Homessa <strong>Omat tuotteet<\/strong> -v\u00e4lilehti, joka l\u00f6ytyy sivun yl\u00e4reunasta.<br>Vaihtoehtoisesti voit siirty\u00e4 webhotellin yleiskatsaukseen suoraan Zoner Homen etusivulta klikkaamalla sit\u00e4 <strong>Hiljattain k\u00e4ytetyt tuotteet<\/strong> -osiossa.<\/p>\n\n\n\n<figure class=\"wp-block-image size-large\"><img loading=\"lazy\" decoding=\"async\" width=\"1024\" height=\"703\" src=\"https:\/\/www.zoner.fi\/tuki\/wp-content\/uploads\/2025\/01\/omat-tuotteet-zoner-home-1024x703.png\" alt=\"\" class=\"wp-image-135121\" srcset=\"https:\/\/www.zoner.fi\/tuki\/wp-content\/uploads\/2025\/01\/omat-tuotteet-zoner-home-1024x703.png 1024w, https:\/\/www.zoner.fi\/tuki\/wp-content\/uploads\/2025\/01\/omat-tuotteet-zoner-home-300x206.png 300w, https:\/\/www.zoner.fi\/tuki\/wp-content\/uploads\/2025\/01\/omat-tuotteet-zoner-home-768x528.png 768w, https:\/\/www.zoner.fi\/tuki\/wp-content\/uploads\/2025\/01\/omat-tuotteet-zoner-home.png 1399w\" sizes=\"auto, (max-width: 1024px) 100vw, 1024px\" \/><\/figure>\n\n\n\n<p>3. Klikkaa <strong>Verkkosivustot<\/strong>-kohdassa sit\u00e4 webhotellia, johon haluat kirjautua.<\/p>\n\n\n\n<figure class=\"wp-block-image size-large\"><img loading=\"lazy\" decoding=\"async\" width=\"1024\" height=\"510\" src=\"https:\/\/www.zoner.fi\/tuki\/wp-content\/uploads\/2025\/01\/omat-tuotteet-zoner-home-2-1024x510.png\" alt=\"\" class=\"wp-image-135122\" srcset=\"https:\/\/www.zoner.fi\/tuki\/wp-content\/uploads\/2025\/01\/omat-tuotteet-zoner-home-2-1024x510.png 1024w, https:\/\/www.zoner.fi\/tuki\/wp-content\/uploads\/2025\/01\/omat-tuotteet-zoner-home-2-300x149.png 300w, https:\/\/www.zoner.fi\/tuki\/wp-content\/uploads\/2025\/01\/omat-tuotteet-zoner-home-2-768x383.png 768w, https:\/\/www.zoner.fi\/tuki\/wp-content\/uploads\/2025\/01\/omat-tuotteet-zoner-home-2.png 1399w\" sizes=\"auto, (max-width: 1024px) 100vw, 1024px\" \/><\/figure>\n\n\n\n<p>4. Jos n\u00e4et avautuneella sivulla lyhyen yleiskatsauksen webhotellin tiedoista ja alla olevassa kuvassa n\u00e4kyv\u00e4n <strong>Hallitse webhotelliasi<\/strong> -painikkeen, voit siirty\u00e4 webhotellin hallintapaneeliin klikkaamalla sit\u00e4. <a href=\"#5\">Muutoin katso seuraava kohta 5.<\/a><\/p>\n\n\n\n<p>Hallintapaneeli avautuu uudelle v\u00e4lilehdelle.<br>Ohjeita hallintapaneelin k\u00e4ytt\u00f6\u00f6n l\u00f6yd\u00e4t <a href=\"https:\/\/www.zoner.fi\/tuki\/webhotellit\/\">DirectAdminille t\u00e4\u00e4lt\u00e4<\/a> ja <a href=\"https:\/\/www.zoner.fi\/tuki\/muiden-brandien-ohjeet\/webhotelli-fi\/\">cPanelille t\u00e4\u00e4lt\u00e4<\/a>.<\/p>\n\n\n\n<figure class=\"wp-block-image size-large\"><img loading=\"lazy\" decoding=\"async\" width=\"1024\" height=\"694\" src=\"https:\/\/www.zoner.fi\/tuki\/wp-content\/uploads\/2025\/02\/zoner-home-webhotelli-kirjautuminen-1024x694.png\" alt=\"\" class=\"wp-image-135206\" srcset=\"https:\/\/www.zoner.fi\/tuki\/wp-content\/uploads\/2025\/02\/zoner-home-webhotelli-kirjautuminen-1024x694.png 1024w, https:\/\/www.zoner.fi\/tuki\/wp-content\/uploads\/2025\/02\/zoner-home-webhotelli-kirjautuminen-300x203.png 300w, https:\/\/www.zoner.fi\/tuki\/wp-content\/uploads\/2025\/02\/zoner-home-webhotelli-kirjautuminen-768x520.png 768w, https:\/\/www.zoner.fi\/tuki\/wp-content\/uploads\/2025\/02\/zoner-home-webhotelli-kirjautuminen.png 1444w\" sizes=\"auto, (max-width: 1024px) 100vw, 1024px\" \/><\/figure>\n\n\n\n<p id=\"5\">5. Jos avautunut sivu n\u00e4ytt\u00e4\u00e4 samanlaiselta kuin alla, webhotellisi hallinta l\u00f6ytyy suoraan Zoner Homesta. T\u00e4m\u00e4 hallintapaneeli on toistaiseksi vain joidenkin Zonerille muilta br\u00e4ndeilt\u00e4 siirrettyjen asiakkaiden k\u00e4yt\u00f6ss\u00e4. L\u00f6yd\u00e4t webhotellin eri asetukset vasemman reunan valikosta. Lue tarvittaessa lis\u00e4\u00e4 ohjeita Zoner Home -webhotellin hallintapaneelin k\u00e4ytt\u00e4miseen <a href=\"https:\/\/www.zoner.fi\/tuki\/webhotellit\/\">t\u00e4\u00e4lt\u00e4<\/a>. <\/p>\n\n\n\n<figure class=\"wp-block-image size-large\"><img loading=\"lazy\" decoding=\"async\" width=\"1024\" height=\"713\" src=\"https:\/\/www.zoner.fi\/tuki\/wp-content\/uploads\/2025\/02\/webhotellin-hallintapaneeli-zoner-home-1024x713.png\" alt=\"\" class=\"wp-image-135207\" srcset=\"https:\/\/www.zoner.fi\/tuki\/wp-content\/uploads\/2025\/02\/webhotellin-hallintapaneeli-zoner-home-1024x713.png 1024w, https:\/\/www.zoner.fi\/tuki\/wp-content\/uploads\/2025\/02\/webhotellin-hallintapaneeli-zoner-home-300x209.png 300w, https:\/\/www.zoner.fi\/tuki\/wp-content\/uploads\/2025\/02\/webhotellin-hallintapaneeli-zoner-home-768x534.png 768w, https:\/\/www.zoner.fi\/tuki\/wp-content\/uploads\/2025\/02\/webhotellin-hallintapaneeli-zoner-home.png 1430w\" sizes=\"auto, (max-width: 1024px) 100vw, 1024px\" \/><\/figure>\n\n\n\n<p><\/p>\n","protected":false},"excerpt":{"rendered":"<p>Webhotelliin on helppo kirjautua suoraan Zoner Homesta: 1. Kirjaudu Zoner Homeen osoitteessa https:\/\/home.zoner.fi.Ohje: Miten kirjaudun Zoner Home -hallintapaneeliin? 2. Avaa Zoner Homessa Omat tuotteet -v\u00e4lilehti, joka l\u00f6ytyy sivun yl\u00e4reunasta.Vaihtoehtoisesti voit siirty\u00e4 webhotellin yleiskatsaukseen suoraan Zoner Homen etusivulta klikkaamalla sit\u00e4 Hiljattain k\u00e4ytetyt tuotteet -osiossa. 3. Klikkaa Verkkosivustot-kohdassa sit\u00e4 webhotellia, johon haluat kirjautua. 4. Jos n\u00e4et avautuneella &#8230; <a title=\"Miten kirjaudun webhotelliin?\" class=\"read-more\" href=\"https:\/\/www.zoner.fi\/tuki\/zoner-home\/miten-kirjaudun-webhotelliini-zoner-homen-kautta\/\" aria-label=\"Lue lis\u00e4\u00e4 aiheesta Miten kirjaudun webhotelliin?\">Lue lis\u00e4\u00e4<\/a><\/p>\n","protected":false},"author":18,"featured_media":0,"parent":131930,"menu_order":0,"comment_status":"closed","ping_status":"closed","template":"","meta":{"_relevanssi_hide_post":"","_relevanssi_hide_content":"","_relevanssi_pin_for_all":"","_relevanssi_pin_keywords":"","_relevanssi_unpin_keywords":"","_relevanssi_related_keywords":"","_relevanssi_related_include_ids":"","_relevanssi_related_exclude_ids":"","_relevanssi_related_no_append":"","_relevanssi_related_not_related":"","_relevanssi_related_posts":"130515,134291,134533,130722,131541,130899","_relevanssi_noindex_reason":"","footnotes":""},"categories":[115],"tags":[203],"wf_page_folders":[],"class_list":{"0":"post-135205","1":"page","2":"type-page","3":"status-publish","5":"category-oma-tili-ja-tilaukset","6":"tag-kirjautuminen"},"_links":{"self":[{"href":"https:\/\/www.zoner.fi\/tuki\/wp-json\/wp\/v2\/pages\/135205","targetHints":{"allow":["GET"]}}],"collection":[{"href":"https:\/\/www.zoner.fi\/tuki\/wp-json\/wp\/v2\/pages"}],"about":[{"href":"https:\/\/www.zoner.fi\/tuki\/wp-json\/wp\/v2\/types\/page"}],"author":[{"embeddable":true,"href":"https:\/\/www.zoner.fi\/tuki\/wp-json\/wp\/v2\/users\/18"}],"replies":[{"embeddable":true,"href":"https:\/\/www.zoner.fi\/tuki\/wp-json\/wp\/v2\/comments?post=135205"}],"version-history":[{"count":9,"href":"https:\/\/www.zoner.fi\/tuki\/wp-json\/wp\/v2\/pages\/135205\/revisions"}],"predecessor-version":[{"id":136382,"href":"https:\/\/www.zoner.fi\/tuki\/wp-json\/wp\/v2\/pages\/135205\/revisions\/136382"}],"up":[{"embeddable":true,"href":"https:\/\/www.zoner.fi\/tuki\/wp-json\/wp\/v2\/pages\/131930"}],"wp:attachment":[{"href":"https:\/\/www.zoner.fi\/tuki\/wp-json\/wp\/v2\/media?parent=135205"}],"wp:term":[{"taxonomy":"category","embeddable":true,"href":"https:\/\/www.zoner.fi\/tuki\/wp-json\/wp\/v2\/categories?post=135205"},{"taxonomy":"post_tag","embeddable":true,"href":"https:\/\/www.zoner.fi\/tuki\/wp-json\/wp\/v2\/tags?post=135205"},{"taxonomy":"wf_page_folders","embeddable":true,"href":"https:\/\/www.zoner.fi\/tuki\/wp-json\/wp\/v2\/wf_page_folders?post=135205"}],"curies":[{"name":"wp","href":"https:\/\/api.w.org\/{rel}","templated":true}]}}