{"id":135444,"date":"2025-02-25T14:35:57","date_gmt":"2025-02-25T12:35:57","guid":{"rendered":"https:\/\/www.zoner.fi\/tuki\/?page_id=135444"},"modified":"2026-03-18T14:11:53","modified_gmt":"2026-03-18T12:11:53","slug":"waf-palomuurin-maarittaminen","status":"publish","type":"page","link":"https:\/\/www.zoner.fi\/tuki\/webhotellit\/waf-palomuurin-maarittaminen\/","title":{"rendered":"WAF-palomuurin m\u00e4\u00e4ritt\u00e4minen"},"content":{"rendered":"\n<p>Zoner Home -hallintapaneelia k\u00e4ytt\u00e4v\u00e4t webhotellit sis\u00e4lt\u00e4v\u00e4t WAF-palomuurin, jota voit hallita n\u00e4in:<\/p>\n\n\n\n<p>1. Kirjaudu Zoner Homeen osoitteessa <a href=\"https:\/\/home.zoner.fi\/\" target=\"_blank\" rel=\"noreferrer noopener\">https:\/\/home.zoner.fi<\/a><br>2. Avaa Zoner Homessa <strong>Omat tuotteet<\/strong> -v\u00e4lilehti.<br><img decoding=\"async\" src=\"https:\/\/www.zoner.fi\/tuki\/wp-content\/uploads\/2025\/01\/omat-tuotteet-zoner-home-1024x703.png\" alt=\"\"><br>3. Klikkaa <strong>Verkkosivustot<\/strong>-kohdassa sit\u00e4 webhotellia, jonka palomuuria haluat hallita.<\/p>\n\n\n\n<p>4. Klikkaa vasemmasa valikossa kohtaa <strong>Turvallisuus<\/strong>. Avaa Turvallisuus-sivulla <strong>Web Application Firewall<\/strong> -v\u00e4lilehti.<\/p>\n\n\n\n<figure class=\"wp-block-image size-large\"><img loading=\"lazy\" decoding=\"async\" width=\"1024\" height=\"643\" src=\"https:\/\/www.zoner.fi\/tuki\/wp-content\/uploads\/2025\/02\/zoner-home-waf-1-1024x643.png\" alt=\"\" class=\"wp-image-135445\" srcset=\"https:\/\/www.zoner.fi\/tuki\/wp-content\/uploads\/2025\/02\/zoner-home-waf-1-1024x643.png 1024w, https:\/\/www.zoner.fi\/tuki\/wp-content\/uploads\/2025\/02\/zoner-home-waf-1-300x189.png 300w, https:\/\/www.zoner.fi\/tuki\/wp-content\/uploads\/2025\/02\/zoner-home-waf-1-768x483.png 768w, https:\/\/www.zoner.fi\/tuki\/wp-content\/uploads\/2025\/02\/zoner-home-waf-1.png 1445w\" sizes=\"auto, (max-width: 1024px) 100vw, 1024px\" \/><\/figure>\n\n\n\n<p>5. Voit m\u00e4\u00e4ritt\u00e4\u00e4 WAF-palomuurin erikseen jokaiselle verkkotunnukselle ja aliverkkotunnukselle hosting-paketissasi valitsemalla yhden kolmesta asetuksesta. Voit tarkastella verkkotunnuksen lokeja klikkaamalla <strong>N\u00e4yt\u00e4 lokit<\/strong> -painiketta rivin oikeassa reunassa.<\/p>\n\n\n\n<p>K\u00e4ytett\u00e4viss\u00e4 on 3 WAF-asetusta:<\/p>\n\n\n\n<ul class=\"wp-block-list\">\n<li><strong>Palomuuri k\u00e4yt\u00f6ss\u00e4<\/strong>:&nbsp;Verkkosivustollesi kohdistuvat pyynn\u00f6t tarkistetaan ja verrataan s\u00e4\u00e4nt\u00f6ihin. Jos s\u00e4\u00e4nt\u00f6j\u00e4 rikotaan, p\u00e4\u00e4sy estet\u00e4\u00e4n ja annetaan virhekoodi. Tapahtuma kirjataan lokiin, jonka voit n\u00e4hd\u00e4 klikkaamalla <strong>N\u00e4yt\u00e4 lokit<\/strong> -painiketta rivin oikeassa reunassa.<\/li>\n\n\n\n<li><strong>Vain havaitseminen:<\/strong>&nbsp;P\u00e4\u00e4sy verkkosivustollesi tarkistetaan s\u00e4\u00e4nt\u00f6jen mukaan. Jos s\u00e4\u00e4nt\u00f6\u00e4 rikotaan, tapahtuma vain kirjataan lokiin \u2013 lis\u00e4toimia ei tehd\u00e4. Voit n\u00e4hd\u00e4 lokitiedot klikkaamalla <strong>N\u00e4yt\u00e4 lokit<\/strong> -painiketta rivin oikeassa reunassa.<\/li>\n\n\n\n<li><strong>Palomuuri poistettu k\u00e4yt\u00f6st\u00e4:<\/strong>&nbsp;Ei suojausta \u2013 kaikki p\u00e4\u00e4sy verkkosivustollesi tapahtuu ilman tarkistusta.<\/li>\n<\/ul>\n\n\n\n<h2 class=\"wp-block-heading\">Lokitiedot<\/h2>\n\n\n\n<p>Lokitietoihin p\u00e4\u00e4set ottamalla palomuurin k\u00e4ytt\u00f6\u00f6n. T\u00e4m\u00e4n j\u00e4lkeen navigoit kyseisen verkkotunnuksen lokitietoihin &#8221;n\u00e4yt\u00e4 lokit&#8221; painikkeella. T\u00e4\u00e4lt\u00e4 n\u00e4et voimaan tulleen s\u00e4\u00e4nn\u00f6n tunnuksen (yleens\u00e4 atomicorp), asiakkaan IP-osoitteen (t\u00e4m\u00e4 voi tulla hy\u00f6kk\u00e4\u00e4j\u00e4lt\u00e4 tai v\u00e4\u00e4rien positiivisten tulosten tapauksessa my\u00f6s omalta tietokoneeltasi) sek\u00e4 lis\u00e4tietoja polusta ja\/tai tiedostoista, joita kutsuttiin, tai esimerkiksi SQL-injektioyrityksist\u00e4.<\/p>\n\n\n\n<figure class=\"wp-block-image size-full\"><img loading=\"lazy\" decoding=\"async\" width=\"890\" height=\"461\" src=\"https:\/\/www.zoner.fi\/tuki\/wp-content\/uploads\/2025\/07\/image-3.png\" alt=\"\" class=\"wp-image-136534\" srcset=\"https:\/\/www.zoner.fi\/tuki\/wp-content\/uploads\/2025\/07\/image-3.png 890w, https:\/\/www.zoner.fi\/tuki\/wp-content\/uploads\/2025\/07\/image-3-300x155.png 300w, https:\/\/www.zoner.fi\/tuki\/wp-content\/uploads\/2025\/07\/image-3-768x398.png 768w\" sizes=\"auto, (max-width: 890px) 100vw, 890px\" \/><\/figure>\n\n\n\n<figure class=\"wp-block-image size-full\"><img loading=\"lazy\" decoding=\"async\" width=\"873\" height=\"276\" src=\"https:\/\/www.zoner.fi\/tuki\/wp-content\/uploads\/2025\/07\/image-4.png\" alt=\"\" class=\"wp-image-136535\" srcset=\"https:\/\/www.zoner.fi\/tuki\/wp-content\/uploads\/2025\/07\/image-4.png 873w, https:\/\/www.zoner.fi\/tuki\/wp-content\/uploads\/2025\/07\/image-4-300x95.png 300w, https:\/\/www.zoner.fi\/tuki\/wp-content\/uploads\/2025\/07\/image-4-768x243.png 768w\" sizes=\"auto, (max-width: 873px) 100vw, 873px\" \/><\/figure>\n","protected":false},"excerpt":{"rendered":"<p>Zoner Home -hallintapaneelia k\u00e4ytt\u00e4v\u00e4t webhotellit sis\u00e4lt\u00e4v\u00e4t WAF-palomuurin, jota voit hallita n\u00e4in: 1. Kirjaudu Zoner Homeen osoitteessa https:\/\/home.zoner.fi2. Avaa Zoner Homessa Omat tuotteet -v\u00e4lilehti.3. Klikkaa Verkkosivustot-kohdassa sit\u00e4 webhotellia, jonka palomuuria haluat hallita. 4. Klikkaa vasemmasa valikossa kohtaa Turvallisuus. Avaa Turvallisuus-sivulla Web Application Firewall -v\u00e4lilehti. 5. Voit m\u00e4\u00e4ritt\u00e4\u00e4 WAF-palomuurin erikseen jokaiselle verkkotunnukselle ja aliverkkotunnukselle hosting-paketissasi valitsemalla yhden &#8230; <a title=\"WAF-palomuurin m\u00e4\u00e4ritt\u00e4minen\" class=\"read-more\" href=\"https:\/\/www.zoner.fi\/tuki\/webhotellit\/waf-palomuurin-maarittaminen\/\" aria-label=\"Lue lis\u00e4\u00e4 aiheesta WAF-palomuurin m\u00e4\u00e4ritt\u00e4minen\">Lue lis\u00e4\u00e4<\/a><\/p>\n","protected":false},"author":18,"featured_media":0,"parent":129010,"menu_order":0,"comment_status":"closed","ping_status":"closed","template":"","meta":{"_relevanssi_hide_post":"","_relevanssi_hide_content":"","_relevanssi_pin_for_all":"","_relevanssi_pin_keywords":"","_relevanssi_unpin_keywords":"","_relevanssi_related_keywords":"","_relevanssi_related_include_ids":"","_relevanssi_related_exclude_ids":"","_relevanssi_related_no_append":"","_relevanssi_related_not_related":"","_relevanssi_related_posts":"130450,131535,131384,130865,135320,134895","_relevanssi_noindex_reason":"","footnotes":""},"categories":[217],"tags":[95],"wf_page_folders":[],"class_list":{"0":"post-135444","1":"page","2":"type-page","3":"status-publish","5":"category-zoner-home-webhotellit","6":"tag-ohjelmistot"},"_links":{"self":[{"href":"https:\/\/www.zoner.fi\/tuki\/wp-json\/wp\/v2\/pages\/135444","targetHints":{"allow":["GET"]}}],"collection":[{"href":"https:\/\/www.zoner.fi\/tuki\/wp-json\/wp\/v2\/pages"}],"about":[{"href":"https:\/\/www.zoner.fi\/tuki\/wp-json\/wp\/v2\/types\/page"}],"author":[{"embeddable":true,"href":"https:\/\/www.zoner.fi\/tuki\/wp-json\/wp\/v2\/users\/18"}],"replies":[{"embeddable":true,"href":"https:\/\/www.zoner.fi\/tuki\/wp-json\/wp\/v2\/comments?post=135444"}],"version-history":[{"count":4,"href":"https:\/\/www.zoner.fi\/tuki\/wp-json\/wp\/v2\/pages\/135444\/revisions"}],"predecessor-version":[{"id":138745,"href":"https:\/\/www.zoner.fi\/tuki\/wp-json\/wp\/v2\/pages\/135444\/revisions\/138745"}],"up":[{"embeddable":true,"href":"https:\/\/www.zoner.fi\/tuki\/wp-json\/wp\/v2\/pages\/129010"}],"wp:attachment":[{"href":"https:\/\/www.zoner.fi\/tuki\/wp-json\/wp\/v2\/media?parent=135444"}],"wp:term":[{"taxonomy":"category","embeddable":true,"href":"https:\/\/www.zoner.fi\/tuki\/wp-json\/wp\/v2\/categories?post=135444"},{"taxonomy":"post_tag","embeddable":true,"href":"https:\/\/www.zoner.fi\/tuki\/wp-json\/wp\/v2\/tags?post=135444"},{"taxonomy":"wf_page_folders","embeddable":true,"href":"https:\/\/www.zoner.fi\/tuki\/wp-json\/wp\/v2\/wf_page_folders?post=135444"}],"curies":[{"name":"wp","href":"https:\/\/api.w.org\/{rel}","templated":true}]}}