{"id":135467,"date":"2025-02-27T12:32:30","date_gmt":"2025-02-27T10:32:30","guid":{"rendered":"https:\/\/www.zoner.fi\/tuki\/?page_id=135467"},"modified":"2025-09-17T14:18:33","modified_gmt":"2025-09-17T11:18:33","slug":"miten-asetan-kotisivut-offline-tilaan-webhotellissa","status":"publish","type":"page","link":"https:\/\/www.zoner.fi\/tuki\/webhotellit\/miten-asetan-kotisivut-offline-tilaan-webhotellissa\/","title":{"rendered":"Miten asetan kotisivut offline-tilaan webhotellissa?"},"content":{"rendered":"\n<p>Kotisivut voi siirt\u00e4\u00e4 offline-tilaan esimerkiksi sivuston huoltot\u00f6iden takia.<\/p>\n\n\n\n<p>Zoner Home -webhotellin hallintapaneelia k\u00e4ytt\u00e4v\u00e4t kotisivut voi siirt\u00e4\u00e4 v\u00e4liaikaisesti offline-tilaan ilman, ett\u00e4 se vaikuttaa tilaukseesi tai s\u00e4hk\u00f6postiesi toimintaan. Jos haluat poistaa sivuston pysyv\u00e4sti, voit <a href=\"https:\/\/www.zoner.fi\/tuki\/zoner-home\/miten-irtisanon-palveluni\/\">irtisanoa <\/a>webhotellin ja verkkotunnuksen.<\/p>\n\n\n\n<p>1. Kirjaudu Zoner Homeen osoitteessa <a href=\"https:\/\/home.zoner.fi\/\" target=\"_blank\" rel=\"noreferrer noopener\">https:\/\/home.zoner.fi<\/a><br>Ohje: <a href=\"https:\/\/www.zoner.fi\/tuki\/zoner-home\/miten-kirjaudun-zoner-home-hallintapaneeliin\/\">Miten kirjaudun Zoner Home -hallintapaneeliin<\/a><\/p>\n\n\n\n<p>2. Avaa Zoner Homessa <strong>Omat tuotteet<\/strong> -v\u00e4lilehti.<\/p>\n\n\n\n<figure class=\"wp-block-image size-large\"><img loading=\"lazy\" decoding=\"async\" width=\"1024\" height=\"703\" src=\"https:\/\/www.zoner.fi\/tuki\/wp-content\/uploads\/2025\/01\/omat-tuotteet-zoner-home-1024x703.png\" alt=\"\" class=\"wp-image-135121\" srcset=\"https:\/\/www.zoner.fi\/tuki\/wp-content\/uploads\/2025\/01\/omat-tuotteet-zoner-home-1024x703.png 1024w, https:\/\/www.zoner.fi\/tuki\/wp-content\/uploads\/2025\/01\/omat-tuotteet-zoner-home-300x206.png 300w, https:\/\/www.zoner.fi\/tuki\/wp-content\/uploads\/2025\/01\/omat-tuotteet-zoner-home-768x528.png 768w, https:\/\/www.zoner.fi\/tuki\/wp-content\/uploads\/2025\/01\/omat-tuotteet-zoner-home.png 1399w\" sizes=\"auto, (max-width: 1024px) 100vw, 1024px\" \/><\/figure>\n\n\n\n<p>3. Klikkaa <strong>Verkkosivustot<\/strong>-kohdassa sit\u00e4 webhotellia, jossa olevat kotisivut haluat siirt\u00e4\u00e4 offline-tilaan.<\/p>\n\n\n\n<figure class=\"wp-block-image size-large\"><img loading=\"lazy\" decoding=\"async\" width=\"1024\" height=\"510\" src=\"https:\/\/www.zoner.fi\/tuki\/wp-content\/uploads\/2025\/01\/omat-tuotteet-zoner-home-2-1024x510.png\" alt=\"\" class=\"wp-image-135122\" srcset=\"https:\/\/www.zoner.fi\/tuki\/wp-content\/uploads\/2025\/01\/omat-tuotteet-zoner-home-2-1024x510.png 1024w, https:\/\/www.zoner.fi\/tuki\/wp-content\/uploads\/2025\/01\/omat-tuotteet-zoner-home-2-300x149.png 300w, https:\/\/www.zoner.fi\/tuki\/wp-content\/uploads\/2025\/01\/omat-tuotteet-zoner-home-2-768x383.png 768w, https:\/\/www.zoner.fi\/tuki\/wp-content\/uploads\/2025\/01\/omat-tuotteet-zoner-home-2.png 1399w\" sizes=\"auto, (max-width: 1024px) 100vw, 1024px\" \/><\/figure>\n\n\n\n<p>4. Klikkaa vasemmassa valikossa <strong>Verkkotunnukset<\/strong>. Klikkaa sitten verkkotunnuksen oikeassa reunassa olevaa kolmea pistett\u00e4 ja valitse avautuneesta valikosta <strong>Uudelleenohjaus<\/strong>.<\/p>\n\n\n\n<figure class=\"wp-block-image size-large\"><img loading=\"lazy\" decoding=\"async\" width=\"1024\" height=\"544\" src=\"https:\/\/www.zoner.fi\/tuki\/wp-content\/uploads\/2025\/02\/uudelleenohjaus-zoner-home-1-1024x544.png\" alt=\"\" class=\"wp-image-135469\" srcset=\"https:\/\/www.zoner.fi\/tuki\/wp-content\/uploads\/2025\/02\/uudelleenohjaus-zoner-home-1-1024x544.png 1024w, https:\/\/www.zoner.fi\/tuki\/wp-content\/uploads\/2025\/02\/uudelleenohjaus-zoner-home-1-300x159.png 300w, https:\/\/www.zoner.fi\/tuki\/wp-content\/uploads\/2025\/02\/uudelleenohjaus-zoner-home-1-768x408.png 768w, https:\/\/www.zoner.fi\/tuki\/wp-content\/uploads\/2025\/02\/uudelleenohjaus-zoner-home-1.png 1445w\" sizes=\"auto, (max-width: 1024px) 100vw, 1024px\" \/><\/figure>\n\n\n\n<p>5. Kotisivut voi laittaa offline-tilaan kahdella tavalla:<\/p>\n\n\n\n<ul class=\"wp-block-list\">\n<li>A. Voit valita <strong>Verkkolevytila<\/strong>-valikosta <strong>Pys\u00e4k\u00f6inti<\/strong>-vaihtoehdon.<\/li>\n\n\n\n<li>B. Voit muuttaa verkkotunnuksen juurihakemistoa, jolloin verkkotunnuksesi asetetaan eri kansioon hosting-palvelimella ja siin\u00e4 n\u00e4ytet\u00e4\u00e4n &#8221;sivusto rakenteilla&#8221; ilmoitus.<\/li>\n<\/ul>\n\n\n\n<p>Kun olet valinnut haluamasi vaihtoehdon, tallenna muutokset klikkaamalla <strong>Tallenna<\/strong>. Tarkista viel\u00e4, onko sivusto siirtynyt offline-tilaan.<\/p>\n\n\n\n<figure class=\"wp-block-image size-large\"><img loading=\"lazy\" decoding=\"async\" width=\"1024\" height=\"617\" src=\"https:\/\/www.zoner.fi\/tuki\/wp-content\/uploads\/2025\/02\/zoner-home-offline-tila-1024x617.png\" alt=\"\" class=\"wp-image-135470\" srcset=\"https:\/\/www.zoner.fi\/tuki\/wp-content\/uploads\/2025\/02\/zoner-home-offline-tila-1024x617.png 1024w, https:\/\/www.zoner.fi\/tuki\/wp-content\/uploads\/2025\/02\/zoner-home-offline-tila-300x181.png 300w, https:\/\/www.zoner.fi\/tuki\/wp-content\/uploads\/2025\/02\/zoner-home-offline-tila-768x463.png 768w, https:\/\/www.zoner.fi\/tuki\/wp-content\/uploads\/2025\/02\/zoner-home-offline-tila.png 1446w\" sizes=\"auto, (max-width: 1024px) 100vw, 1024px\" \/><\/figure>\n","protected":false},"excerpt":{"rendered":"<p>Kotisivut voi siirt\u00e4\u00e4 offline-tilaan esimerkiksi sivuston huoltot\u00f6iden takia. Zoner Home -webhotellin hallintapaneelia k\u00e4ytt\u00e4v\u00e4t kotisivut voi siirt\u00e4\u00e4 v\u00e4liaikaisesti offline-tilaan ilman, ett\u00e4 se vaikuttaa tilaukseesi tai s\u00e4hk\u00f6postiesi toimintaan. Jos haluat poistaa sivuston pysyv\u00e4sti, voit irtisanoa webhotellin ja verkkotunnuksen. 1. Kirjaudu Zoner Homeen osoitteessa https:\/\/home.zoner.fiOhje: Miten kirjaudun Zoner Home -hallintapaneeliin 2. Avaa Zoner Homessa Omat tuotteet -v\u00e4lilehti. 3. &#8230; <a title=\"Miten asetan kotisivut offline-tilaan webhotellissa?\" class=\"read-more\" href=\"https:\/\/www.zoner.fi\/tuki\/webhotellit\/miten-asetan-kotisivut-offline-tilaan-webhotellissa\/\" aria-label=\"Lue lis\u00e4\u00e4 aiheesta Miten asetan kotisivut offline-tilaan webhotellissa?\">Lue lis\u00e4\u00e4<\/a><\/p>\n","protected":false},"author":18,"featured_media":0,"parent":129010,"menu_order":0,"comment_status":"closed","ping_status":"closed","template":"","meta":{"_relevanssi_hide_post":"","_relevanssi_hide_content":"","_relevanssi_pin_for_all":"","_relevanssi_pin_keywords":"","_relevanssi_unpin_keywords":"","_relevanssi_related_keywords":"","_relevanssi_related_include_ids":"","_relevanssi_related_exclude_ids":"","_relevanssi_related_no_append":"","_relevanssi_related_not_related":"","_relevanssi_related_posts":"135320,134291,130779,130553,132301,132261","_relevanssi_noindex_reason":"","footnotes":""},"categories":[217],"tags":[158],"wf_page_folders":[],"class_list":{"0":"post-135467","1":"page","2":"type-page","3":"status-publish","5":"category-zoner-home-webhotellit","6":"tag-yleiset"},"_links":{"self":[{"href":"https:\/\/www.zoner.fi\/tuki\/wp-json\/wp\/v2\/pages\/135467","targetHints":{"allow":["GET"]}}],"collection":[{"href":"https:\/\/www.zoner.fi\/tuki\/wp-json\/wp\/v2\/pages"}],"about":[{"href":"https:\/\/www.zoner.fi\/tuki\/wp-json\/wp\/v2\/types\/page"}],"author":[{"embeddable":true,"href":"https:\/\/www.zoner.fi\/tuki\/wp-json\/wp\/v2\/users\/18"}],"replies":[{"embeddable":true,"href":"https:\/\/www.zoner.fi\/tuki\/wp-json\/wp\/v2\/comments?post=135467"}],"version-history":[{"count":6,"href":"https:\/\/www.zoner.fi\/tuki\/wp-json\/wp\/v2\/pages\/135467\/revisions"}],"predecessor-version":[{"id":137453,"href":"https:\/\/www.zoner.fi\/tuki\/wp-json\/wp\/v2\/pages\/135467\/revisions\/137453"}],"up":[{"embeddable":true,"href":"https:\/\/www.zoner.fi\/tuki\/wp-json\/wp\/v2\/pages\/129010"}],"wp:attachment":[{"href":"https:\/\/www.zoner.fi\/tuki\/wp-json\/wp\/v2\/media?parent=135467"}],"wp:term":[{"taxonomy":"category","embeddable":true,"href":"https:\/\/www.zoner.fi\/tuki\/wp-json\/wp\/v2\/categories?post=135467"},{"taxonomy":"post_tag","embeddable":true,"href":"https:\/\/www.zoner.fi\/tuki\/wp-json\/wp\/v2\/tags?post=135467"},{"taxonomy":"wf_page_folders","embeddable":true,"href":"https:\/\/www.zoner.fi\/tuki\/wp-json\/wp\/v2\/wf_page_folders?post=135467"}],"curies":[{"name":"wp","href":"https:\/\/api.w.org\/{rel}","templated":true}]}}