{"id":135664,"date":"2025-03-27T09:51:00","date_gmt":"2025-03-27T07:51:00","guid":{"rendered":"https:\/\/www.zoner.fi\/tuki\/?page_id=135664"},"modified":"2025-09-17T09:56:05","modified_gmt":"2025-09-17T06:56:05","slug":"missa-naen-tilaukseni-laskut","status":"publish","type":"page","link":"https:\/\/www.zoner.fi\/tuki\/zoner-home\/missa-naen-tilaukseni-laskut\/","title":{"rendered":"Miss\u00e4 n\u00e4en tilaukseni laskut?"},"content":{"rendered":"\n<p>Zoner Homessa voit tarkastella Zonerilta saamiasi laskuja.<\/p>\n\n\n\n<ul class=\"wp-block-list\">\n<li><a href=\"#1\">Miten l\u00f6yd\u00e4n laskut Zoner Homesta?<\/a><\/li>\n\n\n\n<li><a href=\"#2\">Usein kysytty\u00e4 &#8211; Laskut ja laskutus<\/a><\/li>\n<\/ul>\n\n\n\n<h2 class=\"wp-block-heading\" id=\"1\">Miten l\u00f6yd\u00e4n laskut Zoner Homesta?<\/h2>\n\n\n\n<ol class=\"wp-block-list\">\n<li>Kirjaudu Zoner Home -hallintapaneeliin osoitteessa <a href=\"https:\/\/home.zoner.fi\/\" target=\"_blank\" rel=\"noreferrer noopener\">https:\/\/home.zoner.fi<\/a><br>Lue tarvittaessa ohje: <a href=\"https:\/\/www.zoner.fi\/tuki\/zoner-home\/miten-kirjaudun-zoner-home-hallintapaneeliin\/\">Miten kirjaudun Zoner Home -hallintapaneeliin?<\/a><\/li>\n\n\n\n<li>Klikkaa sivun yl\u00e4reunassa <strong>Laskut<\/strong>-v\u00e4lilehte\u00e4.<\/li>\n<\/ol>\n\n\n\n<figure class=\"wp-block-image size-large\"><img loading=\"lazy\" decoding=\"async\" width=\"1024\" height=\"722\" src=\"https:\/\/www.zoner.fi\/tuki\/wp-content\/uploads\/2025\/03\/zoner-home-laskut-1-1024x722.png\" alt=\"\" class=\"wp-image-135665\" srcset=\"https:\/\/www.zoner.fi\/tuki\/wp-content\/uploads\/2025\/03\/zoner-home-laskut-1-1024x722.png 1024w, https:\/\/www.zoner.fi\/tuki\/wp-content\/uploads\/2025\/03\/zoner-home-laskut-1-300x212.png 300w, https:\/\/www.zoner.fi\/tuki\/wp-content\/uploads\/2025\/03\/zoner-home-laskut-1-768x542.png 768w, https:\/\/www.zoner.fi\/tuki\/wp-content\/uploads\/2025\/03\/zoner-home-laskut-1-1536x1083.png 1536w, https:\/\/www.zoner.fi\/tuki\/wp-content\/uploads\/2025\/03\/zoner-home-laskut-1.png 1587w\" sizes=\"auto, (max-width: 1024px) 100vw, 1024px\" \/><\/figure>\n\n\n\n<p>3. N\u00e4et t\u00e4ll\u00e4 sivulla kaikki Zoner-laskusi. Voit helposti ladata ne pdf-tiedostoina:<\/p>\n\n\n\n<ul class=\"wp-block-list\">\n<li><strong>Lataa yksitt\u00e4inen lasku<\/strong> pdf-tiedostona klikkaamalla latauspainiketta rivin oikeassa reunassa (1).<\/li>\n\n\n\n<li><strong>Lataa monta laskua <\/strong>pdf-tiedostoina valitsemalla niiden valintaruudut rivin vasemmassa reunassa (2). Klikkaa sitten <strong>Lataa laskut<\/strong> -painiketta (3).<\/li>\n<\/ul>\n\n\n\n<figure class=\"wp-block-image size-large\"><img loading=\"lazy\" decoding=\"async\" width=\"1024\" height=\"529\" src=\"https:\/\/www.zoner.fi\/tuki\/wp-content\/uploads\/2025\/03\/zoner-home-laskut-2-1024x529.png\" alt=\"\" class=\"wp-image-135666\" srcset=\"https:\/\/www.zoner.fi\/tuki\/wp-content\/uploads\/2025\/03\/zoner-home-laskut-2-1024x529.png 1024w, https:\/\/www.zoner.fi\/tuki\/wp-content\/uploads\/2025\/03\/zoner-home-laskut-2-300x155.png 300w, https:\/\/www.zoner.fi\/tuki\/wp-content\/uploads\/2025\/03\/zoner-home-laskut-2-768x397.png 768w, https:\/\/www.zoner.fi\/tuki\/wp-content\/uploads\/2025\/03\/zoner-home-laskut-2-1536x793.png 1536w, https:\/\/www.zoner.fi\/tuki\/wp-content\/uploads\/2025\/03\/zoner-home-laskut-2.png 1584w\" sizes=\"auto, (max-width: 1024px) 100vw, 1024px\" \/><\/figure>\n\n\n\n<h2 class=\"wp-block-heading\" id=\"2\">Usein kysytty\u00e4 &#8211; Laskut ja laskutus<\/h2>\n\n\n<div class=\"gb-container gb-container-7f563ede haitari gb-accordion\">\n<div class=\"gb-container gb-container-586944f3 gb-accordion__item\" data-transition=\"slide\">\n\n<button class=\"gb-button gb-button-d38f23ae gb-accordion__toggle\" id=\"zoner-home\"><span class=\"gb-button-text\"><strong>Haluan muuttaa laskun l\u00e4hetystapaa- tai osoitetta. Miten se onnistuu?<\/strong><\/span><span class=\"gb-icon\"><svg xmlns=\"http:\/\/www.w3.org\/2000\/svg\" viewBox=\"0 0 448 512\" width=\"1em\" height=\"1em\" aria-hidden=\"true\" role=\"img\" class=\"gb-accordion__icon\"><path d=\"M207.029 381.476L12.686 187.132c-9.373-9.373-9.373-24.569 0-33.941l22.667-22.667c9.357-9.357 24.522-9.375 33.901-.04L224 284.505l154.745-154.021c9.379-9.335 24.544-9.317 33.901.04l22.667 22.667c9.373 9.373 9.373 24.569 0 33.941L240.971 381.476c-9.373 9.372-24.569 9.372-33.942 0z\" fill=\"currentColor\"><\/path><\/svg><svg xmlns=\"http:\/\/www.w3.org\/2000\/svg\" viewBox=\"0 0 448 512\" width=\"1em\" height=\"1em\" aria-hidden=\"true\" role=\"img\" class=\"gb-accordion__icon-open\"><path d=\"M240.971 130.524l194.343 194.343c9.373 9.373 9.373 24.569 0 33.941l-22.667 22.667c-9.357 9.357-24.522 9.375-33.901.04L224 227.495 69.255 381.516c-9.379 9.335-24.544 9.317-33.901-.04l-22.667-22.667c-9.373-9.373-9.373-24.569 0-33.941L207.03 130.525c9.372-9.373 24.568-9.373 33.941-.001z\" fill=\"currentColor\"><\/path><\/svg><\/span><\/button>\n\n\n<div id=\"gb-accordion-content-9ccfa583\" class=\"gb-accordion__content\"><div class=\"gb-container gb-container-9ccfa583\">\n\n<p>Laskun l\u00e4hetystapaa voi muuttaa itse Zoner Homessa sivulla <strong>Tili\u00a0<\/strong>\u2192\u00a0<strong>Yleiskatsaus\u00a0<\/strong>\u2192\u00a0<strong>Muuta tietoja<\/strong>.<\/p>\n\n\n\n<p>Lue tarkemmat ohjeet t\u00e4\u00e4lt\u00e4: <a href=\"https:\/\/www.zoner.fi\/tuki\/zoner-home\/miten-muutan-laskun-lahetystapaa\/\">Miten muutan laskun l\u00e4hetystapaa?<\/a><\/p>\n\n<\/div><\/div>\n<\/div>\n\n<div class=\"gb-container gb-container-b3fa1ab7 gb-accordion__item\" data-transition=\"slide\">\n\n<button class=\"gb-button gb-button-f28ac635 gb-accordion__toggle\" id=\"zoner-home\"><span class=\"gb-button-text\"><strong>Olen saanut Zonerilta laskun, mutta miksi se ei n\u00e4y Zoner Homessa?<\/strong><\/span><span class=\"gb-icon\"><svg xmlns=\"http:\/\/www.w3.org\/2000\/svg\" viewBox=\"0 0 448 512\" width=\"1em\" height=\"1em\" aria-hidden=\"true\" role=\"img\" class=\"gb-accordion__icon\"><path d=\"M207.029 381.476L12.686 187.132c-9.373-9.373-9.373-24.569 0-33.941l22.667-22.667c9.357-9.357 24.522-9.375 33.901-.04L224 284.505l154.745-154.021c9.379-9.335 24.544-9.317 33.901.04l22.667 22.667c9.373 9.373 9.373 24.569 0 33.941L240.971 381.476c-9.373 9.372-24.569 9.372-33.942 0z\" fill=\"currentColor\"><\/path><\/svg><svg xmlns=\"http:\/\/www.w3.org\/2000\/svg\" viewBox=\"0 0 448 512\" width=\"1em\" height=\"1em\" aria-hidden=\"true\" role=\"img\" class=\"gb-accordion__icon-open\"><path d=\"M240.971 130.524l194.343 194.343c9.373 9.373 9.373 24.569 0 33.941l-22.667 22.667c-9.357 9.357-24.522 9.375-33.901.04L224 227.495 69.255 381.516c-9.379 9.335-24.544 9.317-33.901-.04l-22.667-22.667c-9.373-9.373-9.373-24.569 0-33.941L207.03 130.525c9.372-9.373 24.568-9.373 33.941-.001z\" fill=\"currentColor\"><\/path><\/svg><\/span><\/button>\n\n\n<div id=\"gb-accordion-content-9213e578\" class=\"gb-accordion__content\"><div class=\"gb-container gb-container-9213e578\">\n\n<p>Tarkista, oletko kirjautunut Zoner Homeen laskussa mainitulla asiakasnumerolla. Jos et, kirjaudu sis\u00e4\u00e4n laskun asiakasnumerolla, niin laskun pit\u00e4isi n\u00e4ky\u00e4 <strong>Laskut<\/strong>-v\u00e4lilehdell\u00e4.<\/p>\n\n\n\n<p><strong>Huomaa<\/strong>: Jos palvelusi on siirretty Zonerille toiselta br\u00e4ndilt\u00e4, ne ovat siirrossa voineet muodostua useaksi eri sopimukseksi, joilla on omat asiakasnumeronsa. T\u00e4ll\u00f6in kunkin asiakasnumeron Zoner Homessa n\u00e4kyv\u00e4t vain siihen liittyv\u00e4t palvelut ja laskut, ja samalla asiakkaalla saattaa olla muita palveluita ja laskuja eri asiakasnumerolla.<\/p>\n\n<\/div><\/div>\n<\/div>\n\n<div class=\"gb-container gb-container-3f72bf6f gb-accordion__item\" data-transition=\"slide\">\n\n<button class=\"gb-button gb-button-b25e8f2c gb-accordion__toggle\" id=\"zoner-home\"><span class=\"gb-button-text\"><strong>Mist\u00e4 tied\u00e4n, onko lasku oikeasti tullut Zonerilta?<\/strong><\/span><span class=\"gb-icon\"><svg xmlns=\"http:\/\/www.w3.org\/2000\/svg\" viewBox=\"0 0 448 512\" width=\"1em\" height=\"1em\" aria-hidden=\"true\" role=\"img\" class=\"gb-accordion__icon\"><path d=\"M207.029 381.476L12.686 187.132c-9.373-9.373-9.373-24.569 0-33.941l22.667-22.667c9.357-9.357 24.522-9.375 33.901-.04L224 284.505l154.745-154.021c9.379-9.335 24.544-9.317 33.901.04l22.667 22.667c9.373 9.373 9.373 24.569 0 33.941L240.971 381.476c-9.373 9.372-24.569 9.372-33.942 0z\" fill=\"currentColor\"><\/path><\/svg><svg xmlns=\"http:\/\/www.w3.org\/2000\/svg\" viewBox=\"0 0 448 512\" width=\"1em\" height=\"1em\" aria-hidden=\"true\" role=\"img\" class=\"gb-accordion__icon-open\"><path d=\"M240.971 130.524l194.343 194.343c9.373 9.373 9.373 24.569 0 33.941l-22.667 22.667c-9.357 9.357-24.522 9.375-33.901.04L224 227.495 69.255 381.516c-9.379 9.335-24.544 9.317-33.901-.04l-22.667-22.667c-9.373-9.373-9.373-24.569 0-33.941L207.03 130.525c9.372-9.373 24.568-9.373 33.941-.001z\" fill=\"currentColor\"><\/path><\/svg><\/span><\/button>\n\n\n<div id=\"gb-accordion-content-0009f304\" class=\"gb-accordion__content\"><div class=\"gb-container gb-container-0009f304\">\n\n<p>Jos lasku l\u00f6ytyy Zoner Homen Laskut-sivulta, se on varmasti tullut Zonerilta. Kirjaudu Zoner Homeen laskuun liittyv\u00e4ll\u00e4 asiakasnumerolla, ja tarkista, l\u00f6ytyyk\u00f6 se Laskut-sivulta.<\/p>\n\n\n\n<p>Jos et ole viel\u00e4k\u00e4\u00e4n varma laskun aitoudesta, ota yhteytt\u00e4 laskutukseemme s\u00e4hk\u00f6postilla: laskutus@zoner.fi<\/p>\n\n<\/div><\/div>\n<\/div>\n\n<div class=\"gb-container gb-container-3b2525ec gb-accordion__item\" data-transition=\"slide\">\n\n<button class=\"gb-button gb-button-1a5ceb38 gb-accordion__toggle\" id=\"zoner-home\"><span class=\"gb-button-text\"><strong>Mit\u00e4 palvelua saamani lasku koskee?<\/strong><\/span><span class=\"gb-icon\"><svg xmlns=\"http:\/\/www.w3.org\/2000\/svg\" viewBox=\"0 0 448 512\" width=\"1em\" height=\"1em\" aria-hidden=\"true\" role=\"img\" class=\"gb-accordion__icon\"><path d=\"M207.029 381.476L12.686 187.132c-9.373-9.373-9.373-24.569 0-33.941l22.667-22.667c9.357-9.357 24.522-9.375 33.901-.04L224 284.505l154.745-154.021c9.379-9.335 24.544-9.317 33.901.04l22.667 22.667c9.373 9.373 9.373 24.569 0 33.941L240.971 381.476c-9.373 9.372-24.569 9.372-33.942 0z\" fill=\"currentColor\"><\/path><\/svg><svg xmlns=\"http:\/\/www.w3.org\/2000\/svg\" viewBox=\"0 0 448 512\" width=\"1em\" height=\"1em\" aria-hidden=\"true\" role=\"img\" class=\"gb-accordion__icon-open\"><path d=\"M240.971 130.524l194.343 194.343c9.373 9.373 9.373 24.569 0 33.941l-22.667 22.667c-9.357 9.357-24.522 9.375-33.901.04L224 227.495 69.255 381.516c-9.379 9.335-24.544 9.317-33.901-.04l-22.667-22.667c-9.373-9.373-9.373-24.569 0-33.941L207.03 130.525c9.372-9.373 24.568-9.373 33.941-.001z\" fill=\"currentColor\"><\/path><\/svg><\/span><\/button>\n\n\n<div id=\"gb-accordion-content-1078406c\" class=\"gb-accordion__content\"><div class=\"gb-container gb-container-1078406c\">\n\n<p>Laskun kattamat palvelut on eritelty vain alkuper\u00e4isess\u00e4 laskussa &#8211; maksumuistutuksessa niit\u00e4 ei n\u00e4y. Jos sait alkuper\u00e4isen laskun s\u00e4hk\u00f6postiisi, avaa sen liitteen\u00e4 oleva pdf-tiedosto n\u00e4hd\u00e4ksesi tarkemmat tiedot kyseess\u00e4 olevista palveluista.<\/p>\n\n\n\n<p>Voit ladata laskun pdf-muodossa my\u00f6s kirjautumalla Zoner Homeen laskussa mainitulla asiakasnumerolla ja siirtym\u00e4ll\u00e4 Laskut-sivulle &#8211; ohjeet l\u00f6yd\u00e4t ylemp\u00e4\u00e4 t\u00e4lt\u00e4 sivulta.<\/p>\n\n<\/div><\/div>\n<\/div>\n<\/div>\n\n\n<h2 class=\"wp-block-heading\">Lue my\u00f6s:<\/h2>\n\n\n\n<ul class=\"wp-block-list\">\n<li><a href=\"https:\/\/www.zoner.fi\/tuki\/zoner-home\/miten-muutan-laskun-lahetystapaa\/\">Miten muutan laskun l\u00e4hetystapaa?<\/a><\/li>\n\n\n\n<li><a href=\"https:\/\/www.zoner.fi\/tuki\/yleinen\/usein-kysyttya-laskutus\/\">Usein kysytty\u00e4 &#8211; Laskutus<\/a><\/li>\n<\/ul>\n","protected":false},"excerpt":{"rendered":"<p>Zoner Homessa voit tarkastella Zonerilta saamiasi laskuja. Miten l\u00f6yd\u00e4n laskut Zoner Homesta? 3. N\u00e4et t\u00e4ll\u00e4 sivulla kaikki Zoner-laskusi. Voit helposti ladata ne pdf-tiedostoina: Usein kysytty\u00e4 &#8211; Laskut ja laskutus Laskun l\u00e4hetystapaa voi muuttaa itse Zoner Homessa sivulla Tili\u00a0\u2192\u00a0Yleiskatsaus\u00a0\u2192\u00a0Muuta tietoja. Lue tarkemmat ohjeet t\u00e4\u00e4lt\u00e4: Miten muutan laskun l\u00e4hetystapaa? Tarkista, oletko kirjautunut Zoner Homeen laskussa mainitulla asiakasnumerolla. &#8230; <a title=\"Miss\u00e4 n\u00e4en tilaukseni laskut?\" class=\"read-more\" href=\"https:\/\/www.zoner.fi\/tuki\/zoner-home\/missa-naen-tilaukseni-laskut\/\" aria-label=\"Lue lis\u00e4\u00e4 aiheesta Miss\u00e4 n\u00e4en tilaukseni laskut?\">Lue lis\u00e4\u00e4<\/a><\/p>\n","protected":false},"author":18,"featured_media":0,"parent":131930,"menu_order":0,"comment_status":"closed","ping_status":"closed","template":"","meta":{"_relevanssi_hide_post":"","_relevanssi_hide_content":"","_relevanssi_pin_for_all":"","_relevanssi_pin_keywords":"","_relevanssi_unpin_keywords":"","_relevanssi_related_keywords":"","_relevanssi_related_include_ids":"","_relevanssi_related_exclude_ids":"","_relevanssi_related_no_append":"","_relevanssi_related_not_related":"","_relevanssi_related_posts":"130779,132140,130450,132325,135476,130526","_relevanssi_noindex_reason":"","footnotes":""},"categories":[115],"tags":[206],"wf_page_folders":[],"class_list":{"0":"post-135664","1":"page","2":"type-page","3":"status-publish","5":"category-oma-tili-ja-tilaukset","6":"tag-laskut"},"_links":{"self":[{"href":"https:\/\/www.zoner.fi\/tuki\/wp-json\/wp\/v2\/pages\/135664","targetHints":{"allow":["GET"]}}],"collection":[{"href":"https:\/\/www.zoner.fi\/tuki\/wp-json\/wp\/v2\/pages"}],"about":[{"href":"https:\/\/www.zoner.fi\/tuki\/wp-json\/wp\/v2\/types\/page"}],"author":[{"embeddable":true,"href":"https:\/\/www.zoner.fi\/tuki\/wp-json\/wp\/v2\/users\/18"}],"replies":[{"embeddable":true,"href":"https:\/\/www.zoner.fi\/tuki\/wp-json\/wp\/v2\/comments?post=135664"}],"version-history":[{"count":9,"href":"https:\/\/www.zoner.fi\/tuki\/wp-json\/wp\/v2\/pages\/135664\/revisions"}],"predecessor-version":[{"id":137364,"href":"https:\/\/www.zoner.fi\/tuki\/wp-json\/wp\/v2\/pages\/135664\/revisions\/137364"}],"up":[{"embeddable":true,"href":"https:\/\/www.zoner.fi\/tuki\/wp-json\/wp\/v2\/pages\/131930"}],"wp:attachment":[{"href":"https:\/\/www.zoner.fi\/tuki\/wp-json\/wp\/v2\/media?parent=135664"}],"wp:term":[{"taxonomy":"category","embeddable":true,"href":"https:\/\/www.zoner.fi\/tuki\/wp-json\/wp\/v2\/categories?post=135664"},{"taxonomy":"post_tag","embeddable":true,"href":"https:\/\/www.zoner.fi\/tuki\/wp-json\/wp\/v2\/tags?post=135664"},{"taxonomy":"wf_page_folders","embeddable":true,"href":"https:\/\/www.zoner.fi\/tuki\/wp-json\/wp\/v2\/wf_page_folders?post=135664"}],"curies":[{"name":"wp","href":"https:\/\/api.w.org\/{rel}","templated":true}]}}