{"id":135668,"date":"2025-03-27T09:50:44","date_gmt":"2025-03-27T07:50:44","guid":{"rendered":"https:\/\/www.zoner.fi\/tuki\/?page_id=135668"},"modified":"2026-02-02T09:54:23","modified_gmt":"2026-02-02T07:54:23","slug":"miten-muutan-laskun-lahetystapaa","status":"publish","type":"page","link":"https:\/\/www.zoner.fi\/tuki\/zoner-home\/miten-muutan-laskun-lahetystapaa\/","title":{"rendered":"Miten muutan laskun l\u00e4hetystapaa?"},"content":{"rendered":"\n<p>Laskun l\u00e4hetystapaa voi helposti muuttaa itse Zoner Homessa.<\/p>\n\n\n\n<ul class=\"wp-block-list\">\n<li><a href=\"#1\">Miten muutan laskun l\u00e4hetystapaa?<\/a><\/li>\n\n\n\n<li><a href=\"#2\">Voinko ottaa k\u00e4ytt\u00f6\u00f6n e-laskun?<\/a><\/li>\n<\/ul>\n\n\n\n<h2 class=\"wp-block-heading\" id=\"1\">Miten muutan laskun l\u00e4hetystapaa?<\/h2>\n\n\n\n<p>Jos muutat laskujen l\u00e4hetystapaa, saat jatkossa kyseisen asiakasnumeron laskut valitsemallasi l\u00e4hetystavalla. Nykyisi\u00e4 avoimia laskujasi ei kuitenkaan toimiteta uudestaan p\u00e4ivitt\u00e4m\u00e4ll\u00e4si l\u00e4hetystavalla.<\/p>\n\n\n\n<p>1. Kirjaudu Zoner Home -hallintapaneeliin osoitteessa <a href=\"https:\/\/home.zoner.fi\/\" target=\"_blank\" rel=\"noreferrer noopener\">https:\/\/home.zoner.fi<\/a><br>Lue tarvittaessa ohje: <a href=\"https:\/\/www.zoner.fi\/tuki\/zoner-home\/miten-kirjaudun-zoner-home-hallintapaneeliin\/\">Miten kirjaudun Zoner Home -hallintapaneeliin?<\/a><\/p>\n\n\n\n<p>2. Klikkaa etusivulla <strong>Profiilin asetukset<\/strong> -laatikkoa.<\/p>\n\n\n\n<figure class=\"wp-block-image size-large\"><img loading=\"lazy\" decoding=\"async\" width=\"1024\" height=\"523\" src=\"https:\/\/www.zoner.fi\/tuki\/wp-content\/uploads\/2026\/02\/zh-etusivu-profiili-1024x523.png\" alt=\"\" class=\"wp-image-138514\" srcset=\"https:\/\/www.zoner.fi\/tuki\/wp-content\/uploads\/2026\/02\/zh-etusivu-profiili-1024x523.png 1024w, https:\/\/www.zoner.fi\/tuki\/wp-content\/uploads\/2026\/02\/zh-etusivu-profiili-300x153.png 300w, https:\/\/www.zoner.fi\/tuki\/wp-content\/uploads\/2026\/02\/zh-etusivu-profiili-768x392.png 768w, https:\/\/www.zoner.fi\/tuki\/wp-content\/uploads\/2026\/02\/zh-etusivu-profiili-1536x784.png 1536w, https:\/\/www.zoner.fi\/tuki\/wp-content\/uploads\/2026\/02\/zh-etusivu-profiili.png 1718w\" sizes=\"auto, (max-width: 1024px) 100vw, 1024px\" \/><\/figure>\n\n\n\n<p>3. Klikkaa vasemmassa valikossa <strong>Omat tiedot<\/strong>.<\/p>\n\n\n\n<figure class=\"wp-block-image size-large\"><img loading=\"lazy\" decoding=\"async\" width=\"1024\" height=\"511\" src=\"https:\/\/www.zoner.fi\/tuki\/wp-content\/uploads\/2026\/02\/zh-omat-tiedot-1024x511.png\" alt=\"\" class=\"wp-image-138515\" srcset=\"https:\/\/www.zoner.fi\/tuki\/wp-content\/uploads\/2026\/02\/zh-omat-tiedot-1024x511.png 1024w, https:\/\/www.zoner.fi\/tuki\/wp-content\/uploads\/2026\/02\/zh-omat-tiedot-300x150.png 300w, https:\/\/www.zoner.fi\/tuki\/wp-content\/uploads\/2026\/02\/zh-omat-tiedot-768x384.png 768w, https:\/\/www.zoner.fi\/tuki\/wp-content\/uploads\/2026\/02\/zh-omat-tiedot-1536x767.png 1536w, https:\/\/www.zoner.fi\/tuki\/wp-content\/uploads\/2026\/02\/zh-omat-tiedot.png 1802w\" sizes=\"auto, (max-width: 1024px) 100vw, 1024px\" \/><\/figure>\n\n\n\n<p>3. Vieri\u00e4 alemmas <strong>Mukautetut laskuasetukset<\/strong> -osioon ja klikkaa sen kohdalla <strong>Muokkaa<\/strong>.<\/p>\n\n\n\n<p>4. Lis\u00e4\u00e4 s\u00e4hk\u00f6postiosoite, johon laskut tulee l\u00e4hett\u00e4\u00e4, ja valitse laskun l\u00e4hetystapa:<\/p>\n\n\n\n<ul class=\"wp-block-list\">\n<li><strong>S\u00e4hk\u00f6postilasku<\/strong> &#8211; Lasku l\u00e4hetet\u00e4\u00e4n s\u00e4hk\u00f6postilla. Lis\u00e4\u00e4 haluamasi l\u00e4hetysosoite &#8221;Laskun s\u00e4hk\u00f6postiosoite&#8221; -kohtaan.<\/li>\n\n\n\n<li><strong>Postitse l\u00e4hetett\u00e4v\u00e4 lasku<\/strong> &#8211; Jos valitset t\u00e4m\u00e4n, saat laskun paperipostissa. Huomaa, ett\u00e4 postitse l\u00e4hetettyihin laskuihin lis\u00e4t\u00e4\u00e4n <strong>5 euron lis\u00e4maksu.<\/strong><\/li>\n\n\n\n<li><strong>Verkkolasku<\/strong> &#8211; T\u00e4m\u00e4 vaihtoehto on saatavilla <strong>vain yrityksille<\/strong>. Lis\u00e4\u00e4 yrityksesi verkkolaskuosoite sille varattuun kentt\u00e4\u00e4n. Valitsemme operaattorin automaattisesti annetun verkkolaskuosoitteen perusteella. Jos sinulla on useita operaattoreita ja haluat k\u00e4ytt\u00e4\u00e4 niist\u00e4 tietty\u00e4, ota yhteytt\u00e4 asiakaspalveluumme.<\/li>\n<\/ul>\n\n\n\n<p>5. Voit lis\u00e4t\u00e4 kirjanpitoa varten <strong>viitekoodin<\/strong>, joka lis\u00e4t\u00e4\u00e4n kaikkiin tuleviin laskuihin.<\/p>\n\n\n\n<p>6. Klikkaa lopuksi <strong>Tallenna<\/strong>.<\/p>\n\n\n\n<figure class=\"wp-block-image size-large\"><img loading=\"lazy\" decoding=\"async\" width=\"1024\" height=\"511\" src=\"https:\/\/www.zoner.fi\/tuki\/wp-content\/uploads\/2026\/02\/zh-mukautetut-laskuasetukset-1024x511.png\" alt=\"\" class=\"wp-image-138516\" srcset=\"https:\/\/www.zoner.fi\/tuki\/wp-content\/uploads\/2026\/02\/zh-mukautetut-laskuasetukset-1024x511.png 1024w, https:\/\/www.zoner.fi\/tuki\/wp-content\/uploads\/2026\/02\/zh-mukautetut-laskuasetukset-300x150.png 300w, https:\/\/www.zoner.fi\/tuki\/wp-content\/uploads\/2026\/02\/zh-mukautetut-laskuasetukset-768x384.png 768w, https:\/\/www.zoner.fi\/tuki\/wp-content\/uploads\/2026\/02\/zh-mukautetut-laskuasetukset-1536x767.png 1536w, https:\/\/www.zoner.fi\/tuki\/wp-content\/uploads\/2026\/02\/zh-mukautetut-laskuasetukset.png 1806w\" sizes=\"auto, (max-width: 1024px) 100vw, 1024px\" \/><\/figure>\n\n\n\n<p><strong>Huom: <\/strong>N\u00e4et kaikki asiakasnumerosi laskut Zoner Home -hallintapaneelin Laskut-sivulta riippumatta siit\u00e4, mink\u00e4 laskun toimitustavan olet valinnut. <strong>Lue lis\u00e4\u00e4: <a href=\"https:\/\/www.zoner.fi\/tuki\/zoner-home\/missa-naen-tilaukseni-laskut\/\">Miss\u00e4 n\u00e4en tilaukseni laskut?<\/a><\/strong><\/p>\n\n\n\n<h2 class=\"wp-block-heading\" id=\"2\">Voinko ottaa k\u00e4ytt\u00f6\u00f6n e-laskun?<\/h2>\n\n\n\n<p>E-lasku ei valitettavasti ole t\u00e4ll\u00e4 hetkell\u00e4 Zonerin asiakkaiden k\u00e4ytett\u00e4viss\u00e4. Jos olet aiemmin saanut meilt\u00e4 kuluttajaverkkolaskun, toimitamme laskusi l\u00e4ht\u00f6kohtaisesti s\u00e4hk\u00f6postitse.&nbsp;<\/p>\n\n\n\n<p><strong>Huomaa, ett\u00e4 vaikka e-laskun voi n\u00e4enn\u00e4isesti m\u00e4\u00e4ritt\u00e4\u00e4 omassa verkkopankissa Zoner-laskuille, niit\u00e4 ei silti voida toimittaa e-laskuina, vaan saat ne Zoner Homessa m\u00e4\u00e4ritetyll\u00e4 laskun toimitustavalla.<\/strong><\/p>\n\n\n\n<h2 class=\"wp-block-heading\">Lue my\u00f6s:<\/h2>\n\n\n\n<ul class=\"wp-block-list\">\n<li><a href=\"https:\/\/www.zoner.fi\/tuki\/zoner-home\/missa-naen-tilaukseni-laskut\/\">Miss\u00e4 n\u00e4en tilaukseni laskut?<\/a><\/li>\n\n\n\n<li><a href=\"https:\/\/www.zoner.fi\/tuki\/yleinen\/usein-kysyttya-laskutus\/\">Usein kysytty\u00e4 &#8211; Laskutus<\/a><\/li>\n<\/ul>\n","protected":false},"excerpt":{"rendered":"<p>Laskun l\u00e4hetystapaa voi helposti muuttaa itse Zoner Homessa. Miten muutan laskun l\u00e4hetystapaa? Jos muutat laskujen l\u00e4hetystapaa, saat jatkossa kyseisen asiakasnumeron laskut valitsemallasi l\u00e4hetystavalla. Nykyisi\u00e4 avoimia laskujasi ei kuitenkaan toimiteta uudestaan p\u00e4ivitt\u00e4m\u00e4ll\u00e4si l\u00e4hetystavalla. 1. Kirjaudu Zoner Home -hallintapaneeliin osoitteessa https:\/\/home.zoner.fiLue tarvittaessa ohje: Miten kirjaudun Zoner Home -hallintapaneeliin? 2. Klikkaa etusivulla Profiilin asetukset -laatikkoa. 3. Klikkaa vasemmassa &#8230; <a title=\"Miten muutan laskun l\u00e4hetystapaa?\" class=\"read-more\" href=\"https:\/\/www.zoner.fi\/tuki\/zoner-home\/miten-muutan-laskun-lahetystapaa\/\" aria-label=\"Lue lis\u00e4\u00e4 aiheesta Miten muutan laskun l\u00e4hetystapaa?\">Lue lis\u00e4\u00e4<\/a><\/p>\n","protected":false},"author":18,"featured_media":0,"parent":131930,"menu_order":0,"comment_status":"closed","ping_status":"closed","template":"","meta":{"_relevanssi_hide_post":"","_relevanssi_hide_content":"","_relevanssi_pin_for_all":"","_relevanssi_pin_keywords":"","_relevanssi_unpin_keywords":"","_relevanssi_related_keywords":"","_relevanssi_related_include_ids":"","_relevanssi_related_exclude_ids":"","_relevanssi_related_no_append":"","_relevanssi_related_not_related":"","_relevanssi_related_posts":"135525,130515,130935,130667,132261,132301","_relevanssi_noindex_reason":"","footnotes":""},"categories":[115],"tags":[206],"wf_page_folders":[],"class_list":{"0":"post-135668","1":"page","2":"type-page","3":"status-publish","5":"category-oma-tili-ja-tilaukset","6":"tag-laskut"},"_links":{"self":[{"href":"https:\/\/www.zoner.fi\/tuki\/wp-json\/wp\/v2\/pages\/135668","targetHints":{"allow":["GET"]}}],"collection":[{"href":"https:\/\/www.zoner.fi\/tuki\/wp-json\/wp\/v2\/pages"}],"about":[{"href":"https:\/\/www.zoner.fi\/tuki\/wp-json\/wp\/v2\/types\/page"}],"author":[{"embeddable":true,"href":"https:\/\/www.zoner.fi\/tuki\/wp-json\/wp\/v2\/users\/18"}],"replies":[{"embeddable":true,"href":"https:\/\/www.zoner.fi\/tuki\/wp-json\/wp\/v2\/comments?post=135668"}],"version-history":[{"count":13,"href":"https:\/\/www.zoner.fi\/tuki\/wp-json\/wp\/v2\/pages\/135668\/revisions"}],"predecessor-version":[{"id":138518,"href":"https:\/\/www.zoner.fi\/tuki\/wp-json\/wp\/v2\/pages\/135668\/revisions\/138518"}],"up":[{"embeddable":true,"href":"https:\/\/www.zoner.fi\/tuki\/wp-json\/wp\/v2\/pages\/131930"}],"wp:attachment":[{"href":"https:\/\/www.zoner.fi\/tuki\/wp-json\/wp\/v2\/media?parent=135668"}],"wp:term":[{"taxonomy":"category","embeddable":true,"href":"https:\/\/www.zoner.fi\/tuki\/wp-json\/wp\/v2\/categories?post=135668"},{"taxonomy":"post_tag","embeddable":true,"href":"https:\/\/www.zoner.fi\/tuki\/wp-json\/wp\/v2\/tags?post=135668"},{"taxonomy":"wf_page_folders","embeddable":true,"href":"https:\/\/www.zoner.fi\/tuki\/wp-json\/wp\/v2\/wf_page_folders?post=135668"}],"curies":[{"name":"wp","href":"https:\/\/api.w.org\/{rel}","templated":true}]}}