{"id":136059,"date":"2025-05-05T11:04:59","date_gmt":"2025-05-05T08:04:59","guid":{"rendered":"https:\/\/www.zoner.fi\/tuki\/?page_id=136059"},"modified":"2025-09-25T17:13:18","modified_gmt":"2025-09-25T14:13:18","slug":"kumppanit","status":"publish","type":"page","link":"https:\/\/www.zoner.fi\/tuki\/kumppanit\/","title":{"rendered":"Kumppanit"},"content":{"rendered":"<div class=\"gb-container gb-container-874a640e alignfull\" id=\"jalleenmyyjat\">\n<div class=\"gb-container gb-container-7e4628cf\">\n<div class=\"gb-grid-wrapper gb-grid-wrapper-6de9447c\">\n<div class=\"gb-grid-column gb-grid-column-84aeea92\"><div class=\"gb-container gb-container-84aeea92\">\n\n<h2 class=\"gb-headline gb-headline-f075637a gb-headline-text\">J\u00e4lleenmyyj\u00e4t<\/h2>\n\n<\/div><\/div>\n\n<div class=\"gb-grid-column gb-grid-column-8ea0ed4b\"><div class=\"gb-container gb-container-8ea0ed4b\">\n\n<div class=\"gb-grid-wrapper gb-grid-wrapper-1aa7d6b9 gb-query-loop-wrapper\">\n<div class=\"gb-grid-column gb-grid-column-3ae83221 gb-query-loop-item post-138264 page type-page status-publish category-kumppanit tag-jalleenmyyjat\"><div class=\"gb-container gb-container-3ae83221\">\n<h3 class=\"gb-headline gb-headline-b4cb2145\"><span class=\"gb-icon\"><svg aria-hidden=\"true\" role=\"img\" height=\"1em\" width=\"1em\" viewbox=\"0 0 256 512\" xmlns=\"http:\/\/www.w3.org\/2000\/svg\"><path fill=\"currentColor\" d=\"M224.3 273l-136 136c-9.4 9.4-24.6 9.4-33.9 0l-22.6-22.6c-9.4-9.4-9.4-24.6 0-33.9l96.4-96.4-96.4-96.4c-9.4-9.4-9.4-24.6 0-33.9L54.3 103c9.4-9.4 24.6-9.4 33.9 0l136 136c9.5 9.4 9.5 24.6.1 34z\"><\/path><\/svg><\/span><span class=\"gb-headline-text\"><a href=\"https:\/\/www.zoner.fi\/tuki\/kumppanit\/wordpress-template\/\">WordPress-templaten luominen DirectAdminissa<\/a><\/span><\/h3>\n<\/div><\/div>\n\n<div class=\"gb-grid-column gb-grid-column-3ae83221 gb-query-loop-item post-980 page type-page status-publish category-kumppanit tag-jalleenmyyjat\"><div class=\"gb-container gb-container-3ae83221\">\n<h3 class=\"gb-headline gb-headline-b4cb2145\"><span class=\"gb-icon\"><svg aria-hidden=\"true\" role=\"img\" height=\"1em\" width=\"1em\" viewbox=\"0 0 256 512\" xmlns=\"http:\/\/www.w3.org\/2000\/svg\"><path fill=\"currentColor\" d=\"M224.3 273l-136 136c-9.4 9.4-24.6 9.4-33.9 0l-22.6-22.6c-9.4-9.4-9.4-24.6 0-33.9l96.4-96.4-96.4-96.4c-9.4-9.4-9.4-24.6 0-33.9L54.3 103c9.4-9.4 24.6-9.4 33.9 0l136 136c9.5 9.4 9.5 24.6.1 34z\"><\/path><\/svg><\/span><span class=\"gb-headline-text\"><a href=\"https:\/\/www.zoner.fi\/tuki\/kumppanit\/miten-suljen-tai-avaan-webhotellin\/\">Miten suljen tai avaan webhotellin?<\/a><\/span><\/h3>\n<\/div><\/div>\n\n<div class=\"gb-grid-column gb-grid-column-3ae83221 gb-query-loop-item post-967 page type-page status-publish category-kumppanit tag-jalleenmyyjat\"><div class=\"gb-container gb-container-3ae83221\">\n<h3 class=\"gb-headline gb-headline-b4cb2145\"><span class=\"gb-icon\"><svg aria-hidden=\"true\" role=\"img\" height=\"1em\" width=\"1em\" viewbox=\"0 0 256 512\" xmlns=\"http:\/\/www.w3.org\/2000\/svg\"><path fill=\"currentColor\" d=\"M224.3 273l-136 136c-9.4 9.4-24.6 9.4-33.9 0l-22.6-22.6c-9.4-9.4-9.4-24.6 0-33.9l96.4-96.4-96.4-96.4c-9.4-9.4-9.4-24.6 0-33.9L54.3 103c9.4-9.4 24.6-9.4 33.9 0l136 136c9.5 9.4 9.5 24.6.1 34z\"><\/path><\/svg><\/span><span class=\"gb-headline-text\"><a href=\"https:\/\/www.zoner.fi\/tuki\/kumppanit\/miten-muokkaan-yksittaisen-webhotellin-ominaisuuksia\/\">Miten muokkaan yksitt\u00e4isen webhotellin ominaisuuksia?<\/a><\/span><\/h3>\n<\/div><\/div>\n\n<div class=\"gb-grid-column gb-grid-column-3ae83221 gb-query-loop-item post-954 page type-page status-publish category-kumppanit tag-jalleenmyyjat\"><div class=\"gb-container gb-container-3ae83221\">\n<h3 class=\"gb-headline gb-headline-b4cb2145\"><span class=\"gb-icon\"><svg aria-hidden=\"true\" role=\"img\" height=\"1em\" width=\"1em\" viewbox=\"0 0 256 512\" xmlns=\"http:\/\/www.w3.org\/2000\/svg\"><path fill=\"currentColor\" d=\"M224.3 273l-136 136c-9.4 9.4-24.6 9.4-33.9 0l-22.6-22.6c-9.4-9.4-9.4-24.6 0-33.9l96.4-96.4-96.4-96.4c-9.4-9.4-9.4-24.6 0-33.9L54.3 103c9.4-9.4 24.6-9.4 33.9 0l136 136c9.5 9.4 9.5 24.6.1 34z\"><\/path><\/svg><\/span><span class=\"gb-headline-text\"><a href=\"https:\/\/www.zoner.fi\/tuki\/kumppanit\/miten-otan-jalleenmyyntipalvelun-kayttoon\/\">Miten otan j\u00e4lleenmyyntipalvelun k\u00e4ytt\u00f6\u00f6n?<\/a><\/span><\/h3>\n<\/div><\/div>\n\n<div class=\"gb-grid-column gb-grid-column-3ae83221 gb-query-loop-item post-948 page type-page status-publish category-kumppanit tag-jalleenmyyjat\"><div class=\"gb-container gb-container-3ae83221\">\n<h3 class=\"gb-headline gb-headline-b4cb2145\"><span class=\"gb-icon\"><svg aria-hidden=\"true\" role=\"img\" height=\"1em\" width=\"1em\" viewbox=\"0 0 256 512\" xmlns=\"http:\/\/www.w3.org\/2000\/svg\"><path fill=\"currentColor\" d=\"M224.3 273l-136 136c-9.4 9.4-24.6 9.4-33.9 0l-22.6-22.6c-9.4-9.4-9.4-24.6 0-33.9l96.4-96.4-96.4-96.4c-9.4-9.4-9.4-24.6 0-33.9L54.3 103c9.4-9.4 24.6-9.4 33.9 0l136 136c9.5 9.4 9.5 24.6.1 34z\"><\/path><\/svg><\/span><span class=\"gb-headline-text\"><a href=\"https:\/\/www.zoner.fi\/tuki\/kumppanit\/miten-muokkaan-asiakkaan-webhotellin-ulkoasua\/\">Miten muokkaan asiakkaan webhotellin ulkoasua?<\/a><\/span><\/h3>\n<\/div><\/div>\n\n<div class=\"gb-grid-column gb-grid-column-3ae83221 gb-query-loop-item post-989 page type-page status-publish category-kumppanit tag-jalleenmyyjat\"><div class=\"gb-container gb-container-3ae83221\">\n<h3 class=\"gb-headline gb-headline-b4cb2145\"><span class=\"gb-icon\"><svg aria-hidden=\"true\" role=\"img\" height=\"1em\" width=\"1em\" viewbox=\"0 0 256 512\" xmlns=\"http:\/\/www.w3.org\/2000\/svg\"><path fill=\"currentColor\" d=\"M224.3 273l-136 136c-9.4 9.4-24.6 9.4-33.9 0l-22.6-22.6c-9.4-9.4-9.4-24.6 0-33.9l96.4-96.4-96.4-96.4c-9.4-9.4-9.4-24.6 0-33.9L54.3 103c9.4-9.4 24.6-9.4 33.9 0l136 136c9.5 9.4 9.5 24.6.1 34z\"><\/path><\/svg><\/span><span class=\"gb-headline-text\"><a href=\"https:\/\/www.zoner.fi\/tuki\/kumppanit\/miten-muokkaan-webhotellin-oletustiedostoja\/\">Miten muokkaan webhotellin oletustiedostoja?<\/a><\/span><\/h3>\n<\/div><\/div>\n\n<div class=\"gb-grid-column gb-grid-column-3ae83221 gb-query-loop-item post-997 page type-page status-publish category-kumppanit tag-jalleenmyyjat\"><div class=\"gb-container gb-container-3ae83221\">\n<h3 class=\"gb-headline gb-headline-b4cb2145\"><span class=\"gb-icon\"><svg aria-hidden=\"true\" role=\"img\" height=\"1em\" width=\"1em\" viewbox=\"0 0 256 512\" xmlns=\"http:\/\/www.w3.org\/2000\/svg\"><path fill=\"currentColor\" d=\"M224.3 273l-136 136c-9.4 9.4-24.6 9.4-33.9 0l-22.6-22.6c-9.4-9.4-9.4-24.6 0-33.9l96.4-96.4-96.4-96.4c-9.4-9.4-9.4-24.6 0-33.9L54.3 103c9.4-9.4 24.6-9.4 33.9 0l136 136c9.5 9.4 9.5 24.6.1 34z\"><\/path><\/svg><\/span><span class=\"gb-headline-text\"><a href=\"https:\/\/www.zoner.fi\/tuki\/kumppanit\/miten-muokkaan-suljettu-suspended-nakymaa\/\">Miten muokkaan suljettu (suspended) -n\u00e4kym\u00e4\u00e4?<\/a><\/span><\/h3>\n<\/div><\/div>\n\n<div class=\"gb-grid-column gb-grid-column-3ae83221 gb-query-loop-item post-1003 page type-page status-publish category-kumppanit tag-jalleenmyyjat\"><div class=\"gb-container gb-container-3ae83221\">\n<h3 class=\"gb-headline gb-headline-b4cb2145\"><span class=\"gb-icon\"><svg aria-hidden=\"true\" role=\"img\" height=\"1em\" width=\"1em\" viewbox=\"0 0 256 512\" xmlns=\"http:\/\/www.w3.org\/2000\/svg\"><path fill=\"currentColor\" d=\"M224.3 273l-136 136c-9.4 9.4-24.6 9.4-33.9 0l-22.6-22.6c-9.4-9.4-9.4-24.6 0-33.9l96.4-96.4-96.4-96.4c-9.4-9.4-9.4-24.6 0-33.9L54.3 103c9.4-9.4 24.6-9.4 33.9 0l136 136c9.5 9.4 9.5 24.6.1 34z\"><\/path><\/svg><\/span><span class=\"gb-headline-text\"><a href=\"https:\/\/www.zoner.fi\/tuki\/kumppanit\/miten-aktivoin-ssl-tuen-jalleenmyyntiwebhotellissa\/\">Miten aktivoin SSL-tuen j\u00e4lleenmyyntiwebhotellissa?<\/a><\/span><\/h3>\n<\/div><\/div>\n\n<div class=\"gb-grid-column gb-grid-column-3ae83221 gb-query-loop-item post-1009 page type-page status-publish category-kumppanit tag-jalleenmyyjat\"><div class=\"gb-container gb-container-3ae83221\">\n<h3 class=\"gb-headline gb-headline-b4cb2145\"><span class=\"gb-icon\"><svg aria-hidden=\"true\" role=\"img\" height=\"1em\" width=\"1em\" viewbox=\"0 0 256 512\" xmlns=\"http:\/\/www.w3.org\/2000\/svg\"><path fill=\"currentColor\" d=\"M224.3 273l-136 136c-9.4 9.4-24.6 9.4-33.9 0l-22.6-22.6c-9.4-9.4-9.4-24.6 0-33.9l96.4-96.4-96.4-96.4c-9.4-9.4-9.4-24.6 0-33.9L54.3 103c9.4-9.4 24.6-9.4 33.9 0l136 136c9.5 9.4 9.5 24.6.1 34z\"><\/path><\/svg><\/span><span class=\"gb-headline-text\"><a href=\"https:\/\/www.zoner.fi\/tuki\/kumppanit\/miten-liitan-lisaverkkotunnuksen-asiakkaan-webhotelliin\/\">Miten liit\u00e4n lis\u00e4verkkotunnuksen asiakkaan webhotelliin?<\/a><\/span><\/h3>\n<\/div><\/div>\n\n<div class=\"gb-grid-column gb-grid-column-3ae83221 gb-query-loop-item post-1020 page type-page status-publish category-kumppanit tag-jalleenmyyjat\"><div class=\"gb-container gb-container-3ae83221\">\n<h3 class=\"gb-headline gb-headline-b4cb2145\"><span class=\"gb-icon\"><svg aria-hidden=\"true\" role=\"img\" height=\"1em\" width=\"1em\" viewbox=\"0 0 256 512\" xmlns=\"http:\/\/www.w3.org\/2000\/svg\"><path fill=\"currentColor\" d=\"M224.3 273l-136 136c-9.4 9.4-24.6 9.4-33.9 0l-22.6-22.6c-9.4-9.4-9.4-24.6 0-33.9l96.4-96.4-96.4-96.4c-9.4-9.4-9.4-24.6 0-33.9L54.3 103c9.4-9.4 24.6-9.4 33.9 0l136 136c9.5 9.4 9.5 24.6.1 34z\"><\/path><\/svg><\/span><span class=\"gb-headline-text\"><a href=\"https:\/\/www.zoner.fi\/tuki\/kumppanit\/miten-seuraan-jalleenmyyntipalvelun-tilastoja-ja-resursseja\/\">Miten seuraan j\u00e4lleenmyyj\u00e4palvelun tilastoja ja resursseja?<\/a><\/span><\/h3>\n<\/div><\/div>\n\n<div class=\"gb-grid-column gb-grid-column-3ae83221 gb-query-loop-item post-1026 page type-page status-publish category-kumppanit tag-jalleenmyyjat\"><div class=\"gb-container gb-container-3ae83221\">\n<h3 class=\"gb-headline gb-headline-b4cb2145\"><span class=\"gb-icon\"><svg aria-hidden=\"true\" role=\"img\" height=\"1em\" width=\"1em\" viewbox=\"0 0 256 512\" xmlns=\"http:\/\/www.w3.org\/2000\/svg\"><path fill=\"currentColor\" d=\"M224.3 273l-136 136c-9.4 9.4-24.6 9.4-33.9 0l-22.6-22.6c-9.4-9.4-9.4-24.6 0-33.9l96.4-96.4-96.4-96.4c-9.4-9.4-9.4-24.6 0-33.9L54.3 103c9.4-9.4 24.6-9.4 33.9 0l136 136c9.5 9.4 9.5 24.6.1 34z\"><\/path><\/svg><\/span><span class=\"gb-headline-text\"><a href=\"https:\/\/www.zoner.fi\/tuki\/kumppanit\/miten-kirjaudun-asiakkaan-webhotelliin-jalleenmyyja-tunnuksella\/\">Miten kirjaudun asiakkaan webhotelliin j\u00e4lleenmyyj\u00e4-tunnuksella?<\/a><\/span><\/h3>\n<\/div><\/div>\n\n<div class=\"gb-grid-column gb-grid-column-3ae83221 gb-query-loop-item post-1036 page type-page status-publish category-kumppanit tag-jalleenmyyjat\"><div class=\"gb-container gb-container-3ae83221\">\n<h3 class=\"gb-headline gb-headline-b4cb2145\"><span class=\"gb-icon\"><svg aria-hidden=\"true\" role=\"img\" height=\"1em\" width=\"1em\" viewbox=\"0 0 256 512\" xmlns=\"http:\/\/www.w3.org\/2000\/svg\"><path fill=\"currentColor\" d=\"M224.3 273l-136 136c-9.4 9.4-24.6 9.4-33.9 0l-22.6-22.6c-9.4-9.4-9.4-24.6 0-33.9l96.4-96.4-96.4-96.4c-9.4-9.4-9.4-24.6 0-33.9L54.3 103c9.4-9.4 24.6-9.4 33.9 0l136 136c9.5 9.4 9.5 24.6.1 34z\"><\/path><\/svg><\/span><span class=\"gb-headline-text\"><a href=\"https:\/\/www.zoner.fi\/tuki\/kumppanit\/miten-muokkaan-asiakkaan-tunnusviestia\/\">Miten muokkaan asiakkaan tunnusviesti\u00e4?<\/a><\/span><\/h3>\n<\/div><\/div>\n\n<div class=\"gb-grid-column gb-grid-column-3ae83221 gb-query-loop-item post-1042 page type-page status-publish category-kumppanit tag-jalleenmyyjat\"><div class=\"gb-container gb-container-3ae83221\">\n<h3 class=\"gb-headline gb-headline-b4cb2145\"><span class=\"gb-icon\"><svg aria-hidden=\"true\" role=\"img\" height=\"1em\" width=\"1em\" viewbox=\"0 0 256 512\" xmlns=\"http:\/\/www.w3.org\/2000\/svg\"><path fill=\"currentColor\" d=\"M224.3 273l-136 136c-9.4 9.4-24.6 9.4-33.9 0l-22.6-22.6c-9.4-9.4-9.4-24.6 0-33.9l96.4-96.4-96.4-96.4c-9.4-9.4-9.4-24.6 0-33.9L54.3 103c9.4-9.4 24.6-9.4 33.9 0l136 136c9.5 9.4 9.5 24.6.1 34z\"><\/path><\/svg><\/span><span class=\"gb-headline-text\"><a href=\"https:\/\/www.zoner.fi\/tuki\/kumppanit\/miten-luon-uuden-webhotellin\/\">Miten luon uuden webhotellin?<\/a><\/span><\/h3>\n<\/div><\/div>\n\n<div class=\"gb-grid-column gb-grid-column-3ae83221 gb-query-loop-item post-1050 page type-page status-publish category-kumppanit tag-jalleenmyyjat\"><div class=\"gb-container gb-container-3ae83221\">\n<h3 class=\"gb-headline gb-headline-b4cb2145\"><span class=\"gb-icon\"><svg aria-hidden=\"true\" role=\"img\" height=\"1em\" width=\"1em\" viewbox=\"0 0 256 512\" xmlns=\"http:\/\/www.w3.org\/2000\/svg\"><path fill=\"currentColor\" d=\"M224.3 273l-136 136c-9.4 9.4-24.6 9.4-33.9 0l-22.6-22.6c-9.4-9.4-9.4-24.6 0-33.9l96.4-96.4-96.4-96.4c-9.4-9.4-9.4-24.6 0-33.9L54.3 103c9.4-9.4 24.6-9.4 33.9 0l136 136c9.5 9.4 9.5 24.6.1 34z\"><\/path><\/svg><\/span><span class=\"gb-headline-text\"><a href=\"https:\/\/www.zoner.fi\/tuki\/kumppanit\/miten-luon-ja-muokkaan-kayttajien-paketteja\/\">Miten luon ja muokkaan k\u00e4ytt\u00e4jien paketteja?<\/a><\/span><\/h3>\n<\/div><\/div>\n<\/div>\n\n<\/div><\/div>\n<\/div>\n<\/div>\n<\/div>\n\n<div class=\"gb-container gb-container-f41a6846 alignfull\" id=\"muut\">\n<div class=\"gb-container gb-container-6a55b7b0\">\n<div class=\"gb-grid-wrapper gb-grid-wrapper-28ef970c\">\n<div class=\"gb-grid-column gb-grid-column-3b1a2cfc\"><div class=\"gb-container gb-container-3b1a2cfc\">\n\n<h2 class=\"gb-headline gb-headline-ba08c3e3 gb-headline-text\">Muut kumppaniohjeet<\/h2>\n\n<\/div><\/div>\n\n<div class=\"gb-grid-column gb-grid-column-d04d73a3\"><div class=\"gb-container gb-container-d04d73a3\">\n\n<div class=\"gb-grid-wrapper gb-grid-wrapper-dd553327 gb-query-loop-wrapper\">\n<div class=\"gb-grid-column gb-grid-column-56733ae2 gb-query-loop-item post-136010 page type-page status-publish category-kumppanit category-oma-tili-ja-tilaukset category-zoner-home-webhotellit tag-kirjautuminen tag-kumppanit tag-yleiset\"><div class=\"gb-container gb-container-56733ae2\">\n<h3 class=\"gb-headline gb-headline-effbdb09\"><span class=\"gb-icon\"><svg aria-hidden=\"true\" role=\"img\" height=\"1em\" width=\"1em\" viewbox=\"0 0 256 512\" xmlns=\"http:\/\/www.w3.org\/2000\/svg\"><path fill=\"currentColor\" d=\"M224.3 273l-136 136c-9.4 9.4-24.6 9.4-33.9 0l-22.6-22.6c-9.4-9.4-9.4-24.6 0-33.9l96.4-96.4-96.4-96.4c-9.4-9.4-9.4-24.6 0-33.9L54.3 103c9.4-9.4 24.6-9.4 33.9 0l136 136c9.5 9.4 9.5 24.6.1 34z\"><\/path><\/svg><\/span><span class=\"gb-headline-text\"><a href=\"https:\/\/www.zoner.fi\/tuki\/zoner-home\/ohje-zonerin-kumppaneille-zoner-home-perusteet\/\">Ohje Zonerin kumppaneille &#8211; Miten hallitsen asiakkaani webhotellia?<\/a><\/span><\/h3>\n<\/div><\/div>\n<\/div>\n\n<\/div><\/div>\n<\/div>\n<\/div>\n<\/div>","protected":false},"excerpt":{"rendered":"","protected":false},"author":1,"featured_media":0,"parent":0,"menu_order":0,"comment_status":"closed","ping_status":"closed","template":"","meta":{"_relevanssi_hide_post":"","_relevanssi_hide_content":"","_relevanssi_pin_for_all":"","_relevanssi_pin_keywords":"","_relevanssi_unpin_keywords":"","_relevanssi_related_keywords":"","_relevanssi_related_include_ids":"","_relevanssi_related_exclude_ids":"","_relevanssi_related_no_append":"","_relevanssi_related_not_related":"","_relevanssi_related_posts":"135703,135705,130899,131506,132336,130819","_relevanssi_noindex_reason":"","footnotes":""},"categories":[],"tags":[],"wf_page_folders":[],"class_list":["post-136059","page","type-page","status-publish"],"_links":{"self":[{"href":"https:\/\/www.zoner.fi\/tuki\/wp-json\/wp\/v2\/pages\/136059","targetHints":{"allow":["GET"]}}],"collection":[{"href":"https:\/\/www.zoner.fi\/tuki\/wp-json\/wp\/v2\/pages"}],"about":[{"href":"https:\/\/www.zoner.fi\/tuki\/wp-json\/wp\/v2\/types\/page"}],"author":[{"embeddable":true,"href":"https:\/\/www.zoner.fi\/tuki\/wp-json\/wp\/v2\/users\/1"}],"replies":[{"embeddable":true,"href":"https:\/\/www.zoner.fi\/tuki\/wp-json\/wp\/v2\/comments?post=136059"}],"version-history":[{"count":8,"href":"https:\/\/www.zoner.fi\/tuki\/wp-json\/wp\/v2\/pages\/136059\/revisions"}],"predecessor-version":[{"id":137752,"href":"https:\/\/www.zoner.fi\/tuki\/wp-json\/wp\/v2\/pages\/136059\/revisions\/137752"}],"wp:attachment":[{"href":"https:\/\/www.zoner.fi\/tuki\/wp-json\/wp\/v2\/media?parent=136059"}],"wp:term":[{"taxonomy":"category","embeddable":true,"href":"https:\/\/www.zoner.fi\/tuki\/wp-json\/wp\/v2\/categories?post=136059"},{"taxonomy":"post_tag","embeddable":true,"href":"https:\/\/www.zoner.fi\/tuki\/wp-json\/wp\/v2\/tags?post=136059"},{"taxonomy":"wf_page_folders","embeddable":true,"href":"https:\/\/www.zoner.fi\/tuki\/wp-json\/wp\/v2\/wf_page_folders?post=136059"}],"curies":[{"name":"wp","href":"https:\/\/api.w.org\/{rel}","templated":true}]}}