{"id":136182,"date":"2025-05-26T10:04:14","date_gmt":"2025-05-26T07:04:14","guid":{"rendered":"https:\/\/www.zoner.fi\/tuki\/?page_id=136182"},"modified":"2025-06-03T10:10:55","modified_gmt":"2025-06-03T07:10:55","slug":"kuinka-lisaan-recaptchan-wordpress-kommenttilomakkeeseen","status":"publish","type":"page","link":"https:\/\/www.zoner.fi\/tuki\/wordpress\/kuinka-lisaan-recaptchan-wordpress-kommenttilomakkeeseen\/","title":{"rendered":"Kuinka lis\u00e4\u00e4n reCAPTCHAn WordPress-kommenttilomakkeeseen?"},"content":{"rendered":"\n<p>Saatko paljon roskapostikommentteja WordPress-sivustollesi? Google reCAPTCHAn avulla voit torjua niit\u00e4.<\/p>\n\n\n\n<p>Google reCAPTCHA v3 pisteytt\u00e4\u00e4 k\u00e4vij\u00e4t sen perusteella, miten he k\u00e4ytt\u00e4v\u00e4t sivustoasi. Se n\u00e4ytt\u00e4\u00e4 kuvahaasteita vain heikot pisteet saaneille k\u00e4ytt\u00e4jille varmistaakseen, etteiv\u00e4t he ole botteja.<\/p>\n\n\n\n<p>Lue alta, miten voit lis\u00e4t\u00e4 Google reCAPTCHA:n WordPress-kommenttilomakkeeseen.<\/p>\n\n\n\n<p><a href=\"#1\">1. Asenna Advanced Google reCAPTCHA -lis\u00e4osa<\/a><br><a href=\"#2\">2. Rekister\u00f6i sivustosi ja kopioi reCAPTCHA-API-avaimet<br><\/a><a href=\"#3\">3. Lis\u00e4\u00e4 reCAPTCHA WordPress-kommenttilomakkeeseen<br><\/a><a href=\"#4\">4. Testaa, toimiiko reCAPTCHA<br><\/a><a href=\"#5\">Vinkkej\u00e4 roskapostin torjumiseen<\/a><\/p>\n\n\n\n<hr class=\"wp-block-separator has-alpha-channel-opacity\"\/>\n\n\n\n<h2 class=\"wp-block-heading\" id=\"1\">1.  Asenna Advanced Google reCAPTCHA -lis\u00e4osa<\/h2>\n\n\n\n<p><strong>Huomaa<\/strong>: Google reCAPTCHA v3 ker\u00e4\u00e4 tietoa k\u00e4vij\u00f6ist\u00e4si. Sen takia suosittelemme, ett\u00e4 tarkistat, onko se sivustoasi koskevien tietosuojalakien kuten GDPR:n mukainen, ja k\u00e4yt\u00e4t suostumusten hallintaan esimerkiksi\u00a0<a href=\"https:\/\/www.zoner.fi\/termly\/\">Termly<\/a>-ty\u00f6kalua.<\/p>\n\n\n\n<p>Asenna ja aktivoi\u00a0<a href=\"https:\/\/wordpress.org\/plugins\/advanced-google-recaptcha\/\" target=\"_blank\" rel=\"noopener\">Advanced Google reCAPTCHA<\/a>\u00a0-lis\u00e4osa WordPress-hallintapaneelissa.\u00a0<\/p>\n\n\n\n<ol class=\"wp-block-list\">\n<li>Klikkaa WordPress-hallintapaneelissa\u00a0<strong>Lis\u00e4osat<\/strong>\u00a0ja sitten\u00a0<strong>Lis\u00e4\u00e4 uusi lis\u00e4osa<\/strong>.<\/li>\n\n\n\n<li>Etsi\u00a0<strong>Advanced Google reCAPTCHA<\/strong>\u00a0-lis\u00e4osa hakupalkin avulla.<\/li>\n\n\n\n<li>Klikkaa <strong>Asenna nyt<\/strong>, kun olet l\u00f6yt\u00e4nyt lis\u00e4osan.<\/li>\n\n\n\n<li>Kun asennus on valmis, klikkaa <strong>Ota k\u00e4ytt\u00f6\u00f6n<\/strong>. Ota k\u00e4ytt\u00f6\u00f6n -painike n\u00e4kyy samassa paikassa, jossa\u00a0<strong>Asenna nyt<\/strong>\u00a0-painike oli aiemmin.<\/li>\n\n\n\n<li>Kun olet ottanut lis\u00e4osan k\u00e4ytt\u00f6\u00f6n, klikkaa\u00a0<strong>Asetukset\u00a0<\/strong>vasemmanpuoleisessa valikossa ja klikkaa\u00a0<strong>Advanced Google reCAPTCHA\u00a0<\/strong>m\u00e4\u00e4ritt\u00e4\u00e4ksesi lis\u00e4osan asetukset.<\/li>\n<\/ol>\n\n\n\n<p>T\u00e4ss\u00e4 oppaassa aktivoimme Google reCaptcha v3:n.<\/p>\n\n\n\n<figure class=\"wp-block-image size-large\"><img loading=\"lazy\" decoding=\"async\" width=\"1024\" height=\"752\" src=\"https:\/\/www.zoner.fi\/tuki\/wp-content\/uploads\/2025\/05\/reCaptchav3-1024x752.png\" alt=\"\" class=\"wp-image-136183\" srcset=\"https:\/\/www.zoner.fi\/tuki\/wp-content\/uploads\/2025\/05\/reCaptchav3-1024x752.png 1024w, https:\/\/www.zoner.fi\/tuki\/wp-content\/uploads\/2025\/05\/reCaptchav3-300x220.png 300w, https:\/\/www.zoner.fi\/tuki\/wp-content\/uploads\/2025\/05\/reCaptchav3-768x564.png 768w, https:\/\/www.zoner.fi\/tuki\/wp-content\/uploads\/2025\/05\/reCaptchav3.png 1447w\" sizes=\"auto, (max-width: 1024px) 100vw, 1024px\" \/><\/figure>\n\n\n\n<h2 class=\"wp-block-heading\" id=\"2\">2. Rekister\u00f6i sivustosi ja kopioi reCAPTCHA-API-avaimet<\/h2>\n\n\n\n<p>Lis\u00e4osa vaatii Googlen reCAPTCHA-API-avaimet, jotka saat ilmaiseksi rekister\u00f6im\u00e4ll\u00e4 verkkotunnuksesi Googlen virallisella verkkosivustolla.<\/p>\n\n\n\n<p>1. Siirry <a href=\"https:\/\/www.google.com\/recaptcha\/admin\" target=\"_blank\" rel=\"noopener\">reCAPTCHA -verkkosivustolle<\/a>.<br>2. Kirjaudu sis\u00e4\u00e4n Google-tilill\u00e4si.<br>3. Anna\u00a0<strong>Rekister\u00f6i uusi sivusto<\/strong>\u00a0-sivulla perustiedot verkkosivustostasi.<br>4. Kirjoita (verkkosivuston) nimi\u00a0<strong>Tunniste<\/strong>-kentt\u00e4\u00e4n, jotta voit tunnistaa sivuston helposti.<br>5. Valitse\u00a0<strong>Score based (v3)<\/strong>\u00a0valintanappi, jos haluat ottaa k\u00e4ytt\u00f6\u00f6n Recaptchan uusimman v3-version. (Toinen vaihtoehto &#8221;Challenge (v2)&#8221; edellytt\u00e4\u00e4 kommenttien l\u00e4hett\u00e4ji\u00e4 aina suorittamaan kuvahaasteen.)<br>6. Kirjoita\u00a0<strong>Domains<\/strong>-kentt\u00e4\u00e4n sen sivuston verkkotunnus, jossa haluat k\u00e4ytt\u00e4\u00e4 reCAPTCHAa. Voit\u00a0lis\u00e4t\u00e4 useita verkkotunnuksia\u00a0tai aliverkkotunnuksia klikkaamalla <strong>+ kuvaketta<\/strong> ja k\u00e4ytt\u00e4\u00e4 samoja API-avaimia niill\u00e4 kaikilla.<br>7. Hyv\u00e4ksy ehdot ja rekister\u00f6i sivustosi klikkaamalla <strong>L\u00e4het\u00e4<\/strong>-painiketta.<\/p>\n\n\n\n<figure class=\"wp-block-image size-large\"><img loading=\"lazy\" decoding=\"async\" width=\"1024\" height=\"752\" src=\"https:\/\/www.zoner.fi\/tuki\/wp-content\/uploads\/2025\/05\/reCaptchav3-2-1024x752.png\" alt=\"\" class=\"wp-image-136184\" srcset=\"https:\/\/www.zoner.fi\/tuki\/wp-content\/uploads\/2025\/05\/reCaptchav3-2-1024x752.png 1024w, https:\/\/www.zoner.fi\/tuki\/wp-content\/uploads\/2025\/05\/reCaptchav3-2-300x220.png 300w, https:\/\/www.zoner.fi\/tuki\/wp-content\/uploads\/2025\/05\/reCaptchav3-2-768x564.png 768w, https:\/\/www.zoner.fi\/tuki\/wp-content\/uploads\/2025\/05\/reCaptchav3-2.png 1447w\" sizes=\"auto, (max-width: 1024px) 100vw, 1024px\" \/><\/figure>\n\n\n\n<p>8. Avautuneella sivulla n\u00e4et <strong>sivuston avaimen<\/strong> (site key)\u00a0ja\u00a0<strong>salaisen avaimen<\/strong> (secret key). Tarvitset niit\u00e4 seuraavassa vaiheessa.<\/p>\n\n\n\n<figure class=\"wp-block-image size-large\"><img loading=\"lazy\" decoding=\"async\" width=\"1024\" height=\"694\" src=\"https:\/\/www.zoner.fi\/tuki\/wp-content\/uploads\/2025\/05\/reCaptchav3-3-1024x694.png\" alt=\"\" class=\"wp-image-136185\" srcset=\"https:\/\/www.zoner.fi\/tuki\/wp-content\/uploads\/2025\/05\/reCaptchav3-3-1024x694.png 1024w, https:\/\/www.zoner.fi\/tuki\/wp-content\/uploads\/2025\/05\/reCaptchav3-3-300x203.png 300w, https:\/\/www.zoner.fi\/tuki\/wp-content\/uploads\/2025\/05\/reCaptchav3-3-768x521.png 768w, https:\/\/www.zoner.fi\/tuki\/wp-content\/uploads\/2025\/05\/reCaptchav3-3.png 1142w\" sizes=\"auto, (max-width: 1024px) 100vw, 1024px\" \/><\/figure>\n\n\n\n<h2 class=\"wp-block-heading\" id=\"3\">3. Lis\u00e4\u00e4 reCAPTCHA WordPress-kommenttilomakkeeseen<\/h2>\n\n\n\n<p>1. Siirry\u00a0<strong>WordPress-hallintapaneelissa<\/strong>\u00a0vasemman valikon kautta sivulle\u00a0<strong>Asetukset<\/strong>\u00a0>\u00a0<strong>Advanced Google reCAPTCHA<\/strong>.<br>2. Vierit\u00e4 alas ja valitse\u00a0<strong>Google reCaptcha v3<\/strong>\u00a0klikkaamalla sit\u00e4.<br>3. Vierit\u00e4 takaisin yl\u00f6s kohtaan &#8221;Captcha&#8221;\u00a0ja liit\u00e4\u00a0<strong>site key<\/strong>\u00a0ja\u00a0<strong>secret key<\/strong> niille varattuihin kenttiin.<br>4. Klikkaa <strong>Vahvista Captcha<\/strong> (Verify Captcha)\u00a0vahvistaaksesi, ettet ole robotti.<br>5. Tallenna lopuksi klikkaamalla\u00a0<strong>Tallenna muutokset<\/strong> (Save changes)<strong> <\/strong>-painiketta.<\/p>\n\n\n\n<figure class=\"wp-block-image size-large\"><img loading=\"lazy\" decoding=\"async\" width=\"1024\" height=\"689\" src=\"https:\/\/www.zoner.fi\/tuki\/wp-content\/uploads\/2025\/05\/reCaptchav3-4-1024x689.png\" alt=\"\" class=\"wp-image-136186\" srcset=\"https:\/\/www.zoner.fi\/tuki\/wp-content\/uploads\/2025\/05\/reCaptchav3-4-1024x689.png 1024w, https:\/\/www.zoner.fi\/tuki\/wp-content\/uploads\/2025\/05\/reCaptchav3-4-300x202.png 300w, https:\/\/www.zoner.fi\/tuki\/wp-content\/uploads\/2025\/05\/reCaptchav3-4-768x517.png 768w, https:\/\/www.zoner.fi\/tuki\/wp-content\/uploads\/2025\/05\/reCaptchav3-4.png 1443w\" sizes=\"auto, (max-width: 1024px) 100vw, 1024px\" \/><\/figure>\n\n\n\n<p>6. Avaa\u00a0<strong>Where to show<\/strong>\u00a0-v\u00e4lilehti ja varmista, ett\u00e4\u00a0<strong>kommenttilomake<\/strong> (Comment form)\u00a0on aktivoitu.<\/p>\n\n\n\n<p><strong>Huomaa:<\/strong>\u00a0Oletusarvoisesti reCAPTCHA on k\u00e4yt\u00f6ss\u00e4 seuraavissa tilanteissa: kirjautuminen, rekister\u00f6inti, salasanan palautus ja kommenttien l\u00e4hett\u00e4minen. &#8221;Where to show&#8221; -v\u00e4lilehdell\u00e4 voit valita, miss\u00e4 tilanteissa reCaptcha-vahvistusta vaaditaan.<\/p>\n\n\n\n<p>7. Klikkaa <strong>Tallenna muutokset<\/strong>\u00a0-painiketta, jos teit muutoksia.<\/p>\n\n\n\n<figure class=\"wp-block-image size-large\"><img loading=\"lazy\" decoding=\"async\" width=\"1024\" height=\"693\" src=\"https:\/\/www.zoner.fi\/tuki\/wp-content\/uploads\/2025\/05\/reCaptchav3-5-1024x693.png\" alt=\"\" class=\"wp-image-136187\" srcset=\"https:\/\/www.zoner.fi\/tuki\/wp-content\/uploads\/2025\/05\/reCaptchav3-5-1024x693.png 1024w, https:\/\/www.zoner.fi\/tuki\/wp-content\/uploads\/2025\/05\/reCaptchav3-5-300x203.png 300w, https:\/\/www.zoner.fi\/tuki\/wp-content\/uploads\/2025\/05\/reCaptchav3-5-768x520.png 768w, https:\/\/www.zoner.fi\/tuki\/wp-content\/uploads\/2025\/05\/reCaptchav3-5.png 1143w\" sizes=\"auto, (max-width: 1024px) 100vw, 1024px\" \/><\/figure>\n\n\n\n<h2 class=\"wp-block-heading\" id=\"4\">4. Testaa, toimiiko reCAPTCHA<\/h2>\n\n\n\n<p>Google reCAPTCHA on nyt k\u00e4yt\u00f6ss\u00e4 WordPress-kommenttilomakkeessasi. Voit testata sit\u00e4 n\u00e4in:<\/p>\n\n\n\n<p><strong>Kirjaudu ulos WordPressist\u00e4 tai avaa sivustosi incognito-ikkunassa<\/strong>.\u00a0Siirry sitten blogiartikkelin kommenttiosioon. Jos asensit reCAPTCHA v3:n, n\u00e4et pienen kuvakkeen sivun oikeassa alakulmassa (ks. alla oleva kuvakaappaus). reCAPTCHA pisteytt\u00e4\u00e4 nyt k\u00e4ytt\u00e4j\u00e4t sen perusteella, miten he vuorovaikuttavat sivustosi kanssa, ja vaatii vahvistusta vain niilt\u00e4, jotka saavat heikot pisteet.<\/p>\n\n\n\n<figure class=\"wp-block-image\"><img decoding=\"async\" src=\"https:\/\/help.one.com\/hc\/article_attachments\/33565504411665\" alt=\"Kuvakaappaus WordPress-sivuston kommenttilomakkeesta ja reCAPTCHA-ilmoituksesta.\"\/><\/figure>\n\n\n\n<h2 class=\"wp-block-heading\" id=\"5\">Vinkkej\u00e4 roskapostin torjumiseen<\/h2>\n\n\n\n<p>reCAPTCHAn lis\u00e4ksi roskapostia voi torjua muillakin toimenpiteill\u00e4:<\/p>\n\n\n\n<ul class=\"wp-block-list\">\n<li>Ota kommenttien arviointi k\u00e4ytt\u00f6\u00f6n, niin voit\u00a0hyv\u00e4ksy\u00e4 kommentit itse ennen kuin ne n\u00e4kyv\u00e4t sivustollasi.<\/li>\n\n\n\n<li><a href=\"https:\/\/www.zoner.fi\/wordpress\/akismet\/\">Akismet-lis\u00e4osalla<\/a>\u00a0voit suodattaa roskapostikommentteja automaattisesti.<\/li>\n\n\n\n<li>Premium-tietoturvalis\u00e4osilla (esim.\u00a0<a href=\"https:\/\/wordpress.org\/plugins\/sucuri-scanner\/\" target=\"_blank\" rel=\"noopener\">Sucuri<\/a>) voit est\u00e4\u00e4 sivustollesi saapuvia ep\u00e4ilytt\u00e4vi\u00e4 pyynt\u00f6j\u00e4.<\/li>\n\n\n\n<li><a href=\"https:\/\/wordpress.org\/plugins\/antispam-bee\/\" target=\"_blank\" rel=\"noopener\">Antispam Bee<\/a>-lis\u00e4osalla voit m\u00e4\u00e4ritt\u00e4\u00e4 s\u00e4\u00e4nt\u00f6j\u00e4 roskapostin havaitsemiseen.<\/li>\n<\/ul>\n","protected":false},"excerpt":{"rendered":"<p>Saatko paljon roskapostikommentteja WordPress-sivustollesi? Google reCAPTCHAn avulla voit torjua niit\u00e4. Google reCAPTCHA v3 pisteytt\u00e4\u00e4 k\u00e4vij\u00e4t sen perusteella, miten he k\u00e4ytt\u00e4v\u00e4t sivustoasi. Se n\u00e4ytt\u00e4\u00e4 kuvahaasteita vain heikot pisteet saaneille k\u00e4ytt\u00e4jille varmistaakseen, etteiv\u00e4t he ole botteja. Lue alta, miten voit lis\u00e4t\u00e4 Google reCAPTCHA:n WordPress-kommenttilomakkeeseen. 1. Asenna Advanced Google reCAPTCHA -lis\u00e4osa2. Rekister\u00f6i sivustosi ja kopioi reCAPTCHA-API-avaimet3. Lis\u00e4\u00e4 reCAPTCHA &#8230; <a title=\"Kuinka lis\u00e4\u00e4n reCAPTCHAn WordPress-kommenttilomakkeeseen?\" class=\"read-more\" href=\"https:\/\/www.zoner.fi\/tuki\/wordpress\/kuinka-lisaan-recaptchan-wordpress-kommenttilomakkeeseen\/\" aria-label=\"Lue lis\u00e4\u00e4 aiheesta Kuinka lis\u00e4\u00e4n reCAPTCHAn WordPress-kommenttilomakkeeseen?\">Lue lis\u00e4\u00e4<\/a><\/p>\n","protected":false},"author":18,"featured_media":0,"parent":740,"menu_order":0,"comment_status":"closed","ping_status":"closed","template":"","meta":{"_relevanssi_hide_post":"","_relevanssi_hide_content":"","_relevanssi_pin_for_all":"","_relevanssi_pin_keywords":"","_relevanssi_unpin_keywords":"","_relevanssi_related_keywords":"","_relevanssi_related_include_ids":"","_relevanssi_related_exclude_ids":"","_relevanssi_related_no_append":"","_relevanssi_related_not_related":"","_relevanssi_related_posts":"135111,136034,135221,131888,132826,130397","_relevanssi_noindex_reason":"","footnotes":""},"categories":[72],"tags":[112],"wf_page_folders":[],"class_list":{"0":"post-136182","1":"page","2":"type-page","3":"status-publish","5":"category-wordpress","6":"tag-hyodyllisia-wordpress-lisaosia"},"_links":{"self":[{"href":"https:\/\/www.zoner.fi\/tuki\/wp-json\/wp\/v2\/pages\/136182","targetHints":{"allow":["GET"]}}],"collection":[{"href":"https:\/\/www.zoner.fi\/tuki\/wp-json\/wp\/v2\/pages"}],"about":[{"href":"https:\/\/www.zoner.fi\/tuki\/wp-json\/wp\/v2\/types\/page"}],"author":[{"embeddable":true,"href":"https:\/\/www.zoner.fi\/tuki\/wp-json\/wp\/v2\/users\/18"}],"replies":[{"embeddable":true,"href":"https:\/\/www.zoner.fi\/tuki\/wp-json\/wp\/v2\/comments?post=136182"}],"version-history":[{"count":4,"href":"https:\/\/www.zoner.fi\/tuki\/wp-json\/wp\/v2\/pages\/136182\/revisions"}],"predecessor-version":[{"id":136192,"href":"https:\/\/www.zoner.fi\/tuki\/wp-json\/wp\/v2\/pages\/136182\/revisions\/136192"}],"up":[{"embeddable":true,"href":"https:\/\/www.zoner.fi\/tuki\/wp-json\/wp\/v2\/pages\/740"}],"wp:attachment":[{"href":"https:\/\/www.zoner.fi\/tuki\/wp-json\/wp\/v2\/media?parent=136182"}],"wp:term":[{"taxonomy":"category","embeddable":true,"href":"https:\/\/www.zoner.fi\/tuki\/wp-json\/wp\/v2\/categories?post=136182"},{"taxonomy":"post_tag","embeddable":true,"href":"https:\/\/www.zoner.fi\/tuki\/wp-json\/wp\/v2\/tags?post=136182"},{"taxonomy":"wf_page_folders","embeddable":true,"href":"https:\/\/www.zoner.fi\/tuki\/wp-json\/wp\/v2\/wf_page_folders?post=136182"}],"curies":[{"name":"wp","href":"https:\/\/api.w.org\/{rel}","templated":true}]}}