{"id":136214,"date":"2025-06-03T11:50:53","date_gmt":"2025-06-03T08:50:53","guid":{"rendered":"https:\/\/www.zoner.fi\/tuki\/?page_id=136214"},"modified":"2025-11-12T15:30:30","modified_gmt":"2025-11-12T13:30:30","slug":"webmail-viestien-avaaminen-uudessa-ikkunassa","status":"publish","type":"page","link":"https:\/\/www.zoner.fi\/tuki\/sahkopostiohjeet\/directadmin\/webmail-viestien-avaaminen-uudessa-ikkunassa\/","title":{"rendered":"Webmail &#8211; Viestien avaaminen uudessa ikkunassa"},"content":{"rendered":"\n<p>Webmailin asetuksissa voit valita, avautuvatko viestit kaksoisklikattaessa samassa vai uudessa ikkunassa.<\/p>\n\n\n\n<p>N\u00e4in saat viestit avautumaan uudessa ikkunassa:<\/p>\n\n\n\n<p>1. Kirjaudu Webmailiin. <strong>Ohje<\/strong>: <a href=\"https:\/\/www.zoner.fi\/tuki\/sahkopostiohjeet\/directadmin\/mista-kirjaudun-webmailiin\/\">Mist\u00e4 kirjaudun Webmailiin?<\/a><\/p>\n\n\n\n<p>2. Klikkaa vasemmassa valikossa <strong>Asetukset <\/strong>-&gt; <strong>Viestien n\u00e4ytt\u00e4minen<\/strong>. Aktivoi liukupainike kohdassa &#8221;Avaa viesti uudessa ikkunassa&#8221; ja klikkaa <strong>Tallenna<\/strong>.<\/p>\n\n\n\n<figure class=\"wp-block-image size-large\"><img loading=\"lazy\" decoding=\"async\" width=\"1024\" height=\"608\" src=\"https:\/\/www.zoner.fi\/tuki\/wp-content\/uploads\/2025\/06\/webmail-asetukset-viestit-1024x608.png\" alt=\"\" class=\"wp-image-136215\" srcset=\"https:\/\/www.zoner.fi\/tuki\/wp-content\/uploads\/2025\/06\/webmail-asetukset-viestit-1024x608.png 1024w, https:\/\/www.zoner.fi\/tuki\/wp-content\/uploads\/2025\/06\/webmail-asetukset-viestit-300x178.png 300w, https:\/\/www.zoner.fi\/tuki\/wp-content\/uploads\/2025\/06\/webmail-asetukset-viestit-768x456.png 768w, https:\/\/www.zoner.fi\/tuki\/wp-content\/uploads\/2025\/06\/webmail-asetukset-viestit-1536x912.png 1536w, https:\/\/www.zoner.fi\/tuki\/wp-content\/uploads\/2025\/06\/webmail-asetukset-viestit.png 1950w\" sizes=\"auto, (max-width: 1024px) 100vw, 1024px\" \/><\/figure>\n\n\n\n<p>3. Jatkossa viestit avautuvat uudessa ikkunassa, kun kaksoisklikkaat niit\u00e4.<\/p>\n","protected":false},"excerpt":{"rendered":"<p>Webmailin asetuksissa voit valita, avautuvatko viestit kaksoisklikattaessa samassa vai uudessa ikkunassa. N\u00e4in saat viestit avautumaan uudessa ikkunassa: 1. Kirjaudu Webmailiin. Ohje: Mist\u00e4 kirjaudun Webmailiin? 2. Klikkaa vasemmassa valikossa Asetukset -&gt; Viestien n\u00e4ytt\u00e4minen. Aktivoi liukupainike kohdassa &#8221;Avaa viesti uudessa ikkunassa&#8221; ja klikkaa Tallenna. 3. Jatkossa viestit avautuvat uudessa ikkunassa, kun kaksoisklikkaat niit\u00e4.<\/p>\n","protected":false},"author":18,"featured_media":0,"parent":137084,"menu_order":0,"comment_status":"closed","ping_status":"closed","template":"","meta":{"_relevanssi_hide_post":"","_relevanssi_hide_content":"","_relevanssi_pin_for_all":"","_relevanssi_pin_keywords":"","_relevanssi_unpin_keywords":"","_relevanssi_related_keywords":"","_relevanssi_related_include_ids":"","_relevanssi_related_exclude_ids":"","_relevanssi_related_no_append":"","_relevanssi_related_not_related":"","_relevanssi_related_posts":"135710,136107,130899,134877,130819,130578","_relevanssi_noindex_reason":"","footnotes":""},"categories":[213,195,193,194,196],"tags":[216],"wf_page_folders":[],"class_list":{"0":"post-136214","1":"page","2":"type-page","3":"status-publish","5":"category-cpanel-webhotelli-fi-sahkoposti","6":"category-cpanel-wepardi-sahkoposti","7":"category-directadmin-sahkoposti","8":"category-zoner-home","9":"category-zoner-sahkoposti","10":"tag-webmail"},"_links":{"self":[{"href":"https:\/\/www.zoner.fi\/tuki\/wp-json\/wp\/v2\/pages\/136214","targetHints":{"allow":["GET"]}}],"collection":[{"href":"https:\/\/www.zoner.fi\/tuki\/wp-json\/wp\/v2\/pages"}],"about":[{"href":"https:\/\/www.zoner.fi\/tuki\/wp-json\/wp\/v2\/types\/page"}],"author":[{"embeddable":true,"href":"https:\/\/www.zoner.fi\/tuki\/wp-json\/wp\/v2\/users\/18"}],"replies":[{"embeddable":true,"href":"https:\/\/www.zoner.fi\/tuki\/wp-json\/wp\/v2\/comments?post=136214"}],"version-history":[{"count":6,"href":"https:\/\/www.zoner.fi\/tuki\/wp-json\/wp\/v2\/pages\/136214\/revisions"}],"predecessor-version":[{"id":138049,"href":"https:\/\/www.zoner.fi\/tuki\/wp-json\/wp\/v2\/pages\/136214\/revisions\/138049"}],"up":[{"embeddable":true,"href":"https:\/\/www.zoner.fi\/tuki\/wp-json\/wp\/v2\/pages\/137084"}],"wp:attachment":[{"href":"https:\/\/www.zoner.fi\/tuki\/wp-json\/wp\/v2\/media?parent=136214"}],"wp:term":[{"taxonomy":"category","embeddable":true,"href":"https:\/\/www.zoner.fi\/tuki\/wp-json\/wp\/v2\/categories?post=136214"},{"taxonomy":"post_tag","embeddable":true,"href":"https:\/\/www.zoner.fi\/tuki\/wp-json\/wp\/v2\/tags?post=136214"},{"taxonomy":"wf_page_folders","embeddable":true,"href":"https:\/\/www.zoner.fi\/tuki\/wp-json\/wp\/v2\/wf_page_folders?post=136214"}],"curies":[{"name":"wp","href":"https:\/\/api.w.org\/{rel}","templated":true}]}}