{"id":136222,"date":"2025-06-03T13:40:12","date_gmt":"2025-06-03T10:40:12","guid":{"rendered":"https:\/\/www.zoner.fi\/tuki\/?page_id=136222"},"modified":"2025-11-12T15:30:07","modified_gmt":"2025-11-12T13:30:07","slug":"webmail-suodata-lukemattomat-viestit","status":"publish","type":"page","link":"https:\/\/www.zoner.fi\/tuki\/sahkopostiohjeet\/directadmin\/webmail-suodata-lukemattomat-viestit\/","title":{"rendered":"Webmail &#8211; Suodata lukemattomat viestit"},"content":{"rendered":"\n<p>Webmailissa voit helposti suodattaa ne viestit, joita et ole viel\u00e4 lukenut.<\/p>\n\n\n\n<p>1. Kirjaudu Webmailiin. <strong>Ohje<\/strong>: <a href=\"https:\/\/www.zoner.fi\/tuki\/sahkopostiohjeet\/directadmin\/mista-kirjaudun-webmailiin\/\">Mist\u00e4 kirjaudun Webmailiin?<\/a><\/p>\n\n\n\n<p>2. Suodata lukemattomat viestit klikkaamalla <strong>kirjekuori<\/strong>-kuvaketta<strong> <\/strong>viestien yl\u00e4puolella.<\/p>\n\n\n\n<figure class=\"wp-block-image size-large\"><img loading=\"lazy\" decoding=\"async\" width=\"1024\" height=\"665\" src=\"https:\/\/www.zoner.fi\/tuki\/wp-content\/uploads\/2025\/06\/webmail-suodatus-1024x665.png\" alt=\"Kuvakaappaus Webmailista\" class=\"wp-image-136227\" srcset=\"https:\/\/www.zoner.fi\/tuki\/wp-content\/uploads\/2025\/06\/webmail-suodatus-1024x665.png 1024w, https:\/\/www.zoner.fi\/tuki\/wp-content\/uploads\/2025\/06\/webmail-suodatus-300x195.png 300w, https:\/\/www.zoner.fi\/tuki\/wp-content\/uploads\/2025\/06\/webmail-suodatus-768x498.png 768w, https:\/\/www.zoner.fi\/tuki\/wp-content\/uploads\/2025\/06\/webmail-suodatus-1536x997.png 1536w, https:\/\/www.zoner.fi\/tuki\/wp-content\/uploads\/2025\/06\/webmail-suodatus.png 1735w\" sizes=\"auto, (max-width: 1024px) 100vw, 1024px\" \/><\/figure>\n","protected":false},"excerpt":{"rendered":"<p>Webmailissa voit helposti suodattaa ne viestit, joita et ole viel\u00e4 lukenut. 1. Kirjaudu Webmailiin. Ohje: Mist\u00e4 kirjaudun Webmailiin? 2. Suodata lukemattomat viestit klikkaamalla kirjekuori-kuvaketta viestien yl\u00e4puolella.<\/p>\n","protected":false},"author":18,"featured_media":0,"parent":137084,"menu_order":0,"comment_status":"closed","ping_status":"closed","template":"","meta":{"_relevanssi_hide_post":"","_relevanssi_hide_content":"","_relevanssi_pin_for_all":"","_relevanssi_pin_keywords":"","_relevanssi_unpin_keywords":"","_relevanssi_related_keywords":"","_relevanssi_related_include_ids":"","_relevanssi_related_exclude_ids":"","_relevanssi_related_no_append":"","_relevanssi_related_not_related":"","_relevanssi_related_posts":"135710,136107,130899,134877,130819,130578","_relevanssi_noindex_reason":"","footnotes":""},"categories":[213,195,193,194,196],"tags":[216],"wf_page_folders":[],"class_list":{"0":"post-136222","1":"page","2":"type-page","3":"status-publish","5":"category-cpanel-webhotelli-fi-sahkoposti","6":"category-cpanel-wepardi-sahkoposti","7":"category-directadmin-sahkoposti","8":"category-zoner-home","9":"category-zoner-sahkoposti","10":"tag-webmail"},"_links":{"self":[{"href":"https:\/\/www.zoner.fi\/tuki\/wp-json\/wp\/v2\/pages\/136222","targetHints":{"allow":["GET"]}}],"collection":[{"href":"https:\/\/www.zoner.fi\/tuki\/wp-json\/wp\/v2\/pages"}],"about":[{"href":"https:\/\/www.zoner.fi\/tuki\/wp-json\/wp\/v2\/types\/page"}],"author":[{"embeddable":true,"href":"https:\/\/www.zoner.fi\/tuki\/wp-json\/wp\/v2\/users\/18"}],"replies":[{"embeddable":true,"href":"https:\/\/www.zoner.fi\/tuki\/wp-json\/wp\/v2\/comments?post=136222"}],"version-history":[{"count":4,"href":"https:\/\/www.zoner.fi\/tuki\/wp-json\/wp\/v2\/pages\/136222\/revisions"}],"predecessor-version":[{"id":138048,"href":"https:\/\/www.zoner.fi\/tuki\/wp-json\/wp\/v2\/pages\/136222\/revisions\/138048"}],"up":[{"embeddable":true,"href":"https:\/\/www.zoner.fi\/tuki\/wp-json\/wp\/v2\/pages\/137084"}],"wp:attachment":[{"href":"https:\/\/www.zoner.fi\/tuki\/wp-json\/wp\/v2\/media?parent=136222"}],"wp:term":[{"taxonomy":"category","embeddable":true,"href":"https:\/\/www.zoner.fi\/tuki\/wp-json\/wp\/v2\/categories?post=136222"},{"taxonomy":"post_tag","embeddable":true,"href":"https:\/\/www.zoner.fi\/tuki\/wp-json\/wp\/v2\/tags?post=136222"},{"taxonomy":"wf_page_folders","embeddable":true,"href":"https:\/\/www.zoner.fi\/tuki\/wp-json\/wp\/v2\/wf_page_folders?post=136222"}],"curies":[{"name":"wp","href":"https:\/\/api.w.org\/{rel}","templated":true}]}}