{"id":136236,"date":"2025-06-04T13:31:11","date_gmt":"2025-06-04T10:31:11","guid":{"rendered":"https:\/\/www.zoner.fi\/tuki\/?page_id=136236"},"modified":"2026-03-04T08:51:21","modified_gmt":"2026-03-04T06:51:21","slug":"miten-lisaan-dmarc-tietueen-zoner-homessa","status":"publish","type":"page","link":"https:\/\/www.zoner.fi\/tuki\/sahkopostiohjeet\/zoner-home\/miten-lisaan-dmarc-tietueen-zoner-homessa\/","title":{"rendered":"Miten lis\u00e4\u00e4n DMARC-tietueen Zoner Homessa?"},"content":{"rendered":"\n<p>Voit lis\u00e4t\u00e4 DMARC-tietueen verkkotunnuksellesi helposti Zoner Home -hallintapaneelissa.<\/p>\n\n\n\n<p>DMARC-tietue parantaa verkkotunnuksesi luotettavuutta s\u00e4hk\u00f6postipalveluntarjoajien silmiss\u00e4, jolloin siit\u00e4 l\u00e4hetetyt s\u00e4hk\u00f6postit merkit\u00e4\u00e4n v\u00e4hemm\u00e4n todenn\u00e4k\u00f6isesti roskapostiksi.<\/p>\n\n\n\n<p><strong>Huom! T\u00e4m\u00e4 ohje koskee vain Zoner Home -webhotelleja.<\/strong><\/p>\n\n\n\n<ul class=\"wp-block-list\">\n<li><a href=\"#1\">Miten lis\u00e4\u00e4n DMARC-tietueen?<\/a><\/li>\n\n\n\n<li><a href=\"#2\">Mik\u00e4 on DMARC?<\/a><\/li>\n\n\n\n<li><a href=\"#3\">Mit\u00e4 hy\u00f6ty\u00e4 DMARC-tietueesta on?<\/a><\/li>\n\n\n\n<li><a href=\"#4\">DMARC-k\u00e4yt\u00e4nn\u00f6t<\/a><\/li>\n\n\n\n<li><a href=\"#5\">DMARC-s\u00e4hk\u00f6postiraportit<\/a><\/li>\n<\/ul>\n\n\n\n<h2 class=\"wp-block-heading\" id=\"1\">Miten lis\u00e4\u00e4n DMARC-tietueen?<\/h2>\n\n\n\n<ol class=\"wp-block-list\">\n<li>Kirjaudu Zoner Home -hallintapaneeliin osoitteessa <a href=\"https:\/\/home.zoner.fi\/\" target=\"_blank\" rel=\"noreferrer noopener\">https:\/\/home.zoner.fi<\/a><br>Ohje: <a href=\"https:\/\/www.zoner.fi\/tuki\/zoner-home\/miten-kirjaudun-zoner-home-hallintapaneeliin\/\">Miten kirjaudun Zoner Home -hallintapaneeliin?<\/a><\/li>\n\n\n\n<li>Klikkaa yl\u00e4reunan valikossa <strong>Omat tuotteet<\/strong>.<\/li>\n\n\n\n<li>Vierit\u00e4 Omat tuotteet -sivulla alas kohtaan Verkkotunnukset. Klikkaa kolmea pistett\u00e4 sen verkkotunnuksen oikeassa reunassa, jolle haluat lis\u00e4t\u00e4 DMARC-tietueen, ja valitse avautuneesta valikosta <strong>Hallitse verkkotunnusta<\/strong>.<\/li>\n<\/ol>\n\n\n\n<figure class=\"wp-block-image size-large\"><img loading=\"lazy\" decoding=\"async\" width=\"1024\" height=\"718\" src=\"https:\/\/www.zoner.fi\/tuki\/wp-content\/uploads\/2025\/04\/zoner-home-hallitse-verkkotunnusta-1024x718.png\" alt=\"Kuvakaappaus Zoner Homesta\" class=\"wp-image-135820\" srcset=\"https:\/\/www.zoner.fi\/tuki\/wp-content\/uploads\/2025\/04\/zoner-home-hallitse-verkkotunnusta-1024x718.png 1024w, https:\/\/www.zoner.fi\/tuki\/wp-content\/uploads\/2025\/04\/zoner-home-hallitse-verkkotunnusta-300x210.png 300w, https:\/\/www.zoner.fi\/tuki\/wp-content\/uploads\/2025\/04\/zoner-home-hallitse-verkkotunnusta-768x539.png 768w, https:\/\/www.zoner.fi\/tuki\/wp-content\/uploads\/2025\/04\/zoner-home-hallitse-verkkotunnusta-1536x1077.png 1536w, https:\/\/www.zoner.fi\/tuki\/wp-content\/uploads\/2025\/04\/zoner-home-hallitse-verkkotunnusta.png 1620w\" sizes=\"auto, (max-width: 1024px) 100vw, 1024px\" \/><\/figure>\n\n\n\n<p>4. Klikkaa vasempaan valikkoon ilmestynytt\u00e4 <strong>DNS<\/strong>-kohtaa ja sitten <strong>Uusi tietue <\/strong>-painiketta.<\/p>\n\n\n\n<figure class=\"wp-block-image size-large\"><img loading=\"lazy\" decoding=\"async\" width=\"1024\" height=\"718\" src=\"https:\/\/www.zoner.fi\/tuki\/wp-content\/uploads\/2025\/04\/zoner-home-hallitse-verkkotunnusta-2-1024x718.png\" alt=\"Kuvakaappaus Zoner Homesta\" class=\"wp-image-135821\" srcset=\"https:\/\/www.zoner.fi\/tuki\/wp-content\/uploads\/2025\/04\/zoner-home-hallitse-verkkotunnusta-2-1024x718.png 1024w, https:\/\/www.zoner.fi\/tuki\/wp-content\/uploads\/2025\/04\/zoner-home-hallitse-verkkotunnusta-2-300x210.png 300w, https:\/\/www.zoner.fi\/tuki\/wp-content\/uploads\/2025\/04\/zoner-home-hallitse-verkkotunnusta-2-768x539.png 768w, https:\/\/www.zoner.fi\/tuki\/wp-content\/uploads\/2025\/04\/zoner-home-hallitse-verkkotunnusta-2-1536x1077.png 1536w, https:\/\/www.zoner.fi\/tuki\/wp-content\/uploads\/2025\/04\/zoner-home-hallitse-verkkotunnusta-2.png 1620w\" sizes=\"auto, (max-width: 1024px) 100vw, 1024px\" \/><\/figure>\n\n\n\n<p>5. Anna tietueelle seuraavat tiedot ja klikkaa sitten <strong>Lis\u00e4\u00e4<\/strong>:<\/p>\n\n\n\n<ul class=\"wp-block-list\">\n<li><strong>Tyyppi<\/strong>: TXT<\/li>\n\n\n\n<li><strong>Nimi<\/strong>: _dmarc<\/li>\n\n\n\n<li><strong>TTL<\/strong>: 600 (oletuksena valmiiksi)<\/li>\n\n\n\n<li><strong>Teksti<\/strong>:<\/li>\n<\/ul>\n\n\n\n<pre class=\"wp-block-preformatted\">v=DMARC1; p=none;<\/pre>\n\n\n\n<p>Suosittelemme lis\u00e4\u00e4m\u00e4\u00e4n DMARC-tietueen t\u00e4ll\u00e4 tavalla, sill\u00e4 t\u00e4llainen DMARC-tietue auttaa verkkotunnuksestasi l\u00e4hetettyj\u00e4 s\u00e4hk\u00f6posteja saapumaan perille sen sijaan, ett\u00e4 ne tulisivat merkityksi roskapostiksi.<\/p>\n\n\n\n<p>6. <strong>Muista lis\u00e4t\u00e4 my\u00f6s SPF-tietue<\/strong>, sill\u00e4 DMARC-tietueesta ei muuten ole hy\u00f6ty\u00e4. Ohje: <a href=\"https:\/\/www.zoner.fi\/tuki\/zoner-home\/miten-lisaan-spf-tietueen-zoner-homessa\/\">Miten lis\u00e4\u00e4n SPF-tietueen Zoner Homessa?<\/a><\/p>\n\n\n\n<p>DMARC-tietueelle voi tehd\u00e4 my\u00f6s muita m\u00e4\u00e4rityksi\u00e4. Alta voit lukea lis\u00e4\u00e4 eri m\u00e4\u00e4rityksist\u00e4 ja siit\u00e4, miten DMARC toimii.<\/p>\n\n\n\n<figure class=\"wp-block-image size-large\"><img loading=\"lazy\" decoding=\"async\" width=\"1024\" height=\"703\" src=\"https:\/\/www.zoner.fi\/tuki\/wp-content\/uploads\/2025\/06\/zoner-home-dns-dmarc-1024x703.png\" alt=\"Kuvakaappaus Zoner Homesta\" class=\"wp-image-136237\" srcset=\"https:\/\/www.zoner.fi\/tuki\/wp-content\/uploads\/2025\/06\/zoner-home-dns-dmarc-1024x703.png 1024w, https:\/\/www.zoner.fi\/tuki\/wp-content\/uploads\/2025\/06\/zoner-home-dns-dmarc-300x206.png 300w, https:\/\/www.zoner.fi\/tuki\/wp-content\/uploads\/2025\/06\/zoner-home-dns-dmarc-768x528.png 768w, https:\/\/www.zoner.fi\/tuki\/wp-content\/uploads\/2025\/06\/zoner-home-dns-dmarc-1536x1055.png 1536w, https:\/\/www.zoner.fi\/tuki\/wp-content\/uploads\/2025\/06\/zoner-home-dns-dmarc.png 1642w\" sizes=\"auto, (max-width: 1024px) 100vw, 1024px\" \/><\/figure>\n\n\n\n<h2 class=\"wp-block-heading\" id=\"2\">Mik\u00e4 on DMARC?<\/h2>\n\n\n\n<p>DMARC on s\u00e4hk\u00f6postitietue, joka yhdess\u00e4 <a href=\"https:\/\/www.zoner.fi\/tuki\/zoner-home\/miten-lisaan-spf-tietueen-zoner-homessa\/\">SPF<\/a>&#8211; ja DKIM-tietueiden kanssa est\u00e4\u00e4 s\u00e4hk\u00f6postihuijauksia ja parantaa verkkotunnuksesi luotettavuutta, jolloin roskapostisuodattimet merkitsev\u00e4t verkkotunnuksestasi l\u00e4hetetyt viestit v\u00e4hemm\u00e4n todenn\u00e4k\u00f6isesti roskapostiksi. Yhdess\u00e4 tietueet toimivat n\u00e4in:<\/p>\n\n\n\n<ol class=\"wp-block-list\">\n<li><strong>SPF<\/strong> tarkistaa, onko s\u00e4hk\u00f6posti l\u00e4hetetty hyv\u00e4ksytyill\u00e4 palvelimilla.<\/li>\n\n\n\n<li><strong>DKIM<\/strong> lis\u00e4\u00e4 s\u00e4hk\u00f6postiin digitaalisen allekirjoituksen, jonka avulla vastaanottava s\u00e4hk\u00f6postipalvelin voi vahvistaa s\u00e4hk\u00f6postin. DKIM on oletuksena k\u00e4yt\u00f6ss\u00e4 Zonerin nimipalvelimilla Zoner Home -webhotelleissa, eik\u00e4 sit\u00e4 tarvitse itse m\u00e4\u00e4ritt\u00e4\u00e4.<\/li>\n\n\n\n<li><strong>DMARC<\/strong> m\u00e4\u00e4ritt\u00e4\u00e4, mit\u00e4 tehd\u00e4\u00e4n sellaisille s\u00e4hk\u00f6posteille, jotka eiv\u00e4t l\u00e4p\u00e4ise SPF- tai DKIM-tarkistuksia.<\/li>\n<\/ol>\n\n\n\n<p>DMARC-tietueesta on hy\u00f6ty\u00e4 vain, jos sek\u00e4 DKIM- ett\u00e4 SPF-tietueet ovat k\u00e4yt\u00f6ss\u00e4 verkkotunnuksessasi.<\/p>\n\n\n\n<h2 class=\"wp-block-heading\" id=\"3\">Mit\u00e4 hy\u00f6ty\u00e4 DMARC-tietueesta on?<\/h2>\n\n\n\n<p>DMARC voi est\u00e4\u00e4 huijareita l\u00e4hett\u00e4m\u00e4st\u00e4 kalasteluviestej\u00e4 oman verkkotunnuksesi nimiss\u00e4.<\/p>\n\n\n\n<p>Lis\u00e4ksi DMARC yhdess\u00e4 SPF:n ja DKIM:n kanssa lis\u00e4\u00e4 luotettavuuttasi s\u00e4hk\u00f6postipalveluntarjoajien silmiss\u00e4, jolloin l\u00e4hett\u00e4m\u00e4si viestit p\u00e4\u00e4sev\u00e4t todenn\u00e4k\u00f6isemmin perille sen sijaan, ett\u00e4 ne joutuisivat roskapostilaatikkoon.<\/p>\n\n\n\n<p><strong>DMARC vaikuttaa vain viestien l\u00e4hett\u00e4miseen.<\/strong> Se ei siis torju roskapostia, jota saat omaan postilaatikkoosi.<\/p>\n\n\n\n<h2 class=\"wp-block-heading\" id=\"4\">DMARC-m\u00e4\u00e4ritykset<\/h2>\n\n\n\n<p>DMARC-tietueen p-arvo m\u00e4\u00e4ritt\u00e4\u00e4, mit\u00e4 tapahtuu niille s\u00e4hk\u00f6posteille, jotka eiv\u00e4t l\u00e4p\u00e4ise DMARC-tarkistusta. Kolme vaihtoehtoa ovat n\u00e4m\u00e4:<\/p>\n\n\n\n<ul class=\"wp-block-list\">\n<li><strong>none:<\/strong> ei toimenpiteit\u00e4 &#8211; s\u00e4hk\u00f6postit toimitetaan perille tavalliseen tapaan.<\/li>\n\n\n\n<li><strong>quarantine:<\/strong> viestit, jotka eiv\u00e4t l\u00e4p\u00e4ise DMARC-tarkistusta, siirret\u00e4\u00e4n roskapostikansioon tai vastaavaan.<\/li>\n\n\n\n<li><strong>reject:<\/strong> jos viestit eiv\u00e4t l\u00e4p\u00e4ise DMARC-tarkistusta, niit\u00e4 ei toimiteta ollenkaan.<\/li>\n<\/ul>\n\n\n\n<p>Suosittelemme k\u00e4ytt\u00e4m\u00e4\u00e4n <strong>none<\/strong>-m\u00e4\u00e4rityst\u00e4, sill\u00e4 se on helpon vaihtoehto. T\u00e4ll\u00f6in s\u00e4hk\u00f6postipalveluntarjoajien roskapostisuodattimet pit\u00e4v\u00e4t verkkotunnustasi luotettavampana, koska sill\u00e4 on DMARC-tietue, mink\u00e4 lis\u00e4ksi itse l\u00e4hett\u00e4m\u00e4si viestit eiv\u00e4t ole vaarassa joutua hyl\u00e4tyksi DMARC-tarkistuksessa.<\/p>\n\n\n\n<p>Jos valitset quarantine- tai reject-m\u00e4\u00e4rityksen, on t\u00e4rke\u00e4mp\u00e4\u00e4 seurata, mitk\u00e4 viestit DMARC-tarkistus hylk\u00e4\u00e4. T\u00e4m\u00e4 tieto l\u00f6ytyy DMARC-raporteista.<\/p>\n\n\n\n<h2 class=\"wp-block-heading\" id=\"5\">DMARC-s\u00e4hk\u00f6postiraportit<\/h2>\n\n\n\n<p>DMARC-raportit sis\u00e4lt\u00e4v\u00e4t tietoa siit\u00e4, mit\u00e4 s\u00e4hk\u00f6posteja verkkotunnuksestasi l\u00e4hetet\u00e4\u00e4n, sek\u00e4 mit\u00e4 viestej\u00e4 DMARC-tarkistus ei ole hyv\u00e4ksynyt. Raporttien tilaus kannattaa m\u00e4\u00e4ritt\u00e4\u00e4 vain, jos tarvitset niit\u00e4, ja niiden analysointiin kannattaa k\u00e4ytt\u00e4\u00e4 sit\u00e4 varten tarkoitettua ohjelmaa, esim. Dmarcian, EasyDMARC tai DMARCLY.<\/p>\n\n\n\n<p>Saat DMARC-raportteja vain, jos lis\u00e4\u00e4t DMARC-tietueeseen s\u00e4hk\u00f6postiosoitteen niit\u00e4 varten merkinn\u00e4ll\u00e4 &#8221;rua=mailto:an-email-address; ruf=mailto:an-email-address&#8221;. T\u00e4ll\u00f6in DMARC tietueen koko teksti voisi olla esimerkiksi:<\/p>\n\n\n\n<pre class=\"wp-block-preformatted\">v=DMARC1; p=none; rua=mailto:nimi@verkkotunnus.fi; ruf=mailto:nimi@verkkotunnus.fi<\/pre>\n\n\n\n<p>Raportteja on kahta tyyppi\u00e4:<\/p>\n\n\n\n<ol class=\"wp-block-list\">\n<li>&nbsp;<strong>RUA-raportti<\/strong> l\u00e4hetet\u00e4\u00e4n p\u00e4ivitt\u00e4in, ja se sis\u00e4lt\u00e4\u00e4 yleiskatsauksen kaikista verkkotunnuksestasi l\u00e4hetetyist\u00e4 s\u00e4hk\u00f6posteista, mukaan lukien IP-osoitteet.<\/li>\n\n\n\n<li>&nbsp;<strong>RUF-raportti<\/strong> l\u00e4hetet\u00e4\u00e4n vain, jos s\u00e4hk\u00f6postiviesti ei l\u00e4p\u00e4ise DMARC-tarkistusta. Se sis\u00e4lt\u00e4\u00e4 ep\u00e4onnistuneen s\u00e4hk\u00f6postin alkuper\u00e4isen viestin ja viestin otsikon.<\/li>\n<\/ol>\n\n\n\n<h2 class=\"wp-block-heading\">Lue my\u00f6s:<\/h2>\n\n\n\n<ul class=\"wp-block-list\">\n<li><a href=\"https:\/\/www.zoner.fi\/tuki\/zoner-home\/miten-lisaan-spf-tietueen-zoner-homessa\/\">Miten lis\u00e4\u00e4n SPF-tietueen Zoner Homessa?<\/a><\/li>\n<\/ul>\n","protected":false},"excerpt":{"rendered":"<p>Voit lis\u00e4t\u00e4 DMARC-tietueen verkkotunnuksellesi helposti Zoner Home -hallintapaneelissa. DMARC-tietue parantaa verkkotunnuksesi luotettavuutta s\u00e4hk\u00f6postipalveluntarjoajien silmiss\u00e4, jolloin siit\u00e4 l\u00e4hetetyt s\u00e4hk\u00f6postit merkit\u00e4\u00e4n v\u00e4hemm\u00e4n todenn\u00e4k\u00f6isesti roskapostiksi. Huom! T\u00e4m\u00e4 ohje koskee vain Zoner Home -webhotelleja. Miten lis\u00e4\u00e4n DMARC-tietueen? 4. Klikkaa vasempaan valikkoon ilmestynytt\u00e4 DNS-kohtaa ja sitten Uusi tietue -painiketta. 5. Anna tietueelle seuraavat tiedot ja klikkaa sitten Lis\u00e4\u00e4: v=DMARC1; p=none; &#8230; <a title=\"Miten lis\u00e4\u00e4n DMARC-tietueen Zoner Homessa?\" class=\"read-more\" href=\"https:\/\/www.zoner.fi\/tuki\/sahkopostiohjeet\/zoner-home\/miten-lisaan-dmarc-tietueen-zoner-homessa\/\" aria-label=\"Lue lis\u00e4\u00e4 aiheesta Miten lis\u00e4\u00e4n DMARC-tietueen Zoner Homessa?\">Lue lis\u00e4\u00e4<\/a><\/p>\n","protected":false},"author":18,"featured_media":0,"parent":137087,"menu_order":0,"comment_status":"closed","ping_status":"closed","template":"","meta":{"_relevanssi_hide_post":"","_relevanssi_hide_content":"","_relevanssi_pin_for_all":"","_relevanssi_pin_keywords":"","_relevanssi_unpin_keywords":"","_relevanssi_related_keywords":"","_relevanssi_related_include_ids":"","_relevanssi_related_exclude_ids":"","_relevanssi_related_no_append":"","_relevanssi_related_not_related":"","_relevanssi_related_posts":"130412,130641,130273,130819,131888,130722","_relevanssi_noindex_reason":"","footnotes":""},"categories":[194,210],"tags":[207,214],"wf_page_folders":[],"class_list":{"0":"post-136236","1":"page","2":"type-page","3":"status-publish","5":"category-zoner-home","6":"category-zoner-home-verkkotunnus","7":"tag-dns","8":"tag-sahkopostin-hallinta"},"_links":{"self":[{"href":"https:\/\/www.zoner.fi\/tuki\/wp-json\/wp\/v2\/pages\/136236","targetHints":{"allow":["GET"]}}],"collection":[{"href":"https:\/\/www.zoner.fi\/tuki\/wp-json\/wp\/v2\/pages"}],"about":[{"href":"https:\/\/www.zoner.fi\/tuki\/wp-json\/wp\/v2\/types\/page"}],"author":[{"embeddable":true,"href":"https:\/\/www.zoner.fi\/tuki\/wp-json\/wp\/v2\/users\/18"}],"replies":[{"embeddable":true,"href":"https:\/\/www.zoner.fi\/tuki\/wp-json\/wp\/v2\/comments?post=136236"}],"version-history":[{"count":9,"href":"https:\/\/www.zoner.fi\/tuki\/wp-json\/wp\/v2\/pages\/136236\/revisions"}],"predecessor-version":[{"id":138615,"href":"https:\/\/www.zoner.fi\/tuki\/wp-json\/wp\/v2\/pages\/136236\/revisions\/138615"}],"up":[{"embeddable":true,"href":"https:\/\/www.zoner.fi\/tuki\/wp-json\/wp\/v2\/pages\/137087"}],"wp:attachment":[{"href":"https:\/\/www.zoner.fi\/tuki\/wp-json\/wp\/v2\/media?parent=136236"}],"wp:term":[{"taxonomy":"category","embeddable":true,"href":"https:\/\/www.zoner.fi\/tuki\/wp-json\/wp\/v2\/categories?post=136236"},{"taxonomy":"post_tag","embeddable":true,"href":"https:\/\/www.zoner.fi\/tuki\/wp-json\/wp\/v2\/tags?post=136236"},{"taxonomy":"wf_page_folders","embeddable":true,"href":"https:\/\/www.zoner.fi\/tuki\/wp-json\/wp\/v2\/wf_page_folders?post=136236"}],"curies":[{"name":"wp","href":"https:\/\/api.w.org\/{rel}","templated":true}]}}