{"id":136345,"date":"2025-06-18T15:56:10","date_gmt":"2025-06-18T12:56:10","guid":{"rendered":"https:\/\/www.zoner.fi\/tuki\/?page_id=136345"},"modified":"2025-09-17T10:54:43","modified_gmt":"2025-09-17T07:54:43","slug":"whois-tietojenvahvistus-miksi-sain-sen-ja-mita-pitaa-tehda","status":"publish","type":"page","link":"https:\/\/www.zoner.fi\/tuki\/verkkotunnus\/whois-tietojenvahvistus-miksi-sain-sen-ja-mita-pitaa-tehda\/","title":{"rendered":"WHOIS tietojenvahvistus \u2013 miksi sain sen ja mit\u00e4 pit\u00e4\u00e4 tehd\u00e4?"},"content":{"rendered":"\n<p>Jos olet tilannut verkkotunnuksen, saatat saada meilt\u00e4 englanninkielisen tietojesi vahvistusta tai verkkotunnuksen uusimista koskevan viestin, jossa mainitaan WHOIS ja\/tai <a href=\"https:\/\/www.zoner.fi\/tuki\/verkkotunnus\/icann-viesti-miksi-sain-sen-ja-mita-pitaa-tehda\/\">ICANN<\/a>. Tietojen vahvistus on t\u00e4rke\u00e4\u00e4 tehd\u00e4, jotta verkkotunnus pysyy toiminnassa.<\/p>\n\n\n\n<p><strong>Lue my\u00f6s <a href=\"https:\/\/www.zoner.fi\/tuki\/verkkotunnus\/icann-viesti-miksi-sain-sen-ja-mita-pitaa-tehda\/\">ohje ICANN-viesteist\u00e4<\/a>.<\/strong><\/p>\n\n\n\n<ul class=\"wp-block-list\">\n<li><a href=\"#1\">Mik\u00e4 on WHOIS?<\/a><\/li>\n\n\n\n<li><a href=\"#2\">Miksi sain s\u00e4hk\u00f6postin verkkotunnukseni vanhenemisesta\/uusimisesta?<\/a><\/li>\n\n\n\n<li><a href=\"#3\">Miksi sain WHOIS-s\u00e4hk\u00f6postin, jonka mukaan minun on vahvistettava verkkotunnukseni tiedot?<\/a><\/li>\n<\/ul>\n\n\n\n<h2 class=\"wp-block-heading\" id=\"1\">Mik\u00e4 on WHOIS?<\/h2>\n\n\n\n<p>WHOIS on julkinen hakemisto, josta voi tarkistaa, kuka omistaa tietyn verkkotunnuksen tai IP-osoitteen. Aiemmin WHOIS-hakemistosta saattoi tarkistaa verkkotunnuksen omistajan nimen, osoitteen, puhelinnumeron ja s\u00e4hk\u00f6postiosoitteen.<\/p>\n\n\n\n<p>T\u00e4ll\u00e4 hetkell\u00e4 suurin osa verkkotunnusten omistajien tiedoista on kuitenkin piilotettu&nbsp;EU:n yleisen tietosuoja-asetuksen (GDPR)&nbsp;takia. T\u00e4m\u00e4 on tilap\u00e4inen ratkaisu, ja&nbsp;<a href=\"https:\/\/www.zoner.fi\/tuki\/verkkotunnus\/icann-viesti-miksi-sain-sen-ja-mita-pitaa-tehda\/\">ICANN&nbsp;<\/a>selvitt\u00e4\u00e4 parhaillaan, miten tietosuoja-asetusta voidaan parhaiten noudattaa WHOIS-tietokannassa. Jatkossa osa n\u00e4ist\u00e4 tiedoista saatetaan siis julkaista uudelleen.<\/p>\n\n\n\n<p>ICANNilla on valta p\u00e4\u00e4tt\u00e4\u00e4 WHOIS-k\u00e4yt\u00e4nn\u00f6st\u00e4 ainoastaan yleisi\u00e4 yl\u00e4tason verkkotunnuksia (gTLD) koskevilta osin. Useiden&nbsp;maakohtaisten yl\u00e4tason verkkotunnusten (ccTLD)&nbsp;omistajien tiedot ovat edelleen n\u00e4ht\u00e4viss\u00e4, tosin yleens\u00e4 vain jos omistaja on yritys tai organisaatio. Paikallinen&nbsp;rekisteri&nbsp;p\u00e4\u00e4tt\u00e4\u00e4, mit\u00e4 tietoja ccTLD-verkkotunnuksesta n\u00e4ytet\u00e4\u00e4n.<\/p>\n\n\n\n<h2 class=\"wp-block-heading\" id=\"2\">Miksi sain s\u00e4hk\u00f6postin verkkotunnukseni vanhenemisesta\/uusimisesta?<\/h2>\n\n\n\n<p>Ei h\u00e4t\u00e4\u00e4 &#8211; jos tilauksesi on aktiivinen, uusimme verkkotunnuksesi automaattisesti vuodeksi kerrallaan niin kauan, kun et irtisano tilaustasi.<\/p>\n\n\n\n<p>Saat t\u00e4m\u00e4n s\u00e4hk\u00f6postin, koska ICANNin ERRP-k\u00e4yt\u00e4nn\u00f6n mukaan meid\u00e4n on ilmoitettava sinulle p\u00e4iv\u00e4m\u00e4\u00e4r\u00e4, jolloin verkkotunnuksesi vanhenee, jos sit\u00e4 ei uusita. T\u00e4m\u00e4n takia saatat saada t\u00e4m\u00e4n s\u00e4hk\u00f6postin, <strong>vaikka olisit jo maksanut verkkotunnuksen uutta sopimuskautta koskevan laskun<\/strong>.<\/p>\n\n\n\n<h2 class=\"wp-block-heading\" id=\"3\">Miksi sain WHOIS-s\u00e4hk\u00f6postin, jonka mukaan minun on vahvistettava verkkotunnukseni tiedot?<\/h2>\n\n\n\n<p>ICANN vaatii meit\u00e4 varmistamaan, ett\u00e4 verkkotunnuksen omistajan s\u00e4hk\u00f6postiosoite on ajan tasalla. T\u00e4m\u00e4 koskee vain yleisi\u00e4 yl\u00e4tason verkkotunnuksia (esim. .com-, .net- ja .org-p\u00e4\u00e4tteet). <strong>Vahvistus on t\u00e4rke\u00e4\u00e4 tehd\u00e4, sill\u00e4 muuten verkkotunnus suljetaan.<\/strong><\/p>\n\n\n\n<h3 class=\"wp-block-heading\">Mist\u00e4 s\u00e4hk\u00f6postiosoitteesta vahvistuspyynt\u00f6 l\u00e4hetet\u00e4\u00e4n?<\/h3>\n\n\n\n<p>L\u00e4het\u00e4mme WHOIS-vahvistuss\u00e4hk\u00f6postin osoitteesta tuki@zoner.fi<\/p>\n\n\n\n<h3 class=\"wp-block-heading\">Mihin s\u00e4hk\u00f6postiosoitteeseen vahvistuspyynt\u00f6 l\u00e4hetet\u00e4\u00e4n?<\/h3>\n\n\n\n<p>S\u00e4hk\u00f6posti l\u00e4hetet\u00e4\u00e4n verkkotunnuksen omistajan (rekister\u00f6ij\u00e4n) s\u00e4hk\u00f6postiosoitteeseen, joka voi poiketa yhteyss\u00e4hk\u00f6postiosoitteestasi.<\/p>\n\n\n\n<h3 class=\"wp-block-heading\">Miten teen vahvistuksen?<\/h3>\n\n\n\n<p>S\u00e4hk\u00f6posti sis\u00e4lt\u00e4\u00e4 linkin, jota klikkaamalla n\u00e4et nykyiset tietosi. Jos ne ovat oikein, voit vahvistaa ne klikkaamalla <strong>Confirm<\/strong>-painiketta samalla sivulla.<\/p>\n\n\n\n<p><strong>Jos haluat muuttaa tietoja<\/strong>, l\u00e4het\u00e4 haluamasi muutokset s\u00e4hk\u00f6postilla osoitteeseen tuki@zoner.fi, niin p\u00e4ivit\u00e4mme tiedot. Sen j\u00e4lkeen saat uuden WHOIS-vahvistusviestin, jolla voit vahvistaa p\u00e4ivitetyt tiedot.<\/p>\n\n\n\n<h3 class=\"wp-block-heading\">Milloin l\u00e4het\u00e4mme vahvistuss\u00e4hk\u00f6postin?<\/h3>\n\n\n\n<ul class=\"wp-block-list\">\n<li>Silloin, kun verkkotunnuksen omistajan yhteystietoihin tehd\u00e4\u00e4n muutoksia.<\/li>\n\n\n\n<li>Jos huomaamme, ett\u00e4 nykyinen s\u00e4hk\u00f6postiosoite ei ole k\u00e4yt\u00f6ss\u00e4.<\/li>\n\n\n\n<li>Kerran vuodessa varmistaaksemme, ett\u00e4 verkkotunnuksen tiedot ovat ajan tasalla.<\/li>\n<\/ul>\n\n\n\n<h3 class=\"wp-block-heading\">Mit\u00e4 k\u00e4y, jos en tee vahvistusta?<\/h3>\n\n\n\n<p>Jos et vahvista verkkotunnuksen omistajan s\u00e4hk\u00f6postiosoitetta viestiss\u00e4 pyydetyll\u00e4 tavalla, <strong>verkkotunnusrekisteri j\u00e4\u00e4dytt\u00e4\u00e4 verkkotunnuksesi<\/strong>. Zoner ei voi vaikuttaa t\u00e4h\u00e4n, mutta autamme sinua saamaan verkkotunnuksesi k\u00e4ytt\u00f6\u00f6n mahdollisimman pian, jos se on j\u00e4\u00e4dytetty. Ota yhteytt\u00e4 asiakaspalveluumme saadaksesi apua.<\/p>\n\n\n\n<h2 class=\"wp-block-heading\">Lue my\u00f6s:<\/h2>\n\n\n\n<p><a href=\"#https:\/\/www.zoner.fi\/tuki\/verkkotunnus\/icann-viesti-miksi-sain-sen-ja-mita-pitaa-tehda\/\">ICANN viesti \u2013 miksi sain sen ja mit\u00e4 pit\u00e4\u00e4 tehd\u00e4?<\/a><\/p>\n","protected":false},"excerpt":{"rendered":"<p>Domainin siirto palveluntarjoajalta toiselle onnistuu helposti. Siirtoon tarvitaan kuitenkin muutamia toimenpiteit\u00e4, jotka vaihtelevat hieman valitusta domainista.<\/p>\n","protected":false},"author":18,"featured_media":0,"parent":72,"menu_order":28,"comment_status":"closed","ping_status":"closed","template":"","meta":{"_relevanssi_hide_post":"","_relevanssi_hide_content":"","_relevanssi_pin_for_all":"","_relevanssi_pin_keywords":"","_relevanssi_unpin_keywords":"","_relevanssi_related_keywords":"","_relevanssi_related_include_ids":"","_relevanssi_related_exclude_ids":"","_relevanssi_related_no_append":"","_relevanssi_related_not_related":"","_relevanssi_related_posts":"1076,1063,1066","_relevanssi_noindex_reason":"","footnotes":""},"categories":[211,212,209,210],"tags":[158],"wf_page_folders":[],"class_list":{"0":"post-136345","1":"page","2":"type-page","3":"status-publish","5":"category-cpanel-webhotelli-fi","6":"category-cpanel-wepardi-verkkotunnus","7":"category-directadmin-verkkotunnus","8":"category-zoner-home-verkkotunnus","9":"tag-yleiset"},"_links":{"self":[{"href":"https:\/\/www.zoner.fi\/tuki\/wp-json\/wp\/v2\/pages\/136345","targetHints":{"allow":["GET"]}}],"collection":[{"href":"https:\/\/www.zoner.fi\/tuki\/wp-json\/wp\/v2\/pages"}],"about":[{"href":"https:\/\/www.zoner.fi\/tuki\/wp-json\/wp\/v2\/types\/page"}],"author":[{"embeddable":true,"href":"https:\/\/www.zoner.fi\/tuki\/wp-json\/wp\/v2\/users\/18"}],"replies":[{"embeddable":true,"href":"https:\/\/www.zoner.fi\/tuki\/wp-json\/wp\/v2\/comments?post=136345"}],"version-history":[{"count":4,"href":"https:\/\/www.zoner.fi\/tuki\/wp-json\/wp\/v2\/pages\/136345\/revisions"}],"predecessor-version":[{"id":136351,"href":"https:\/\/www.zoner.fi\/tuki\/wp-json\/wp\/v2\/pages\/136345\/revisions\/136351"}],"up":[{"embeddable":true,"href":"https:\/\/www.zoner.fi\/tuki\/wp-json\/wp\/v2\/pages\/72"}],"wp:attachment":[{"href":"https:\/\/www.zoner.fi\/tuki\/wp-json\/wp\/v2\/media?parent=136345"}],"wp:term":[{"taxonomy":"category","embeddable":true,"href":"https:\/\/www.zoner.fi\/tuki\/wp-json\/wp\/v2\/categories?post=136345"},{"taxonomy":"post_tag","embeddable":true,"href":"https:\/\/www.zoner.fi\/tuki\/wp-json\/wp\/v2\/tags?post=136345"},{"taxonomy":"wf_page_folders","embeddable":true,"href":"https:\/\/www.zoner.fi\/tuki\/wp-json\/wp\/v2\/wf_page_folders?post=136345"}],"curies":[{"name":"wp","href":"https:\/\/api.w.org\/{rel}","templated":true}]}}