{"id":136352,"date":"2025-06-19T16:40:10","date_gmt":"2025-06-19T13:40:10","guid":{"rendered":"https:\/\/www.zoner.fi\/tuki\/?page_id=136352"},"modified":"2025-09-24T12:49:43","modified_gmt":"2025-09-24T09:49:43","slug":"mista-loydan-sopimukset-zoner-home-hallintapaneelissa","status":"publish","type":"page","link":"https:\/\/www.zoner.fi\/tuki\/zoner-home\/mista-loydan-sopimukset-zoner-home-hallintapaneelissa\/","title":{"rendered":"Mist\u00e4 l\u00f6yd\u00e4n sopimukset Zoner Home -hallintapaneelissa?"},"content":{"rendered":"\n<p>Zoner Homen Sopimukset-sivulla n\u00e4et kaikki tilisi sopimukset. Sopimukset-sivulla voit my\u00f6s irtisanoa sopimuksen tai perua sen irtisanomisen.<\/p>\n\n\n\n<p>Jos etsit tuotteen hallintapaneelia, l\u00f6yd\u00e4t sen Omat tuotteet -sivulta. Lue tarkemmat ohjeet alta.<\/p>\n\n\n\n<ul class=\"wp-block-list\">\n<li><a href=\"#1\">Mist\u00e4 l\u00f6yd\u00e4n sopimukset?<\/a><\/li>\n\n\n\n<li><a href=\"#2\">Mist\u00e4 l\u00f6yd\u00e4n tuotteen hallintapaneelin?<\/a><\/li>\n<\/ul>\n\n\n\n<h2 class=\"wp-block-heading\" id=\"1\">Mist\u00e4 l\u00f6yd\u00e4n sopimukset?<\/h2>\n\n\n\n<ol class=\"wp-block-list\">\n<li>Kirjaudu <a href=\"https:\/\/home.zoner.fi\/\" target=\"_blank\" rel=\"noopener\">Zoner Homeen<\/a>. <strong>Ohje<\/strong>: <a href=\"https:\/\/www.zoner.fi\/tuki\/zoner-home\/miten-kirjaudun-zoner-home-hallintapaneeliin\/\">Miten kirjaudun Zoner Home -hallintapaneeliin? <\/a><\/li>\n\n\n\n<li>Klikkaa oikeassa yl\u00e4kulmassa <strong>Tili <\/strong>ja sitten avautuvasta valikosta <strong>Sopimukset<\/strong>.<\/li>\n<\/ol>\n\n\n\n<figure class=\"wp-block-image size-full\"><img loading=\"lazy\" decoding=\"async\" width=\"1761\" height=\"1134\" src=\"https:\/\/www.zoner.fi\/tuki\/wp-content\/uploads\/2025\/06\/zoner-home-sopimukset-1.gif\" alt=\"\" class=\"wp-image-136359\"\/><\/figure>\n\n\n\n<p>3. Sopimukset-sivun listauksessa n\u00e4et kaikki t\u00e4m\u00e4n tilin sopimukset, niiden tilat, kuukausihinnan, laskutusv\u00e4lin ja irtisanomisajan. Klikkaamalla rivin oikeassa reunassa olevaa kolmen pisteen kuvaketta voit avata valikon, jonka kautta voit <strong>irtisanoa sopimuksen<\/strong> tai <strong>p\u00e4ivitt\u00e4\u00e4 paketin suurempaan<\/strong>.<\/p>\n\n\n\n<figure class=\"wp-block-image size-large\"><img loading=\"lazy\" decoding=\"async\" width=\"1024\" height=\"659\" src=\"https:\/\/www.zoner.fi\/tuki\/wp-content\/uploads\/2025\/06\/zoner-home-tilaukset-3-1024x659.png\" alt=\"\" class=\"wp-image-136356\" srcset=\"https:\/\/www.zoner.fi\/tuki\/wp-content\/uploads\/2025\/06\/zoner-home-tilaukset-3-1024x659.png 1024w, https:\/\/www.zoner.fi\/tuki\/wp-content\/uploads\/2025\/06\/zoner-home-tilaukset-3-300x193.png 300w, https:\/\/www.zoner.fi\/tuki\/wp-content\/uploads\/2025\/06\/zoner-home-tilaukset-3-768x495.png 768w, https:\/\/www.zoner.fi\/tuki\/wp-content\/uploads\/2025\/06\/zoner-home-tilaukset-3-1536x989.png 1536w, https:\/\/www.zoner.fi\/tuki\/wp-content\/uploads\/2025\/06\/zoner-home-tilaukset-3.png 1761w\" sizes=\"auto, (max-width: 1024px) 100vw, 1024px\" \/><\/figure>\n\n\n\n<h2 class=\"wp-block-heading\" id=\"2\">Mist\u00e4 l\u00f6yd\u00e4n tuotteen hallintapaneelin?<\/h2>\n\n\n\n<p>Tuotteiden hallintapaneelit l\u00f6ytyv\u00e4t Zoner Homessa yl\u00e4reunan <strong>Omat tuotteet<\/strong> -v\u00e4lilehdelt\u00e4. <strong>Verkkosivustot<\/strong>-kohdassa n\u00e4et Kotisivukone- ja hosting-pakettisi. S\u00e4hk\u00f6postituotteet l\u00f6ytyv\u00e4t alempaa kohdasta <strong>S\u00e4hk\u00f6posti<\/strong>. <strong>Verkkotunnukset <\/strong>ovat sivun alareunassa.<\/p>\n\n\n\n<ul class=\"wp-block-list\">\n<li><a href=\"#webhotelli\">Webhotelli<\/a><\/li>\n\n\n\n<li><a href=\"#sahkoposti\">S\u00e4hk\u00f6posti<\/a><\/li>\n\n\n\n<li><a href=\"#verkkotunnus\">Verkkotunnus<\/a><\/li>\n\n\n\n<li><a href=\"#kotisivukone\">Kotisivukone<\/a><\/li>\n\n\n\n<li><a href=\"#wp-one\">WP.one<\/a><\/li>\n\n\n\n<li><a href=\"#cloud-server\">Cloud Server<\/a><\/li>\n<\/ul>\n\n\n\n<figure class=\"wp-block-image size-full\"><img loading=\"lazy\" decoding=\"async\" width=\"1244\" height=\"804\" src=\"https:\/\/www.zoner.fi\/tuki\/wp-content\/uploads\/2025\/04\/zoner-home-omat-tuotteet.png\" alt=\"\" class=\"wp-image-136013\" srcset=\"https:\/\/www.zoner.fi\/tuki\/wp-content\/uploads\/2025\/04\/zoner-home-omat-tuotteet.png 1244w, https:\/\/www.zoner.fi\/tuki\/wp-content\/uploads\/2025\/04\/zoner-home-omat-tuotteet-300x194.png 300w, https:\/\/www.zoner.fi\/tuki\/wp-content\/uploads\/2025\/04\/zoner-home-omat-tuotteet-1024x662.png 1024w, https:\/\/www.zoner.fi\/tuki\/wp-content\/uploads\/2025\/04\/zoner-home-omat-tuotteet-768x496.png 768w\" sizes=\"auto, (max-width: 1244px) 100vw, 1244px\" \/><\/figure>\n\n\n\n<h2 class=\"wp-block-heading\" id=\"webhotelli\">Webhotelli<\/h2>\n\n\n\n<p>Webhotellin hallintapaneeliin p\u00e4\u00e4set klikkaamalla webhotellia Omat tuotteet -sivulla. T\u00e4m\u00e4n j\u00e4lkeen hallintapaneeli avautuu joko suoraan Zoner Homessa, tai voit siirty\u00e4 sinne klikkaamalla sivulla n\u00e4kyv\u00e4\u00e4 Hallitse webhotellia -painiketta.<\/p>\n\n\n\n<p><strong>Ohje<\/strong>: <a href=\"https:\/\/www.zoner.fi\/tuki\/zoner-home\/miten-kirjaudun-webhotelliini-zoner-homen-kautta\/\">Miten kirjaudun webhotelliin?<\/a><\/p>\n\n\n\n<h3 class=\"wp-block-heading\">Webhotellin hallinta suoraan Zoner Homessa<\/h3>\n\n\n\n<p>Jos webhotellin hallintapaneeli on suoraan Zoner Homessa, se n\u00e4ytt\u00e4\u00e4 samalta kuin alla olevassa kuvassa. Vasemmalla olevasta valikosta voit siirty\u00e4 eri asetuksiin. Lue lis\u00e4\u00e4 <a href=\"https:\/\/www.zoner.fi\/tuki\/zoner-home\/zonerille-siirretyt-asiakkaat-nain-voit-hallita-palveluitasi\/#1\">webhotellin hallinnasta Zoner Homessa<\/a>.<\/p>\n\n\n\n<figure class=\"wp-block-image size-full\"><img loading=\"lazy\" decoding=\"async\" width=\"1761\" height=\"1132\" src=\"https:\/\/www.zoner.fi\/tuki\/wp-content\/uploads\/2025\/06\/zoner-home-sisainen-webhotelli.gif\" alt=\"\" class=\"wp-image-136389\"\/><\/figure>\n\n\n\n<h3 class=\"wp-block-heading\">Webhotellin hallinta muualla kuin Zoner Homessa<\/h3>\n\n\n\n<p>Jos webhotellin klikkaaminen ei avaa yll\u00e4 olevan kuvan n\u00e4kym\u00e4\u00e4, t\u00e4ll\u00f6in webhotellin hallinta l\u00f6ytyy erillisess\u00e4 <a href=\"https:\/\/www.zoner.fi\/tuki\/webhotellit\/miten-kaytan-directadmin-hallintapaneelia\/\">DirectAdmin<\/a> tai cPanel-hallintapaneelissa. Avaa hallinta vieritt\u00e4m\u00e4ll\u00e4 sivun alaosaan ja klikkaamalla <strong>Hallitse webhotellia<\/strong> -painiketta.<\/p>\n\n\n\n<h4 class=\"wp-block-heading\">Esimerkki: DirectAdmin-webhotelli<\/h4>\n\n\n\n<figure class=\"wp-block-image size-full\"><img loading=\"lazy\" decoding=\"async\" width=\"1765\" height=\"1134\" src=\"https:\/\/www.zoner.fi\/tuki\/wp-content\/uploads\/2025\/06\/zoner-home-da-webhotelli.gif\" alt=\"\" class=\"wp-image-136387\"\/><\/figure>\n\n\n\n<h4 class=\"wp-block-heading\">Esimerkki: cPanel-webhotelli<\/h4>\n\n\n\n<figure class=\"wp-block-image size-full\"><img loading=\"lazy\" decoding=\"async\" width=\"1471\" height=\"1012\" src=\"https:\/\/www.zoner.fi\/tuki\/wp-content\/uploads\/2025\/07\/zh-cpanel-kirjautuminen-video.gif\" alt=\"\" class=\"wp-image-136579\"\/><\/figure>\n\n\n\n<h2 class=\"wp-block-heading\" id=\"sahkoposti\">S\u00e4hk\u00f6posti<\/h2>\n\n\n\n<p>Erillisi\u00e4 s\u00e4hk\u00f6postipalveluita voi hallita niiden omassa hallintapaneelissa, jonka saat avattua klikkaamalla s\u00e4hk\u00f6postituotetta<strong> Omat tuotteet <\/strong>-sivun <strong>S\u00e4hk\u00f6posti<\/strong>-osiossa. Hallintapaneelit vaihtelevat tuotteen mukaan.<\/p>\n\n\n\n<figure class=\"wp-block-image size-full\"><img loading=\"lazy\" decoding=\"async\" width=\"1624\" height=\"1117\" src=\"https:\/\/www.zoner.fi\/tuki\/wp-content\/uploads\/2025\/05\/zoner-kotisivukone-sahkoposti.png\" alt=\"\" class=\"wp-image-136097\" srcset=\"https:\/\/www.zoner.fi\/tuki\/wp-content\/uploads\/2025\/05\/zoner-kotisivukone-sahkoposti.png 1624w, https:\/\/www.zoner.fi\/tuki\/wp-content\/uploads\/2025\/05\/zoner-kotisivukone-sahkoposti-300x206.png 300w, https:\/\/www.zoner.fi\/tuki\/wp-content\/uploads\/2025\/05\/zoner-kotisivukone-sahkoposti-1024x704.png 1024w, https:\/\/www.zoner.fi\/tuki\/wp-content\/uploads\/2025\/05\/zoner-kotisivukone-sahkoposti-768x528.png 768w, https:\/\/www.zoner.fi\/tuki\/wp-content\/uploads\/2025\/05\/zoner-kotisivukone-sahkoposti-1536x1056.png 1536w\" sizes=\"auto, (max-width: 1624px) 100vw, 1624px\" \/><\/figure>\n\n\n\n<h2 class=\"wp-block-heading\" id=\"verkkotunnus\">Verkkotunnus<\/h2>\n\n\n\n<p>Verkkotunnukset l\u00f6ytyv\u00e4t Omat tuotteet -sivun lopusta. Klikkaamalla rivin oikeassa reunassa olevaa kolmen pisteen kuvaketta voit avata valikon. Klikkaa valikossa <strong>Hallitse verkkotunnusta<\/strong>, niin p\u00e4\u00e4set hallitsemaan sen DNS-asetuksia ja nimipalvelimia.<\/p>\n\n\n\n<ul class=\"wp-block-list\">\n<li><a href=\"https:\/\/www.zoner.fi\/tuki\/zoner-home\/\">Lis\u00e4\u00e4 Verkkotunnus-ohjeita<\/a><\/li>\n<\/ul>\n\n\n\n<figure class=\"wp-block-image size-full\"><img loading=\"lazy\" decoding=\"async\" width=\"1761\" height=\"1132\" src=\"https:\/\/www.zoner.fi\/tuki\/wp-content\/uploads\/2025\/06\/zoner-home-verkkotunnus.gif\" alt=\"\" class=\"wp-image-136372\"\/><\/figure>\n\n\n\n<h2 class=\"wp-block-heading\" id=\"kotisivukone\">Kotisivukone<\/h2>\n\n\n\n<p>P\u00e4\u00e4set kotisivukoneen hallintapaneeliin n\u00e4in: klikkaa ensin <strong>Kotisivukone-paketin nime\u00e4<\/strong> Omat tuotteet -sivulla, ja sitten <strong>Siirry Kotisivukoneeseen<\/strong> -painiketta avautuneella sivulla.<\/p>\n\n\n\n<ul class=\"wp-block-list\">\n<li><strong>Ohje<\/strong>: <a href=\"https:\/\/www.zoner.fi\/tuki\/kotisivukone\/miten-siirryn-zoner-kotisivukoneeseen\/\">Miten siirryn Zoner Kotisivukoneeseen?<\/a><\/li>\n<\/ul>\n\n\n\n<figure class=\"wp-block-image size-large\"><img loading=\"lazy\" decoding=\"async\" width=\"1024\" height=\"598\" src=\"https:\/\/www.zoner.fi\/tuki\/wp-content\/uploads\/2025\/04\/kirjautuminen-1024x598.png\" alt=\"\" class=\"wp-image-135784\" srcset=\"https:\/\/www.zoner.fi\/tuki\/wp-content\/uploads\/2025\/04\/kirjautuminen-1024x598.png 1024w, https:\/\/www.zoner.fi\/tuki\/wp-content\/uploads\/2025\/04\/kirjautuminen-300x175.png 300w, https:\/\/www.zoner.fi\/tuki\/wp-content\/uploads\/2025\/04\/kirjautuminen-768x448.png 768w, https:\/\/www.zoner.fi\/tuki\/wp-content\/uploads\/2025\/04\/kirjautuminen-1536x897.png 1536w, https:\/\/www.zoner.fi\/tuki\/wp-content\/uploads\/2025\/04\/kirjautuminen.png 1660w\" sizes=\"auto, (max-width: 1024px) 100vw, 1024px\" \/><\/figure>\n\n\n\n<h2 class=\"wp-block-heading\" id=\"wp-one\">WP.one<\/h2>\n\n\n\n<p>WP.one l\u00f6ytyy Omat tuotteet -sivun Muut tuotteet -osiosta. Klikkaa ensin <strong>WP.one paketin nime\u00e4<\/strong> ja sitten avautuneella sivulla <strong>WP.one-hallintapaneeli<\/strong>-painiketta.<\/p>\n\n\n\n<ul class=\"wp-block-list\">\n<li><a href=\"https:\/\/www.zoner.fi\/tuki\/wp-one\/\">Lis\u00e4\u00e4 WP.one-ohjeita<\/a><\/li>\n<\/ul>\n\n\n\n<figure class=\"wp-block-image size-full\"><img loading=\"lazy\" decoding=\"async\" width=\"1757\" height=\"1132\" src=\"https:\/\/www.zoner.fi\/tuki\/wp-content\/uploads\/2025\/06\/zoner-home-wp.one-gif.gif\" alt=\"\" class=\"wp-image-136376\"\/><\/figure>\n\n\n\n<h2 class=\"wp-block-heading\" id=\"cloud-server\">Cloud Server<\/h2>\n\n\n\n<p>Virtuaalipalvelinta eli Cloud Serveri\u00e4 voi hallita suoraan Zoner Homessa. Klikkaa Omat tuotteet -sivulla Cloud Serveri\u00e4, niin sen hallintapaneeli avautuu.<\/p>\n\n\n\n<ul class=\"wp-block-list\">\n<li><a href=\"https:\/\/www.zoner.fi\/tuki\/virtuaalipalvelimet\/\">Lis\u00e4\u00e4 Virtuaalipalvelin-ohjeita<\/a><\/li>\n<\/ul>\n\n\n\n<figure class=\"wp-block-image size-full\"><img loading=\"lazy\" decoding=\"async\" width=\"1757\" height=\"1132\" src=\"https:\/\/www.zoner.fi\/tuki\/wp-content\/uploads\/2025\/06\/zoner-home-vps-gif.gif\" alt=\"\" class=\"wp-image-136379\"\/><\/figure>\n\n\n\n<p><\/p>\n","protected":false},"excerpt":{"rendered":"<p>Zoner Homen Sopimukset-sivulla n\u00e4et kaikki tilisi sopimukset. Sopimukset-sivulla voit my\u00f6s irtisanoa sopimuksen tai perua sen irtisanomisen. Jos etsit tuotteen hallintapaneelia, l\u00f6yd\u00e4t sen Omat tuotteet -sivulta. Lue tarkemmat ohjeet alta. Mist\u00e4 l\u00f6yd\u00e4n sopimukset? 3. Sopimukset-sivun listauksessa n\u00e4et kaikki t\u00e4m\u00e4n tilin sopimukset, niiden tilat, kuukausihinnan, laskutusv\u00e4lin ja irtisanomisajan. Klikkaamalla rivin oikeassa reunassa olevaa kolmen pisteen kuvaketta voit &#8230; <a title=\"Mist\u00e4 l\u00f6yd\u00e4n sopimukset Zoner Home -hallintapaneelissa?\" class=\"read-more\" href=\"https:\/\/www.zoner.fi\/tuki\/zoner-home\/mista-loydan-sopimukset-zoner-home-hallintapaneelissa\/\" aria-label=\"Lue lis\u00e4\u00e4 aiheesta Mist\u00e4 l\u00f6yd\u00e4n sopimukset Zoner Home -hallintapaneelissa?\">Lue lis\u00e4\u00e4<\/a><\/p>\n","protected":false},"author":18,"featured_media":0,"parent":131930,"menu_order":0,"comment_status":"closed","ping_status":"closed","template":"","meta":{"_relevanssi_hide_post":"","_relevanssi_hide_content":"","_relevanssi_pin_for_all":"","_relevanssi_pin_keywords":"","_relevanssi_unpin_keywords":"","_relevanssi_related_keywords":"","_relevanssi_related_include_ids":"","_relevanssi_related_exclude_ids":"","_relevanssi_related_no_append":"","_relevanssi_related_not_related":"","_relevanssi_related_posts":"130269,135705,135690,130515,130722,136111","_relevanssi_noindex_reason":"","footnotes":""},"categories":[115],"tags":[203,205],"wf_page_folders":[],"class_list":{"0":"post-136352","1":"page","2":"type-page","3":"status-publish","5":"category-oma-tili-ja-tilaukset","6":"tag-kirjautuminen","7":"tag-tilaukset"},"_links":{"self":[{"href":"https:\/\/www.zoner.fi\/tuki\/wp-json\/wp\/v2\/pages\/136352","targetHints":{"allow":["GET"]}}],"collection":[{"href":"https:\/\/www.zoner.fi\/tuki\/wp-json\/wp\/v2\/pages"}],"about":[{"href":"https:\/\/www.zoner.fi\/tuki\/wp-json\/wp\/v2\/types\/page"}],"author":[{"embeddable":true,"href":"https:\/\/www.zoner.fi\/tuki\/wp-json\/wp\/v2\/users\/18"}],"replies":[{"embeddable":true,"href":"https:\/\/www.zoner.fi\/tuki\/wp-json\/wp\/v2\/comments?post=136352"}],"version-history":[{"count":13,"href":"https:\/\/www.zoner.fi\/tuki\/wp-json\/wp\/v2\/pages\/136352\/revisions"}],"predecessor-version":[{"id":136653,"href":"https:\/\/www.zoner.fi\/tuki\/wp-json\/wp\/v2\/pages\/136352\/revisions\/136653"}],"up":[{"embeddable":true,"href":"https:\/\/www.zoner.fi\/tuki\/wp-json\/wp\/v2\/pages\/131930"}],"wp:attachment":[{"href":"https:\/\/www.zoner.fi\/tuki\/wp-json\/wp\/v2\/media?parent=136352"}],"wp:term":[{"taxonomy":"category","embeddable":true,"href":"https:\/\/www.zoner.fi\/tuki\/wp-json\/wp\/v2\/categories?post=136352"},{"taxonomy":"post_tag","embeddable":true,"href":"https:\/\/www.zoner.fi\/tuki\/wp-json\/wp\/v2\/tags?post=136352"},{"taxonomy":"wf_page_folders","embeddable":true,"href":"https:\/\/www.zoner.fi\/tuki\/wp-json\/wp\/v2\/wf_page_folders?post=136352"}],"curies":[{"name":"wp","href":"https:\/\/api.w.org\/{rel}","templated":true}]}}