{"id":136408,"date":"2025-06-30T12:19:42","date_gmt":"2025-06-30T09:19:42","guid":{"rendered":"https:\/\/www.zoner.fi\/tuki\/?page_id=136408"},"modified":"2025-11-12T15:28:57","modified_gmt":"2025-11-12T13:28:57","slug":"webmail-luo-automaattinen-vastaus-eli-lomavastaaja-suodattimien-avulla","status":"publish","type":"page","link":"https:\/\/www.zoner.fi\/tuki\/sahkopostiohjeet\/directadmin\/webmail-luo-automaattinen-vastaus-eli-lomavastaaja-suodattimien-avulla\/","title":{"rendered":"Webmail &#8211; Luo automaattinen vastaus eli lomavastaaja suodattimen avulla"},"content":{"rendered":"\n<p>Roundcube-webmailissa voit luoda automaattisen vastauksen my\u00f6s suodattimien avulla, jos varsinainen <a href=\"https:\/\/www.zoner.fi\/tuki\/sahkopostiohjeet\/directadmin\/miten-asetan-lomavastaajan-sahkopostiin\/\">Lomavastaaja<\/a>-ominaisuus ei ole k\u00e4yt\u00f6ss\u00e4si.<\/p>\n\n\n\n<ul class=\"wp-block-list\">\n<li><a href=\"#1\">Luo automaattinen vastaus<\/a><\/li>\n\n\n\n<li><a href=\"#2\">Poista automaattinen vastaus k\u00e4yt\u00f6st\u00e4<\/a><\/li>\n<\/ul>\n\n\n\n<h2 class=\"wp-block-heading\" id=\"1\">Luo automaattinen vastaus<\/h2>\n\n\n\n<p>1. Kirjaudu Webmailiin. <strong>Ohje<\/strong>: <a href=\"https:\/\/www.zoner.fi\/tuki\/sahkopostiohjeet\/directadmin\/mista-kirjaudun-webmailiin\/\">Mist\u00e4 kirjaudun Webmailiin?<\/a><\/p>\n\n\n\n<p>2. Klikkaa vasemmassa valikossa <strong>Asetukset<\/strong>. Klikkaa sitten <strong>Suodattimet <\/strong>ja <strong>Luo uusi<\/strong>.<\/p>\n\n\n\n<figure class=\"wp-block-image size-large\"><img loading=\"lazy\" decoding=\"async\" width=\"1024\" height=\"619\" src=\"https:\/\/www.zoner.fi\/tuki\/wp-content\/uploads\/2025\/06\/webmail-suodatin-1-1024x619.png\" alt=\"\" class=\"wp-image-136417\" srcset=\"https:\/\/www.zoner.fi\/tuki\/wp-content\/uploads\/2025\/06\/webmail-suodatin-1-1024x619.png 1024w, https:\/\/www.zoner.fi\/tuki\/wp-content\/uploads\/2025\/06\/webmail-suodatin-1-300x181.png 300w, https:\/\/www.zoner.fi\/tuki\/wp-content\/uploads\/2025\/06\/webmail-suodatin-1-768x464.png 768w, https:\/\/www.zoner.fi\/tuki\/wp-content\/uploads\/2025\/06\/webmail-suodatin-1-1536x928.png 1536w, https:\/\/www.zoner.fi\/tuki\/wp-content\/uploads\/2025\/06\/webmail-suodatin-1.png 1848w\" sizes=\"auto, (max-width: 1024px) 100vw, 1024px\" \/><\/figure>\n\n\n\n<p>3. Anna suodattimelle <strong>nimi<\/strong>, josta tunnistat sen, esim. &#8221;Lomavastaaja&#8221;. Laita suodatin <strong>p\u00e4\u00e4lle <\/strong>aktivoimalla Suodatin k\u00e4yt\u00f6ss\u00e4 -kohdan liukupainike, jos se ei ole jo aktiivinen.<\/p>\n\n\n\n<p>4. Valitse <strong>Rajaus<\/strong>-kohdassa, miss\u00e4 tapauksissa suodatinta k\u00e4ytet\u00e4\u00e4n.:<\/p>\n\n\n\n<ul class=\"wp-block-list\">\n<li><strong>T\u00e4sm\u00e4\u00e4 kaikkiin seuraavin s\u00e4\u00e4nt\u00f6ihin<\/strong>: suodatinta k\u00e4ytet\u00e4\u00e4n vain, jos kaikki m\u00e4\u00e4ritt\u00e4m\u00e4si s\u00e4\u00e4nn\u00f6t t\u00e4yttyv\u00e4t.<\/li>\n\n\n\n<li><strong>T\u00e4sm\u00e4\u00e4 mihin tahansa seuraavista s\u00e4\u00e4nn\u00f6ist\u00e4<\/strong>: suodatin toimii, jos v\u00e4hint\u00e4\u00e4n yksi m\u00e4\u00e4ritt\u00e4mist\u00e4si s\u00e4\u00e4nn\u00f6ist\u00e4 t\u00e4yttyy.<\/li>\n\n\n\n<li><strong>Kaikki viestit<\/strong>: suodatinta sovelletaan kaikkiin saapuviin viesteihin. <strong>Valitse t\u00e4m\u00e4, jos haluat luoda lomavastaajan, <\/strong>joka l\u00e4hett\u00e4\u00e4 automaattisen vastauksen kaikkiin saapuviin s\u00e4hk\u00f6posteihin.<\/li>\n<\/ul>\n\n\n\n<figure class=\"wp-block-image size-large\"><img loading=\"lazy\" decoding=\"async\" width=\"1024\" height=\"393\" src=\"https:\/\/www.zoner.fi\/tuki\/wp-content\/uploads\/2025\/06\/webmail-suodatin-rajaus-1024x393.png\" alt=\"\" class=\"wp-image-136420\" srcset=\"https:\/\/www.zoner.fi\/tuki\/wp-content\/uploads\/2025\/06\/webmail-suodatin-rajaus-1024x393.png 1024w, https:\/\/www.zoner.fi\/tuki\/wp-content\/uploads\/2025\/06\/webmail-suodatin-rajaus-300x115.png 300w, https:\/\/www.zoner.fi\/tuki\/wp-content\/uploads\/2025\/06\/webmail-suodatin-rajaus-768x295.png 768w, https:\/\/www.zoner.fi\/tuki\/wp-content\/uploads\/2025\/06\/webmail-suodatin-rajaus.png 1140w\" sizes=\"auto, (max-width: 1024px) 100vw, 1024px\" \/><\/figure>\n\n\n\n<p>4. Jos et valinnut Rajaus-kohdassa &#8221;Kaikki viestit&#8221;, voit m\u00e4\u00e4ritt\u00e4\u00e4 <strong>S\u00e4\u00e4nn\u00f6t<\/strong>-kohdassa suodattimelle ehtoja. Esimerkiksi alla olevassa kuvassa on m\u00e4\u00e4ritetty, ett\u00e4 suodatinta sovelletaan vain s\u00e4hk\u00f6posteihin, jotka on l\u00e4hetetty @verkkotunnus.fi-p\u00e4\u00e4ttyvist\u00e4 osoitteista.<\/p>\n\n\n\n<p><strong>Huomaa<\/strong>: Jos valitsit Rajaus-kohdassa &#8221;Kaikki viestit&#8221;, suodatinta sovelletaan kaikkiin saapuviin viesteihin, eik\u00e4 s\u00e4\u00e4nt\u00f6j\u00e4 tarvitse m\u00e4\u00e4ritt\u00e4\u00e4.<\/p>\n\n\n\n<figure class=\"wp-block-image size-large\"><img loading=\"lazy\" decoding=\"async\" width=\"1024\" height=\"311\" src=\"https:\/\/www.zoner.fi\/tuki\/wp-content\/uploads\/2025\/06\/webmail-suodatin-saannot-1024x311.png\" alt=\"\" class=\"wp-image-136421\" srcset=\"https:\/\/www.zoner.fi\/tuki\/wp-content\/uploads\/2025\/06\/webmail-suodatin-saannot-1024x311.png 1024w, https:\/\/www.zoner.fi\/tuki\/wp-content\/uploads\/2025\/06\/webmail-suodatin-saannot-300x91.png 300w, https:\/\/www.zoner.fi\/tuki\/wp-content\/uploads\/2025\/06\/webmail-suodatin-saannot-768x234.png 768w, https:\/\/www.zoner.fi\/tuki\/wp-content\/uploads\/2025\/06\/webmail-suodatin-saannot.png 1108w\" sizes=\"auto, (max-width: 1024px) 100vw, 1024px\" \/><\/figure>\n\n\n\n<p>5.  <strong>Toiminnot<\/strong>-kohdassa voit m\u00e4\u00e4ritt\u00e4\u00e4, mit\u00e4 tapahtuu, kun suodatin aktivoituu.<\/p>\n\n\n\n<p><strong>Luo lomavastaaja<\/strong> valitsemalla Toiminnot-kohdan valikosta &#8221;<strong>Vastaa viestill\u00e4<\/strong>&#8221;. Sy\u00f6t\u00e4 sitten lomavastaajan tiedot:<\/p>\n\n\n\n<ul class=\"wp-block-list\">\n<li><strong>Viestin runko<\/strong>: Kirjoita t\u00e4h\u00e4n automaattisen vastauksen viesti.<\/li>\n\n\n\n<li><strong>Viestin aihe<\/strong>: Kirjoita t\u00e4h\u00e4n automaattisen vastauksen aihe.<\/li>\n\n\n\n<li><strong>Vastauksen l\u00e4hetysosoite<\/strong>: Kirjoita s\u00e4hk\u00f6postisoitteesi.<\/li>\n\n\n\n<li><strong>S\u00e4hk\u00f6postiosoitteeni<\/strong>: Kirjoita s\u00e4hk\u00f6postisoitteesi, tai klikkaa <strong>Lis\u00e4\u00e4 kaikki osoitteeni<\/strong>.<\/li>\n\n\n\n<li><strong>Viestien l\u00e4hetysv\u00e4li<\/strong>: Voit m\u00e4\u00e4ritt\u00e4\u00e4, kuinka usein automaattinen vastaus voidaan l\u00e4hett\u00e4\u00e4 samalle henkil\u00f6lle.<\/li>\n<\/ul>\n\n\n\n<figure class=\"wp-block-image size-full\"><img loading=\"lazy\" decoding=\"async\" width=\"943\" height=\"904\" src=\"https:\/\/www.zoner.fi\/tuki\/wp-content\/uploads\/2025\/06\/webmail-suodatin-lomavastaaja.png\" alt=\"\" class=\"wp-image-136422\" srcset=\"https:\/\/www.zoner.fi\/tuki\/wp-content\/uploads\/2025\/06\/webmail-suodatin-lomavastaaja.png 943w, https:\/\/www.zoner.fi\/tuki\/wp-content\/uploads\/2025\/06\/webmail-suodatin-lomavastaaja-300x288.png 300w, https:\/\/www.zoner.fi\/tuki\/wp-content\/uploads\/2025\/06\/webmail-suodatin-lomavastaaja-768x736.png 768w\" sizes=\"auto, (max-width: 943px) 100vw, 943px\" \/><\/figure>\n\n\n\n<p>6. Klikkaa lopuksi <strong>Tallenna<\/strong>-painiketta. Yll\u00e4 olevassa kuvassa on m\u00e4\u00e4ritetty lomavastaaja, jota sovelletaan kaikkiin saapuviin viesteihin niin kauan, kuin se on k\u00e4yt\u00f6ss\u00e4.<\/p>\n\n\n\n<p>Muista <a href=\"#2\">poistaa lomavastaaja k\u00e4yt\u00f6st\u00e4<\/a> <strong>Suodatin k\u00e4yt\u00f6ss\u00e4<\/strong> -kohdan liukupainikkeella, kun et en\u00e4\u00e4 tarvitse sit\u00e4.<\/p>\n\n\n\n<h2 class=\"wp-block-heading\" id=\"2\">Poista automaattinen vastaus k\u00e4yt\u00f6st\u00e4<\/h2>\n\n\n\n<p>Kun et en\u00e4\u00e4 tarvitse automaattista vastausta, voit poistaa sen k\u00e4yt\u00f6st\u00e4 n\u00e4in:<\/p>\n\n\n\n<p>1. Siirry Webmailissa sivulle <strong>Asetukset <\/strong>-&gt; <strong>Suodattimet<\/strong> ja klikkaa suodattimen nime\u00e4 listassa.<\/p>\n\n\n\n<p>2. Klikkaa <strong>Suodatin k\u00e4yt\u00f6ss\u00e4<\/strong> -kohdan liukupainike pois p\u00e4\u00e4lt\u00e4 ja <strong>Tallenna<\/strong>.<\/p>\n\n\n\n<figure class=\"wp-block-image size-large\"><img loading=\"lazy\" decoding=\"async\" width=\"1024\" height=\"619\" src=\"https:\/\/www.zoner.fi\/tuki\/wp-content\/uploads\/2025\/06\/webmail-suodatin-poista-kaytosta-1024x619.png\" alt=\"\" class=\"wp-image-136423\" srcset=\"https:\/\/www.zoner.fi\/tuki\/wp-content\/uploads\/2025\/06\/webmail-suodatin-poista-kaytosta-1024x619.png 1024w, https:\/\/www.zoner.fi\/tuki\/wp-content\/uploads\/2025\/06\/webmail-suodatin-poista-kaytosta-300x181.png 300w, https:\/\/www.zoner.fi\/tuki\/wp-content\/uploads\/2025\/06\/webmail-suodatin-poista-kaytosta-768x464.png 768w, https:\/\/www.zoner.fi\/tuki\/wp-content\/uploads\/2025\/06\/webmail-suodatin-poista-kaytosta-1536x929.png 1536w, https:\/\/www.zoner.fi\/tuki\/wp-content\/uploads\/2025\/06\/webmail-suodatin-poista-kaytosta.png 1844w\" sizes=\"auto, (max-width: 1024px) 100vw, 1024px\" \/><\/figure>\n\n\n\n<h2 class=\"wp-block-heading\">Lue my\u00f6s<\/h2>\n\n\n\n<ul class=\"wp-block-list\">\n<li><a href=\"https:\/\/www.zoner.fi\/tuki\/sahkopostiohjeet\/directadmin\/webmail-sahkopostin-uudelleenohjaus-suodattimen-avulla\/\">Webmail \u2013 S\u00e4hk\u00f6postin uudelleenohjaus suodattimen avulla<\/a><\/li>\n<\/ul>\n","protected":false},"excerpt":{"rendered":"<p>Roundcube-webmailissa voit luoda automaattisen vastauksen my\u00f6s suodattimien avulla, jos varsinainen Lomavastaaja-ominaisuus ei ole k\u00e4yt\u00f6ss\u00e4si. Luo automaattinen vastaus 1. Kirjaudu Webmailiin. Ohje: Mist\u00e4 kirjaudun Webmailiin? 2. Klikkaa vasemmassa valikossa Asetukset. Klikkaa sitten Suodattimet ja Luo uusi. 3. Anna suodattimelle nimi, josta tunnistat sen, esim. &#8221;Lomavastaaja&#8221;. Laita suodatin p\u00e4\u00e4lle aktivoimalla Suodatin k\u00e4yt\u00f6ss\u00e4 -kohdan liukupainike, jos se ei &#8230; <a title=\"Webmail &#8211; Luo automaattinen vastaus eli lomavastaaja suodattimen avulla\" class=\"read-more\" href=\"https:\/\/www.zoner.fi\/tuki\/sahkopostiohjeet\/directadmin\/webmail-luo-automaattinen-vastaus-eli-lomavastaaja-suodattimien-avulla\/\" aria-label=\"Lue lis\u00e4\u00e4 aiheesta Webmail &#8211; Luo automaattinen vastaus eli lomavastaaja suodattimen avulla\">Lue lis\u00e4\u00e4<\/a><\/p>\n","protected":false},"author":18,"featured_media":0,"parent":137084,"menu_order":0,"comment_status":"closed","ping_status":"closed","template":"","meta":{"_relevanssi_hide_post":"","_relevanssi_hide_content":"","_relevanssi_pin_for_all":"","_relevanssi_pin_keywords":"","_relevanssi_unpin_keywords":"","_relevanssi_related_keywords":"","_relevanssi_related_include_ids":"","_relevanssi_related_exclude_ids":"","_relevanssi_related_no_append":"","_relevanssi_related_not_related":"","_relevanssi_related_posts":"135710,136107,130899,134877,130819,130578","_relevanssi_noindex_reason":"","footnotes":""},"categories":[213,195,193,194,196],"tags":[216],"wf_page_folders":[],"class_list":{"0":"post-136408","1":"page","2":"type-page","3":"status-publish","5":"category-cpanel-webhotelli-fi-sahkoposti","6":"category-cpanel-wepardi-sahkoposti","7":"category-directadmin-sahkoposti","8":"category-zoner-home","9":"category-zoner-sahkoposti","10":"tag-webmail"},"_links":{"self":[{"href":"https:\/\/www.zoner.fi\/tuki\/wp-json\/wp\/v2\/pages\/136408","targetHints":{"allow":["GET"]}}],"collection":[{"href":"https:\/\/www.zoner.fi\/tuki\/wp-json\/wp\/v2\/pages"}],"about":[{"href":"https:\/\/www.zoner.fi\/tuki\/wp-json\/wp\/v2\/types\/page"}],"author":[{"embeddable":true,"href":"https:\/\/www.zoner.fi\/tuki\/wp-json\/wp\/v2\/users\/18"}],"replies":[{"embeddable":true,"href":"https:\/\/www.zoner.fi\/tuki\/wp-json\/wp\/v2\/comments?post=136408"}],"version-history":[{"count":6,"href":"https:\/\/www.zoner.fi\/tuki\/wp-json\/wp\/v2\/pages\/136408\/revisions"}],"predecessor-version":[{"id":138046,"href":"https:\/\/www.zoner.fi\/tuki\/wp-json\/wp\/v2\/pages\/136408\/revisions\/138046"}],"up":[{"embeddable":true,"href":"https:\/\/www.zoner.fi\/tuki\/wp-json\/wp\/v2\/pages\/137084"}],"wp:attachment":[{"href":"https:\/\/www.zoner.fi\/tuki\/wp-json\/wp\/v2\/media?parent=136408"}],"wp:term":[{"taxonomy":"category","embeddable":true,"href":"https:\/\/www.zoner.fi\/tuki\/wp-json\/wp\/v2\/categories?post=136408"},{"taxonomy":"post_tag","embeddable":true,"href":"https:\/\/www.zoner.fi\/tuki\/wp-json\/wp\/v2\/tags?post=136408"},{"taxonomy":"wf_page_folders","embeddable":true,"href":"https:\/\/www.zoner.fi\/tuki\/wp-json\/wp\/v2\/wf_page_folders?post=136408"}],"curies":[{"name":"wp","href":"https:\/\/api.w.org\/{rel}","templated":true}]}}