{"id":136434,"date":"2025-06-30T16:47:39","date_gmt":"2025-06-30T13:47:39","guid":{"rendered":"https:\/\/www.zoner.fi\/tuki\/?page_id=136434"},"modified":"2025-11-12T15:29:41","modified_gmt":"2025-11-12T13:29:41","slug":"webmail-sahkopostin-uudelleenohjaus-suodattimen-avulla","status":"publish","type":"page","link":"https:\/\/www.zoner.fi\/tuki\/sahkopostiohjeet\/directadmin\/webmail-sahkopostin-uudelleenohjaus-suodattimen-avulla\/","title":{"rendered":"Webmail &#8211; S\u00e4hk\u00f6postin uudelleenohjaus suodattimen avulla"},"content":{"rendered":"\n<p>Roundcube-webmailissa voit m\u00e4\u00e4ritt\u00e4\u00e4 saapuvien viestien uudelleenohjauksen suodattimen avulla.<\/p>\n\n\n\n<ul class=\"wp-block-list\">\n<li><a href=\"#1\">Luo s\u00e4hk\u00f6postin uudelleenohjaus<\/a><\/li>\n\n\n\n<li><a href=\"#2\">Poista s\u00e4hk\u00f6postin uudelleenohjaus k\u00e4yt\u00f6st\u00e4<\/a><\/li>\n<\/ul>\n\n\n\n<h2 class=\"wp-block-heading\" id=\"1\">Luo s\u00e4hk\u00f6postin uudelleenohjaus<\/h2>\n\n\n\n<p>1. Kirjaudu Webmailiin. <strong>Ohje<\/strong>: <a href=\"https:\/\/www.zoner.fi\/tuki\/sahkopostiohjeet\/directadmin\/mista-kirjaudun-webmailiin\/\">Mist\u00e4 kirjaudun Webmailiin?<\/a><\/p>\n\n\n\n<p>2. Klikkaa vasemmassa valikossa <strong>Asetukset<\/strong>. Klikkaa sitten <strong>Suodattimet <\/strong>ja <strong>Luo uusi<\/strong>.<\/p>\n\n\n\n<figure class=\"wp-block-image size-large\"><img loading=\"lazy\" decoding=\"async\" width=\"1024\" height=\"619\" src=\"https:\/\/www.zoner.fi\/tuki\/wp-content\/uploads\/2025\/06\/webmail-suodatin-1-1024x619.png\" alt=\"\" class=\"wp-image-136417\" srcset=\"https:\/\/www.zoner.fi\/tuki\/wp-content\/uploads\/2025\/06\/webmail-suodatin-1-1024x619.png 1024w, https:\/\/www.zoner.fi\/tuki\/wp-content\/uploads\/2025\/06\/webmail-suodatin-1-300x181.png 300w, https:\/\/www.zoner.fi\/tuki\/wp-content\/uploads\/2025\/06\/webmail-suodatin-1-768x464.png 768w, https:\/\/www.zoner.fi\/tuki\/wp-content\/uploads\/2025\/06\/webmail-suodatin-1-1536x928.png 1536w, https:\/\/www.zoner.fi\/tuki\/wp-content\/uploads\/2025\/06\/webmail-suodatin-1.png 1848w\" sizes=\"auto, (max-width: 1024px) 100vw, 1024px\" \/><\/figure>\n\n\n\n<p>3. Anna suodattimelle <strong>nimi<\/strong>, josta tunnistat sen, esim. &#8221;Uudelleenohjaus&#8221;. Laita suodatin <strong>p\u00e4\u00e4lle <\/strong>aktivoimalla Suodatin k\u00e4yt\u00f6ss\u00e4 -kohdan liukupainike, jos se ei ole jo aktiivinen.<\/p>\n\n\n\n<p>4. Valitse <strong>Rajaus<\/strong>-kohdassa, miss\u00e4 tapauksissa suodatinta k\u00e4ytet\u00e4\u00e4n.:<\/p>\n\n\n\n<ul class=\"wp-block-list\">\n<li><strong>T\u00e4sm\u00e4\u00e4 kaikkiin seuraavin s\u00e4\u00e4nt\u00f6ihin<\/strong>: suodatinta k\u00e4ytet\u00e4\u00e4n vain, jos kaikki m\u00e4\u00e4ritt\u00e4m\u00e4si s\u00e4\u00e4nn\u00f6t t\u00e4yttyv\u00e4t.<\/li>\n\n\n\n<li><strong>T\u00e4sm\u00e4\u00e4 mihin tahansa seuraavista s\u00e4\u00e4nn\u00f6ist\u00e4<\/strong>: suodatin toimii, jos v\u00e4hint\u00e4\u00e4n yksi m\u00e4\u00e4ritt\u00e4mist\u00e4si s\u00e4\u00e4nn\u00f6ist\u00e4 t\u00e4yttyy.<\/li>\n\n\n\n<li><strong>Kaikki viestit<\/strong>: valitse t\u00e4m\u00e4, jos haluat, ett\u00e4 kaikki saamasi viestit l\u00e4hetet\u00e4\u00e4n eteenp\u00e4in.<\/li>\n<\/ul>\n\n\n\n<figure class=\"wp-block-image size-full\"><img loading=\"lazy\" decoding=\"async\" width=\"932\" height=\"531\" src=\"https:\/\/www.zoner.fi\/tuki\/wp-content\/uploads\/2025\/07\/webmail-suodatin-rajaus-2.png\" alt=\"\" class=\"wp-image-136449\" srcset=\"https:\/\/www.zoner.fi\/tuki\/wp-content\/uploads\/2025\/07\/webmail-suodatin-rajaus-2.png 932w, https:\/\/www.zoner.fi\/tuki\/wp-content\/uploads\/2025\/07\/webmail-suodatin-rajaus-2-300x171.png 300w, https:\/\/www.zoner.fi\/tuki\/wp-content\/uploads\/2025\/07\/webmail-suodatin-rajaus-2-768x438.png 768w\" sizes=\"auto, (max-width: 932px) 100vw, 932px\" \/><\/figure>\n\n\n\n<p>4. Jos et valinnut Rajaus-kohdassa &#8221;Kaikki viestit&#8221;, voit m\u00e4\u00e4ritt\u00e4\u00e4 <strong>S\u00e4\u00e4nn\u00f6t<\/strong>-kohdassa suodattimelle ehtoja. Esimerkiksi alla olevassa kuvassa on m\u00e4\u00e4ritetty, ett\u00e4 suodatinta sovelletaan vain s\u00e4hk\u00f6posteihin, jotka on l\u00e4hetetty @verkkotunnus.fi-p\u00e4\u00e4ttyvist\u00e4 osoitteista. T\u00e4ll\u00f6in vain n\u00e4ist\u00e4 osoitteista saapuvat s\u00e4hk\u00f6postit l\u00e4hetet\u00e4\u00e4n edelleen.<\/p>\n\n\n\n<p><strong>Huomaa<\/strong>: Jos valitsit Rajaus-kohdassa &#8221;Kaikki viestit&#8221;, suodatinta sovelletaan kaikkiin saapuviin viesteihin, eik\u00e4 s\u00e4\u00e4nt\u00f6j\u00e4 tarvitse m\u00e4\u00e4ritt\u00e4\u00e4.<\/p>\n\n\n\n<figure class=\"wp-block-image size-large\"><img loading=\"lazy\" decoding=\"async\" width=\"1024\" height=\"311\" src=\"https:\/\/www.zoner.fi\/tuki\/wp-content\/uploads\/2025\/06\/webmail-suodatin-saannot-2-1024x311.png\" alt=\"\" class=\"wp-image-136436\" srcset=\"https:\/\/www.zoner.fi\/tuki\/wp-content\/uploads\/2025\/06\/webmail-suodatin-saannot-2-1024x311.png 1024w, https:\/\/www.zoner.fi\/tuki\/wp-content\/uploads\/2025\/06\/webmail-suodatin-saannot-2-300x91.png 300w, https:\/\/www.zoner.fi\/tuki\/wp-content\/uploads\/2025\/06\/webmail-suodatin-saannot-2-768x234.png 768w, https:\/\/www.zoner.fi\/tuki\/wp-content\/uploads\/2025\/06\/webmail-suodatin-saannot-2.png 1108w\" sizes=\"auto, (max-width: 1024px) 100vw, 1024px\" \/><\/figure>\n\n\n\n<p>5.  <strong>Toiminnot<\/strong>-kohdassa voit m\u00e4\u00e4ritt\u00e4\u00e4, mit\u00e4 tapahtuu, kun suodatin aktivoituu.<\/p>\n\n\n\n<p><strong>Luo saapuvien viestien uudelleenohjaus <\/strong>valitsemalla Toiminnot-kohdan valikosta &#8221;<strong>L\u00e4het\u00e4 viesti edelleen<\/strong>&#8221; tai &#8221;<strong>L\u00e4het\u00e4 kopio viestist\u00e4<\/strong>&#8221;, ja sy\u00f6t\u00e4 kentt\u00e4\u00e4n osoite, johon viestit v\u00e4litet\u00e4\u00e4n.<\/p>\n\n\n\n<ul class=\"wp-block-list\">\n<li><strong>L\u00e4het\u00e4 viesti edelleen<\/strong>: Saapuvat viestit v\u00e4litet\u00e4\u00e4n haluamaasi osoitteeseen, eik\u00e4 niist\u00e4 j\u00e4\u00e4 kopiota t\u00e4h\u00e4n s\u00e4hk\u00f6postilaatikkoon.<\/li>\n\n\n\n<li><strong>L\u00e4het\u00e4 kopio viestist\u00e4<\/strong>: Viestit saapuvat perille s\u00e4hk\u00f6postiisi normaalisti, mutta niist\u00e4 l\u00e4hetet\u00e4\u00e4n kopio haluamaasi osoitteeseen. Jos viestej\u00e4 k\u00e4sitell\u00e4\u00e4n ensisijaisesti kohdeosoitteen kautta, t\u00e4m\u00e4 s\u00e4hk\u00f6postilaatikko voi helposti t\u00e4ytty\u00e4, jos viestej\u00e4 ei poisteta siit\u00e4 s\u00e4\u00e4nn\u00f6llisesti.<\/li>\n<\/ul>\n\n\n\n<figure class=\"wp-block-image size-full\"><img loading=\"lazy\" decoding=\"async\" width=\"934\" height=\"749\" src=\"https:\/\/www.zoner.fi\/tuki\/wp-content\/uploads\/2025\/07\/webmail-suodatin-edelleenlahetys-2.png\" alt=\"\" class=\"wp-image-136446\" srcset=\"https:\/\/www.zoner.fi\/tuki\/wp-content\/uploads\/2025\/07\/webmail-suodatin-edelleenlahetys-2.png 934w, https:\/\/www.zoner.fi\/tuki\/wp-content\/uploads\/2025\/07\/webmail-suodatin-edelleenlahetys-2-300x241.png 300w, https:\/\/www.zoner.fi\/tuki\/wp-content\/uploads\/2025\/07\/webmail-suodatin-edelleenlahetys-2-768x616.png 768w\" sizes=\"auto, (max-width: 934px) 100vw, 934px\" \/><\/figure>\n\n\n\n<p>6. Klikkaa lopuksi <strong>Tallenna<\/strong>-painiketta, niin viestien edelleenl\u00e4hetys alkaa toimia. Yll\u00e4 olevassa kuvassa on m\u00e4\u00e4ritetty kaikkien saapuvien viestien edelleenl\u00e4hetys osoitteeseen &#8221;kohdeosoite@verkkotunnus.fi&#8221;.<\/p>\n\n\n\n<h2 class=\"wp-block-heading\" id=\"2\">Poista s\u00e4hk\u00f6postin uudelleenohjaus k\u00e4yt\u00f6st\u00e4<\/h2>\n\n\n\n<p>Voit poistaa edelleenl\u00e4hetyksen k\u00e4yt\u00f6st\u00e4 n\u00e4in:<\/p>\n\n\n\n<p>1. Siirry Webmailissa sivulle <strong>Asetukset <\/strong>-&gt; <strong>Suodattimet<\/strong> ja klikkaa suodattimen nime\u00e4 listassa.<\/p>\n\n\n\n<p>2. Klikkaa <strong>Suodatin k\u00e4yt\u00f6ss\u00e4<\/strong> -kohdassa liukupainike pois p\u00e4\u00e4lt\u00e4 ja <strong>Tallenna<\/strong>.<\/p>\n\n\n\n<figure class=\"wp-block-image size-large\"><img loading=\"lazy\" decoding=\"async\" width=\"1024\" height=\"608\" src=\"https:\/\/www.zoner.fi\/tuki\/wp-content\/uploads\/2025\/06\/webmail-suodatin-edelleenlahetys-poista-kaytosta-1024x608.png\" alt=\"\" class=\"wp-image-136438\" srcset=\"https:\/\/www.zoner.fi\/tuki\/wp-content\/uploads\/2025\/06\/webmail-suodatin-edelleenlahetys-poista-kaytosta-1024x608.png 1024w, https:\/\/www.zoner.fi\/tuki\/wp-content\/uploads\/2025\/06\/webmail-suodatin-edelleenlahetys-poista-kaytosta-300x178.png 300w, https:\/\/www.zoner.fi\/tuki\/wp-content\/uploads\/2025\/06\/webmail-suodatin-edelleenlahetys-poista-kaytosta-768x456.png 768w, https:\/\/www.zoner.fi\/tuki\/wp-content\/uploads\/2025\/06\/webmail-suodatin-edelleenlahetys-poista-kaytosta-1536x912.png 1536w, https:\/\/www.zoner.fi\/tuki\/wp-content\/uploads\/2025\/06\/webmail-suodatin-edelleenlahetys-poista-kaytosta.png 1919w\" sizes=\"auto, (max-width: 1024px) 100vw, 1024px\" \/><\/figure>\n\n\n\n<h2 class=\"wp-block-heading\">Lue my\u00f6s:<\/h2>\n\n\n\n<ul class=\"wp-block-list\">\n<li><a href=\"https:\/\/www.zoner.fi\/tuki\/sahkopostiohjeet\/directadmin\/miten-valitan-viestit-toiseen-osoitteeseen-webhotellin-sahkopostissa\/\">Miten v\u00e4lit\u00e4n viestit toiseen osoitteeseen webhotellin s\u00e4hk\u00f6postissa?<\/a><\/li>\n\n\n\n<li><a href=\"https:\/\/www.zoner.fi\/tuki\/sahkopostiohjeet\/directadmin\/webmail-luo-automaattinen-vastaus-eli-lomavastaaja-suodattimien-avulla\/\">Webmail \u2013 Luo automaattinen vastaus eli lomavastaaja suodattimen avulla<\/a><\/li>\n<\/ul>\n","protected":false},"excerpt":{"rendered":"<p>Roundcube-webmailissa voit m\u00e4\u00e4ritt\u00e4\u00e4 saapuvien viestien uudelleenohjauksen suodattimen avulla. Luo s\u00e4hk\u00f6postin uudelleenohjaus 1. Kirjaudu Webmailiin. Ohje: Mist\u00e4 kirjaudun Webmailiin? 2. Klikkaa vasemmassa valikossa Asetukset. Klikkaa sitten Suodattimet ja Luo uusi. 3. Anna suodattimelle nimi, josta tunnistat sen, esim. &#8221;Uudelleenohjaus&#8221;. Laita suodatin p\u00e4\u00e4lle aktivoimalla Suodatin k\u00e4yt\u00f6ss\u00e4 -kohdan liukupainike, jos se ei ole jo aktiivinen. 4. Valitse Rajaus-kohdassa, &#8230; <a title=\"Webmail &#8211; S\u00e4hk\u00f6postin uudelleenohjaus suodattimen avulla\" class=\"read-more\" href=\"https:\/\/www.zoner.fi\/tuki\/sahkopostiohjeet\/directadmin\/webmail-sahkopostin-uudelleenohjaus-suodattimen-avulla\/\" aria-label=\"Lue lis\u00e4\u00e4 aiheesta Webmail &#8211; S\u00e4hk\u00f6postin uudelleenohjaus suodattimen avulla\">Lue lis\u00e4\u00e4<\/a><\/p>\n","protected":false},"author":18,"featured_media":0,"parent":137084,"menu_order":0,"comment_status":"closed","ping_status":"closed","template":"","meta":{"_relevanssi_hide_post":"","_relevanssi_hide_content":"","_relevanssi_pin_for_all":"","_relevanssi_pin_keywords":"","_relevanssi_unpin_keywords":"","_relevanssi_related_keywords":"","_relevanssi_related_include_ids":"","_relevanssi_related_exclude_ids":"","_relevanssi_related_no_append":"","_relevanssi_related_not_related":"","_relevanssi_related_posts":"135710,136107,130899,134877,130819,130578","_relevanssi_noindex_reason":"","footnotes":""},"categories":[213,195,193,194,196],"tags":[216],"wf_page_folders":[],"class_list":{"0":"post-136434","1":"page","2":"type-page","3":"status-publish","5":"category-cpanel-webhotelli-fi-sahkoposti","6":"category-cpanel-wepardi-sahkoposti","7":"category-directadmin-sahkoposti","8":"category-zoner-home","9":"category-zoner-sahkoposti","10":"tag-webmail"},"_links":{"self":[{"href":"https:\/\/www.zoner.fi\/tuki\/wp-json\/wp\/v2\/pages\/136434","targetHints":{"allow":["GET"]}}],"collection":[{"href":"https:\/\/www.zoner.fi\/tuki\/wp-json\/wp\/v2\/pages"}],"about":[{"href":"https:\/\/www.zoner.fi\/tuki\/wp-json\/wp\/v2\/types\/page"}],"author":[{"embeddable":true,"href":"https:\/\/www.zoner.fi\/tuki\/wp-json\/wp\/v2\/users\/18"}],"replies":[{"embeddable":true,"href":"https:\/\/www.zoner.fi\/tuki\/wp-json\/wp\/v2\/comments?post=136434"}],"version-history":[{"count":8,"href":"https:\/\/www.zoner.fi\/tuki\/wp-json\/wp\/v2\/pages\/136434\/revisions"}],"predecessor-version":[{"id":138047,"href":"https:\/\/www.zoner.fi\/tuki\/wp-json\/wp\/v2\/pages\/136434\/revisions\/138047"}],"up":[{"embeddable":true,"href":"https:\/\/www.zoner.fi\/tuki\/wp-json\/wp\/v2\/pages\/137084"}],"wp:attachment":[{"href":"https:\/\/www.zoner.fi\/tuki\/wp-json\/wp\/v2\/media?parent=136434"}],"wp:term":[{"taxonomy":"category","embeddable":true,"href":"https:\/\/www.zoner.fi\/tuki\/wp-json\/wp\/v2\/categories?post=136434"},{"taxonomy":"post_tag","embeddable":true,"href":"https:\/\/www.zoner.fi\/tuki\/wp-json\/wp\/v2\/tags?post=136434"},{"taxonomy":"wf_page_folders","embeddable":true,"href":"https:\/\/www.zoner.fi\/tuki\/wp-json\/wp\/v2\/wf_page_folders?post=136434"}],"curies":[{"name":"wp","href":"https:\/\/api.w.org\/{rel}","templated":true}]}}