{"id":136458,"date":"2025-07-03T10:59:56","date_gmt":"2025-07-03T07:59:56","guid":{"rendered":"https:\/\/www.zoner.fi\/tuki\/?page_id=136458"},"modified":"2025-09-17T10:53:43","modified_gmt":"2025-09-17T07:53:43","slug":"verkkotunnus-palveluntarjoajan-vaihto","status":"publish","type":"page","link":"https:\/\/www.zoner.fi\/tuki\/verkkotunnus\/verkkotunnus-palveluntarjoajan-vaihto\/","title":{"rendered":"Miten siirr\u00e4n verkkotunnuksen Zonerilta toiselle palveluntarjoajalle?"},"content":{"rendered":"\n<p>Verkkotunnuksen saat siirretty\u00e4 toiselle palveluntarjoajalle v\u00e4litt\u00e4j\u00e4n vaihtoavaimella. V\u00e4litt\u00e4j\u00e4n vaihtoavaimen saa\u00a0<strong>verkkotunnuksen omistaja\u00a0<\/strong>pyydetty\u00e4 s\u00e4hk\u00f6postilla meid\u00e4n asiakaspalvelustamme\u00a0<a href=\"mailto:tuki@zoner.fi\" target=\"_blank\" rel=\"noreferrer noopener\">tuki@zoner.fi<\/a><\/p>\n\n\n\n<p>Jos haluat pit\u00e4\u00e4 verkkotunnuksesi Zonerilla, mutta muuttaa sen omistajan esimerkiksi yrityksest\u00e4 yksityishenkil\u00f6ksi tai toiseksi yritykseksi, lue ohje: <a href=\"https:\/\/www.zoner.fi\/tuki\/verkkotunnus\/miten-siirran-verkkotunnuksen-omistajalta-toiselle\/\">Miten siirr\u00e4n verkkotunnuksen omistajalta toiselle?<\/a><\/p>\n\n\n\n<ul class=\"wp-block-list\">\n<li><a href=\"#1\">.fi-verkkotunnuksen siirto<\/a><\/li>\n\n\n\n<li><a href=\"#2\">Kansainv\u00e4lisen verkkotunnuksen siirto (esim. com-, org- ja net-p\u00e4\u00e4tteet)<\/a><\/li>\n<\/ul>\n\n\n\n<p><strong>Huom<\/strong>: Verkkotunnuksen siirt\u00e4minen toiselle palveluntarjoajalle ei automaattisesti  irtisano sopimustasi Zonerilla. Jos haluat irtisanoa sopimuksen, voit tehd\u00e4 sen <a href=\"https:\/\/www.zoner.fi\/tuki\/zoner-home\/miten-irtisanon-palveluni\/\">Zoner Homessa<\/a> tai ottamalla yhteytt\u00e4 asiakaspalveluumme.<\/p>\n\n\n\n<h2 class=\"wp-block-heading\" id=\"1\">.fi-verkkotunnuksen siirto<\/h2>\n\n\n\n<p>Zonerin v\u00e4lityksess\u00e4 olevan verkkotunnuksen siirto toiselle palveluntarjoajalle tapahtuu n\u00e4in:<\/p>\n\n\n\n<p>1. Pyyd\u00e4 verkkotunnuksen <strong><a href=\"https:\/\/www.zoner.fi\/tuki\/verkkotunnus\/valittajan-vaihtoavain-ja-siirtoavain\/#valittajanvaihtoavain\">v\u00e4litt\u00e4j\u00e4n vaihtoavain<\/a><\/strong> Zonerin asiakaspalvelulta (tuki@zoner.fi). Muista my\u00f6s irtisanoa verkkotunnussopimus sek\u00e4 mahdolliset siihen liittyv\u00e4t lis\u00e4palvelut, jos et tarvitse niit\u00e4 en\u00e4\u00e4. V\u00e4litt\u00e4j\u00e4n vaihtoavaimen pyyt\u00e4minen ei viel\u00e4 irtisano verkkotunnuksen palveluita.<\/p>\n\n\n\n<p>2. Tee verkkotunnustilaus uudella palveluntarjoajallasi ja anna heille v\u00e4litt\u00e4j\u00e4n vaihtoavain. .fi-verkkotunnuksella v\u00e4litt\u00e4j\u00e4n vaihtoavain on voimassa 30 p\u00e4iv\u00e4\u00e4. Mik\u00e4li verkkotunnussopimus p\u00e4\u00e4ttyy ja verkkotunnus vanhenee, v\u00e4litt\u00e4j\u00e4n vaihtoavain voidaan toimittaa viel\u00e4 1 kk ajan verkkotunnuksen rekister\u00f6innin vanhenemisesta, ennen kuin verkkotunnus vapautuu kenen tahansa varattavaksi, jolloin saatat menett\u00e4\u00e4 sen.<\/p>\n\n\n\n<h2 class=\"wp-block-heading\" id=\"2\">Kansainv\u00e4lisen verkkotunnuksen siirto (esim. com-, org- ja net-p\u00e4\u00e4tteet)<\/h2>\n\n\n\n<p>1. Pyyd\u00e4 verkkotunnuksen <a href=\"https:\/\/www.zoner.fi\/tuki\/verkkotunnus\/valittajan-vaihtoavain-ja-siirtoavain\/#siirtoavain-2\"><strong>siirtoavain <\/strong><\/a>Zonerin asiakaspalvelulta (tuki@zoner.fi). Muista samalla irtisanoa verkkotunnussopimus sek\u00e4 mahdolliset siihen liittyv\u00e4t lis\u00e4palvelut, jos et tarvitse niit\u00e4 en\u00e4\u00e4. Siirtoavaimen pyyt\u00e4minen ei viel\u00e4 irtisano verkkotunnusopimustasi Zonerin kanssa.<\/p>\n\n\n\n<p>2. Tee verkkotunnustilaus uudella palveluntarjoajallasi ja anna heille siirtoavain.<\/p>\n\n\n\n<p>Zoner voi toimittaa sinulle siirtoavaimen, vaikka sopimuksesi Zonerilla olisi jo p\u00e4\u00e4ttynyt. Yleens\u00e4 vanhentuneen verkkotunnuksen pystyy viel\u00e4 palauttamaan 1kk sis\u00e4ll\u00e4 sen vanhenemisesta, mutta t\u00e4m\u00e4n palautusjakson kesto vaihtelee rekisterist\u00e4 riippuen. Verkkotunnusrekisteri veloittaa vanhentuneen verkkotunnuksen palauttamisesta maksun, joka voi olla jopa 200-300 euroa. Zoner ei voi vaikuttaa n\u00e4ihin maksuihin tai palautusjaksojen kestoon. Palautusjakson p\u00e4\u00e4tytty\u00e4 verkkotunnus vapautuu kenen tahansa rekister\u00f6it\u00e4v\u00e4ksi.<\/p>\n\n\n\n<h2 class=\"wp-block-heading\">Lue my\u00f6s<\/h2>\n\n\n\n<ul class=\"wp-block-list\">\n<li><a href=\"https:\/\/www.zoner.fi\/tuki\/verkkotunnus\/valittajan-vaihtoavain-ja-siirtoavain\/\">Mit\u00e4 ovat v\u00e4litt\u00e4j\u00e4n vaihtoavain ja siirtoavain?<\/a><\/li>\n\n\n\n<li><a href=\"https:\/\/www.zoner.fi\/tuki\/verkkotunnus\/miten-siirran-verkkotunnuksen-omistajalta-toiselle\/\">Miten siirr\u00e4n verkkotunnuksen omistajalta toiselle?<\/a><\/li>\n\n\n\n<li><a href=\"https:\/\/www.zoner.fi\/tuki\/verkkotunnus\/miten-siirran-domainin-zonerille\/\">Miten siirr\u00e4n domainin Zonerille?<\/a><\/li>\n<\/ul>\n","protected":false},"excerpt":{"rendered":"<p>Verkkotunnuksen saat siirretty\u00e4 toiselle palveluntarjoajalle v\u00e4litt\u00e4j\u00e4n vaihtoavaimella. V\u00e4litt\u00e4j\u00e4n vaihtoavaimen saa\u00a0verkkotunnuksen omistaja\u00a0pyydetty\u00e4 s\u00e4hk\u00f6postilla meid\u00e4n asiakaspalvelustamme\u00a0tuki@zoner.fi Jos haluat pit\u00e4\u00e4 verkkotunnuksesi Zonerilla, mutta muuttaa sen omistajan esimerkiksi yrityksest\u00e4 yksityishenkil\u00f6ksi tai toiseksi yritykseksi, lue ohje: Miten siirr\u00e4n verkkotunnuksen omistajalta toiselle? Huom: Verkkotunnuksen siirt\u00e4minen toiselle palveluntarjoajalle ei automaattisesti irtisano sopimustasi Zonerilla. Jos haluat irtisanoa sopimuksen, voit tehd\u00e4 sen Zoner Homessa &#8230; <a title=\"Miten siirr\u00e4n verkkotunnuksen Zonerilta toiselle palveluntarjoajalle?\" class=\"read-more\" href=\"https:\/\/www.zoner.fi\/tuki\/verkkotunnus\/verkkotunnus-palveluntarjoajan-vaihto\/\" aria-label=\"Lue lis\u00e4\u00e4 aiheesta Miten siirr\u00e4n verkkotunnuksen Zonerilta toiselle palveluntarjoajalle?\">Lue lis\u00e4\u00e4<\/a><\/p>\n","protected":false},"author":18,"featured_media":0,"parent":72,"menu_order":0,"comment_status":"closed","ping_status":"closed","template":"","meta":{"_relevanssi_hide_post":"","_relevanssi_hide_content":"","_relevanssi_pin_for_all":"","_relevanssi_pin_keywords":"","_relevanssi_unpin_keywords":"","_relevanssi_related_keywords":"","_relevanssi_related_include_ids":"","_relevanssi_related_exclude_ids":"","_relevanssi_related_no_append":"","_relevanssi_related_not_related":"","_relevanssi_related_posts":"136529,132254,136960,134717,136663,131541","_relevanssi_noindex_reason":"","footnotes":""},"categories":[211,212,209,210],"tags":[208],"wf_page_folders":[],"class_list":{"0":"post-136458","1":"page","2":"type-page","3":"status-publish","5":"category-cpanel-webhotelli-fi","6":"category-cpanel-wepardi-verkkotunnus","7":"category-directadmin-verkkotunnus","8":"category-zoner-home-verkkotunnus","9":"tag-verkkotunnuksen-siirtaminen"},"_links":{"self":[{"href":"https:\/\/www.zoner.fi\/tuki\/wp-json\/wp\/v2\/pages\/136458","targetHints":{"allow":["GET"]}}],"collection":[{"href":"https:\/\/www.zoner.fi\/tuki\/wp-json\/wp\/v2\/pages"}],"about":[{"href":"https:\/\/www.zoner.fi\/tuki\/wp-json\/wp\/v2\/types\/page"}],"author":[{"embeddable":true,"href":"https:\/\/www.zoner.fi\/tuki\/wp-json\/wp\/v2\/users\/18"}],"replies":[{"embeddable":true,"href":"https:\/\/www.zoner.fi\/tuki\/wp-json\/wp\/v2\/comments?post=136458"}],"version-history":[{"count":10,"href":"https:\/\/www.zoner.fi\/tuki\/wp-json\/wp\/v2\/pages\/136458\/revisions"}],"predecessor-version":[{"id":136510,"href":"https:\/\/www.zoner.fi\/tuki\/wp-json\/wp\/v2\/pages\/136458\/revisions\/136510"}],"up":[{"embeddable":true,"href":"https:\/\/www.zoner.fi\/tuki\/wp-json\/wp\/v2\/pages\/72"}],"wp:attachment":[{"href":"https:\/\/www.zoner.fi\/tuki\/wp-json\/wp\/v2\/media?parent=136458"}],"wp:term":[{"taxonomy":"category","embeddable":true,"href":"https:\/\/www.zoner.fi\/tuki\/wp-json\/wp\/v2\/categories?post=136458"},{"taxonomy":"post_tag","embeddable":true,"href":"https:\/\/www.zoner.fi\/tuki\/wp-json\/wp\/v2\/tags?post=136458"},{"taxonomy":"wf_page_folders","embeddable":true,"href":"https:\/\/www.zoner.fi\/tuki\/wp-json\/wp\/v2\/wf_page_folders?post=136458"}],"curies":[{"name":"wp","href":"https:\/\/api.w.org\/{rel}","templated":true}]}}