{"id":136470,"date":"2025-07-03T10:50:59","date_gmt":"2025-07-03T07:50:59","guid":{"rendered":"https:\/\/www.zoner.fi\/tuki\/?page_id=136470"},"modified":"2025-09-17T10:54:08","modified_gmt":"2025-09-17T07:54:08","slug":"miten-siirran-verkkotunnuksen-omistajalta-toiselle","status":"publish","type":"page","link":"https:\/\/www.zoner.fi\/tuki\/verkkotunnus\/miten-siirran-verkkotunnuksen-omistajalta-toiselle\/","title":{"rendered":"Miten siirr\u00e4n verkkotunnuksen omistajalta toiselle?"},"content":{"rendered":"\n<p>Haluatko siirt\u00e4\u00e4 omistamasi verkkotunnuksen toiselle henkil\u00f6lle tai yritykselle? Jos verkkotunnuksesi on tilattu Zonerilta, voit muuttaa sen omistajaa alla kuvatulla tavalla.<\/p>\n\n\n\n<p>Jos haluat omistajanmuutoksen lis\u00e4ksi tai sen sijaan siirt\u00e4\u00e4 verkkotunnuksen toiselle palveluntarjoajalle, lue ohje: <a href=\"https:\/\/www.zoner.fi\/tuki\/verkkotunnus\/verkkotunnus-palveluntarjoajan-vaihto\/\">Miten siirr\u00e4n verkkotunnuksen Zonerilta toiselle palveluntarjoajalle?<\/a><\/p>\n\n\n\n<ul class=\"wp-block-list\">\n<li><a href=\"#1\">.fi-verkkotunnuksen omistajanmuutos<\/a><\/li>\n\n\n\n<li><a href=\"#2\">Kansainv\u00e4lisen verkkotunnuksen omistajanmuutos (esim. com-, org- ja net-p\u00e4\u00e4tteet)<\/a><\/li>\n<\/ul>\n\n\n\n<h2 class=\"wp-block-heading\" id=\"1\">.fi-verkkotunnuksen omistajanmuutos<\/h2>\n\n\n\n<p>Voit siirt\u00e4\u00e4 omistamasi fi-verkkotunnuksen toiselle omistajalle n\u00e4in:<\/p>\n\n\n\n<p>1. Pyyd\u00e4 verkkotunnuksen <strong><a href=\"https:\/\/www.zoner.fi\/tuki\/verkkotunnus\/valittajan-vaihtoavain-ja-siirtoavain\/#siirtoavain\">siirtoavain <\/a><\/strong>Zonerin asiakaspalvelulta (tuki@zoner.fi). Zoner v\u00e4litt\u00e4\u00e4 pyynn\u00f6n Traficomille.<\/p>\n\n\n\n<p>Traficom l\u00e4hett\u00e4\u00e4 siirtoavaimen siihen s\u00e4hk\u00f6postiosoitteeseen, joka on Traficomin rekisteriss\u00e4 merkitty verkkotunnuksen omistajan s\u00e4hk\u00f6postiosoitteeksi. N\u00e4in varmistetaan, ett\u00e4 muutosta pyyt\u00e4nyt henkil\u00f6 on varmasti verkkotunnuksen omistaja. T\u00e4m\u00e4 menettely on Traficomin edellytt\u00e4m\u00e4, ja sen tarkoitus on taata verkkotunnuksen omistajan oikeusturva.<\/p>\n\n\n\n<p>2. L\u00e4het\u00e4 Traficomilta saamasi siirtoavain Zonerin asiakaspalvelulle ja ilmoita, mit\u00e4 muutoksia haluat tehd\u00e4 verkkotunnuksen omistajan tietoihin. P\u00e4ivit\u00e4mme tiedot verkkotunnukselle, mink\u00e4 j\u00e4lkeen omistajanmuutos on valmis.<\/p>\n\n\n\n<h2 class=\"wp-block-heading\" id=\"2\">Kansainv\u00e4lisen verkkotunnuksen omistajanmuutos (esim. com-, org- ja net-p\u00e4\u00e4tteet)<\/h2>\n\n\n\n<p>1. Ota yhteytt\u00e4 Zonerin asiakaspalveluun (tuki@zoner.fi) ja kerro viestiss\u00e4, mit\u00e4 muutoksia haluat tehd\u00e4 verkkotunnuksen omistajan tietoihin.<\/p>\n\n\n\n<p>2. P\u00e4ivit\u00e4mme verkkotunnuksen omistajan tiedot rekisteriin. T\u00e4m\u00e4n j\u00e4lkeen verkkotunnuksen omistaja saa yleens\u00e4 s\u00e4hk\u00f6postiinsa vahvistusviestin (esim. <a href=\"https:\/\/www.zoner.fi\/tuki\/verkkotunnus\/whois-tietojenvahvistus-miksi-sain-sen-ja-mita-pitaa-tehda\/\">WHOIS-viesti<\/a>), jossa h\u00e4nt\u00e4 pyydet\u00e4\u00e4n vahvistamaan tietojenmuutos. Vahvistus on t\u00e4rke\u00e4 tehd\u00e4 viestiss\u00e4 pyydetyll\u00e4 tavalla, sill\u00e4 muuten verkkotunnusrekisteri j\u00e4\u00e4dytt\u00e4\u00e4 verkkotunnuksen. Zoner voi verkkotunnusv\u00e4litt\u00e4j\u00e4n\u00e4 auttaa j\u00e4\u00e4dytyksen poistamisessa.<\/p>\n\n\n\n<p>Vahvistusviestit sis\u00e4lt\u00f6ineen vaihtelevat verkkotunnusp\u00e4\u00e4tteen mukaan. Joidenkin p\u00e4\u00e4tteiden osalta vahvistusta ei edellytet\u00e4, jolloin my\u00f6sk\u00e4\u00e4n vahvistusviesti\u00e4 ei l\u00e4hetet\u00e4.<\/p>\n\n\n\n<h2 class=\"wp-block-heading\">Lue my\u00f6s<\/h2>\n\n\n\n<ul class=\"wp-block-list\">\n<li><a href=\"https:\/\/www.zoner.fi\/tuki\/verkkotunnus\/valittajan-vaihtoavain-ja-siirtoavain\/\">Mit\u00e4 ovat v\u00e4litt\u00e4j\u00e4n vaihtoavain ja siirtoavain?<\/a><\/li>\n\n\n\n<li><a href=\"https:\/\/www.zoner.fi\/tuki\/verkkotunnus\/miten-siirran-domainin-zonerille\/\">Miten siirr\u00e4n domainin Zonerille?<\/a><\/li>\n\n\n\n<li><a href=\"https:\/\/www.zoner.fi\/tuki\/verkkotunnus\/verkkotunnus-palveluntarjoajan-vaihto\/\">Miten siirr\u00e4n verkkotunnuksen Zonerilta toiselle palveluntarjoajalle?<\/a><\/li>\n\n\n\n<li><a href=\"https:\/\/www.zoner.fi\/tuki\/verkkotunnus\/whois-tietojenvahvistus-miksi-sain-sen-ja-mita-pitaa-tehda\/\">WHOIS tietojenvahvistus \u2013 miksi sain sen ja mit\u00e4 pit\u00e4\u00e4 tehd\u00e4?<\/a><\/li>\n\n\n\n<li><a href=\"https:\/\/www.zoner.fi\/tuki\/verkkotunnus\/icann-viesti-miksi-sain-sen-ja-mita-pitaa-tehda\/\">ICANN viesti \u2013 miksi sain sen ja mit\u00e4 pit\u00e4\u00e4 tehd\u00e4?<\/a><\/li>\n<\/ul>\n","protected":false},"excerpt":{"rendered":"<p>Domainin siirto palveluntarjoajalta toiselle onnistuu helposti. Siirtoon tarvitaan kuitenkin muutamia toimenpiteit\u00e4, jotka vaihtelevat hieman valitusta domainista.<\/p>\n","protected":false},"author":18,"featured_media":0,"parent":72,"menu_order":28,"comment_status":"closed","ping_status":"closed","template":"","meta":{"_relevanssi_hide_post":"","_relevanssi_hide_content":"","_relevanssi_pin_for_all":"","_relevanssi_pin_keywords":"","_relevanssi_unpin_keywords":"","_relevanssi_related_keywords":"","_relevanssi_related_include_ids":"","_relevanssi_related_exclude_ids":"","_relevanssi_related_no_append":"","_relevanssi_related_not_related":"","_relevanssi_related_posts":"1076,1063,1066","_relevanssi_noindex_reason":"","footnotes":""},"categories":[211,212,209,210],"tags":[208],"wf_page_folders":[],"class_list":{"0":"post-136470","1":"page","2":"type-page","3":"status-publish","5":"category-cpanel-webhotelli-fi","6":"category-cpanel-wepardi-verkkotunnus","7":"category-directadmin-verkkotunnus","8":"category-zoner-home-verkkotunnus","9":"tag-verkkotunnuksen-siirtaminen"},"_links":{"self":[{"href":"https:\/\/www.zoner.fi\/tuki\/wp-json\/wp\/v2\/pages\/136470","targetHints":{"allow":["GET"]}}],"collection":[{"href":"https:\/\/www.zoner.fi\/tuki\/wp-json\/wp\/v2\/pages"}],"about":[{"href":"https:\/\/www.zoner.fi\/tuki\/wp-json\/wp\/v2\/types\/page"}],"author":[{"embeddable":true,"href":"https:\/\/www.zoner.fi\/tuki\/wp-json\/wp\/v2\/users\/18"}],"replies":[{"embeddable":true,"href":"https:\/\/www.zoner.fi\/tuki\/wp-json\/wp\/v2\/comments?post=136470"}],"version-history":[{"count":15,"href":"https:\/\/www.zoner.fi\/tuki\/wp-json\/wp\/v2\/pages\/136470\/revisions"}],"predecessor-version":[{"id":136505,"href":"https:\/\/www.zoner.fi\/tuki\/wp-json\/wp\/v2\/pages\/136470\/revisions\/136505"}],"up":[{"embeddable":true,"href":"https:\/\/www.zoner.fi\/tuki\/wp-json\/wp\/v2\/pages\/72"}],"wp:attachment":[{"href":"https:\/\/www.zoner.fi\/tuki\/wp-json\/wp\/v2\/media?parent=136470"}],"wp:term":[{"taxonomy":"category","embeddable":true,"href":"https:\/\/www.zoner.fi\/tuki\/wp-json\/wp\/v2\/categories?post=136470"},{"taxonomy":"post_tag","embeddable":true,"href":"https:\/\/www.zoner.fi\/tuki\/wp-json\/wp\/v2\/tags?post=136470"},{"taxonomy":"wf_page_folders","embeddable":true,"href":"https:\/\/www.zoner.fi\/tuki\/wp-json\/wp\/v2\/wf_page_folders?post=136470"}],"curies":[{"name":"wp","href":"https:\/\/api.w.org\/{rel}","templated":true}]}}