{"id":136606,"date":"2025-08-20T13:33:50","date_gmt":"2025-08-20T10:33:50","guid":{"rendered":"https:\/\/www.zoner.fi\/tuki\/?page_id=136606"},"modified":"2025-11-12T15:15:00","modified_gmt":"2025-11-12T13:15:00","slug":"sahkopostin-automaattinen-vastaus","status":"publish","type":"page","link":"https:\/\/www.zoner.fi\/tuki\/sahkopostiohjeet\/cpanel-wepardi\/sahkopostin-automaattinen-vastaus\/","title":{"rendered":"Miten hallinnoin s\u00e4hk\u00f6postien automaattisia vastaajia?"},"content":{"rendered":"\n<p>Jos sinulla on tarve lis\u00e4t\u00e4&nbsp;<strong>s\u00e4hk\u00f6postiisi automaattinen vastaaja, esimerkiksi loman ajaksi<\/strong>, niin se onnistuu cPanelista kohdasta&nbsp;<strong>S\u00e4hk\u00f6posti&nbsp;\u2192 Automaattiset vastaajat<\/strong>:<\/p>\n\n\n\n<ol class=\"wp-block-list\">\n<li>Kirjaudu cPaneliin Zoner Homen kautta. <strong>Ohje<\/strong>: <a href=\"https:\/\/www.zoner.fi\/tuki\/webhotellit\/cpanel-webhotelli-fi\/cpanel-palvelunhallintaan-siirtyminen\/\">cPanel-palvelunhallintaan siirtyminen<\/a><\/li>\n\n\n\n<li>Avaa cPanelissa kohta&nbsp;<strong>S\u00e4hk\u00f6posti&nbsp;\u2192 Automaattiset vastaajat<\/strong>.<\/li>\n\n\n\n<li>Lis\u00e4\u00e4 uusi automaattinen vastaaja kohdassa&nbsp;<strong>Lis\u00e4\u00e4 automaattinen vastaaja<\/strong>.<\/li>\n\n\n\n<li>Saat eteesi lomakkeen, johon voit t\u00e4ytt\u00e4\u00e4 haluamasi tiedot:<\/li>\n<\/ol>\n\n\n\n<ul class=\"wp-block-list\">\n<li>Kohtaan&nbsp;<strong>V\u00e4li<\/strong>&nbsp;laita se tuntim\u00e4\u00e4r\u00e4 joka odotetaan ennen kuin samalle vastaanottajalle l\u00e4hetet\u00e4\u00e4n automaattinen vastaaja uudelleen. Jos haluat, ett\u00e4 automaattinen vastaaja l\u00e4hetet\u00e4\u00e4n joka kerta, niin laita t\u00e4h\u00e4n kohtaan 0.<\/li>\n\n\n\n<li>Kohtaan&nbsp;<strong>S\u00e4hk\u00f6posti&nbsp;<\/strong>lis\u00e4\u00e4 se s\u00e4hk\u00f6postin alkuosa, jolle haluat automaattisen vastaajan lis\u00e4t\u00e4<\/li>\n\n\n\n<li>Kohdassa&nbsp;<strong>Toimialue&nbsp;<\/strong>on jo valmiina s\u00e4hk\u00f6postisi loppuosa<\/li>\n\n\n\n<li>Kohtaan&nbsp;<strong>L\u00e4hde<\/strong>&nbsp;voit m\u00e4\u00e4ritell\u00e4 sen k\u00e4ytt\u00e4j\u00e4nimen jonka haluat n\u00e4kyv\u00e4n automaattisen viestin l\u00e4hett\u00e4j\u00e4n nimen\u00e4<\/li>\n\n\n\n<li>Kohdassa&nbsp;<strong>Aihe&nbsp;<\/strong>voit antaa viestille haluamasi otsikon<\/li>\n\n\n\n<li>Kohdassa&nbsp;<strong>Tekstiosa<\/strong>&nbsp;m\u00e4\u00e4ritell\u00e4\u00e4n se tekstiosa jonka haluat automaattisessa vastaajassa n\u00e4kyv\u00e4n<\/li>\n\n\n\n<li>Lopuksi voit viel\u00e4 valita milloin automaattinen vastaaja on k\u00e4yt\u00f6ss\u00e4<\/li>\n<\/ul>\n\n\n\n<p>5. Kun tarvittavat tiedot on lis\u00e4tty, tallenna automaattinen vastaaja klikkaamalla <strong>Luo.<\/strong><\/p>\n\n\n\n<p>Kun automaattinen vastaaja on luotu, se n\u00e4kyy kohdassa&nbsp;<strong>Nykyiset automaattiset vastaajat<\/strong>&nbsp;josta sen voi my\u00f6s poistaa kun sit\u00e4 ei en\u00e4\u00e4 tarvita.<\/p>\n","protected":false},"excerpt":{"rendered":"<p>Automaattisen vastauksen luominen cPanelissa<\/p>\n","protected":false},"author":18,"featured_media":0,"parent":137353,"menu_order":0,"comment_status":"closed","ping_status":"closed","template":"","meta":{"_relevanssi_hide_post":"","_relevanssi_hide_content":"","_relevanssi_pin_for_all":"","_relevanssi_pin_keywords":"","_relevanssi_unpin_keywords":"","_relevanssi_related_keywords":"","_relevanssi_related_include_ids":"","_relevanssi_related_exclude_ids":"","_relevanssi_related_no_append":"","_relevanssi_related_not_related":"","_relevanssi_related_posts":"135737,130455,136211,131506,136147,132938","_relevanssi_noindex_reason":"","footnotes":""},"categories":[195],"tags":[214],"wf_page_folders":[],"class_list":{"0":"post-136606","1":"page","2":"type-page","3":"status-publish","5":"category-cpanel-wepardi-sahkoposti","6":"tag-sahkopostin-hallinta"},"_links":{"self":[{"href":"https:\/\/www.zoner.fi\/tuki\/wp-json\/wp\/v2\/pages\/136606","targetHints":{"allow":["GET"]}}],"collection":[{"href":"https:\/\/www.zoner.fi\/tuki\/wp-json\/wp\/v2\/pages"}],"about":[{"href":"https:\/\/www.zoner.fi\/tuki\/wp-json\/wp\/v2\/types\/page"}],"author":[{"embeddable":true,"href":"https:\/\/www.zoner.fi\/tuki\/wp-json\/wp\/v2\/users\/18"}],"replies":[{"embeddable":true,"href":"https:\/\/www.zoner.fi\/tuki\/wp-json\/wp\/v2\/comments?post=136606"}],"version-history":[{"count":5,"href":"https:\/\/www.zoner.fi\/tuki\/wp-json\/wp\/v2\/pages\/136606\/revisions"}],"predecessor-version":[{"id":138037,"href":"https:\/\/www.zoner.fi\/tuki\/wp-json\/wp\/v2\/pages\/136606\/revisions\/138037"}],"up":[{"embeddable":true,"href":"https:\/\/www.zoner.fi\/tuki\/wp-json\/wp\/v2\/pages\/137353"}],"wp:attachment":[{"href":"https:\/\/www.zoner.fi\/tuki\/wp-json\/wp\/v2\/media?parent=136606"}],"wp:term":[{"taxonomy":"category","embeddable":true,"href":"https:\/\/www.zoner.fi\/tuki\/wp-json\/wp\/v2\/categories?post=136606"},{"taxonomy":"post_tag","embeddable":true,"href":"https:\/\/www.zoner.fi\/tuki\/wp-json\/wp\/v2\/tags?post=136606"},{"taxonomy":"wf_page_folders","embeddable":true,"href":"https:\/\/www.zoner.fi\/tuki\/wp-json\/wp\/v2\/wf_page_folders?post=136606"}],"curies":[{"name":"wp","href":"https:\/\/api.w.org\/{rel}","templated":true}]}}