{"id":136749,"date":"2025-08-06T16:46:59","date_gmt":"2025-08-06T13:46:59","guid":{"rendered":"https:\/\/www.zoner.fi\/tuki\/?page_id=136749"},"modified":"2025-08-06T16:53:30","modified_gmt":"2025-08-06T13:53:30","slug":"virtuaalipalvelimen-api","status":"publish","type":"page","link":"https:\/\/www.zoner.fi\/tuki\/virtuaalipalvelimet\/virtuaalipalvelimen-api\/","title":{"rendered":"Virtuaalipalvelimen API"},"content":{"rendered":"\n<p>APIn avulla voit antaa p\u00e4\u00e4syn virtuaalipalvelimeesi esimerkiksi kehitt\u00e4j\u00e4lle. Alla n\u00e4yt\u00e4mme, miten luot API-tunnuksen virtuaalipalvelimelle.<\/p>\n\n\n\n<ul class=\"wp-block-list\">\n<li><a href=\"#1\">API-tunnuksen luominen<\/a><\/li>\n\n\n\n<li><a href=\"#2\">API-tunnuksen poistaminen<\/a><\/li>\n\n\n\n<li><a href=\"#3\">API-dokumentaatio<\/a><\/li>\n<\/ul>\n\n\n\n<h2 class=\"wp-block-heading\" id=\"1\">API-tunnuksen luominen<\/h2>\n\n\n\n<ol class=\"wp-block-list\">\n<li>Kirjaudu Zoner Home -hallintapaneeliin.<br>Ohje:&nbsp;<a href=\"https:\/\/www.zoner.fi\/tuki\/zoner-home\/miten-kirjaudun-zoner-home-hallintapaneeliin\/\">Miten kirjaudun Zoner Home -hallintapaneeliin?<\/a><\/li>\n\n\n\n<li>Klikkaa oikeassa yl\u00e4kulmassa <strong>Tili <\/strong>ja avautuneessa valikossa <strong>Turvallisuus<\/strong>.<\/li>\n<\/ol>\n\n\n\n<figure class=\"wp-block-image size-large\"><img loading=\"lazy\" decoding=\"async\" width=\"1024\" height=\"711\" src=\"https:\/\/www.zoner.fi\/tuki\/wp-content\/uploads\/2025\/08\/zoner-home-turvallisuus-2-1024x711.png\" alt=\"Kuvakaappaus Zoner Homesta\" class=\"wp-image-136751\" srcset=\"https:\/\/www.zoner.fi\/tuki\/wp-content\/uploads\/2025\/08\/zoner-home-turvallisuus-2-1024x711.png 1024w, https:\/\/www.zoner.fi\/tuki\/wp-content\/uploads\/2025\/08\/zoner-home-turvallisuus-2-300x208.png 300w, https:\/\/www.zoner.fi\/tuki\/wp-content\/uploads\/2025\/08\/zoner-home-turvallisuus-2-768x533.png 768w, https:\/\/www.zoner.fi\/tuki\/wp-content\/uploads\/2025\/08\/zoner-home-turvallisuus-2.png 1516w\" sizes=\"auto, (max-width: 1024px) 100vw, 1024px\" \/><\/figure>\n\n\n\n<p>3. Klikkaa Turvallisuus-sivulla kohtaa <strong>API-k\u00e4ytt\u00f6<\/strong>.<\/p>\n\n\n\n<figure class=\"wp-block-image size-large\"><img loading=\"lazy\" decoding=\"async\" width=\"1024\" height=\"711\" src=\"https:\/\/www.zoner.fi\/tuki\/wp-content\/uploads\/2025\/08\/zoner-home-turvallisuus-3-1024x711.png\" alt=\"Kuvakaappaus Zoner Homesta\" class=\"wp-image-136752\" srcset=\"https:\/\/www.zoner.fi\/tuki\/wp-content\/uploads\/2025\/08\/zoner-home-turvallisuus-3-1024x711.png 1024w, https:\/\/www.zoner.fi\/tuki\/wp-content\/uploads\/2025\/08\/zoner-home-turvallisuus-3-300x208.png 300w, https:\/\/www.zoner.fi\/tuki\/wp-content\/uploads\/2025\/08\/zoner-home-turvallisuus-3-768x533.png 768w, https:\/\/www.zoner.fi\/tuki\/wp-content\/uploads\/2025\/08\/zoner-home-turvallisuus-3.png 1516w\" sizes=\"auto, (max-width: 1024px) 100vw, 1024px\" \/><\/figure>\n\n\n\n<p>4.  Klikkaa <strong>Luo tunnus<\/strong> -painiketta<\/p>\n\n\n\n<figure class=\"wp-block-image size-large\"><img loading=\"lazy\" decoding=\"async\" width=\"1024\" height=\"711\" src=\"https:\/\/www.zoner.fi\/tuki\/wp-content\/uploads\/2025\/08\/zoner-home-turvallisuus-4-1024x711.png\" alt=\"Kuvakaappaus Zoner Homesta\" class=\"wp-image-136753\" srcset=\"https:\/\/www.zoner.fi\/tuki\/wp-content\/uploads\/2025\/08\/zoner-home-turvallisuus-4-1024x711.png 1024w, https:\/\/www.zoner.fi\/tuki\/wp-content\/uploads\/2025\/08\/zoner-home-turvallisuus-4-300x208.png 300w, https:\/\/www.zoner.fi\/tuki\/wp-content\/uploads\/2025\/08\/zoner-home-turvallisuus-4-768x533.png 768w, https:\/\/www.zoner.fi\/tuki\/wp-content\/uploads\/2025\/08\/zoner-home-turvallisuus-4.png 1516w\" sizes=\"auto, (max-width: 1024px) 100vw, 1024px\" \/><\/figure>\n\n\n\n<p>5. <strong>Valinnainen<\/strong>: Jos haluat, voit avautuneella sivulla antaa API-tunnukselle nimen ja vanhenemisp\u00e4iv\u00e4n. Kummankin voi my\u00f6s j\u00e4tt\u00e4\u00e4 tyhj\u00e4ksi.<br>Klikkaa <strong>Luo<\/strong>.<\/p>\n\n\n\n<figure class=\"wp-block-image size-large\"><img loading=\"lazy\" decoding=\"async\" width=\"1024\" height=\"711\" src=\"https:\/\/www.zoner.fi\/tuki\/wp-content\/uploads\/2025\/08\/zoner-home-luo-api-tunnus-1024x711.png\" alt=\"Kuvakaappaus Zoner Homesta\" class=\"wp-image-136754\" srcset=\"https:\/\/www.zoner.fi\/tuki\/wp-content\/uploads\/2025\/08\/zoner-home-luo-api-tunnus-1024x711.png 1024w, https:\/\/www.zoner.fi\/tuki\/wp-content\/uploads\/2025\/08\/zoner-home-luo-api-tunnus-300x208.png 300w, https:\/\/www.zoner.fi\/tuki\/wp-content\/uploads\/2025\/08\/zoner-home-luo-api-tunnus-768x533.png 768w, https:\/\/www.zoner.fi\/tuki\/wp-content\/uploads\/2025\/08\/zoner-home-luo-api-tunnus.png 1516w\" sizes=\"auto, (max-width: 1024px) 100vw, 1024px\" \/><\/figure>\n\n\n\n<p>6. API-tunnus n\u00e4ytet\u00e4\u00e4n ponnahdusikkunassa. Muista tallentaa se, sill\u00e4 se n\u00e4ytet\u00e4\u00e4n vain kerran. Jos kadotat API-tunnuksen, <a href=\"#2\">poista vanha tunnus <\/a>ja luo sitten uusi.<\/p>\n\n\n\n<p><strong>Huom: \u00c4l\u00e4 koskaan jaa API-tunnusta julkisesti!<\/strong><\/p>\n\n\n\n<figure class=\"wp-block-image size-large\"><img loading=\"lazy\" decoding=\"async\" width=\"1024\" height=\"711\" src=\"https:\/\/www.zoner.fi\/tuki\/wp-content\/uploads\/2025\/08\/zoner-home-api-tunnus-1024x711.png\" alt=\"Kuvakaappaus Zoner Homesta\" class=\"wp-image-136755\" srcset=\"https:\/\/www.zoner.fi\/tuki\/wp-content\/uploads\/2025\/08\/zoner-home-api-tunnus-1024x711.png 1024w, https:\/\/www.zoner.fi\/tuki\/wp-content\/uploads\/2025\/08\/zoner-home-api-tunnus-300x208.png 300w, https:\/\/www.zoner.fi\/tuki\/wp-content\/uploads\/2025\/08\/zoner-home-api-tunnus-768x533.png 768w, https:\/\/www.zoner.fi\/tuki\/wp-content\/uploads\/2025\/08\/zoner-home-api-tunnus.png 1516w\" sizes=\"auto, (max-width: 1024px) 100vw, 1024px\" \/><\/figure>\n\n\n\n<h2 class=\"wp-block-heading\" id=\"2\">API-tunnuksen poistaminen<\/h2>\n\n\n\n<p>API-tunnuksen voi poistaa klikkaamalla <strong>Poista<\/strong>-linkki\u00e4 API-k\u00e4ytt\u00f6 sivulla.<\/p>\n\n\n\n<figure class=\"wp-block-image size-large\"><img loading=\"lazy\" decoding=\"async\" width=\"1024\" height=\"711\" src=\"https:\/\/www.zoner.fi\/tuki\/wp-content\/uploads\/2025\/08\/zoner-home-api-tunnus-poista-1024x711.png\" alt=\"\" class=\"wp-image-136759\" srcset=\"https:\/\/www.zoner.fi\/tuki\/wp-content\/uploads\/2025\/08\/zoner-home-api-tunnus-poista-1024x711.png 1024w, https:\/\/www.zoner.fi\/tuki\/wp-content\/uploads\/2025\/08\/zoner-home-api-tunnus-poista-300x208.png 300w, https:\/\/www.zoner.fi\/tuki\/wp-content\/uploads\/2025\/08\/zoner-home-api-tunnus-poista-768x533.png 768w, https:\/\/www.zoner.fi\/tuki\/wp-content\/uploads\/2025\/08\/zoner-home-api-tunnus-poista.png 1516w\" sizes=\"auto, (max-width: 1024px) 100vw, 1024px\" \/><\/figure>\n\n\n\n<h2 class=\"wp-block-heading\" id=\"3\">API-dokumentaatio<\/h2>\n\n\n\n<p>API-dokumentaation l\u00f6yd\u00e4t Zoner Homen <strong>API-k\u00e4ytt\u00f6<\/strong>-sivulta. <strong>API-k\u00e4ytt\u00f6<\/strong>-sivulle p\u00e4\u00e4set seuraamalla <a href=\"#1\">yll\u00e4 olevan ohjeen <\/a>kohtia 1-3.<\/p>\n\n\n\n<figure class=\"wp-block-image size-large\"><img loading=\"lazy\" decoding=\"async\" width=\"1024\" height=\"711\" src=\"https:\/\/www.zoner.fi\/tuki\/wp-content\/uploads\/2025\/08\/zoner-home-api-dokumentaatio-1024x711.png\" alt=\"Kuvakaappaus Zoner Homesta\" class=\"wp-image-136756\" srcset=\"https:\/\/www.zoner.fi\/tuki\/wp-content\/uploads\/2025\/08\/zoner-home-api-dokumentaatio-1024x711.png 1024w, https:\/\/www.zoner.fi\/tuki\/wp-content\/uploads\/2025\/08\/zoner-home-api-dokumentaatio-300x208.png 300w, https:\/\/www.zoner.fi\/tuki\/wp-content\/uploads\/2025\/08\/zoner-home-api-dokumentaatio-768x533.png 768w, https:\/\/www.zoner.fi\/tuki\/wp-content\/uploads\/2025\/08\/zoner-home-api-dokumentaatio.png 1516w\" sizes=\"auto, (max-width: 1024px) 100vw, 1024px\" \/><\/figure>\n","protected":false},"excerpt":{"rendered":"<p>APIn avulla voit antaa p\u00e4\u00e4syn virtuaalipalvelimeesi esimerkiksi kehitt\u00e4j\u00e4lle. Alla n\u00e4yt\u00e4mme, miten luot API-tunnuksen virtuaalipalvelimelle. API-tunnuksen luominen 3. Klikkaa Turvallisuus-sivulla kohtaa API-k\u00e4ytt\u00f6. 4. Klikkaa Luo tunnus -painiketta 5. Valinnainen: Jos haluat, voit avautuneella sivulla antaa API-tunnukselle nimen ja vanhenemisp\u00e4iv\u00e4n. Kummankin voi my\u00f6s j\u00e4tt\u00e4\u00e4 tyhj\u00e4ksi.Klikkaa Luo. 6. API-tunnus n\u00e4ytet\u00e4\u00e4n ponnahdusikkunassa. Muista tallentaa se, sill\u00e4 se n\u00e4ytet\u00e4\u00e4n vain &#8230; <a title=\"Virtuaalipalvelimen API\" class=\"read-more\" href=\"https:\/\/www.zoner.fi\/tuki\/virtuaalipalvelimet\/virtuaalipalvelimen-api\/\" aria-label=\"Lue lis\u00e4\u00e4 aiheesta Virtuaalipalvelimen API\">Lue lis\u00e4\u00e4<\/a><\/p>\n","protected":false},"author":18,"featured_media":0,"parent":659,"menu_order":0,"comment_status":"closed","ping_status":"closed","template":"","meta":{"_relevanssi_hide_post":"","_relevanssi_hide_content":"","_relevanssi_pin_for_all":"","_relevanssi_pin_keywords":"","_relevanssi_unpin_keywords":"","_relevanssi_related_keywords":"","_relevanssi_related_include_ids":"","_relevanssi_related_exclude_ids":"","_relevanssi_related_no_append":"","_relevanssi_related_not_related":"","_relevanssi_related_posts":"134291,130779,134215,130935,133233,130657","_relevanssi_noindex_reason":"","footnotes":""},"categories":[70],"tags":[92],"wf_page_folders":[],"class_list":{"0":"post-136749","1":"page","2":"type-page","3":"status-publish","5":"category-cloudserver-virtuaalipalvelin","6":"tag-virtuaalipalvelin"},"_links":{"self":[{"href":"https:\/\/www.zoner.fi\/tuki\/wp-json\/wp\/v2\/pages\/136749","targetHints":{"allow":["GET"]}}],"collection":[{"href":"https:\/\/www.zoner.fi\/tuki\/wp-json\/wp\/v2\/pages"}],"about":[{"href":"https:\/\/www.zoner.fi\/tuki\/wp-json\/wp\/v2\/types\/page"}],"author":[{"embeddable":true,"href":"https:\/\/www.zoner.fi\/tuki\/wp-json\/wp\/v2\/users\/18"}],"replies":[{"embeddable":true,"href":"https:\/\/www.zoner.fi\/tuki\/wp-json\/wp\/v2\/comments?post=136749"}],"version-history":[{"count":3,"href":"https:\/\/www.zoner.fi\/tuki\/wp-json\/wp\/v2\/pages\/136749\/revisions"}],"predecessor-version":[{"id":136761,"href":"https:\/\/www.zoner.fi\/tuki\/wp-json\/wp\/v2\/pages\/136749\/revisions\/136761"}],"up":[{"embeddable":true,"href":"https:\/\/www.zoner.fi\/tuki\/wp-json\/wp\/v2\/pages\/659"}],"wp:attachment":[{"href":"https:\/\/www.zoner.fi\/tuki\/wp-json\/wp\/v2\/media?parent=136749"}],"wp:term":[{"taxonomy":"category","embeddable":true,"href":"https:\/\/www.zoner.fi\/tuki\/wp-json\/wp\/v2\/categories?post=136749"},{"taxonomy":"post_tag","embeddable":true,"href":"https:\/\/www.zoner.fi\/tuki\/wp-json\/wp\/v2\/tags?post=136749"},{"taxonomy":"wf_page_folders","embeddable":true,"href":"https:\/\/www.zoner.fi\/tuki\/wp-json\/wp\/v2\/wf_page_folders?post=136749"}],"curies":[{"name":"wp","href":"https:\/\/api.w.org\/{rel}","templated":true}]}}