{"id":136787,"date":"2025-08-20T13:29:17","date_gmt":"2025-08-20T10:29:17","guid":{"rendered":"https:\/\/www.zoner.fi\/tuki\/?page_id=136787"},"modified":"2025-11-12T15:57:17","modified_gmt":"2025-11-12T13:57:17","slug":"tietokanta-luominen","status":"publish","type":"page","link":"https:\/\/www.zoner.fi\/tuki\/webhotellit\/cpanel-wepardi\/tietokanta-luominen\/","title":{"rendered":"Miten p\u00e4\u00e4sen tarkastelemaan palvelimella olevia tietokantoja ja luomaan uusia?"},"content":{"rendered":"\n<p><strong>Jos tietokantoja on tarve<\/strong>&nbsp;<strong>muokata<\/strong>&nbsp;<strong>k\u00e4sin&nbsp;niin tietokantojen lis\u00e4\u00e4minen, niiden poistaminen ja muokkaaminen<\/strong>&nbsp;onnistuu cPanelista kohdasta&nbsp;<strong>Tietokannat&nbsp;\u2192 MySQL-tietokannat<\/strong><\/p>\n\n\n\n<ol class=\"wp-block-list\">\n<li>Kirjaudu cPaneliin Zoner Homen kautta. <strong>Ohje<\/strong>: <a href=\"https:\/\/www.zoner.fi\/tuki\/webhotellit\/cpanel-webhotelli-fi\/cpanel-palvelunhallintaan-siirtyminen\/\">cPanel-palvelunhallintaan siirtyminen<\/a><\/li>\n\n\n\n<li>Siirry cPanelissa kohtaan <strong>Tietokannat&nbsp;\u2192 MySQL-tietokannat<\/strong><\/li>\n<\/ol>\n\n\n\n<p>Huomioithan ett\u00e4 jos asennat WordPressin Softaculous-ty\u00f6kalun kautta niin sinun ei tarvitse luoda n\u00e4it\u00e4 k\u00e4sin vaan ohjelma tekee sen puolestasi.<\/p>\n\n\n\n<h2 class=\"wp-block-heading\">Uuden tietokannan luonti<\/h2>\n\n\n\n<p>Uuden tietokannan luonti onnistuu helposti kohdasta&nbsp;<strong>Uuden tietokannan luonti<\/strong>. Tietokannan nimen alkuosa on valmiina ja voit antaa kannalle haluamasi tunnisteen alaviivan j\u00e4lkeen, esim. wp<\/p>\n\n\n\n<p>Kun tietokanta on luotu, se n\u00e4kyy kohdassa&nbsp;<strong>Nykyiset tietokannat<\/strong>.<\/p>\n\n\n\n<h2 class=\"wp-block-heading\">Uusien k\u00e4ytt\u00e4jien lis\u00e4\u00e4minen<\/h2>\n\n\n\n<p>Kohdasta&nbsp;<strong>Uuden k\u00e4ytt\u00e4j\u00e4n lis\u00e4\u00e4minen&nbsp;<\/strong>voit lis\u00e4t\u00e4 tietokannalle uuden k\u00e4ytt\u00e4j\u00e4n. K\u00e4ytt\u00e4j\u00e4tunnuksen alkuosa on valmiina kuten tietokannallekin ja voit antaa k\u00e4ytt\u00e4j\u00e4lle&nbsp;haluamasi tunnisteen alaviivan j\u00e4lkeen, esim. wp<\/p>\n\n\n\n<p>Kun k\u00e4ytt\u00e4j\u00e4 on luotu, se pit\u00e4\u00e4 lis\u00e4t\u00e4 tietokantaan ja se onnistuu kohdasta&nbsp;<strong>K\u00e4ytt\u00e4j\u00e4n lis\u00e4\u00e4minen tietokantaan<\/strong><\/p>\n\n\n\n<p>Lis\u00e4\u00e4misen yhteydess\u00e4 p\u00e4\u00e4set valitsemaan mitk\u00e4&nbsp;<strong>k\u00e4ytt\u00f6oikeudet haluat antaa k\u00e4ytt\u00e4j\u00e4lle<\/strong><\/p>\n\n\n\n<p>Kun k\u00e4ytt\u00e4j\u00e4 on lis\u00e4tty ja sille on annettu k\u00e4ytt\u00f6oikeudet niin se n\u00e4kyy kohdassa&nbsp;<strong>Nykyiset k\u00e4ytt\u00e4j\u00e4t<\/strong><\/p>\n\n\n\n<h2 class=\"wp-block-heading\">Tietokantojen hallinta cPanelissa<\/h2>\n\n\n\n<p>Tietokantapalvelimen osoite on&nbsp;<strong>localhost<\/strong><\/p>\n\n\n\n<p>Tietokantojen hallinnointi onnistuu cPanelista kohdasta&nbsp;<strong>Tietokannat \u2192 phpMyAdmin<\/strong><\/p>\n","protected":false},"excerpt":{"rendered":"<p>Jos tietokantoja on tarve&nbsp;muokata&nbsp;k\u00e4sin&nbsp;niin tietokantojen lis\u00e4\u00e4minen, niiden poistaminen ja muokkaaminen&nbsp;onnistuu cPanelista kohdasta&nbsp;Tietokannat&nbsp;\u2192 MySQL-tietokannat Huomioithan ett\u00e4 jos asennat WordPressin Softaculous-ty\u00f6kalun kautta niin sinun ei tarvitse luoda n\u00e4it\u00e4 k\u00e4sin vaan ohjelma tekee sen puolestasi. Uuden tietokannan luonti Uuden tietokannan luonti onnistuu helposti kohdasta&nbsp;Uuden tietokannan luonti. Tietokannan nimen alkuosa on valmiina ja voit antaa kannalle haluamasi tunnisteen alaviivan &#8230; <a title=\"Miten p\u00e4\u00e4sen tarkastelemaan palvelimella olevia tietokantoja ja luomaan uusia?\" class=\"read-more\" href=\"https:\/\/www.zoner.fi\/tuki\/webhotellit\/cpanel-wepardi\/tietokanta-luominen\/\" aria-label=\"Lue lis\u00e4\u00e4 aiheesta Miten p\u00e4\u00e4sen tarkastelemaan palvelimella olevia tietokantoja ja luomaan uusia?\">Lue lis\u00e4\u00e4<\/a><\/p>\n","protected":false},"author":18,"featured_media":0,"parent":136943,"menu_order":0,"comment_status":"closed","ping_status":"closed","template":"","meta":{"_relevanssi_hide_post":"","_relevanssi_hide_content":"","_relevanssi_pin_for_all":"","_relevanssi_pin_keywords":"","_relevanssi_unpin_keywords":"","_relevanssi_related_keywords":"","_relevanssi_related_include_ids":"","_relevanssi_related_exclude_ids":"","_relevanssi_related_no_append":"","_relevanssi_related_not_related":"","_relevanssi_related_posts":"135737,130455,136211,131506,136147,132938","_relevanssi_noindex_reason":"","footnotes":""},"categories":[190],"tags":[99],"wf_page_folders":[],"class_list":{"0":"post-136787","1":"page","2":"type-page","3":"status-publish","5":"category-cpanel-wepardi","6":"tag-tietokannat"},"_links":{"self":[{"href":"https:\/\/www.zoner.fi\/tuki\/wp-json\/wp\/v2\/pages\/136787","targetHints":{"allow":["GET"]}}],"collection":[{"href":"https:\/\/www.zoner.fi\/tuki\/wp-json\/wp\/v2\/pages"}],"about":[{"href":"https:\/\/www.zoner.fi\/tuki\/wp-json\/wp\/v2\/types\/page"}],"author":[{"embeddable":true,"href":"https:\/\/www.zoner.fi\/tuki\/wp-json\/wp\/v2\/users\/18"}],"replies":[{"embeddable":true,"href":"https:\/\/www.zoner.fi\/tuki\/wp-json\/wp\/v2\/comments?post=136787"}],"version-history":[{"count":4,"href":"https:\/\/www.zoner.fi\/tuki\/wp-json\/wp\/v2\/pages\/136787\/revisions"}],"predecessor-version":[{"id":138111,"href":"https:\/\/www.zoner.fi\/tuki\/wp-json\/wp\/v2\/pages\/136787\/revisions\/138111"}],"up":[{"embeddable":true,"href":"https:\/\/www.zoner.fi\/tuki\/wp-json\/wp\/v2\/pages\/136943"}],"wp:attachment":[{"href":"https:\/\/www.zoner.fi\/tuki\/wp-json\/wp\/v2\/media?parent=136787"}],"wp:term":[{"taxonomy":"category","embeddable":true,"href":"https:\/\/www.zoner.fi\/tuki\/wp-json\/wp\/v2\/categories?post=136787"},{"taxonomy":"post_tag","embeddable":true,"href":"https:\/\/www.zoner.fi\/tuki\/wp-json\/wp\/v2\/tags?post=136787"},{"taxonomy":"wf_page_folders","embeddable":true,"href":"https:\/\/www.zoner.fi\/tuki\/wp-json\/wp\/v2\/wf_page_folders?post=136787"}],"curies":[{"name":"wp","href":"https:\/\/api.w.org\/{rel}","templated":true}]}}