{"id":136789,"date":"2025-08-21T14:42:31","date_gmt":"2025-08-21T11:42:31","guid":{"rendered":"https:\/\/www.zoner.fi\/tuki\/?page_id=136789"},"modified":"2025-11-12T15:55:21","modified_gmt":"2025-11-12T13:55:21","slug":"levytilan-tarkistus","status":"publish","type":"page","link":"https:\/\/www.zoner.fi\/tuki\/webhotellit\/cpanel-wepardi\/levytilan-tarkistus\/","title":{"rendered":"Miten tarkistan paljonko palvelussani on k\u00e4ytetty levytilaa ja paljonko sit\u00e4 on j\u00e4ljell\u00e4?"},"content":{"rendered":"\n<p>P\u00e4\u00e4set tarkastelemaan levytilan k\u00e4ytt\u00f6\u00e4 cPanelista kohdasta&nbsp;<strong>Tiedostot&nbsp;\u2192 Levytilan k\u00e4ytt\u00f6<\/strong><\/p>\n\n\n\n<ol class=\"wp-block-list\">\n<li>Kirjaudu cPaneliin Zoner Homen kautta. <strong>Ohje<\/strong>: <a href=\"https:\/\/www.zoner.fi\/tuki\/webhotellit\/cpanel-webhotelli-fi\/cpanel-palvelunhallintaan-siirtyminen\/\">cPanel-palvelunhallintaan siirtyminen<\/a><\/li>\n\n\n\n<li>Siirry cPanelissa kohtaan&nbsp;<strong>Tiedostot&nbsp;\u2192 Levytilan k\u00e4ytt\u00f6<\/strong><\/li>\n\n\n\n<li>Saat listauksen hakemistokohtaisesti miten paljon levytilaa on k\u00e4ytettyn\u00e4 miss\u00e4kin hakemistossa ja paljonko levytilaa on viel\u00e4 k\u00e4ytett\u00e4viss\u00e4.<\/li>\n<\/ol>\n","protected":false},"excerpt":{"rendered":"<p>P\u00e4\u00e4set tarkastelemaan levytilan k\u00e4ytt\u00f6\u00e4 cPanelista kohdasta&nbsp;Tiedostot&nbsp;\u2192 Levytilan k\u00e4ytt\u00f6<\/p>\n","protected":false},"author":18,"featured_media":0,"parent":136943,"menu_order":0,"comment_status":"closed","ping_status":"closed","template":"","meta":{"_relevanssi_hide_post":"","_relevanssi_hide_content":"","_relevanssi_pin_for_all":"","_relevanssi_pin_keywords":"","_relevanssi_unpin_keywords":"","_relevanssi_related_keywords":"","_relevanssi_related_include_ids":"","_relevanssi_related_exclude_ids":"","_relevanssi_related_no_append":"","_relevanssi_related_not_related":"","_relevanssi_related_posts":"135737,130455,136211,131506,136147,132938","_relevanssi_noindex_reason":"","footnotes":""},"categories":[190],"tags":[158],"wf_page_folders":[],"class_list":{"0":"post-136789","1":"page","2":"type-page","3":"status-publish","5":"category-cpanel-wepardi","6":"tag-yleiset"},"_links":{"self":[{"href":"https:\/\/www.zoner.fi\/tuki\/wp-json\/wp\/v2\/pages\/136789","targetHints":{"allow":["GET"]}}],"collection":[{"href":"https:\/\/www.zoner.fi\/tuki\/wp-json\/wp\/v2\/pages"}],"about":[{"href":"https:\/\/www.zoner.fi\/tuki\/wp-json\/wp\/v2\/types\/page"}],"author":[{"embeddable":true,"href":"https:\/\/www.zoner.fi\/tuki\/wp-json\/wp\/v2\/users\/18"}],"replies":[{"embeddable":true,"href":"https:\/\/www.zoner.fi\/tuki\/wp-json\/wp\/v2\/comments?post=136789"}],"version-history":[{"count":4,"href":"https:\/\/www.zoner.fi\/tuki\/wp-json\/wp\/v2\/pages\/136789\/revisions"}],"predecessor-version":[{"id":138105,"href":"https:\/\/www.zoner.fi\/tuki\/wp-json\/wp\/v2\/pages\/136789\/revisions\/138105"}],"up":[{"embeddable":true,"href":"https:\/\/www.zoner.fi\/tuki\/wp-json\/wp\/v2\/pages\/136943"}],"wp:attachment":[{"href":"https:\/\/www.zoner.fi\/tuki\/wp-json\/wp\/v2\/media?parent=136789"}],"wp:term":[{"taxonomy":"category","embeddable":true,"href":"https:\/\/www.zoner.fi\/tuki\/wp-json\/wp\/v2\/categories?post=136789"},{"taxonomy":"post_tag","embeddable":true,"href":"https:\/\/www.zoner.fi\/tuki\/wp-json\/wp\/v2\/tags?post=136789"},{"taxonomy":"wf_page_folders","embeddable":true,"href":"https:\/\/www.zoner.fi\/tuki\/wp-json\/wp\/v2\/wf_page_folders?post=136789"}],"curies":[{"name":"wp","href":"https:\/\/api.w.org\/{rel}","templated":true}]}}