{"id":136791,"date":"2025-08-20T12:02:54","date_gmt":"2025-08-20T09:02:54","guid":{"rendered":"https:\/\/www.zoner.fi\/tuki\/?page_id=136791"},"modified":"2025-11-12T15:54:08","modified_gmt":"2025-11-12T13:54:08","slug":"domain-masking","status":"publish","type":"page","link":"https:\/\/www.zoner.fi\/tuki\/webhotellit\/cpanel-wepardi\/domain-masking\/","title":{"rendered":"Domain masking &#8211; URL masking"},"content":{"rendered":"\n<p>&#8221;domain masking&#8221; tai &#8221;URL masking&#8221;.<\/p>\n\n\n\n<p>T\u00e4m\u00e4 tarkoittaa sit\u00e4, ett\u00e4 kun k\u00e4ytt\u00e4j\u00e4 vierailee tietyll\u00e4 verkkosivustolla (esimerkiksi&nbsp;<code>esimerkki.com<\/code>), osoitepalkissa pysyy sama verkko-osoite, vaikka itse sis\u00e4lt\u00f6 ladataankin toisesta l\u00e4hteest\u00e4 (esimerkiksi&nbsp;<code>toinenesimerkki.com<\/code>).<\/p>\n\n\n\n<p>cPanelissa t\u00e4m\u00e4 voidaan toteuttaa useilla eri tavoilla, mutta yleisin tapa on k\u00e4ytt\u00e4\u00e4 iframea. T\u00e4ss\u00e4 on esimerkki siit\u00e4, miten voit tehd\u00e4 domain maskauksen cPanelissa:<\/p>\n\n\n\n<ol class=\"wp-block-list\">\n<li>Kirjaudu cPaneliin Zoner Homen kautta. <strong>Ohje<\/strong>: <a href=\"https:\/\/www.zoner.fi\/tuki\/webhotellit\/cpanel-webhotelli-fi\/cpanel-palvelunhallintaan-siirtyminen\/\">cPanel-palvelunhallintaan siirtyminen<\/a><\/li>\n\n\n\n<li>Etsi &#8221;File Manager&#8221; (tiedostohallinta) ja avaa se.<\/li>\n\n\n\n<li>Mene hakemistoon, johon domainisi on osoitettu.<\/li>\n\n\n\n<li>Luo tai muokkaa&nbsp;<code>index.html<\/code>&nbsp;tai&nbsp;<code>index.php<\/code>&nbsp;-tiedostoa.<\/li>\n\n\n\n<li>Lis\u00e4\u00e4 seuraava koodi:<\/li>\n<\/ol>\n\n\n\n<p>htmlCopy code<\/p>\n\n\n\n<p><code>&lt;html&gt;&nbsp;&lt;head&gt;&nbsp;&lt;title&gt;Oma domainin otsikko&lt;\/title&gt;&nbsp;&lt;\/head&gt;&nbsp;&lt;body&nbsp;marginwidth=\"0\"&nbsp;marginheight=\"0\"&gt;&nbsp;&lt;iframe&nbsp;src=\"http:\/\/toinenesimerkki.com\"&nbsp;frameborder=\"0\"&nbsp;width=\"100%\"&nbsp;height=\"100%\"&nbsp;scrolling=\"auto\"&gt;&lt;\/iframe&gt;&nbsp;&lt;\/body&gt;&nbsp;&lt;\/html&gt;<\/code><\/p>\n\n\n\n<ol start=\"6\" class=\"wp-block-list\">\n<li>Tallenna tiedosto.<\/li>\n<\/ol>\n\n\n\n<p>Nyt kun k\u00e4vij\u00e4t menev\u00e4t&nbsp;<code>esimerkki.com<\/code>&nbsp;-osoitteeseen, he n\u00e4kev\u00e4t sis\u00e4ll\u00f6n&nbsp;<code>toinenesimerkki.com<\/code>&nbsp;-sivustolta, mutta osoitepalkissa n\u00e4kyy edelleen&nbsp;<code>esimerkki.com<\/code>.<\/p>\n\n\n\n<p>Huomaa kuitenkin, ett\u00e4 t\u00e4ll\u00e4 menetelm\u00e4ll\u00e4 on joitain rajoituksia ja haittoja:<\/p>\n\n\n\n<ul class=\"wp-block-list\">\n<li>Hakukoneoptimointi (SEO) voi k\u00e4rsi\u00e4, koska hakukoneet saattavat olla h\u00e4mmentyneit\u00e4 sis\u00e4ll\u00f6n l\u00e4hteest\u00e4.<\/li>\n\n\n\n<li>Jotkut palvelimet saattavat est\u00e4\u00e4 iframe-embeddauksen turvallisuussyist\u00e4.<\/li>\n\n\n\n<li>K\u00e4ytt\u00e4j\u00e4t eiv\u00e4t voi linkitt\u00e4\u00e4 suoraan alisivuihin, koska osoitepalkin URL ei muutu navigoidessa eri sivujen v\u00e4lill\u00e4.<\/li>\n<\/ul>\n\n\n\n<p>Jos n\u00e4m\u00e4 ovat huolenaiheitasi, harkitse muita l\u00e4hestymistapoja, kuten 301-ohjausta (joka kuitenkin muuttaa URL-osoitetta) tai reverse proxy -asetusta palvelimella.<\/p>\n\n\n\n<p>cPanelin avulla on mahdollista toteuttaa domainin maskausta my\u00f6s muita tekniikoita hy\u00f6dynt\u00e4m\u00e4ll\u00e4. Yksi yleinen menetelm\u00e4 on k\u00e4ytt\u00e4\u00e4 &#8221;mod_rewrite&#8221; -toimintoa Apache-palvelimessa&nbsp;<code>.htaccess<\/code>-tiedoston kautta. T\u00e4m\u00e4 voi olla hieman monimutkaisempi kuin edell\u00e4 kuvattu iframe-menetelm\u00e4, mutta se tarjoaa suuremman joustavuuden.<\/p>\n\n\n\n<p>T\u00e4ss\u00e4 on esimerkki siit\u00e4, miten voit tehd\u00e4 domain maskauksen&nbsp;<code>.htaccess<\/code>-tiedoston avulla:<\/p>\n\n\n\n<ol class=\"wp-block-list\">\n<li>Kirjaudu cPaneliin Zoner Homen kautta. <strong>Ohje<\/strong>: <a href=\"https:\/\/www.zoner.fi\/tuki\/webhotellit\/cpanel-webhotelli-fi\/cpanel-palvelunhallintaan-siirtyminen\/\">cPanel-palvelunhallintaan siirtyminen<\/a><\/li>\n\n\n\n<li>Mene &#8221;File Manager&#8221; (tiedostohallinta) ja avaa se.<\/li>\n\n\n\n<li>Siirry domainisi juurihakemistoon.<\/li>\n\n\n\n<li>Luo tai muokkaa&nbsp;<code>.htaccess<\/code>-tiedostoa.<\/li>\n\n\n\n<li>Lis\u00e4\u00e4 seuraava koodi:<\/li>\n<\/ol>\n\n\n\n<p>rubyCopy code<\/p>\n\n\n\n<p><code>RewriteEngine&nbsp;on&nbsp;RewriteCond&nbsp;%{HTTP_HOST}&nbsp;^(www\\.)?esimerkki\\.com$&nbsp;[NC]&nbsp;RewriteRule&nbsp;^(.*)$&nbsp;http:\/\/toinenesimerkki.com\/$1&nbsp;[P,L]<\/code><\/p>\n\n\n\n<p>T\u00e4m\u00e4 koodi tarkistaa, jos k\u00e4vij\u00e4 tulee&nbsp;<code>esimerkki.com<\/code>&nbsp;-osoitteesta ja ohjaa h\u00e4net &#8221;taustalla&#8221;&nbsp;<code>toinenesimerkki.com<\/code>&nbsp;-sivustolle, mutta osoitepalkissa s\u00e4ilyy edelleen&nbsp;<code>esimerkki.com<\/code>.<\/p>\n\n\n\n<p>Huomaa kuitenkin, ett\u00e4 t\u00e4m\u00e4n toteuttamiseksi palvelimen on tuettava mod_proxy ja mod_rewrite -moduuleja. Lis\u00e4ksi on oltava varovainen&nbsp;<code>.htaccess<\/code>-tiedoston muokkaamisessa, sill\u00e4 virheelliset s\u00e4\u00e4nn\u00f6t voivat rikkoa sivustosi.<\/p>\n\n\n\n<p>Jos et ole varma siit\u00e4, mit\u00e4 teet, on aina suositeltavaa ottaa varmuuskopio&nbsp;<code>.htaccess<\/code>-tiedostosta ennen muutosten tekemist\u00e4.<\/p>\n\n\n\n<p>cPanel-k\u00e4ytt\u00e4j\u00e4ll\u00e4 ei ole p\u00e4\u00e4sy\u00e4 FTP:ll\u00e4 tai Tiedostohallinnan kautta, h\u00e4nen vaihtoehtonsa ovat rajalliset, sill\u00e4 n\u00e4m\u00e4 ovat yleisimm\u00e4t tavat muokata ja hallita tiedostoja cPanelissa. Kuitenkin, jos cPanelissa on k\u00e4yt\u00f6ss\u00e4 tiettyj\u00e4 lis\u00e4osia tai erityisi\u00e4 toimintoja, niit\u00e4 voisi mahdollisesti k\u00e4ytt\u00e4\u00e4 osoitteen uudelleenohjaukseen.<\/p>\n\n\n\n<p>Esimerkiksi:<\/p>\n\n\n\n<ol class=\"wp-block-list\">\n<li><strong>cPanelin Uudelleenohjaus-ty\u00f6kalu (Redirects Tool)<\/strong>: Jos sinulla on p\u00e4\u00e4sy t\u00e4h\u00e4n ty\u00f6kaluun, voit luoda yksinkertaisia uudelleenohjauksia, mutta t\u00e4m\u00e4 ei s\u00e4ilyt\u00e4 alkuper\u00e4ist\u00e4 osoitetta osoitepalkissa (maskaus ei toimi).<\/li>\n\n\n\n<li><strong>cPanelin Web Applications<\/strong>: Joissakin hosting-ymp\u00e4rist\u00f6iss\u00e4 on asennettu sovelluksia, kuten WordPress, jotka voivat luoda omia uudelleenohjauksia ja maskauksia. T\u00e4m\u00e4 edellytt\u00e4\u00e4 kuitenkin, ett\u00e4 tunnet kyseisen sovelluksen ja sen, miten uudelleenohjauksia ja maskauksia toteutetaan sill\u00e4.<\/li>\n<\/ol>\n\n\n\n<p>Valitettavasti, jos sinulla ei ole p\u00e4\u00e4sy\u00e4 Tiedostohallintaan tai FTP:hen eik\u00e4 sinulla ole muita edell\u00e4 mainittuja vaihtoehtoja, saatat olla rajoitettu tekem\u00e4\u00e4n tarvittavat muutokset itse.<\/p>\n","protected":false},"excerpt":{"rendered":"<p>&#8221;domain masking&#8221; tai &#8221;URL masking&#8221;. T\u00e4m\u00e4 tarkoittaa sit\u00e4, ett\u00e4 kun k\u00e4ytt\u00e4j\u00e4 vierailee tietyll\u00e4 verkkosivustolla (esimerkiksi&nbsp;esimerkki.com), osoitepalkissa pysyy sama verkko-osoite, vaikka itse sis\u00e4lt\u00f6 ladataankin toisesta l\u00e4hteest\u00e4 (esimerkiksi&nbsp;toinenesimerkki.com). cPanelissa t\u00e4m\u00e4 voidaan toteuttaa useilla eri tavoilla, mutta yleisin tapa on k\u00e4ytt\u00e4\u00e4 iframea. T\u00e4ss\u00e4 on esimerkki siit\u00e4, miten voit tehd\u00e4 domain maskauksen cPanelissa: htmlCopy code &lt;html&gt;&nbsp;&lt;head&gt;&nbsp;&lt;title&gt;Oma domainin otsikko&lt;\/title&gt;&nbsp;&lt;\/head&gt;&nbsp;&lt;body&nbsp;marginwidth=&#8221;0&#8243;&nbsp;marginheight=&#8221;0&#8243;&gt;&nbsp;&lt;iframe&nbsp;src=&#8221;http:\/\/toinenesimerkki.com&#8221;&nbsp;frameborder=&#8221;0&#8243;&nbsp;width=&#8221;100%&#8221;&nbsp;height=&#8221;100%&#8221;&nbsp;scrolling=&#8221;auto&#8221;&gt;&lt;\/iframe&gt;&nbsp;&lt;\/body&gt;&nbsp;&lt;\/html&gt; Nyt &#8230; <a title=\"Domain masking &#8211; URL masking\" class=\"read-more\" href=\"https:\/\/www.zoner.fi\/tuki\/webhotellit\/cpanel-wepardi\/domain-masking\/\" aria-label=\"Lue lis\u00e4\u00e4 aiheesta Domain masking &#8211; URL masking\">Lue lis\u00e4\u00e4<\/a><\/p>\n","protected":false},"author":18,"featured_media":0,"parent":136943,"menu_order":0,"comment_status":"closed","ping_status":"closed","template":"","meta":{"_relevanssi_hide_post":"","_relevanssi_hide_content":"","_relevanssi_pin_for_all":"","_relevanssi_pin_keywords":"","_relevanssi_unpin_keywords":"","_relevanssi_related_keywords":"","_relevanssi_related_include_ids":"","_relevanssi_related_exclude_ids":"","_relevanssi_related_no_append":"","_relevanssi_related_not_related":"","_relevanssi_related_posts":"135737,130455,136211,131506,136147,132938","_relevanssi_noindex_reason":"","footnotes":""},"categories":[190,212],"tags":[96,158],"wf_page_folders":[],"class_list":{"0":"post-136791","1":"page","2":"type-page","3":"status-publish","5":"category-cpanel-wepardi","6":"category-cpanel-wepardi-verkkotunnus","7":"tag-domainhallinta","8":"tag-yleiset"},"_links":{"self":[{"href":"https:\/\/www.zoner.fi\/tuki\/wp-json\/wp\/v2\/pages\/136791","targetHints":{"allow":["GET"]}}],"collection":[{"href":"https:\/\/www.zoner.fi\/tuki\/wp-json\/wp\/v2\/pages"}],"about":[{"href":"https:\/\/www.zoner.fi\/tuki\/wp-json\/wp\/v2\/types\/page"}],"author":[{"embeddable":true,"href":"https:\/\/www.zoner.fi\/tuki\/wp-json\/wp\/v2\/users\/18"}],"replies":[{"embeddable":true,"href":"https:\/\/www.zoner.fi\/tuki\/wp-json\/wp\/v2\/comments?post=136791"}],"version-history":[{"count":6,"href":"https:\/\/www.zoner.fi\/tuki\/wp-json\/wp\/v2\/pages\/136791\/revisions"}],"predecessor-version":[{"id":138101,"href":"https:\/\/www.zoner.fi\/tuki\/wp-json\/wp\/v2\/pages\/136791\/revisions\/138101"}],"up":[{"embeddable":true,"href":"https:\/\/www.zoner.fi\/tuki\/wp-json\/wp\/v2\/pages\/136943"}],"wp:attachment":[{"href":"https:\/\/www.zoner.fi\/tuki\/wp-json\/wp\/v2\/media?parent=136791"}],"wp:term":[{"taxonomy":"category","embeddable":true,"href":"https:\/\/www.zoner.fi\/tuki\/wp-json\/wp\/v2\/categories?post=136791"},{"taxonomy":"post_tag","embeddable":true,"href":"https:\/\/www.zoner.fi\/tuki\/wp-json\/wp\/v2\/tags?post=136791"},{"taxonomy":"wf_page_folders","embeddable":true,"href":"https:\/\/www.zoner.fi\/tuki\/wp-json\/wp\/v2\/wf_page_folders?post=136791"}],"curies":[{"name":"wp","href":"https:\/\/api.w.org\/{rel}","templated":true}]}}