{"id":136793,"date":"2025-08-20T12:07:53","date_gmt":"2025-08-20T09:07:53","guid":{"rendered":"https:\/\/www.zoner.fi\/tuki\/?page_id=136793"},"modified":"2025-11-12T15:54:37","modified_gmt":"2025-11-12T13:54:37","slug":"dns-tietueet-muokkaus","status":"publish","type":"page","link":"https:\/\/www.zoner.fi\/tuki\/webhotellit\/cpanel-wepardi\/dns-tietueet-muokkaus\/","title":{"rendered":"Miten muokkaan\/lis\u00e4\u00e4n DNS-tietueita cPanelissa?"},"content":{"rendered":"\n<p>Voit lis\u00e4t\u00e4 tai muokata erilaisia DNS-tietueita cPaneelissa kohdasta&nbsp;<strong>Toimialueet<\/strong>\/<strong>Domains<\/strong>.<\/p>\n\n\n\n<h2 class=\"wp-block-heading\" id=\"DNS-tietueen-lis\u00e4\u00e4minen\">DNS-tietueen lis\u00e4\u00e4minen<\/h2>\n\n\n\n<p>1. Kirjaudu cPaneliin Zoner Homen kautta (<strong>Ohje<\/strong>: <a href=\"https:\/\/www.zoner.fi\/tuki\/webhotellit\/cpanel-webhotelli-fi\/cpanel-palvelunhallintaan-siirtyminen\/\">cPanel-palvelunhallintaan siirtyminen<\/a>) ja valitse\u00a0<strong>Toimialueet<\/strong>\u00a0kohdasta\u00a0<strong>Zone Editor<\/strong>.<\/p>\n\n\n\n<figure class=\"wp-block-image size-full\"><img loading=\"lazy\" decoding=\"async\" width=\"978\" height=\"193\" src=\"https:\/\/www.zoner.fi\/tuki\/wp-content\/uploads\/2025\/08\/wepardi-dns-1.png\" alt=\"\" class=\"wp-image-136794\" srcset=\"https:\/\/www.zoner.fi\/tuki\/wp-content\/uploads\/2025\/08\/wepardi-dns-1.png 978w, https:\/\/www.zoner.fi\/tuki\/wp-content\/uploads\/2025\/08\/wepardi-dns-1-300x59.png 300w, https:\/\/www.zoner.fi\/tuki\/wp-content\/uploads\/2025\/08\/wepardi-dns-1-768x152.png 768w\" sizes=\"auto, (max-width: 978px) 100vw, 978px\" \/><\/figure>\n\n\n\n<p>2. Valitse domain, johon haluat lis\u00e4t\u00e4 uuden tietueen, ja paina&nbsp;<strong>Hallinta<\/strong>\/<strong>Manage<\/strong><\/p>\n\n\n\n<figure class=\"wp-block-image size-full\"><img loading=\"lazy\" decoding=\"async\" width=\"603\" height=\"365\" src=\"https:\/\/www.zoner.fi\/tuki\/wp-content\/uploads\/2025\/08\/wepardi-dns-2.png\" alt=\"\" class=\"wp-image-136795\" srcset=\"https:\/\/www.zoner.fi\/tuki\/wp-content\/uploads\/2025\/08\/wepardi-dns-2.png 603w, https:\/\/www.zoner.fi\/tuki\/wp-content\/uploads\/2025\/08\/wepardi-dns-2-300x182.png 300w\" sizes=\"auto, (max-width: 603px) 100vw, 603px\" \/><\/figure>\n\n\n\n<p>3. Uusia tietueita voit lis\u00e4t\u00e4 kohdasta&nbsp;<strong>Tietueen lis\u00e4\u00e4minen \/ Add record.&nbsp;<\/strong>Valitse tietueen tyyppi valikosta.<\/p>\n\n\n\n<figure class=\"wp-block-image size-full\"><img loading=\"lazy\" decoding=\"async\" width=\"136\" height=\"303\" src=\"https:\/\/www.zoner.fi\/tuki\/wp-content\/uploads\/2025\/08\/wepardi-dns-3.png\" alt=\"\" class=\"wp-image-136796\" srcset=\"https:\/\/www.zoner.fi\/tuki\/wp-content\/uploads\/2025\/08\/wepardi-dns-3.png 136w, https:\/\/www.zoner.fi\/tuki\/wp-content\/uploads\/2025\/08\/wepardi-dns-3-135x300.png 135w\" sizes=\"auto, (max-width: 136px) 100vw, 136px\" \/><\/figure>\n\n\n\n<p>4. Kirjoita nimen kohdalle sen domainin\/alidomainin nimi, johon haluat lis\u00e4t\u00e4 tietueen, lis\u00e4\u00e4 sen per\u00e4\u00e4n piste.<\/p>\n\n\n\n<p>TTL-arvolla m\u00e4\u00e4ritet\u00e4\u00e4n tietueen elinaika sekunteina. T\u00e4m\u00e4 voi olla esim. 600.<\/p>\n\n\n\n<p>Varmista, ett\u00e4 tietueen tyyppi on oikea.<\/p>\n\n\n\n<ul class=\"wp-block-list\">\n<li><strong>A-tietueella<\/strong>&nbsp;voi ohjata domainin tai alidomainin jonkin palvelimen IP-osoitteeseen. IPv4 adress kohdalle m\u00e4\u00e4ritet\u00e4\u00e4n kohdepalvelimen IP-osoite.<\/li>\n<\/ul>\n\n\n\n<figure class=\"wp-block-image size-large\"><img loading=\"lazy\" decoding=\"async\" width=\"1024\" height=\"78\" src=\"https:\/\/www.zoner.fi\/tuki\/wp-content\/uploads\/2025\/08\/wepardi-dns-4-1024x78.png\" alt=\"\" class=\"wp-image-136797\" srcset=\"https:\/\/www.zoner.fi\/tuki\/wp-content\/uploads\/2025\/08\/wepardi-dns-4-1024x78.png 1024w, https:\/\/www.zoner.fi\/tuki\/wp-content\/uploads\/2025\/08\/wepardi-dns-4-300x23.png 300w, https:\/\/www.zoner.fi\/tuki\/wp-content\/uploads\/2025\/08\/wepardi-dns-4-768x58.png 768w, https:\/\/www.zoner.fi\/tuki\/wp-content\/uploads\/2025\/08\/wepardi-dns-4.png 1318w\" sizes=\"auto, (max-width: 1024px) 100vw, 1024px\" \/><\/figure>\n\n\n\n<ul class=\"wp-block-list\">\n<li><strong>CNAME-tietue<\/strong>&nbsp;voi osoittaa domainiin tai alidomainiin. Fully qualified domain name kohdalle sy\u00f6tet\u00e4\u00e4n se domain, johon liikenne ohjataan.<\/li>\n<\/ul>\n\n\n\n<figure class=\"wp-block-image size-large\"><img loading=\"lazy\" decoding=\"async\" width=\"1024\" height=\"78\" src=\"https:\/\/www.zoner.fi\/tuki\/wp-content\/uploads\/2025\/08\/wepardi-dns-5-1024x78.png\" alt=\"\" class=\"wp-image-136798\" srcset=\"https:\/\/www.zoner.fi\/tuki\/wp-content\/uploads\/2025\/08\/wepardi-dns-5-1024x78.png 1024w, https:\/\/www.zoner.fi\/tuki\/wp-content\/uploads\/2025\/08\/wepardi-dns-5-300x23.png 300w, https:\/\/www.zoner.fi\/tuki\/wp-content\/uploads\/2025\/08\/wepardi-dns-5-768x58.png 768w, https:\/\/www.zoner.fi\/tuki\/wp-content\/uploads\/2025\/08\/wepardi-dns-5.png 1333w\" sizes=\"auto, (max-width: 1024px) 100vw, 1024px\" \/><\/figure>\n\n\n\n<ul class=\"wp-block-list\">\n<li><strong>MX-tietue<\/strong>&nbsp;m\u00e4\u00e4ritt\u00e4\u00e4 palvelimen, joka vastaanottaa domainin s\u00e4hk\u00f6postiliikenteen.&nbsp;<strong>Prioriteetit<\/strong>: Ensisijaisella s\u00e4hk\u00f6postipalvelimella on alhaisin prioriteetti. Jos esim. kahdella palvelimella on prioriteetit 0 (alhaisin mahdollinen), l\u00e4hetet\u00e4\u00e4n viestit satunnaisesti jollekin n\u00e4ist\u00e4.<br><strong>Kohde<\/strong>: Palvelin, jossa s\u00e4hk\u00f6postipalvelusi sijaitsevat.<\/li>\n<\/ul>\n\n\n\n<figure class=\"wp-block-image size-large\"><img loading=\"lazy\" decoding=\"async\" width=\"1024\" height=\"120\" src=\"https:\/\/www.zoner.fi\/tuki\/wp-content\/uploads\/2025\/08\/wepardi-dns-6-1024x120.png\" alt=\"\" class=\"wp-image-136799\" srcset=\"https:\/\/www.zoner.fi\/tuki\/wp-content\/uploads\/2025\/08\/wepardi-dns-6-1024x120.png 1024w, https:\/\/www.zoner.fi\/tuki\/wp-content\/uploads\/2025\/08\/wepardi-dns-6-300x35.png 300w, https:\/\/www.zoner.fi\/tuki\/wp-content\/uploads\/2025\/08\/wepardi-dns-6-768x90.png 768w, https:\/\/www.zoner.fi\/tuki\/wp-content\/uploads\/2025\/08\/wepardi-dns-6.png 1062w\" sizes=\"auto, (max-width: 1024px) 100vw, 1024px\" \/><\/figure>\n\n\n\n<ul class=\"wp-block-list\">\n<li><strong>TXT-tietuella&nbsp;<\/strong>voi esim. vahvistaa domainin omistajuus mm. Microsoftille ja Googlelle. Koska s\u00e4hk\u00f6postin SPF-tietue lis\u00e4t\u00e4\u00e4n TXT-tietueena voi TXT-tietueita olla useita.<\/li>\n<\/ul>\n\n\n\n<figure class=\"wp-block-image size-large\"><img loading=\"lazy\" decoding=\"async\" width=\"1024\" height=\"113\" src=\"https:\/\/www.zoner.fi\/tuki\/wp-content\/uploads\/2025\/08\/wepardi-dns-7-1024x113.png\" alt=\"\" class=\"wp-image-136800\" srcset=\"https:\/\/www.zoner.fi\/tuki\/wp-content\/uploads\/2025\/08\/wepardi-dns-7-1024x113.png 1024w, https:\/\/www.zoner.fi\/tuki\/wp-content\/uploads\/2025\/08\/wepardi-dns-7-300x33.png 300w, https:\/\/www.zoner.fi\/tuki\/wp-content\/uploads\/2025\/08\/wepardi-dns-7-768x85.png 768w, https:\/\/www.zoner.fi\/tuki\/wp-content\/uploads\/2025\/08\/wepardi-dns-7.png 1044w\" sizes=\"auto, (max-width: 1024px) 100vw, 1024px\" \/><\/figure>\n\n\n\n<p>5. Painaa lopuksi Tietueen Lis\u00e4\u00e4minen \/ Add record<\/p>\n\n\n\n<figure class=\"wp-block-image size-full\"><img loading=\"lazy\" decoding=\"async\" width=\"316\" height=\"103\" src=\"https:\/\/www.zoner.fi\/tuki\/wp-content\/uploads\/2025\/08\/wepardi-dns-8.png\" alt=\"\" class=\"wp-image-136801\" srcset=\"https:\/\/www.zoner.fi\/tuki\/wp-content\/uploads\/2025\/08\/wepardi-dns-8.png 316w, https:\/\/www.zoner.fi\/tuki\/wp-content\/uploads\/2025\/08\/wepardi-dns-8-300x98.png 300w\" sizes=\"auto, (max-width: 316px) 100vw, 316px\" \/><\/figure>\n\n\n\n<h2 class=\"wp-block-heading\" id=\"DNS-tietueen-muokkaaminen\">DNS-tietueen muokkaaminen<\/h2>\n\n\n\n<p>1. Kirjaudu cPaneliin (<strong>Ohje<\/strong>: <a href=\"https:\/\/www.zoner.fi\/tuki\/webhotellit\/cpanel-webhotelli-fi\/cpanel-palvelunhallintaan-siirtyminen\/\">cPanel-palvelunhallintaan siirtyminen<\/a>) ja valitse\u00a0<strong>Toimialueet\u00a0<\/strong>kohdasta\u00a0<strong>Zone Editor<\/strong><\/p>\n\n\n\n<figure class=\"wp-block-image size-full\"><img loading=\"lazy\" decoding=\"async\" width=\"978\" height=\"193\" src=\"https:\/\/www.zoner.fi\/tuki\/wp-content\/uploads\/2025\/08\/wepardi-dns-1.png\" alt=\"\" class=\"wp-image-136794\" srcset=\"https:\/\/www.zoner.fi\/tuki\/wp-content\/uploads\/2025\/08\/wepardi-dns-1.png 978w, https:\/\/www.zoner.fi\/tuki\/wp-content\/uploads\/2025\/08\/wepardi-dns-1-300x59.png 300w, https:\/\/www.zoner.fi\/tuki\/wp-content\/uploads\/2025\/08\/wepardi-dns-1-768x152.png 768w\" sizes=\"auto, (max-width: 978px) 100vw, 978px\" \/><\/figure>\n\n\n\n<p>2. Valitse domain, jonka DNS tietueita haluat muokata, ja paina Hallinta \/ Manage.<\/p>\n\n\n\n<figure class=\"wp-block-image size-full\"><img loading=\"lazy\" decoding=\"async\" width=\"603\" height=\"365\" src=\"https:\/\/www.zoner.fi\/tuki\/wp-content\/uploads\/2025\/08\/wepardi-dns-9.png\" alt=\"\" class=\"wp-image-136802\" srcset=\"https:\/\/www.zoner.fi\/tuki\/wp-content\/uploads\/2025\/08\/wepardi-dns-9.png 603w, https:\/\/www.zoner.fi\/tuki\/wp-content\/uploads\/2025\/08\/wepardi-dns-9-300x182.png 300w\" sizes=\"auto, (max-width: 603px) 100vw, 603px\" \/><\/figure>\n\n\n\n<p>3. Valitse DNS-tietue, jota haluat muokata, ja paina Muokkaa\/Edit.<\/p>\n\n\n\n<figure class=\"wp-block-image size-full\"><img loading=\"lazy\" decoding=\"async\" width=\"641\" height=\"175\" src=\"https:\/\/www.zoner.fi\/tuki\/wp-content\/uploads\/2025\/08\/wepardi-dns-10.png\" alt=\"\" class=\"wp-image-136803\" srcset=\"https:\/\/www.zoner.fi\/tuki\/wp-content\/uploads\/2025\/08\/wepardi-dns-10.png 641w, https:\/\/www.zoner.fi\/tuki\/wp-content\/uploads\/2025\/08\/wepardi-dns-10-300x82.png 300w\" sizes=\"auto, (max-width: 641px) 100vw, 641px\" \/><\/figure>\n\n\n\n<p>4. Muokkaa DNS-tietueen tietoja ja paina lopuksi&nbsp;<strong>Save Record.<\/strong><\/p>\n","protected":false},"excerpt":{"rendered":"<p>N\u00e4in kirjaudut cPaneliin<\/p>\n","protected":false},"author":18,"featured_media":0,"parent":136943,"menu_order":0,"comment_status":"closed","ping_status":"closed","template":"","meta":{"_relevanssi_hide_post":"","_relevanssi_hide_content":"","_relevanssi_pin_for_all":"","_relevanssi_pin_keywords":"","_relevanssi_unpin_keywords":"","_relevanssi_related_keywords":"","_relevanssi_related_include_ids":"","_relevanssi_related_exclude_ids":"","_relevanssi_related_no_append":"","_relevanssi_related_not_related":"","_relevanssi_related_posts":"135737,130455,136211,131506,136147,132938","_relevanssi_noindex_reason":"","footnotes":""},"categories":[190,212],"tags":[207,96],"wf_page_folders":[],"class_list":{"0":"post-136793","1":"page","2":"type-page","3":"status-publish","5":"category-cpanel-wepardi","6":"category-cpanel-wepardi-verkkotunnus","7":"tag-dns","8":"tag-domainhallinta"},"_links":{"self":[{"href":"https:\/\/www.zoner.fi\/tuki\/wp-json\/wp\/v2\/pages\/136793","targetHints":{"allow":["GET"]}}],"collection":[{"href":"https:\/\/www.zoner.fi\/tuki\/wp-json\/wp\/v2\/pages"}],"about":[{"href":"https:\/\/www.zoner.fi\/tuki\/wp-json\/wp\/v2\/types\/page"}],"author":[{"embeddable":true,"href":"https:\/\/www.zoner.fi\/tuki\/wp-json\/wp\/v2\/users\/18"}],"replies":[{"embeddable":true,"href":"https:\/\/www.zoner.fi\/tuki\/wp-json\/wp\/v2\/comments?post=136793"}],"version-history":[{"count":5,"href":"https:\/\/www.zoner.fi\/tuki\/wp-json\/wp\/v2\/pages\/136793\/revisions"}],"predecessor-version":[{"id":138103,"href":"https:\/\/www.zoner.fi\/tuki\/wp-json\/wp\/v2\/pages\/136793\/revisions\/138103"}],"up":[{"embeddable":true,"href":"https:\/\/www.zoner.fi\/tuki\/wp-json\/wp\/v2\/pages\/136943"}],"wp:attachment":[{"href":"https:\/\/www.zoner.fi\/tuki\/wp-json\/wp\/v2\/media?parent=136793"}],"wp:term":[{"taxonomy":"category","embeddable":true,"href":"https:\/\/www.zoner.fi\/tuki\/wp-json\/wp\/v2\/categories?post=136793"},{"taxonomy":"post_tag","embeddable":true,"href":"https:\/\/www.zoner.fi\/tuki\/wp-json\/wp\/v2\/tags?post=136793"},{"taxonomy":"wf_page_folders","embeddable":true,"href":"https:\/\/www.zoner.fi\/tuki\/wp-json\/wp\/v2\/wf_page_folders?post=136793"}],"curies":[{"name":"wp","href":"https:\/\/api.w.org\/{rel}","templated":true}]}}