{"id":136810,"date":"2025-08-20T12:24:08","date_gmt":"2025-08-20T09:24:08","guid":{"rendered":"https:\/\/www.zoner.fi\/tuki\/?page_id=136810"},"modified":"2025-08-21T13:44:01","modified_gmt":"2025-08-21T10:44:01","slug":"ftp-yhteys-winscp","status":"publish","type":"page","link":"https:\/\/www.zoner.fi\/tuki\/webhotellit\/cpanel-wepardi\/ftp-yhteys-winscp\/","title":{"rendered":"FTP yhteys WinScp"},"content":{"rendered":"\n<p>WinSCP on suosittu tiedonsiirto-ohjelma, joka tukee useita erilaisia tiedonsiirtoprotokollia, mukaan lukien FTP (File Transfer Protocol). Alla on askel-askeleelta ohjeet FTP-yhteyden muodostamiseksi WinSCP:ll\u00e4 k\u00e4ytt\u00e4en porttia 21 ja eksplisiittist\u00e4 SSL\/TLS-kryptausta.<\/p>\n\n\n\n<h3 class=\"wp-block-heading\">Asennus ja k\u00e4ynnistys<\/h3>\n\n\n\n<ol class=\"wp-block-list\">\n<li><strong>Lataa ja asenna WinSCP<\/strong>\u00a0osoitteesta\u00a0<a href=\"https:\/\/winscp.net\/eng\/download.php\" target=\"_blank\" rel=\"noopener\">https:\/\/winscp.net\/eng\/download.php<\/a>\u00a0jos et ole sit\u00e4 viel\u00e4 tehnyt.<\/li>\n\n\n\n<li>K\u00e4ynnist\u00e4 WinSCP-ohjelma.<\/li>\n<\/ol>\n\n\n\n<h3 class=\"wp-block-heading\">Uuden yhteyden muodostaminen<\/h3>\n\n\n\n<ol class=\"wp-block-list\">\n<li>K\u00e4ynnistetty\u00e4si WinSCP:n, n\u00e4et\u00a0<strong>&#8221;Site Manager&#8221;<\/strong>\u00a0-ikkunan, jossa voit luoda ja hallinnoida yhteyksi\u00e4.<\/li>\n\n\n\n<li>Paina\u00a0<strong>&#8221;New Site&#8221;<\/strong>\u00a0-nappia luodaksesi uuden yhteyden.<\/li>\n<\/ol>\n\n\n\n<h3 class=\"wp-block-heading\">Asetusten konfigurointi<\/h3>\n\n\n\n<ol class=\"wp-block-list\">\n<li><strong>&#8221;File protocol&#8221;<\/strong>\u00a0-valikosta valitse\u00a0<strong>&#8221;FTP&#8221;<\/strong>.<\/li>\n\n\n\n<li><strong>&#8221;Encryption&#8221;<\/strong>\u00a0-valikosta valitse\u00a0<strong>&#8221;TLS\/SSL Explicit encryption&#8221;<\/strong>.<\/li>\n\n\n\n<li>Aseta\u00a0<strong>&#8221;Host name&#8221;<\/strong>-kentt\u00e4\u00e4n palvelimen osoite tai IP-osoite.<\/li>\n\n\n\n<li>Aseta\u00a0<strong>&#8221;Port number&#8221;<\/strong>-kentt\u00e4\u00e4n arvo\u00a0<strong>21<\/strong>.<\/li>\n\n\n\n<li>Kirjoita\u00a0<strong>&#8221;User name&#8221;<\/strong>&#8211; ja\u00a0<strong>&#8221;Password&#8221;<\/strong>\u00a0-kenttiin FTP-tilisi k\u00e4ytt\u00e4j\u00e4tunnus ja salasana.<\/li>\n<\/ol>\n\n\n\n<h3 class=\"wp-block-heading\">Yhteyden muodostaminen<\/h3>\n\n\n\n<ol class=\"wp-block-list\">\n<li>Kun olet sy\u00f6tt\u00e4nyt kaikki tiedot, paina\u00a0<strong>&#8221;Save&#8221;<\/strong>, jos haluat tallentaa yhteystiedot my\u00f6hemp\u00e4\u00e4 k\u00e4ytt\u00f6\u00e4 varten. T\u00e4m\u00e4 on valinnaista.<\/li>\n\n\n\n<li>Paina\u00a0<strong>&#8221;Login&#8221;<\/strong>\u00a0aloittaaksesi yhteyden. Ensimm\u00e4isell\u00e4 kerralla saatat n\u00e4hd\u00e4 varoitusikkunan, joka liittyy palvelimen SSL\/TLS-sertifikaattiin. Jos olet varma palvelimen identiteetist\u00e4, hyv\u00e4ksy varoitus jatkumista varten.<\/li>\n<\/ol>\n\n\n\n<p>Nyt sinun pit\u00e4isi olla yhteydess\u00e4 FTP-palvelimeen, ja voit alkaa siirt\u00e4m\u00e4\u00e4n tiedostoja.<\/p>\n","protected":false},"excerpt":{"rendered":"<p>WinSCP on suosittu tiedonsiirto-ohjelma, joka tukee useita erilaisia tiedonsiirtoprotokollia, mukaan lukien FTP (File Transfer Protocol). Alla on askel-askeleelta ohjeet FTP-yhteyden muodostamiseksi WinSCP:ll\u00e4 k\u00e4ytt\u00e4en porttia 21 ja eksplisiittist\u00e4 SSL\/TLS-kryptausta. Asennus ja k\u00e4ynnistys Uuden yhteyden muodostaminen Asetusten konfigurointi Yhteyden muodostaminen Nyt sinun pit\u00e4isi olla yhteydess\u00e4 FTP-palvelimeen, ja voit alkaa siirt\u00e4m\u00e4\u00e4n tiedostoja.<\/p>\n","protected":false},"author":18,"featured_media":0,"parent":136943,"menu_order":0,"comment_status":"closed","ping_status":"closed","template":"","meta":{"_relevanssi_hide_post":"","_relevanssi_hide_content":"","_relevanssi_pin_for_all":"","_relevanssi_pin_keywords":"","_relevanssi_unpin_keywords":"","_relevanssi_related_keywords":"","_relevanssi_related_include_ids":"","_relevanssi_related_exclude_ids":"","_relevanssi_related_no_append":"","_relevanssi_related_not_related":"","_relevanssi_related_posts":"135737,130455,136211,131506,136147,132938","_relevanssi_noindex_reason":"","footnotes":""},"categories":[190],"tags":[93],"wf_page_folders":[],"class_list":{"0":"post-136810","1":"page","2":"type-page","3":"status-publish","5":"category-cpanel-wepardi","6":"tag-ftp-sftp-ssh"},"_links":{"self":[{"href":"https:\/\/www.zoner.fi\/tuki\/wp-json\/wp\/v2\/pages\/136810","targetHints":{"allow":["GET"]}}],"collection":[{"href":"https:\/\/www.zoner.fi\/tuki\/wp-json\/wp\/v2\/pages"}],"about":[{"href":"https:\/\/www.zoner.fi\/tuki\/wp-json\/wp\/v2\/types\/page"}],"author":[{"embeddable":true,"href":"https:\/\/www.zoner.fi\/tuki\/wp-json\/wp\/v2\/users\/18"}],"replies":[{"embeddable":true,"href":"https:\/\/www.zoner.fi\/tuki\/wp-json\/wp\/v2\/comments?post=136810"}],"version-history":[{"count":4,"href":"https:\/\/www.zoner.fi\/tuki\/wp-json\/wp\/v2\/pages\/136810\/revisions"}],"predecessor-version":[{"id":136977,"href":"https:\/\/www.zoner.fi\/tuki\/wp-json\/wp\/v2\/pages\/136810\/revisions\/136977"}],"up":[{"embeddable":true,"href":"https:\/\/www.zoner.fi\/tuki\/wp-json\/wp\/v2\/pages\/136943"}],"wp:attachment":[{"href":"https:\/\/www.zoner.fi\/tuki\/wp-json\/wp\/v2\/media?parent=136810"}],"wp:term":[{"taxonomy":"category","embeddable":true,"href":"https:\/\/www.zoner.fi\/tuki\/wp-json\/wp\/v2\/categories?post=136810"},{"taxonomy":"post_tag","embeddable":true,"href":"https:\/\/www.zoner.fi\/tuki\/wp-json\/wp\/v2\/tags?post=136810"},{"taxonomy":"wf_page_folders","embeddable":true,"href":"https:\/\/www.zoner.fi\/tuki\/wp-json\/wp\/v2\/wf_page_folders?post=136810"}],"curies":[{"name":"wp","href":"https:\/\/api.w.org\/{rel}","templated":true}]}}