{"id":136813,"date":"2025-08-20T12:31:27","date_gmt":"2025-08-20T09:31:27","guid":{"rendered":"https:\/\/www.zoner.fi\/tuki\/?page_id=136813"},"modified":"2026-03-11T12:48:58","modified_gmt":"2026-03-11T10:48:58","slug":"wordpress-asennus","status":"publish","type":"page","link":"https:\/\/www.zoner.fi\/tuki\/webhotellit\/cpanel-wepardi\/wordpress-asennus\/","title":{"rendered":"Miten asennan WordPressin palveluuni?"},"content":{"rendered":"\n<p>Kaikkiin Wepardilta tilatuihin webhotellipalveluihin, joihin sis\u00e4ltyy tilaa verkkosivuille on mahdollista asentaa suosittu julkaisuj\u00e4rjestelm\u00e4 WordPress.\u00a0<\/p>\n\n\n\n<h3 class=\"wp-block-heading\">Kirjaudu cPaneliin<\/h3>\n\n\n\n<p>1. Kirjaudu cPaneliin Zoner Homen kautta. <strong>Ohje<\/strong>: <a href=\"https:\/\/www.zoner.fi\/tuki\/webhotellit\/cpanel-webhotelli-fi\/cpanel-palvelunhallintaan-siirtyminen\/\">cPanel-palvelunhallintaan siirtyminen<\/a><\/p>\n\n\n\n<p>2. Kirjautumisen j\u00e4lkeen n\u00e4et cPanelin yleisn\u00e4kym\u00e4n:<\/p>\n\n\n\n<figure class=\"wp-block-image size-full\"><img loading=\"lazy\" decoding=\"async\" width=\"939\" height=\"552\" src=\"https:\/\/www.zoner.fi\/tuki\/wp-content\/uploads\/2025\/08\/wepardi-wordpress-asennus-1.png\" alt=\"\" class=\"wp-image-136814\" title=\"\" srcset=\"https:\/\/www.zoner.fi\/tuki\/wp-content\/uploads\/2025\/08\/wepardi-wordpress-asennus-1.png 939w, https:\/\/www.zoner.fi\/tuki\/wp-content\/uploads\/2025\/08\/wepardi-wordpress-asennus-1-300x176.png 300w, https:\/\/www.zoner.fi\/tuki\/wp-content\/uploads\/2025\/08\/wepardi-wordpress-asennus-1-768x451.png 768w\" sizes=\"auto, (max-width: 939px) 100vw, 939px\" \/><\/figure>\n\n\n\n<h3 class=\"wp-block-heading\">Etsi Softaculous Apps Installer<\/h3>\n\n\n\n<p>Softaculous Apps Installer on automaattinen asennusj\u00e4rjestelm\u00e4, joka tekee WordPressin asennuksen puolestasi. Se sijaitsee usein sivun alareunassa, ellet olet tehnyt cPanelin yleisn\u00e4kym\u00e4\u00e4si muutoksia.<\/p>\n\n\n\n<p>Softaculous Apps installer n\u00e4ytt\u00e4\u00e4 t\u00e4lt\u00e4:<\/p>\n\n\n\n<figure class=\"wp-block-image size-full\"><img loading=\"lazy\" decoding=\"async\" width=\"939\" height=\"277\" src=\"https:\/\/www.zoner.fi\/tuki\/wp-content\/uploads\/2025\/08\/wepardi-wordpress-asennus-2.png\" alt=\"\" class=\"wp-image-136815\" title=\"\" srcset=\"https:\/\/www.zoner.fi\/tuki\/wp-content\/uploads\/2025\/08\/wepardi-wordpress-asennus-2.png 939w, https:\/\/www.zoner.fi\/tuki\/wp-content\/uploads\/2025\/08\/wepardi-wordpress-asennus-2-300x88.png 300w, https:\/\/www.zoner.fi\/tuki\/wp-content\/uploads\/2025\/08\/wepardi-wordpress-asennus-2-768x227.png 768w\" sizes=\"auto, (max-width: 939px) 100vw, 939px\" \/><\/figure>\n\n\n\n<p>Klikkaa kuvassakin n\u00e4kyv\u00e4\u00e4 WordPress-kuvaketta ja p\u00e4\u00e4set seuraavalle sivulle:<\/p>\n\n\n\n<figure class=\"wp-block-image size-full\"><img loading=\"lazy\" decoding=\"async\" width=\"939\" height=\"431\" src=\"https:\/\/www.zoner.fi\/tuki\/wp-content\/uploads\/2025\/08\/wepardi-wordpress-asennus-5.png\" alt=\"\" class=\"wp-image-136818\" title=\"\" srcset=\"https:\/\/www.zoner.fi\/tuki\/wp-content\/uploads\/2025\/08\/wepardi-wordpress-asennus-5.png 939w, https:\/\/www.zoner.fi\/tuki\/wp-content\/uploads\/2025\/08\/wepardi-wordpress-asennus-5-300x138.png 300w, https:\/\/www.zoner.fi\/tuki\/wp-content\/uploads\/2025\/08\/wepardi-wordpress-asennus-5-768x353.png 768w\" sizes=\"auto, (max-width: 939px) 100vw, 939px\" \/><\/figure>\n\n\n\n<h3 class=\"wp-block-heading\">Asenna WordPress<\/h3>\n\n\n\n<p>Aloittaaksesi WordPressin asennuksen klikkaa <strong>Install Now<\/strong> -kuvaketta, joka siirt\u00e4\u00e4 sinut j\u00e4lleen l\u00e4hemm\u00e4s asennusta. T\u00e4m\u00e4n j\u00e4lkeen sinulle avautuu asennusikkuna, jonka pit\u00e4isi n\u00e4ytt\u00e4\u00e4 suurin piirtein t\u00e4lt\u00e4:<\/p>\n\n\n\n<figure class=\"wp-block-image size-full\"><img loading=\"lazy\" decoding=\"async\" width=\"939\" height=\"454\" src=\"https:\/\/www.zoner.fi\/tuki\/wp-content\/uploads\/2025\/08\/wepardi-wordpress-asennus-3.png\" alt=\"\" class=\"wp-image-136816\" title=\"\" srcset=\"https:\/\/www.zoner.fi\/tuki\/wp-content\/uploads\/2025\/08\/wepardi-wordpress-asennus-3.png 939w, https:\/\/www.zoner.fi\/tuki\/wp-content\/uploads\/2025\/08\/wepardi-wordpress-asennus-3-300x145.png 300w, https:\/\/www.zoner.fi\/tuki\/wp-content\/uploads\/2025\/08\/wepardi-wordpress-asennus-3-768x371.png 768w\" sizes=\"auto, (max-width: 939px) 100vw, 939px\" \/><\/figure>\n\n\n\n<p>T\u00e4ss\u00e4 voit valita asetuksia WordPress-sivustosi osalta. Emme suosittele vaihtamaan WordPressin versiota, vaan asentamaan ainakin alkuun sen version, jonka j\u00e4rjestelm\u00e4 automaattisesti tarjoaa. T\u00e4m\u00e4n j\u00e4lkeen sinun tulisi valita paikka, johon WordPress asennetaan. J\u00e4rjestelm\u00e4 tarjoaa automaattisesti aina domain\/wp, mutta mik\u00e4li haluat, ett\u00e4 WordPress on p\u00e4\u00e4toimisesti sivustosi, niin silloin tuo wp kannattaa ottaa pois. Olemme ympyr\u00f6ineet t\u00e4m\u00e4n kohdan asennuslomakkeesta:<\/p>\n\n\n\n<figure class=\"wp-block-image\"><img decoding=\"async\" src=\"https:\/\/wepardi.fi\/wp-content\/uploads\/2020\/03\/wp_3_2.png\" alt=\"\" class=\"wp-image-51648\" title=\"\"\/><\/figure>\n\n\n\n<p>T\u00e4m\u00e4n j\u00e4lkeen p\u00e4\u00e4set kirjoittamaan sivustosi nimen, lyhyen kuvauksen sivustostasi ja valitsemaan k\u00e4ytt\u00e4j\u00e4tunnuksen, sek\u00e4 salasanan. T\u00e4m\u00e4n j\u00e4lkeen voit valita sivustollesi kielen \u2013 t\u00e4m\u00e4 on melko t\u00e4rke\u00e4 askel. Kun valitset suomen kielen, niin silloin koko WordPress tulee sinullekin suomeksi. T\u00e4m\u00e4 varmasti helpottaa monia my\u00f6hemm\u00e4ss\u00e4 vaiheessa.<\/p>\n\n\n\n<p>Jos tied\u00e4t jo t\u00e4ss\u00e4 vaiheessa, mink\u00e4laisen verkkosivuston teeman haluat, niin voit tehd\u00e4 sen lomakkeen lopussa. Mik\u00e4li et ole varma, voit j\u00e4tt\u00e4\u00e4 t\u00e4m\u00e4n askeleen v\u00e4list\u00e4 ja esimerkiksi&nbsp;tutustua sopivan teeman valitsemiseen my\u00f6hemmin.<\/p>\n\n\n\n<p>Jos haluat saada asennuksesta tiedot s\u00e4hk\u00f6postiisi, niin voit lis\u00e4t\u00e4 s\u00e4hk\u00f6postisi ennen asennusta. Lis\u00e4tiedoissa lukee esimerkiksi WordPress-k\u00e4ytt\u00e4j\u00e4nimi, mutta ei salasanaa. Muistathan siis asettaa sellaisen salasanan, joka on turvallinen ja jonka muistat.<\/p>\n\n\n\n<p>Sivun lopusta l\u00f6yd\u00e4t Install-painikkeen, mink\u00e4 j\u00e4lkeen asennus k\u00e4ynnistyy. Odotathan rauhassa, ett\u00e4 asennus on mennyt loppuun asti ja saat vahvistuksen siit\u00e4, ett\u00e4 asennus on valmis.<\/p>\n\n\n\n<p>Nyt WordPress on asennettu! P\u00e4\u00e4set kirjautumaan WordPressiin valitsemallasi k\u00e4ytt\u00e4j\u00e4tunnuksellasi ja salasanallasi osoitteessa omadomain.com\/wp-admin. Jos j\u00e4tit domainisi j\u00e4lkeen jonkin tunnuksen, esimerkiksi wp:n, silloin osoite on omadomain.com\/wp\/wp-admin. T\u00e4t\u00e4 kautta p\u00e4\u00e4set nyt luomaan itsellesi ilmaiseksi tyylikk\u00e4\u00e4t verkkosivut!<\/p>\n\n\n\n<p>Kaipaatko apua asennuksessa tai jokin ei ollu selv\u00e4\u00e4? Asiakaspalvelumme auttaa mielell\u00e4\u00e4n! Voit olla meihin yhteydess\u00e4&nbsp;s\u00e4hk\u00f6postin&nbsp;kautta.<\/p>\n","protected":false},"excerpt":{"rendered":"<p>WordPress-asennus cPanelin kautta<\/p>\n","protected":false},"author":18,"featured_media":0,"parent":136943,"menu_order":0,"comment_status":"closed","ping_status":"closed","template":"","meta":{"_relevanssi_hide_post":"","_relevanssi_hide_content":"","_relevanssi_pin_for_all":"","_relevanssi_pin_keywords":"","_relevanssi_unpin_keywords":"","_relevanssi_related_keywords":"","_relevanssi_related_include_ids":"","_relevanssi_related_exclude_ids":"","_relevanssi_related_no_append":"","_relevanssi_related_not_related":"","_relevanssi_related_posts":"135737,130455,136211,131506,136147,132938","_relevanssi_noindex_reason":"","footnotes":""},"categories":[190],"tags":[95],"wf_page_folders":[],"class_list":{"0":"post-136813","1":"page","2":"type-page","3":"status-publish","5":"category-cpanel-wepardi","6":"tag-ohjelmistot"},"_links":{"self":[{"href":"https:\/\/www.zoner.fi\/tuki\/wp-json\/wp\/v2\/pages\/136813","targetHints":{"allow":["GET"]}}],"collection":[{"href":"https:\/\/www.zoner.fi\/tuki\/wp-json\/wp\/v2\/pages"}],"about":[{"href":"https:\/\/www.zoner.fi\/tuki\/wp-json\/wp\/v2\/types\/page"}],"author":[{"embeddable":true,"href":"https:\/\/www.zoner.fi\/tuki\/wp-json\/wp\/v2\/users\/18"}],"replies":[{"embeddable":true,"href":"https:\/\/www.zoner.fi\/tuki\/wp-json\/wp\/v2\/comments?post=136813"}],"version-history":[{"count":8,"href":"https:\/\/www.zoner.fi\/tuki\/wp-json\/wp\/v2\/pages\/136813\/revisions"}],"predecessor-version":[{"id":138630,"href":"https:\/\/www.zoner.fi\/tuki\/wp-json\/wp\/v2\/pages\/136813\/revisions\/138630"}],"up":[{"embeddable":true,"href":"https:\/\/www.zoner.fi\/tuki\/wp-json\/wp\/v2\/pages\/136943"}],"wp:attachment":[{"href":"https:\/\/www.zoner.fi\/tuki\/wp-json\/wp\/v2\/media?parent=136813"}],"wp:term":[{"taxonomy":"category","embeddable":true,"href":"https:\/\/www.zoner.fi\/tuki\/wp-json\/wp\/v2\/categories?post=136813"},{"taxonomy":"post_tag","embeddable":true,"href":"https:\/\/www.zoner.fi\/tuki\/wp-json\/wp\/v2\/tags?post=136813"},{"taxonomy":"wf_page_folders","embeddable":true,"href":"https:\/\/www.zoner.fi\/tuki\/wp-json\/wp\/v2\/wf_page_folders?post=136813"}],"curies":[{"name":"wp","href":"https:\/\/api.w.org\/{rel}","templated":true}]}}