{"id":136824,"date":"2025-08-20T13:24:04","date_gmt":"2025-08-20T10:24:04","guid":{"rendered":"https:\/\/www.zoner.fi\/tuki\/?page_id=136824"},"modified":"2025-08-21T14:49:32","modified_gmt":"2025-08-21T11:49:32","slug":"tiedostojen-siirto-palvelimelle-ftp","status":"publish","type":"page","link":"https:\/\/www.zoner.fi\/tuki\/webhotellit\/cpanel-wepardi\/tiedostojen-siirto-palvelimelle-ftp\/","title":{"rendered":"Miten siirr\u00e4n tiedostoja palvelimelle? (FTP)"},"content":{"rendered":"\n<p>Voit siirt\u00e4\u00e4 tiedostoja palvelimelle luomalla FTP-tilin ja siirt\u00e4m\u00e4ll\u00e4 tiedostot jonkin FTP-ohjelman kautta. Halutessasi voit my\u00f6s k\u00e4ytt\u00e4\u00e4 palvelusta l\u00f6ytyv\u00e4\u00e4 Tiedostonhallinta-ty\u00f6kalua.<\/p>\n\n\n\n<h3 class=\"wp-block-heading\" id=\"FTP-tilin-luonti\">FTP-tilin luonti<\/h3>\n\n\n\n<p>FTP-tilin voi luoda cPanelissa. <a href=\"https:\/\/www.zoner.fi\/tuki\/webhotellit\/cpanel-wepardi\/ftp-tili-luonti-poisto\/\">Ohje<\/a>.<\/p>\n\n\n\n<h3 class=\"wp-block-heading\" id=\"FTP-ohjelman-k\u00e4ytt\u00f6\">FTP-ohjelman k\u00e4ytt\u00f6<\/h3>\n\n\n\n<p>Kun tili on luotu niin voit k\u00e4ytt\u00e4\u00e4 FTP-yhteytt\u00e4 esim. ilmaisella FileZilla -ohjelmalla (<a href=\"https:\/\/filezilla-project.org\/\" target=\"_blank\" rel=\"noopener\">FileZilla &#8211; The free FTP solution<\/a>&nbsp;)<\/p>\n\n\n\n<h4 class=\"wp-block-heading\" id=\"Pikayhdist\u00e4minen\">Pikayhdist\u00e4minen<\/h4>\n\n\n\n<p>Sy\u00f6t\u00e4 vaadittavat tiedot FTP-yhteyden muodostamista varten:<\/p>\n\n\n\n<p>Is\u00e4nt\u00e4: Is\u00e4nt\u00e4 on palvelimen osoite, esim.\u00a0ftp.omadomain.com. T\u00e4ss\u00e4 esimerkiss\u00e4 palvelimen osoite on ftp.weparditestaa.com Voit tarvittaessa tarkistaa oikean osoitteen asiakaspalvelustamme mik\u00e4li yhteyden muodostaminen ei onnistu.<\/p>\n\n\n\n<p>K\u00e4ytt\u00e4j\u00e4nimi: K\u00e4ytt\u00e4j\u00e4nimen\u00e4 toimii luomasi FTP-k\u00e4ytt\u00e4j\u00e4tilin k\u00e4ytt\u00e4j\u00e4tunnus. T\u00e4ss\u00e4 esimerkiss\u00e4 k\u00e4yt\u00e4mme videolla luotua tili\u00e4&nbsp;valitsenimi@weparditestaa.com.<\/p>\n\n\n\n<p>Salasana: Sy\u00f6t\u00e4 t\u00e4h\u00e4n luomasi FTP-k\u00e4ytt\u00e4j\u00e4tilin salasana.<\/p>\n\n\n\n<p>Portti: Webhotelleissa porttina on oletuksena 21. T\u00e4m\u00e4n kent\u00e4n voi my\u00f6s j\u00e4tt\u00e4\u00e4 tyhj\u00e4ksi.<\/p>\n\n\n\n<p>Muodosta yhteys valitsemalla Pikayhdist\u00e4.<\/p>\n\n\n\n<figure class=\"wp-block-image size-large\"><img loading=\"lazy\" decoding=\"async\" width=\"1024\" height=\"146\" src=\"https:\/\/www.zoner.fi\/tuki\/wp-content\/uploads\/2025\/08\/wepardi-ftp-1-1024x146.png\" alt=\"\" class=\"wp-image-136825\" srcset=\"https:\/\/www.zoner.fi\/tuki\/wp-content\/uploads\/2025\/08\/wepardi-ftp-1-1024x146.png 1024w, https:\/\/www.zoner.fi\/tuki\/wp-content\/uploads\/2025\/08\/wepardi-ftp-1-300x43.png 300w, https:\/\/www.zoner.fi\/tuki\/wp-content\/uploads\/2025\/08\/wepardi-ftp-1-768x109.png 768w, https:\/\/www.zoner.fi\/tuki\/wp-content\/uploads\/2025\/08\/wepardi-ftp-1-1536x219.png 1536w, https:\/\/www.zoner.fi\/tuki\/wp-content\/uploads\/2025\/08\/wepardi-ftp-1.png 1642w\" sizes=\"auto, (max-width: 1024px) 100vw, 1024px\" \/><\/figure>\n\n\n\n<p>Kun FTP-yhteys on muodostettu, saat eteesi kaksi n\u00e4kym\u00e4\u00e4. Vasemmanpuoleinen n\u00e4kym\u00e4 n\u00e4ytt\u00e4\u00e4 tiedostot omalla koneellasi ja oikeanpuoleinen n\u00e4kym\u00e4 n\u00e4ytt\u00e4\u00e4 tiedostorakenteen palvelimella.<\/p>\n\n\n\n<p>Kaikki sivuston julkiset tiedostot sijaitsevat&nbsp;<strong>public_html<\/strong>&nbsp;-hakemistossa.<\/p>\n\n\n\n<h4 class=\"wp-block-heading\" id=\"Yhteyden-tallennus-Sivustonhallinta--ty\u00f6kalulla\">Yhteyden tallennus Sivustonhallinta -ty\u00f6kalulla<\/h4>\n\n\n\n<p>Voit my\u00f6s tallentaa FTP-yhteytesi tiedot FileZilla ohjelman Site Manageriin. T\u00e4m\u00e4 on k\u00e4tev\u00e4\u00e4, mik\u00e4li sinulla on tarve k\u00e4ytt\u00e4\u00e4 usein FTP-yhteytt\u00e4 tai haluat tallentaa useita eri yhteyksi\u00e4. Avaa sivustonhallinta klikkaamalla kuvaketta.<\/p>\n\n\n\n<figure class=\"wp-block-image size-large\"><img loading=\"lazy\" decoding=\"async\" width=\"1024\" height=\"148\" src=\"https:\/\/www.zoner.fi\/tuki\/wp-content\/uploads\/2025\/08\/wepardi-ftp-2-1024x148.png\" alt=\"\" class=\"wp-image-136826\" srcset=\"https:\/\/www.zoner.fi\/tuki\/wp-content\/uploads\/2025\/08\/wepardi-ftp-2-1024x148.png 1024w, https:\/\/www.zoner.fi\/tuki\/wp-content\/uploads\/2025\/08\/wepardi-ftp-2-300x43.png 300w, https:\/\/www.zoner.fi\/tuki\/wp-content\/uploads\/2025\/08\/wepardi-ftp-2-768x111.png 768w, https:\/\/www.zoner.fi\/tuki\/wp-content\/uploads\/2025\/08\/wepardi-ftp-2-1536x222.png 1536w, https:\/\/www.zoner.fi\/tuki\/wp-content\/uploads\/2025\/08\/wepardi-ftp-2.png 1630w\" sizes=\"auto, (max-width: 1024px) 100vw, 1024px\" \/><\/figure>\n\n\n\n<p>Seuraavaksi voit valita joko valmiin yhteyden tai luoda uuden valitsemalla \u201cUusi sivusto\u201d ja m\u00e4\u00e4ritt\u00e4m\u00e4ll\u00e4 yhteyden asetukset kohdalleen.<\/p>\n\n\n\n<figure class=\"wp-block-image size-large\"><img loading=\"lazy\" decoding=\"async\" width=\"1024\" height=\"905\" src=\"https:\/\/www.zoner.fi\/tuki\/wp-content\/uploads\/2025\/08\/wepardi-ftp-3-2-1024x905.png\" alt=\"\" class=\"wp-image-136830\" srcset=\"https:\/\/www.zoner.fi\/tuki\/wp-content\/uploads\/2025\/08\/wepardi-ftp-3-2-1024x905.png 1024w, https:\/\/www.zoner.fi\/tuki\/wp-content\/uploads\/2025\/08\/wepardi-ftp-3-2-300x265.png 300w, https:\/\/www.zoner.fi\/tuki\/wp-content\/uploads\/2025\/08\/wepardi-ftp-3-2-768x678.png 768w, https:\/\/www.zoner.fi\/tuki\/wp-content\/uploads\/2025\/08\/wepardi-ftp-3-2.png 1064w\" sizes=\"auto, (max-width: 1024px) 100vw, 1024px\" \/><\/figure>\n\n\n\n<p><\/p>\n\n\n\n<h3 class=\"wp-block-heading\" id=\"Tiedostonhallinta-ty\u00f6kalu\">Tiedostonhallinta-ty\u00f6kalu<\/h3>\n\n\n\n<p>Halutessasi voit my\u00f6s k\u00e4ytt\u00e4\u00e4 tiedostojen siirtoon palvelustasi l\u00f6ytyv\u00e4\u00e4 Tiedostonhallinta-ty\u00f6kalua.<\/p>\n","protected":false},"excerpt":{"rendered":"<p>Voit siirt\u00e4\u00e4 tiedostoja palvelimelle luomalla FTP-tilin ja siirt\u00e4m\u00e4ll\u00e4 tiedostot jonkin FTP-ohjelman kautta. Halutessasi voit my\u00f6s k\u00e4ytt\u00e4\u00e4 palvelusta l\u00f6ytyv\u00e4\u00e4 Tiedostonhallinta-ty\u00f6kalua. FTP-tilin luonti FTP-tilin voi luoda cPanelissa. Ohje. FTP-ohjelman k\u00e4ytt\u00f6 Kun tili on luotu niin voit k\u00e4ytt\u00e4\u00e4 FTP-yhteytt\u00e4 esim. ilmaisella FileZilla -ohjelmalla (FileZilla &#8211; The free FTP solution&nbsp;) Pikayhdist\u00e4minen Sy\u00f6t\u00e4 vaadittavat tiedot FTP-yhteyden muodostamista varten: Is\u00e4nt\u00e4: Is\u00e4nt\u00e4 &#8230; <a title=\"Miten siirr\u00e4n tiedostoja palvelimelle? (FTP)\" class=\"read-more\" href=\"https:\/\/www.zoner.fi\/tuki\/webhotellit\/cpanel-wepardi\/tiedostojen-siirto-palvelimelle-ftp\/\" aria-label=\"Lue lis\u00e4\u00e4 aiheesta Miten siirr\u00e4n tiedostoja palvelimelle? (FTP)\">Lue lis\u00e4\u00e4<\/a><\/p>\n","protected":false},"author":18,"featured_media":0,"parent":136943,"menu_order":0,"comment_status":"closed","ping_status":"closed","template":"","meta":{"_relevanssi_hide_post":"","_relevanssi_hide_content":"","_relevanssi_pin_for_all":"","_relevanssi_pin_keywords":"","_relevanssi_unpin_keywords":"","_relevanssi_related_keywords":"","_relevanssi_related_include_ids":"","_relevanssi_related_exclude_ids":"","_relevanssi_related_no_append":"","_relevanssi_related_not_related":"","_relevanssi_related_posts":"135737,130455,136211,131506,136147,132938","_relevanssi_noindex_reason":"","footnotes":""},"categories":[190],"tags":[93],"wf_page_folders":[],"class_list":{"0":"post-136824","1":"page","2":"type-page","3":"status-publish","5":"category-cpanel-wepardi","6":"tag-ftp-sftp-ssh"},"_links":{"self":[{"href":"https:\/\/www.zoner.fi\/tuki\/wp-json\/wp\/v2\/pages\/136824","targetHints":{"allow":["GET"]}}],"collection":[{"href":"https:\/\/www.zoner.fi\/tuki\/wp-json\/wp\/v2\/pages"}],"about":[{"href":"https:\/\/www.zoner.fi\/tuki\/wp-json\/wp\/v2\/types\/page"}],"author":[{"embeddable":true,"href":"https:\/\/www.zoner.fi\/tuki\/wp-json\/wp\/v2\/users\/18"}],"replies":[{"embeddable":true,"href":"https:\/\/www.zoner.fi\/tuki\/wp-json\/wp\/v2\/comments?post=136824"}],"version-history":[{"count":5,"href":"https:\/\/www.zoner.fi\/tuki\/wp-json\/wp\/v2\/pages\/136824\/revisions"}],"predecessor-version":[{"id":137054,"href":"https:\/\/www.zoner.fi\/tuki\/wp-json\/wp\/v2\/pages\/136824\/revisions\/137054"}],"up":[{"embeddable":true,"href":"https:\/\/www.zoner.fi\/tuki\/wp-json\/wp\/v2\/pages\/136943"}],"wp:attachment":[{"href":"https:\/\/www.zoner.fi\/tuki\/wp-json\/wp\/v2\/media?parent=136824"}],"wp:term":[{"taxonomy":"category","embeddable":true,"href":"https:\/\/www.zoner.fi\/tuki\/wp-json\/wp\/v2\/categories?post=136824"},{"taxonomy":"post_tag","embeddable":true,"href":"https:\/\/www.zoner.fi\/tuki\/wp-json\/wp\/v2\/tags?post=136824"},{"taxonomy":"wf_page_folders","embeddable":true,"href":"https:\/\/www.zoner.fi\/tuki\/wp-json\/wp\/v2\/wf_page_folders?post=136824"}],"curies":[{"name":"wp","href":"https:\/\/api.w.org\/{rel}","templated":true}]}}