{"id":136837,"date":"2025-08-20T13:25:36","date_gmt":"2025-08-20T10:25:36","guid":{"rendered":"https:\/\/www.zoner.fi\/tuki\/?page_id=136837"},"modified":"2025-08-21T13:43:24","modified_gmt":"2025-08-21T10:43:24","slug":"jquery","status":"publish","type":"page","link":"https:\/\/www.zoner.fi\/tuki\/webhotellit\/cpanel-wepardi\/jquery\/","title":{"rendered":"jQuery"},"content":{"rendered":"\n<p>jQuery:n lis\u00e4\u00e4minen verkkosivustollesi tai web-palveluusi on suhteellisen yksinkertaista, ja voit tehd\u00e4 sen usealla eri tavalla riippuen projektisi tarpeista ja siit\u00e4, miten haluat hallita riippuvuuksia. Jos olet t\u00e4h\u00e4n asti k\u00e4ytt\u00e4nyt Googlen tarjoamia kirjastoja, kuten esimerkiksi AngularJS:\u00e4\u00e4 tai Reactia, mutta haluat nyt k\u00e4ytt\u00e4\u00e4 jQuery:a, seuraavat askeleet voivat auttaa:<\/p>\n\n\n\n<p>1. Kyll\u00e4, Suora Linkkaus CDN:st\u00e4<\/p>\n\n\n\n<p>Yksi helpoimmista tavoista k\u00e4ytt\u00e4\u00e4 jQuery:a on lis\u00e4t\u00e4 se suoraan CDN:st\u00e4 (Content Delivery Network). Google Hosted Libraries -palvelu tarjoaa mahdollisuuden linkitt\u00e4\u00e4 jQuery:n suoraan HTML-sivun &lt;head&gt;-osioon:<\/p>\n\n\n\n<figure class=\"wp-block-image size-full\"><img loading=\"lazy\" decoding=\"async\" width=\"877\" height=\"42\" src=\"https:\/\/www.zoner.fi\/tuki\/wp-content\/uploads\/2025\/08\/wepardi-jquery-1.png\" alt=\"\" class=\"wp-image-136838\" srcset=\"https:\/\/www.zoner.fi\/tuki\/wp-content\/uploads\/2025\/08\/wepardi-jquery-1.png 877w, https:\/\/www.zoner.fi\/tuki\/wp-content\/uploads\/2025\/08\/wepardi-jquery-1-300x14.png 300w, https:\/\/www.zoner.fi\/tuki\/wp-content\/uploads\/2025\/08\/wepardi-jquery-1-768x37.png 768w\" sizes=\"auto, (max-width: 877px) 100vw, 877px\" \/><\/figure>\n\n\n\n<p>T\u00e4m\u00e4 tapa varmistaa, ett\u00e4 jQuery ladataan tehokkaasti, ja monissa tapauksissa k\u00e4ytt\u00e4j\u00e4si selain voi hy\u00f6dynt\u00e4\u00e4 v\u00e4limuistissa jo olevaa versiota, jos he ovat k\u00e4yneet aiemmin muilla sivustoilla, jotka k\u00e4ytt\u00e4v\u00e4t samaa jQuery:n versiota.<\/p>\n\n\n\n<p>2. Lataa ja Is\u00e4nn\u00f6i Itse<\/p>\n\n\n\n<p>Toinen vaihtoehto on ladata jQuery:n tiedostot manuaalisesti ja is\u00e4nn\u00f6id\u00e4 niit\u00e4 itse palvelimellasi. T\u00e4m\u00e4 voi olla hy\u00f6dyllist\u00e4, jos haluat varmistaa, ett\u00e4 sivustosi toimii my\u00f6s ilman internet-yhteytt\u00e4 (esim. intranet-sivustot) tai jos haluat t\u00e4ydellisen kontrollin k\u00e4ytett\u00e4v\u00e4\u00e4n jQuery:n versioon.<\/p>\n\n\n\n<p>*Mene jQuery:n viralliselle sivustolle: jQuery.com<\/p>\n\n\n\n<p>*Etsi &#8221;Download&#8221; tai &#8221;Download jQuery&#8221; -linkki ja valitse sopiva versio.<\/p>\n\n\n\n<p>*Lataa .js-tiedosto ja lis\u00e4\u00e4 se web-projektisi tiedostojen joukkoon.<\/p>\n\n\n\n<p>*Linkit\u00e4 se HTML-sivullesi:<\/p>\n\n\n\n<figure class=\"wp-block-image size-full\"><img loading=\"lazy\" decoding=\"async\" width=\"585\" height=\"31\" src=\"https:\/\/www.zoner.fi\/tuki\/wp-content\/uploads\/2025\/08\/wepardi-jquery-2.png\" alt=\"\" class=\"wp-image-136839\" srcset=\"https:\/\/www.zoner.fi\/tuki\/wp-content\/uploads\/2025\/08\/wepardi-jquery-2.png 585w, https:\/\/www.zoner.fi\/tuki\/wp-content\/uploads\/2025\/08\/wepardi-jquery-2-300x16.png 300w\" sizes=\"auto, (max-width: 585px) 100vw, 585px\" \/><\/figure>\n\n\n\n<p>Korvaa &#8221;path\/to\/your\/&#8221; oikealla polulla, miss\u00e4 jQuery-tiedosto sijaitsee palvelimellasi.<\/p>\n\n\n\n<p>**Muuta Huomioitavaa**<\/p>\n\n\n\n<p>Tarkista, k\u00e4yt\u00e4tk\u00f6 jQuery:a jo: Jos et ole varma, k\u00e4yt\u00e4tk\u00f6 jQuery:a jo projektissasi, voit tarkistaa projektisi HTML-koodista tai JavaScript-tiedostoista, onko jQuery kirjastoa jo linkitetty.<\/p>\n\n\n\n<p>Versioiden Yhteensopivuus: Huomaa, ett\u00e4 eri jQuery:n versiot saattavat k\u00e4ytt\u00e4yty\u00e4 hieman eri tavoin. Jos olet siirtym\u00e4ss\u00e4 Googlen tarjoamista kirjastoista jQuery:hen, varmista, ett\u00e4 testaat koodisi yhteensopivuuden valitsemasi jQuery-version kanssa.<\/p>\n\n\n\n<p>Dokumentaatio: Jos olet uusi jQuery:n k\u00e4yt\u00f6ss\u00e4, kannattaa tutustua jQuery:n dokumentaatioon. Se tarjoaa kattavan oppaan jQuery:n toiminnallisuuksista ja k\u00e4yt\u00f6st\u00e4: jQuery Documentation.<\/p>\n\n\n\n<p>Lopuksi, jQuery:n k\u00e4ytt\u00f6\u00f6notto projektissasi riippuu erilaisista tekij\u00f6ist\u00e4, kuten olemassa olevista kirjastoista, projektisi rakenteesta ja henkil\u00f6kohtaisista mieltymyksist\u00e4si. Edell\u00e4 mainitut menetelm\u00e4t ovat kaksi yleisint\u00e4 tapaa saada jQuery k\u00e4ytt\u00f6\u00f6si.<\/p>\n","protected":false},"excerpt":{"rendered":"<p>jQuery:n lis\u00e4\u00e4minen verkkosivustollesi tai web-palveluusi on suhteellisen yksinkertaista, ja voit tehd\u00e4 sen usealla eri tavalla riippuen projektisi tarpeista ja siit\u00e4, miten haluat hallita riippuvuuksia. Jos olet t\u00e4h\u00e4n asti k\u00e4ytt\u00e4nyt Googlen tarjoamia kirjastoja, kuten esimerkiksi AngularJS:\u00e4\u00e4 tai Reactia, mutta haluat nyt k\u00e4ytt\u00e4\u00e4 jQuery:a, seuraavat askeleet voivat auttaa: 1. Kyll\u00e4, Suora Linkkaus CDN:st\u00e4 Yksi helpoimmista tavoista k\u00e4ytt\u00e4\u00e4 &#8230; <a title=\"jQuery\" class=\"read-more\" href=\"https:\/\/www.zoner.fi\/tuki\/webhotellit\/cpanel-wepardi\/jquery\/\" aria-label=\"Lue lis\u00e4\u00e4 aiheesta jQuery\">Lue lis\u00e4\u00e4<\/a><\/p>\n","protected":false},"author":18,"featured_media":0,"parent":136943,"menu_order":0,"comment_status":"closed","ping_status":"closed","template":"","meta":{"_relevanssi_hide_post":"","_relevanssi_hide_content":"","_relevanssi_pin_for_all":"","_relevanssi_pin_keywords":"","_relevanssi_unpin_keywords":"","_relevanssi_related_keywords":"","_relevanssi_related_include_ids":"","_relevanssi_related_exclude_ids":"","_relevanssi_related_no_append":"","_relevanssi_related_not_related":"","_relevanssi_related_posts":"135737,130455,136211,131506,136147,132938","_relevanssi_noindex_reason":"","footnotes":""},"categories":[190],"tags":[95],"wf_page_folders":[],"class_list":{"0":"post-136837","1":"page","2":"type-page","3":"status-publish","5":"category-cpanel-wepardi","6":"tag-ohjelmistot"},"_links":{"self":[{"href":"https:\/\/www.zoner.fi\/tuki\/wp-json\/wp\/v2\/pages\/136837","targetHints":{"allow":["GET"]}}],"collection":[{"href":"https:\/\/www.zoner.fi\/tuki\/wp-json\/wp\/v2\/pages"}],"about":[{"href":"https:\/\/www.zoner.fi\/tuki\/wp-json\/wp\/v2\/types\/page"}],"author":[{"embeddable":true,"href":"https:\/\/www.zoner.fi\/tuki\/wp-json\/wp\/v2\/users\/18"}],"replies":[{"embeddable":true,"href":"https:\/\/www.zoner.fi\/tuki\/wp-json\/wp\/v2\/comments?post=136837"}],"version-history":[{"count":3,"href":"https:\/\/www.zoner.fi\/tuki\/wp-json\/wp\/v2\/pages\/136837\/revisions"}],"predecessor-version":[{"id":136979,"href":"https:\/\/www.zoner.fi\/tuki\/wp-json\/wp\/v2\/pages\/136837\/revisions\/136979"}],"up":[{"embeddable":true,"href":"https:\/\/www.zoner.fi\/tuki\/wp-json\/wp\/v2\/pages\/136943"}],"wp:attachment":[{"href":"https:\/\/www.zoner.fi\/tuki\/wp-json\/wp\/v2\/media?parent=136837"}],"wp:term":[{"taxonomy":"category","embeddable":true,"href":"https:\/\/www.zoner.fi\/tuki\/wp-json\/wp\/v2\/categories?post=136837"},{"taxonomy":"post_tag","embeddable":true,"href":"https:\/\/www.zoner.fi\/tuki\/wp-json\/wp\/v2\/tags?post=136837"},{"taxonomy":"wf_page_folders","embeddable":true,"href":"https:\/\/www.zoner.fi\/tuki\/wp-json\/wp\/v2\/wf_page_folders?post=136837"}],"curies":[{"name":"wp","href":"https:\/\/api.w.org\/{rel}","templated":true}]}}