{"id":136841,"date":"2025-08-20T14:11:44","date_gmt":"2025-08-20T11:11:44","guid":{"rendered":"https:\/\/www.zoner.fi\/tuki\/?page_id=136841"},"modified":"2025-08-21T13:42:07","modified_gmt":"2025-08-21T10:42:07","slug":"http-virhe-500","status":"publish","type":"page","link":"https:\/\/www.zoner.fi\/tuki\/webhotellit\/cpanel-wepardi\/http-virhe-500\/","title":{"rendered":"HTTP-virhe 500"},"content":{"rendered":"\n<p>Jos sivustosi palauttaa virheen Internal Server Error 500, siihen voi olla useita syit\u00e4. Yleens\u00e4 sivuston yll\u00e4pit\u00e4j\u00e4lt\u00e4 vaaditaan t\u00e4ss\u00e4 tapauksessa toimenpiteit\u00e4.<\/p>\n\n\n\n<p id=\"HTTP-virhe500-Korruptoitunut.htaccess-tiedosto\"><strong>Korruptoitunut .htaccess -tiedosto<\/strong><\/p>\n\n\n\n<p>Ensimm\u00e4isen\u00e4 kannattaa tarkastaa .htaccess -tiedosto. Se l\u00f6ytyy palvelimelta hakemistosta public_html.<\/p>\n\n\n\n<p id=\"HTTP-virhe500-Lis\u00e4\u00e4muistia\"><strong>Lis\u00e4\u00e4 muistia<\/strong><\/p>\n\n\n\n<p>Joskus Internal Server Error johtuu siit\u00e4, ett\u00e4 jokin lis\u00e4osa, teema tai funktio sivulla tarvitsee suoriutuakseen enemm\u00e4n muistia, kuin on saatavilla.<\/p>\n\n\n\n<p id=\"HTTP-virhe500-Lis\u00e4osat\"><strong>Lis\u00e4osat<\/strong><\/p>\n\n\n\n<p>Kyse voi olla my\u00f6s julkaisuj\u00e4rjestelm\u00e4\u00e4n asennetuista lis\u00e4osista. Mik\u00e4li k\u00e4yt\u00f6ss\u00e4si on esim. WordPress, voit kokeilla poistaa lis\u00e4osat tilap\u00e4isesti k\u00e4yt\u00f6st\u00e4 ja testata onko t\u00e4ll\u00e4 vaikutusta virheilmoitukseen.<\/p>\n\n\n\n<p>Voit uudelleennimet\u00e4 plugins -hakemiston alla olevat hakemistot v\u00e4liaikaisesti esim. &lt;lis\u00e4osa&gt;.deactivate -muotoon jolloin ne eiv\u00e4t lataudu.<\/p>\n\n\n\n<p>Jos sivusto alkaa toimia kun lis\u00e4osat ovat poissa k\u00e4yt\u00f6st\u00e4, voit sen j\u00e4lkeen aktivoida jokaisen lis\u00e4osan yksitellen palauttamalla hakemiston nimen alkuper\u00e4iseksi. Tarkista kunkin lis\u00e4osan aktivoinnin j\u00e4lkeen, palautuuko sama virhetilanne uudelleen. N\u00e4in saatat l\u00f6yt\u00e4\u00e4 sen lis\u00e4osan, joka aiheuttaa ongelman.<\/p>\n","protected":false},"excerpt":{"rendered":"<p>Jos sivustosi palauttaa virheen Internal Server Error 500, siihen voi olla useita syit\u00e4. Yleens\u00e4 sivuston yll\u00e4pit\u00e4j\u00e4lt\u00e4 vaaditaan t\u00e4ss\u00e4 tapauksessa toimenpiteit\u00e4. Korruptoitunut .htaccess -tiedosto Ensimm\u00e4isen\u00e4 kannattaa tarkastaa .htaccess -tiedosto. Se l\u00f6ytyy palvelimelta hakemistosta public_html. Lis\u00e4\u00e4 muistia Joskus Internal Server Error johtuu siit\u00e4, ett\u00e4 jokin lis\u00e4osa, teema tai funktio sivulla tarvitsee suoriutuakseen enemm\u00e4n muistia, kuin on saatavilla. &#8230; <a title=\"HTTP-virhe 500\" class=\"read-more\" href=\"https:\/\/www.zoner.fi\/tuki\/webhotellit\/cpanel-wepardi\/http-virhe-500\/\" aria-label=\"Lue lis\u00e4\u00e4 aiheesta HTTP-virhe 500\">Lue lis\u00e4\u00e4<\/a><\/p>\n","protected":false},"author":18,"featured_media":0,"parent":136943,"menu_order":0,"comment_status":"closed","ping_status":"closed","template":"","meta":{"_relevanssi_hide_post":"","_relevanssi_hide_content":"","_relevanssi_pin_for_all":"","_relevanssi_pin_keywords":"","_relevanssi_unpin_keywords":"","_relevanssi_related_keywords":"","_relevanssi_related_include_ids":"","_relevanssi_related_exclude_ids":"","_relevanssi_related_no_append":"","_relevanssi_related_not_related":"","_relevanssi_related_posts":"135737,130455,136211,131506,136147,132938","_relevanssi_noindex_reason":"","footnotes":""},"categories":[190],"tags":[94],"wf_page_folders":[],"class_list":{"0":"post-136841","1":"page","2":"type-page","3":"status-publish","5":"category-cpanel-wepardi","6":"tag-html-php"},"_links":{"self":[{"href":"https:\/\/www.zoner.fi\/tuki\/wp-json\/wp\/v2\/pages\/136841","targetHints":{"allow":["GET"]}}],"collection":[{"href":"https:\/\/www.zoner.fi\/tuki\/wp-json\/wp\/v2\/pages"}],"about":[{"href":"https:\/\/www.zoner.fi\/tuki\/wp-json\/wp\/v2\/types\/page"}],"author":[{"embeddable":true,"href":"https:\/\/www.zoner.fi\/tuki\/wp-json\/wp\/v2\/users\/18"}],"replies":[{"embeddable":true,"href":"https:\/\/www.zoner.fi\/tuki\/wp-json\/wp\/v2\/comments?post=136841"}],"version-history":[{"count":2,"href":"https:\/\/www.zoner.fi\/tuki\/wp-json\/wp\/v2\/pages\/136841\/revisions"}],"predecessor-version":[{"id":136988,"href":"https:\/\/www.zoner.fi\/tuki\/wp-json\/wp\/v2\/pages\/136841\/revisions\/136988"}],"up":[{"embeddable":true,"href":"https:\/\/www.zoner.fi\/tuki\/wp-json\/wp\/v2\/pages\/136943"}],"wp:attachment":[{"href":"https:\/\/www.zoner.fi\/tuki\/wp-json\/wp\/v2\/media?parent=136841"}],"wp:term":[{"taxonomy":"category","embeddable":true,"href":"https:\/\/www.zoner.fi\/tuki\/wp-json\/wp\/v2\/categories?post=136841"},{"taxonomy":"post_tag","embeddable":true,"href":"https:\/\/www.zoner.fi\/tuki\/wp-json\/wp\/v2\/tags?post=136841"},{"taxonomy":"wf_page_folders","embeddable":true,"href":"https:\/\/www.zoner.fi\/tuki\/wp-json\/wp\/v2\/wf_page_folders?post=136841"}],"curies":[{"name":"wp","href":"https:\/\/api.w.org\/{rel}","templated":true}]}}