{"id":136843,"date":"2025-08-20T14:05:48","date_gmt":"2025-08-20T11:05:48","guid":{"rendered":"https:\/\/www.zoner.fi\/tuki\/?page_id=136843"},"modified":"2025-08-21T13:42:48","modified_gmt":"2025-08-21T10:42:48","slug":"frame-uudelleenohjaus","status":"publish","type":"page","link":"https:\/\/www.zoner.fi\/tuki\/webhotellit\/cpanel-wepardi\/frame-uudelleenohjaus\/","title":{"rendered":"Ohjaus toiseen osoitteeseen FRAME-ohjauksella"},"content":{"rendered":"\n<p>FRAME -ohjauksessa periaate on muuten sama kuin URL-ohjauksessa, mutta kohdesivu avataan selaimeen kehyksen (frame) sis\u00e4\u00e4n. T\u00e4ll\u00f6in k\u00e4ytt\u00e4j\u00e4lle n\u00e4kyy sivuston osoitteena domainosoite josta ohjaus on tehty (esimerkiss\u00e4 omadomain.com).<\/p>\n\n\n\n<p>Ohjauksen voi toteuttaa luomalla public_html -hakemistoon seuraavan index.html -tiedoston:<\/p>\n\n\n\n<figure class=\"wp-block-table\"><table class=\"has-fixed-layout\"><tbody><tr><td><code>&lt;html>&lt;head>&lt;title>omadomain.com&lt;\/title>&lt;\/head><\/code><br><code>&lt;frameset<\/code>\u00a0<code>cols=\"*\"><\/code><br><code>\u00a0&lt;frame<\/code>\u00a0<code>name=\"main\"<\/code>\u00a0<code>src=\"<a href=\"http:\/\/www.myspace.com\/omadomain%22\" target=\"_blank\" rel=\"noopener\">http:\/\/www.myspace.com\/omadomain\"<\/a><\/code>\u00a0<code>scrolling=\"auto\"<\/code>\u00a0<code>noresize><\/code><br><code>\u00a0&lt;noframes><\/code><br><code>\u00a0&lt;body><\/code><br>\u00a0<br><code>\u00a0Your browser does not support frames<\/code><br>\u00a0<br><code>\u00a0&lt;\/body><\/code><br><code>\u00a0&lt;\/noframes><\/code><br><code>&lt;\/frameset><\/code><br><code>&lt;\/html><\/code><\/td><\/tr><\/tbody><\/table><\/figure>\n","protected":false},"excerpt":{"rendered":"<p>FRAME -ohjauksessa periaate on muuten sama kuin URL-ohjauksessa, mutta kohdesivu avataan selaimeen kehyksen (frame) sis\u00e4\u00e4n. T\u00e4ll\u00f6in k\u00e4ytt\u00e4j\u00e4lle n\u00e4kyy sivuston osoitteena domainosoite josta ohjaus on tehty (esimerkiss\u00e4 omadomain.com). Ohjauksen voi toteuttaa luomalla public_html -hakemistoon seuraavan index.html -tiedoston: &lt;html>&lt;head>&lt;title>omadomain.com&lt;\/title>&lt;\/head>&lt;frameset\u00a0cols=&#8221;*&#8221;>\u00a0&lt;frame\u00a0name=&#8221;main&#8221;\u00a0src=&#8221;http:\/\/www.myspace.com\/omadomain&#8221;\u00a0scrolling=&#8221;auto&#8221;\u00a0noresize>\u00a0&lt;noframes>\u00a0&lt;body>\u00a0\u00a0Your browser does not support frames\u00a0\u00a0&lt;\/body>\u00a0&lt;\/noframes>&lt;\/frameset>&lt;\/html><\/p>\n","protected":false},"author":18,"featured_media":0,"parent":136943,"menu_order":0,"comment_status":"closed","ping_status":"closed","template":"","meta":{"_relevanssi_hide_post":"","_relevanssi_hide_content":"","_relevanssi_pin_for_all":"","_relevanssi_pin_keywords":"","_relevanssi_unpin_keywords":"","_relevanssi_related_keywords":"","_relevanssi_related_include_ids":"","_relevanssi_related_exclude_ids":"","_relevanssi_related_no_append":"","_relevanssi_related_not_related":"","_relevanssi_related_posts":"135737,130455,136211,131506,136147,132938","_relevanssi_noindex_reason":"","footnotes":""},"categories":[190],"tags":[94],"wf_page_folders":[],"class_list":{"0":"post-136843","1":"page","2":"type-page","3":"status-publish","5":"category-cpanel-wepardi","6":"tag-html-php"},"_links":{"self":[{"href":"https:\/\/www.zoner.fi\/tuki\/wp-json\/wp\/v2\/pages\/136843","targetHints":{"allow":["GET"]}}],"collection":[{"href":"https:\/\/www.zoner.fi\/tuki\/wp-json\/wp\/v2\/pages"}],"about":[{"href":"https:\/\/www.zoner.fi\/tuki\/wp-json\/wp\/v2\/types\/page"}],"author":[{"embeddable":true,"href":"https:\/\/www.zoner.fi\/tuki\/wp-json\/wp\/v2\/users\/18"}],"replies":[{"embeddable":true,"href":"https:\/\/www.zoner.fi\/tuki\/wp-json\/wp\/v2\/comments?post=136843"}],"version-history":[{"count":3,"href":"https:\/\/www.zoner.fi\/tuki\/wp-json\/wp\/v2\/pages\/136843\/revisions"}],"predecessor-version":[{"id":136983,"href":"https:\/\/www.zoner.fi\/tuki\/wp-json\/wp\/v2\/pages\/136843\/revisions\/136983"}],"up":[{"embeddable":true,"href":"https:\/\/www.zoner.fi\/tuki\/wp-json\/wp\/v2\/pages\/136943"}],"wp:attachment":[{"href":"https:\/\/www.zoner.fi\/tuki\/wp-json\/wp\/v2\/media?parent=136843"}],"wp:term":[{"taxonomy":"category","embeddable":true,"href":"https:\/\/www.zoner.fi\/tuki\/wp-json\/wp\/v2\/categories?post=136843"},{"taxonomy":"post_tag","embeddable":true,"href":"https:\/\/www.zoner.fi\/tuki\/wp-json\/wp\/v2\/tags?post=136843"},{"taxonomy":"wf_page_folders","embeddable":true,"href":"https:\/\/www.zoner.fi\/tuki\/wp-json\/wp\/v2\/wf_page_folders?post=136843"}],"curies":[{"name":"wp","href":"https:\/\/api.w.org\/{rel}","templated":true}]}}