{"id":136850,"date":"2025-08-20T14:08:02","date_gmt":"2025-08-20T11:08:02","guid":{"rendered":"https:\/\/www.zoner.fi\/tuki\/?page_id=136850"},"modified":"2025-08-21T13:42:34","modified_gmt":"2025-08-21T10:42:34","slug":"php-asetukset","status":"publish","type":"page","link":"https:\/\/www.zoner.fi\/tuki\/webhotellit\/cpanel-wepardi\/php-asetukset\/","title":{"rendered":"PHP asetusmuutokset"},"content":{"rendered":"\n<p>Jotkin ohjelmat tarvitsevat muutoksia PHP:n oletusasetuksiin. Esim. tiedostojen l\u00e4hetysrajan muuttaminen onnistuu lis\u00e4\u00e4m\u00e4ll\u00e4&nbsp;<strong>public_html\/.htaccess<\/strong>&nbsp;-tiedostoon seuraavat rivit:<\/p>\n\n\n\n<figure class=\"wp-block-table\"><table class=\"has-fixed-layout\"><tbody><tr><td><code>php_value upload_max_filesize 128M<\/code><br><code>php_value post_max_size 128M<\/code><\/td><\/tr><\/tbody><\/table><\/figure>\n\n\n\n<p><strong>Max Input Vars<\/strong>\u00a0-arvoa voi muuttaa seuraavasti:<\/p>\n\n\n\n<figure class=\"wp-block-table\"><table class=\"has-fixed-layout\"><tbody><tr><td><code>php_value max_input_vars 5000<\/code><\/td><\/tr><\/tbody><\/table><\/figure>\n\n\n\n<p><strong>Time Limit<\/strong>&nbsp;-arvon muuttaminen:<\/p>\n\n\n\n<figure class=\"wp-block-table\"><table class=\"has-fixed-layout\"><tbody><tr><td><code>php_value max_execution_time 300<\/code><\/td><\/tr><\/tbody><\/table><\/figure>\n","protected":false},"excerpt":{"rendered":"<p>Jotkin ohjelmat tarvitsevat muutoksia PHP:n oletusasetuksiin. Esim. tiedostojen l\u00e4hetysrajan muuttaminen onnistuu lis\u00e4\u00e4m\u00e4ll\u00e4&nbsp;public_html\/.htaccess&nbsp;-tiedostoon seuraavat rivit: php_value upload_max_filesize 128Mphp_value post_max_size 128M Max Input Vars\u00a0-arvoa voi muuttaa seuraavasti: php_value max_input_vars 5000 Time Limit&nbsp;-arvon muuttaminen: php_value max_execution_time 300<\/p>\n","protected":false},"author":18,"featured_media":0,"parent":136943,"menu_order":0,"comment_status":"closed","ping_status":"closed","template":"","meta":{"_relevanssi_hide_post":"","_relevanssi_hide_content":"","_relevanssi_pin_for_all":"","_relevanssi_pin_keywords":"","_relevanssi_unpin_keywords":"","_relevanssi_related_keywords":"","_relevanssi_related_include_ids":"","_relevanssi_related_exclude_ids":"","_relevanssi_related_no_append":"","_relevanssi_related_not_related":"","_relevanssi_related_posts":"135737,130455,136211,131506,136147,132938","_relevanssi_noindex_reason":"","footnotes":""},"categories":[190],"tags":[94],"wf_page_folders":[],"class_list":{"0":"post-136850","1":"page","2":"type-page","3":"status-publish","5":"category-cpanel-wepardi","6":"tag-html-php"},"_links":{"self":[{"href":"https:\/\/www.zoner.fi\/tuki\/wp-json\/wp\/v2\/pages\/136850","targetHints":{"allow":["GET"]}}],"collection":[{"href":"https:\/\/www.zoner.fi\/tuki\/wp-json\/wp\/v2\/pages"}],"about":[{"href":"https:\/\/www.zoner.fi\/tuki\/wp-json\/wp\/v2\/types\/page"}],"author":[{"embeddable":true,"href":"https:\/\/www.zoner.fi\/tuki\/wp-json\/wp\/v2\/users\/18"}],"replies":[{"embeddable":true,"href":"https:\/\/www.zoner.fi\/tuki\/wp-json\/wp\/v2\/comments?post=136850"}],"version-history":[{"count":2,"href":"https:\/\/www.zoner.fi\/tuki\/wp-json\/wp\/v2\/pages\/136850\/revisions"}],"predecessor-version":[{"id":136985,"href":"https:\/\/www.zoner.fi\/tuki\/wp-json\/wp\/v2\/pages\/136850\/revisions\/136985"}],"up":[{"embeddable":true,"href":"https:\/\/www.zoner.fi\/tuki\/wp-json\/wp\/v2\/pages\/136943"}],"wp:attachment":[{"href":"https:\/\/www.zoner.fi\/tuki\/wp-json\/wp\/v2\/media?parent=136850"}],"wp:term":[{"taxonomy":"category","embeddable":true,"href":"https:\/\/www.zoner.fi\/tuki\/wp-json\/wp\/v2\/categories?post=136850"},{"taxonomy":"post_tag","embeddable":true,"href":"https:\/\/www.zoner.fi\/tuki\/wp-json\/wp\/v2\/tags?post=136850"},{"taxonomy":"wf_page_folders","embeddable":true,"href":"https:\/\/www.zoner.fi\/tuki\/wp-json\/wp\/v2\/wf_page_folders?post=136850"}],"curies":[{"name":"wp","href":"https:\/\/api.w.org\/{rel}","templated":true}]}}