{"id":136854,"date":"2025-08-20T14:09:41","date_gmt":"2025-08-20T11:09:41","guid":{"rendered":"https:\/\/www.zoner.fi\/tuki\/?page_id=136854"},"modified":"2025-08-21T13:42:21","modified_gmt":"2025-08-21T10:42:21","slug":"bandwidth-limit-exceeded","status":"publish","type":"page","link":"https:\/\/www.zoner.fi\/tuki\/webhotellit\/cpanel-wepardi\/bandwidth-limit-exceeded\/","title":{"rendered":"Sivustoni antaa Bandwidth Limit Exceeded -ilmoituksen"},"content":{"rendered":"\n<p>Jos saat \u201cBandwidth Limit Exceeded\u201d -virheilmoituksen sivustollesi ment\u00e4ess\u00e4, olethan pikaisesti yhteydess\u00e4 asiakaspalveluumme.<\/p>\n\n\n\n<p>Normaalitilanteessa sivuston kuukausittaisen liikennem\u00e4\u00e4r\u00e4n rajoitus ei tule t\u00e4yteen, joten rajoituksen t\u00e4yttyess\u00e4 on t\u00e4rke\u00e4\u00e4 tarkistaa liittyyk\u00f6 kasvanut liikennem\u00e4\u00e4r\u00e4 esim. sivustolle kohdistuviin hy\u00f6kk\u00e4yksiin. Asiakaspalvelumme selvitt\u00e4\u00e4 mist\u00e4 liikenne koostuu ja avaa sivustosi uudelleen k\u00e4ytt\u00f6\u00f6n.<\/p>\n\n\n\n<p><\/p>\n","protected":false},"excerpt":{"rendered":"<p>Jos saat \u201cBandwidth Limit Exceeded\u201d -virheilmoituksen sivustollesi ment\u00e4ess\u00e4, olethan pikaisesti yhteydess\u00e4 asiakaspalveluumme. Normaalitilanteessa sivuston kuukausittaisen liikennem\u00e4\u00e4r\u00e4n rajoitus ei tule t\u00e4yteen, joten rajoituksen t\u00e4yttyess\u00e4 on t\u00e4rke\u00e4\u00e4 tarkistaa liittyyk\u00f6 kasvanut liikennem\u00e4\u00e4r\u00e4 esim. sivustolle kohdistuviin hy\u00f6kk\u00e4yksiin. Asiakaspalvelumme selvitt\u00e4\u00e4 mist\u00e4 liikenne koostuu ja avaa sivustosi uudelleen k\u00e4ytt\u00f6\u00f6n.<\/p>\n","protected":false},"author":18,"featured_media":0,"parent":136943,"menu_order":0,"comment_status":"closed","ping_status":"closed","template":"","meta":{"_relevanssi_hide_post":"","_relevanssi_hide_content":"","_relevanssi_pin_for_all":"","_relevanssi_pin_keywords":"","_relevanssi_unpin_keywords":"","_relevanssi_related_keywords":"","_relevanssi_related_include_ids":"","_relevanssi_related_exclude_ids":"","_relevanssi_related_no_append":"","_relevanssi_related_not_related":"","_relevanssi_related_posts":"135737,130455,136211,131506,136147,132938","_relevanssi_noindex_reason":"","footnotes":""},"categories":[190],"tags":[94],"wf_page_folders":[],"class_list":{"0":"post-136854","1":"page","2":"type-page","3":"status-publish","5":"category-cpanel-wepardi","6":"tag-html-php"},"_links":{"self":[{"href":"https:\/\/www.zoner.fi\/tuki\/wp-json\/wp\/v2\/pages\/136854","targetHints":{"allow":["GET"]}}],"collection":[{"href":"https:\/\/www.zoner.fi\/tuki\/wp-json\/wp\/v2\/pages"}],"about":[{"href":"https:\/\/www.zoner.fi\/tuki\/wp-json\/wp\/v2\/types\/page"}],"author":[{"embeddable":true,"href":"https:\/\/www.zoner.fi\/tuki\/wp-json\/wp\/v2\/users\/18"}],"replies":[{"embeddable":true,"href":"https:\/\/www.zoner.fi\/tuki\/wp-json\/wp\/v2\/comments?post=136854"}],"version-history":[{"count":2,"href":"https:\/\/www.zoner.fi\/tuki\/wp-json\/wp\/v2\/pages\/136854\/revisions"}],"predecessor-version":[{"id":136987,"href":"https:\/\/www.zoner.fi\/tuki\/wp-json\/wp\/v2\/pages\/136854\/revisions\/136987"}],"up":[{"embeddable":true,"href":"https:\/\/www.zoner.fi\/tuki\/wp-json\/wp\/v2\/pages\/136943"}],"wp:attachment":[{"href":"https:\/\/www.zoner.fi\/tuki\/wp-json\/wp\/v2\/media?parent=136854"}],"wp:term":[{"taxonomy":"category","embeddable":true,"href":"https:\/\/www.zoner.fi\/tuki\/wp-json\/wp\/v2\/categories?post=136854"},{"taxonomy":"post_tag","embeddable":true,"href":"https:\/\/www.zoner.fi\/tuki\/wp-json\/wp\/v2\/tags?post=136854"},{"taxonomy":"wf_page_folders","embeddable":true,"href":"https:\/\/www.zoner.fi\/tuki\/wp-json\/wp\/v2\/wf_page_folders?post=136854"}],"curies":[{"name":"wp","href":"https:\/\/api.w.org\/{rel}","templated":true}]}}