{"id":136856,"date":"2025-08-20T14:27:21","date_gmt":"2025-08-20T11:27:21","guid":{"rendered":"https:\/\/www.zoner.fi\/tuki\/?page_id=136856"},"modified":"2025-11-12T15:56:47","modified_gmt":"2025-11-12T13:56:47","slug":"sahkopostin-lahetys-ei-toiminut","status":"publish","type":"page","link":"https:\/\/www.zoner.fi\/tuki\/webhotellit\/cpanel-wepardi\/sahkopostin-lahetys-ei-toiminut\/","title":{"rendered":"L\u00e4hetin s\u00e4hk\u00f6postia, mutta se ei ole mennyt perille"},"content":{"rendered":"\n<p>Voit tarkistaa l\u00e4hetetyt ja vastaanotetut s\u00e4hk\u00f6postit cPanelissa.<\/p>\n\n\n\n<p>1. Kirjaudu cPaneliin Zoner Homen kautta. <strong>Ohje<\/strong>: <a href=\"https:\/\/www.zoner.fi\/tuki\/webhotellit\/cpanel-webhotelli-fi\/cpanel-palvelunhallintaan-siirtyminen\/\">cPanel-palvelunhallintaan siirtyminen<\/a><\/p>\n\n\n\n<p>2. Siirry cPanelissa kohtaan <strong>S\u00e4hk\u00f6posti <\/strong>-&gt; <strong>Seuraa toimitusta<\/strong><\/p>\n\n\n\n<figure class=\"wp-block-image size-full\"><img loading=\"lazy\" decoding=\"async\" width=\"797\" height=\"311\" src=\"https:\/\/www.zoner.fi\/tuki\/wp-content\/uploads\/2025\/08\/wepardi-seuraa-toimitusta.png\" alt=\"\" class=\"wp-image-136857\" srcset=\"https:\/\/www.zoner.fi\/tuki\/wp-content\/uploads\/2025\/08\/wepardi-seuraa-toimitusta.png 797w, https:\/\/www.zoner.fi\/tuki\/wp-content\/uploads\/2025\/08\/wepardi-seuraa-toimitusta-300x117.png 300w, https:\/\/www.zoner.fi\/tuki\/wp-content\/uploads\/2025\/08\/wepardi-seuraa-toimitusta-768x300.png 768w\" sizes=\"auto, (max-width: 797px) 100vw, 797px\" \/><\/figure>\n\n\n\n<p>Kaikki sinulle tulleet viestit n\u00e4kyv\u00e4t &#8221;Seuraa toimitusta&#8221; -sivulla. My\u00f6s palvelustasi l\u00e4hetetyt viestit n\u00e4kyv\u00e4t samalla sivulla.<\/p>\n\n\n\n<p>Jos olet l\u00e4hett\u00e4nyt s\u00e4hk\u00f6postia ja tied\u00e4t, ett\u00e4 viesti ei ole mennyt perille, voit l\u00e4hett\u00e4\u00e4 asiakaspalveluumme seuraavat tiedot tarkistettaviksi:<\/p>\n\n\n\n<ol class=\"wp-block-list\">\n<li>L\u00e4hetetyn viestin t\u00e4ydet otsikkotiedot.<\/li>\n\n\n\n<li>Jos otsikkotietoja ei ole saatavilla, toimita seuraavat tiedot:<br>\n<ol class=\"wp-block-list\">\n<li>Viestin tarkka l\u00e4hetysajankohta<br><\/li>\n\n\n\n<li>L\u00e4hett\u00e4j\u00e4n eli oma s\u00e4hk\u00f6postiosoitteesi<br><\/li>\n\n\n\n<li>Vastaanottajan s\u00e4hk\u00f6postiosoite<br><\/li>\n\n\n\n<li>Postipalvelin jolta viesti on l\u00e4hetetty. Voit tarkistaa t\u00e4m\u00e4n oman s\u00e4hk\u00f6postiohjelmasi tiliasetuksista.<\/li>\n<\/ol>\n<\/li>\n<\/ol>\n","protected":false},"excerpt":{"rendered":"<p>Voit tarkistaa l\u00e4hetetyt ja vastaanotetut s\u00e4hk\u00f6postit cPanelissa. 1. Kirjaudu cPaneliin Zoner Homen kautta. Ohje: cPanel-palvelunhallintaan siirtyminen 2. Siirry cPanelissa kohtaan S\u00e4hk\u00f6posti -&gt; Seuraa toimitusta Kaikki sinulle tulleet viestit n\u00e4kyv\u00e4t &#8221;Seuraa toimitusta&#8221; -sivulla. My\u00f6s palvelustasi l\u00e4hetetyt viestit n\u00e4kyv\u00e4t samalla sivulla. Jos olet l\u00e4hett\u00e4nyt s\u00e4hk\u00f6postia ja tied\u00e4t, ett\u00e4 viesti ei ole mennyt perille, voit l\u00e4hett\u00e4\u00e4 asiakaspalveluumme seuraavat &#8230; <a title=\"L\u00e4hetin s\u00e4hk\u00f6postia, mutta se ei ole mennyt perille\" class=\"read-more\" href=\"https:\/\/www.zoner.fi\/tuki\/webhotellit\/cpanel-wepardi\/sahkopostin-lahetys-ei-toiminut\/\" aria-label=\"Lue lis\u00e4\u00e4 aiheesta L\u00e4hetin s\u00e4hk\u00f6postia, mutta se ei ole mennyt perille\">Lue lis\u00e4\u00e4<\/a><\/p>\n","protected":false},"author":18,"featured_media":0,"parent":136943,"menu_order":0,"comment_status":"closed","ping_status":"closed","template":"","meta":{"_relevanssi_hide_post":"","_relevanssi_hide_content":"","_relevanssi_pin_for_all":"","_relevanssi_pin_keywords":"","_relevanssi_unpin_keywords":"","_relevanssi_related_keywords":"","_relevanssi_related_include_ids":"","_relevanssi_related_exclude_ids":"","_relevanssi_related_no_append":"","_relevanssi_related_not_related":"","_relevanssi_related_posts":"135737,130455,136211,131506,136147,132938","_relevanssi_noindex_reason":"","footnotes":""},"categories":[195],"tags":[214],"wf_page_folders":[],"class_list":{"0":"post-136856","1":"page","2":"type-page","3":"status-publish","5":"category-cpanel-wepardi-sahkoposti","6":"tag-sahkopostin-hallinta"},"_links":{"self":[{"href":"https:\/\/www.zoner.fi\/tuki\/wp-json\/wp\/v2\/pages\/136856","targetHints":{"allow":["GET"]}}],"collection":[{"href":"https:\/\/www.zoner.fi\/tuki\/wp-json\/wp\/v2\/pages"}],"about":[{"href":"https:\/\/www.zoner.fi\/tuki\/wp-json\/wp\/v2\/types\/page"}],"author":[{"embeddable":true,"href":"https:\/\/www.zoner.fi\/tuki\/wp-json\/wp\/v2\/users\/18"}],"replies":[{"embeddable":true,"href":"https:\/\/www.zoner.fi\/tuki\/wp-json\/wp\/v2\/comments?post=136856"}],"version-history":[{"count":3,"href":"https:\/\/www.zoner.fi\/tuki\/wp-json\/wp\/v2\/pages\/136856\/revisions"}],"predecessor-version":[{"id":138109,"href":"https:\/\/www.zoner.fi\/tuki\/wp-json\/wp\/v2\/pages\/136856\/revisions\/138109"}],"up":[{"embeddable":true,"href":"https:\/\/www.zoner.fi\/tuki\/wp-json\/wp\/v2\/pages\/136943"}],"wp:attachment":[{"href":"https:\/\/www.zoner.fi\/tuki\/wp-json\/wp\/v2\/media?parent=136856"}],"wp:term":[{"taxonomy":"category","embeddable":true,"href":"https:\/\/www.zoner.fi\/tuki\/wp-json\/wp\/v2\/categories?post=136856"},{"taxonomy":"post_tag","embeddable":true,"href":"https:\/\/www.zoner.fi\/tuki\/wp-json\/wp\/v2\/tags?post=136856"},{"taxonomy":"wf_page_folders","embeddable":true,"href":"https:\/\/www.zoner.fi\/tuki\/wp-json\/wp\/v2\/wf_page_folders?post=136856"}],"curies":[{"name":"wp","href":"https:\/\/api.w.org\/{rel}","templated":true}]}}