{"id":136859,"date":"2025-08-20T14:29:26","date_gmt":"2025-08-20T11:29:26","guid":{"rendered":"https:\/\/www.zoner.fi\/tuki\/?page_id=136859"},"modified":"2025-09-17T12:15:13","modified_gmt":"2025-09-17T09:15:13","slug":"pop3-ja-imap-erot","status":"publish","type":"page","link":"https:\/\/www.zoner.fi\/tuki\/sahkopostiohjeet\/cpanel-webhotelli-fi\/pop3-ja-imap-erot\/","title":{"rendered":"Mik\u00e4 ero on POP3- ja IMAP tileill\u00e4?"},"content":{"rendered":"\n<p>S\u00e4hk\u00f6postilaatikkoon p\u00e4\u00e4see kirjautumalla s\u00e4hk\u00f6postipalveluun verkkosivujen kautta (ns. webmail) tai k\u00e4ytt\u00e4m\u00e4ll\u00e4 erillist\u00e4 s\u00e4hk\u00f6postiohjelmaa tietokoneella tai mobiililaitteessa.<\/p>\n\n\n\n<p id=\"Mik\u00e4eroonPOP3-jaIMAPtileill\u00e4?-IMAP\"><strong>IMAP<\/strong><\/p>\n\n\n\n<p>IMAP-protokollaa k\u00e4ytett\u00e4ess\u00e4 s\u00e4hk\u00f6postiohjelma synkronoi postilaatikon sis\u00e4ll\u00f6n palvelimelta, jolloin posteja voidaan s\u00e4ilytt\u00e4\u00e4 palvelimella. IMAP-protokollaa k\u00e4ytett\u00e4ess\u00e4 viestej\u00e4 voidaan siksi k\u00e4sitell\u00e4 esim. webmailin kautta ja useammalta eri tietokoneelta samanaikaisesti. Voit siis k\u00e4ytt\u00e4\u00e4 samaa s\u00e4hk\u00f6postilaatikkoa esim. ty\u00f6paikalla ja kotona.<\/p>\n\n\n\n<p id=\"Mik\u00e4eroonPOP3-jaIMAPtileill\u00e4?-POP3\"><strong>POP3<\/strong><\/p>\n\n\n\n<p>POP3 -protokolla kopioi ensin kaikki viestit palvelimelta sille laitteelle, josta yhteys on otettu. Samalla viestit poistetaan palvelimelta (ellei toisin m\u00e4\u00e4r\u00e4t\u00e4). POP3 -protokollan k\u00e4ytt\u00f6 ei ole suositeltavaa mik\u00e4li samaa s\u00e4hk\u00f6postia halutaan k\u00e4ytt\u00e4\u00e4 useammalta laitteelta, esim. tietokoneelta ja mobiililaitteelta.<\/p>\n\n\n\n<p>S\u00e4hk\u00f6postiohjelman asetuksista l\u00f6ytyy yleens\u00e4 kohta jolla viestit voidaan j\u00e4tt\u00e4\u00e4 esim. muutaman p\u00e4iv\u00e4n ajaksi palvelimelle vaikka ne ladataankin omalle tietokoneelle.<\/p>\n","protected":false},"excerpt":{"rendered":"<p>S\u00e4hk\u00f6postilaatikkoon p\u00e4\u00e4see kirjautumalla s\u00e4hk\u00f6postipalveluun verkkosivujen kautta (ns. webmail) tai k\u00e4ytt\u00e4m\u00e4ll\u00e4 erillist\u00e4 s\u00e4hk\u00f6postiohjelmaa tietokoneella tai mobiililaitteessa. IMAP IMAP-protokollaa k\u00e4ytett\u00e4ess\u00e4 s\u00e4hk\u00f6postiohjelma synkronoi postilaatikon sis\u00e4ll\u00f6n palvelimelta, jolloin posteja voidaan s\u00e4ilytt\u00e4\u00e4 palvelimella. IMAP-protokollaa k\u00e4ytett\u00e4ess\u00e4 viestej\u00e4 voidaan siksi k\u00e4sitell\u00e4 esim. webmailin kautta ja useammalta eri tietokoneelta samanaikaisesti. Voit siis k\u00e4ytt\u00e4\u00e4 samaa s\u00e4hk\u00f6postilaatikkoa esim. ty\u00f6paikalla ja kotona. POP3 POP3 -protokolla kopioi &#8230; <a title=\"Mik\u00e4 ero on POP3- ja IMAP tileill\u00e4?\" class=\"read-more\" href=\"https:\/\/www.zoner.fi\/tuki\/sahkopostiohjeet\/cpanel-webhotelli-fi\/pop3-ja-imap-erot\/\" aria-label=\"Lue lis\u00e4\u00e4 aiheesta Mik\u00e4 ero on POP3- ja IMAP tileill\u00e4?\">Lue lis\u00e4\u00e4<\/a><\/p>\n","protected":false},"author":18,"featured_media":0,"parent":137089,"menu_order":0,"comment_status":"closed","ping_status":"closed","template":"","meta":{"_relevanssi_hide_post":"","_relevanssi_hide_content":"","_relevanssi_pin_for_all":"","_relevanssi_pin_keywords":"","_relevanssi_unpin_keywords":"","_relevanssi_related_keywords":"","_relevanssi_related_include_ids":"","_relevanssi_related_exclude_ids":"","_relevanssi_related_no_append":"","_relevanssi_related_not_related":"","_relevanssi_related_posts":"135737,130455,136211,131506,136147,132938","_relevanssi_noindex_reason":"","footnotes":""},"categories":[213,195,193,194,196],"tags":[214],"wf_page_folders":[],"class_list":{"0":"post-136859","1":"page","2":"type-page","3":"status-publish","5":"category-cpanel-webhotelli-fi-sahkoposti","6":"category-cpanel-wepardi-sahkoposti","7":"category-directadmin-sahkoposti","8":"category-zoner-home","9":"category-zoner-sahkoposti","10":"tag-sahkopostin-hallinta"},"_links":{"self":[{"href":"https:\/\/www.zoner.fi\/tuki\/wp-json\/wp\/v2\/pages\/136859","targetHints":{"allow":["GET"]}}],"collection":[{"href":"https:\/\/www.zoner.fi\/tuki\/wp-json\/wp\/v2\/pages"}],"about":[{"href":"https:\/\/www.zoner.fi\/tuki\/wp-json\/wp\/v2\/types\/page"}],"author":[{"embeddable":true,"href":"https:\/\/www.zoner.fi\/tuki\/wp-json\/wp\/v2\/users\/18"}],"replies":[{"embeddable":true,"href":"https:\/\/www.zoner.fi\/tuki\/wp-json\/wp\/v2\/comments?post=136859"}],"version-history":[{"count":2,"href":"https:\/\/www.zoner.fi\/tuki\/wp-json\/wp\/v2\/pages\/136859\/revisions"}],"predecessor-version":[{"id":136990,"href":"https:\/\/www.zoner.fi\/tuki\/wp-json\/wp\/v2\/pages\/136859\/revisions\/136990"}],"up":[{"embeddable":true,"href":"https:\/\/www.zoner.fi\/tuki\/wp-json\/wp\/v2\/pages\/137089"}],"wp:attachment":[{"href":"https:\/\/www.zoner.fi\/tuki\/wp-json\/wp\/v2\/media?parent=136859"}],"wp:term":[{"taxonomy":"category","embeddable":true,"href":"https:\/\/www.zoner.fi\/tuki\/wp-json\/wp\/v2\/categories?post=136859"},{"taxonomy":"post_tag","embeddable":true,"href":"https:\/\/www.zoner.fi\/tuki\/wp-json\/wp\/v2\/tags?post=136859"},{"taxonomy":"wf_page_folders","embeddable":true,"href":"https:\/\/www.zoner.fi\/tuki\/wp-json\/wp\/v2\/wf_page_folders?post=136859"}],"curies":[{"name":"wp","href":"https:\/\/api.w.org\/{rel}","templated":true}]}}