{"id":136861,"date":"2025-08-20T14:32:45","date_gmt":"2025-08-20T11:32:45","guid":{"rendered":"https:\/\/www.zoner.fi\/tuki\/?page_id=136861"},"modified":"2025-11-12T15:14:34","modified_gmt":"2025-11-12T13:14:34","slug":"sahkoposti-ei-tule-perille","status":"publish","type":"page","link":"https:\/\/www.zoner.fi\/tuki\/sahkopostiohjeet\/cpanel-wepardi\/sahkoposti-ei-tule-perille\/","title":{"rendered":"Minulle l\u00e4hetettiin s\u00e4hk\u00f6postia, mutta se ei tullut perille"},"content":{"rendered":"\n<p>Jos tied\u00e4t, ett\u00e4 sinulle on l\u00e4hetetty s\u00e4hk\u00f6postia, mutta se ei ole tullut perille postilaatikkoosi, tarkistathan seuraavat:<\/p>\n\n\n\n<ol class=\"wp-block-list\">\n<li>Jos k\u00e4yt\u00e4t erillist\u00e4 s\u00e4hk\u00f6postiohjelmaa, tarkista ensin n\u00e4kyyk\u00f6 viesti webmailissa. Voit kirjautua webmailiin osoitteesta\u00a0http:\/\/webmail.omadomain.com\u00a0(vaihda tilalle oma domainisi). Ohje: <a href=\"https:\/\/www.zoner.fi\/tuki\/sahkopostiohjeet\/directadmin\/mista-kirjaudun-webmailiin\/\">Mist\u00e4 kirjaudun Webmailiin?<\/a><\/li>\n\n\n\n<li>Tarkista my\u00f6s roskapostikansio<br><\/li>\n\n\n\n<li>Jos viesti\u00e4 ei n\u00e4y, voit l\u00e4hett\u00e4\u00e4 asiakaspalveluumme seuraavat tiedot tarkistettaviksi:<br>\n<ol class=\"wp-block-list\">\n<li>Viestin tarkka l\u00e4hetysajankohta<br><\/li>\n\n\n\n<li>L\u00e4hett\u00e4j\u00e4n s\u00e4hk\u00f6postiosoite<br><\/li>\n\n\n\n<li>Vastaanottajan eli oma s\u00e4hk\u00f6postiosoitteesi<\/li>\n<\/ol>\n<\/li>\n<\/ol>\n","protected":false},"excerpt":{"rendered":"<p>Jos tied\u00e4t, ett\u00e4 sinulle on l\u00e4hetetty s\u00e4hk\u00f6postia, mutta se ei ole tullut perille postilaatikkoosi, tarkistathan seuraavat:<\/p>\n","protected":false},"author":18,"featured_media":0,"parent":137353,"menu_order":0,"comment_status":"closed","ping_status":"closed","template":"","meta":{"_relevanssi_hide_post":"","_relevanssi_hide_content":"","_relevanssi_pin_for_all":"","_relevanssi_pin_keywords":"","_relevanssi_unpin_keywords":"","_relevanssi_related_keywords":"","_relevanssi_related_include_ids":"","_relevanssi_related_exclude_ids":"","_relevanssi_related_no_append":"","_relevanssi_related_not_related":"","_relevanssi_related_posts":"135737,130455,136211,131506,136147,132938","_relevanssi_noindex_reason":"","footnotes":""},"categories":[195],"tags":[214],"wf_page_folders":[],"class_list":{"0":"post-136861","1":"page","2":"type-page","3":"status-publish","5":"category-cpanel-wepardi-sahkoposti","6":"tag-sahkopostin-hallinta"},"_links":{"self":[{"href":"https:\/\/www.zoner.fi\/tuki\/wp-json\/wp\/v2\/pages\/136861","targetHints":{"allow":["GET"]}}],"collection":[{"href":"https:\/\/www.zoner.fi\/tuki\/wp-json\/wp\/v2\/pages"}],"about":[{"href":"https:\/\/www.zoner.fi\/tuki\/wp-json\/wp\/v2\/types\/page"}],"author":[{"embeddable":true,"href":"https:\/\/www.zoner.fi\/tuki\/wp-json\/wp\/v2\/users\/18"}],"replies":[{"embeddable":true,"href":"https:\/\/www.zoner.fi\/tuki\/wp-json\/wp\/v2\/comments?post=136861"}],"version-history":[{"count":3,"href":"https:\/\/www.zoner.fi\/tuki\/wp-json\/wp\/v2\/pages\/136861\/revisions"}],"predecessor-version":[{"id":138036,"href":"https:\/\/www.zoner.fi\/tuki\/wp-json\/wp\/v2\/pages\/136861\/revisions\/138036"}],"up":[{"embeddable":true,"href":"https:\/\/www.zoner.fi\/tuki\/wp-json\/wp\/v2\/pages\/137353"}],"wp:attachment":[{"href":"https:\/\/www.zoner.fi\/tuki\/wp-json\/wp\/v2\/media?parent=136861"}],"wp:term":[{"taxonomy":"category","embeddable":true,"href":"https:\/\/www.zoner.fi\/tuki\/wp-json\/wp\/v2\/categories?post=136861"},{"taxonomy":"post_tag","embeddable":true,"href":"https:\/\/www.zoner.fi\/tuki\/wp-json\/wp\/v2\/tags?post=136861"},{"taxonomy":"wf_page_folders","embeddable":true,"href":"https:\/\/www.zoner.fi\/tuki\/wp-json\/wp\/v2\/wf_page_folders?post=136861"}],"curies":[{"name":"wp","href":"https:\/\/api.w.org\/{rel}","templated":true}]}}