{"id":136863,"date":"2025-08-20T14:33:46","date_gmt":"2025-08-20T11:33:46","guid":{"rendered":"https:\/\/www.zoner.fi\/tuki\/?page_id=136863"},"modified":"2025-11-12T15:11:53","modified_gmt":"2025-11-12T13:11:53","slug":"roskapostiasetukset","status":"publish","type":"page","link":"https:\/\/www.zoner.fi\/tuki\/sahkopostiohjeet\/cpanel-webhotelli-fi\/roskapostiasetukset\/","title":{"rendered":"Saan paljon roskapostia &#8211; miten s\u00e4\u00e4d\u00e4n roskapostiasetuksia?"},"content":{"rendered":"\n<p>Jos saat s\u00e4hk\u00f6postilaatikkoosi paljon roskapostia, sinun kannattaa tarkistaa hallintapaneelista suodattimen asetukset.<\/p>\n\n\n\n<p>Kirjaudu cPaneliin Zoner Homen kautta. <strong>Ohje<\/strong>: <a href=\"https:\/\/www.zoner.fi\/tuki\/webhotellit\/cpanel-webhotelli-fi\/cpanel-palvelunhallintaan-siirtyminen\/\">cPanel-palvelunhallintaan siirtyminen<\/a><\/p>\n\n\n\n<p>S\u00e4hk\u00f6posti -otsikon alta l\u00f6yd\u00e4t roskapostisuodattimen asetukset. Tarkista ensin ett\u00e4 roskapostin suodatus on p\u00e4\u00e4ll\u00e4 (&#8221;Process New Emails and Mark them as Spam&#8221;).<\/p>\n\n\n\n<p>Jos valitset kohdan &#8221;Move New Spam to a Separate Folder (Spam Box)&#8221;, tunnistetut roskapostit siirret\u00e4\u00e4n erilliseen roskaposti -hakemistoon. Kyseinen hakemisto kannattaa k\u00e4yd\u00e4 ajoittain l\u00e4pi silt\u00e4 varalta ett\u00e4 t\u00e4rkeit\u00e4 viestej\u00e4 on tunnistettu roskapostiksi.<\/p>\n\n\n\n<p>&#8221;Automatically Delete New Spam (Auto-Delete)&#8221; -toiminnon k\u00e4ytt\u00f6 ei ole suositeltavaa, koska silloin tunnistetut roskapostit poistetaan ilman ett\u00e4 niit\u00e4 on j\u00e4lkeenp\u00e4in mahdollista k\u00e4yd\u00e4 l\u00e4pi.<\/p>\n","protected":false},"excerpt":{"rendered":"<p>Jos saat s\u00e4hk\u00f6postilaatikkoosi paljon roskapostia, sinun kannattaa tarkistaa hallintapaneelista suodattimen asetukset. Kirjaudu cPaneliin Zoner Homen kautta. Ohje: cPanel-palvelunhallintaan siirtyminen S\u00e4hk\u00f6posti -otsikon alta l\u00f6yd\u00e4t roskapostisuodattimen asetukset. Tarkista ensin ett\u00e4 roskapostin suodatus on p\u00e4\u00e4ll\u00e4 (&#8221;Process New Emails and Mark them as Spam&#8221;). Jos valitset kohdan &#8221;Move New Spam to a Separate Folder (Spam Box)&#8221;, tunnistetut roskapostit siirret\u00e4\u00e4n &#8230; <a title=\"Saan paljon roskapostia &#8211; miten s\u00e4\u00e4d\u00e4n roskapostiasetuksia?\" class=\"read-more\" href=\"https:\/\/www.zoner.fi\/tuki\/sahkopostiohjeet\/cpanel-webhotelli-fi\/roskapostiasetukset\/\" aria-label=\"Lue lis\u00e4\u00e4 aiheesta Saan paljon roskapostia &#8211; miten s\u00e4\u00e4d\u00e4n roskapostiasetuksia?\">Lue lis\u00e4\u00e4<\/a><\/p>\n","protected":false},"author":18,"featured_media":0,"parent":137089,"menu_order":0,"comment_status":"closed","ping_status":"closed","template":"","meta":{"_relevanssi_hide_post":"","_relevanssi_hide_content":"","_relevanssi_pin_for_all":"","_relevanssi_pin_keywords":"","_relevanssi_unpin_keywords":"","_relevanssi_related_keywords":"","_relevanssi_related_include_ids":"","_relevanssi_related_exclude_ids":"","_relevanssi_related_no_append":"","_relevanssi_related_not_related":"","_relevanssi_related_posts":"135737,130455,136211,131506,136147,132938","_relevanssi_noindex_reason":"","footnotes":""},"categories":[213,195],"tags":[214],"wf_page_folders":[],"class_list":{"0":"post-136863","1":"page","2":"type-page","3":"status-publish","5":"category-cpanel-webhotelli-fi-sahkoposti","6":"category-cpanel-wepardi-sahkoposti","7":"tag-sahkopostin-hallinta"},"_links":{"self":[{"href":"https:\/\/www.zoner.fi\/tuki\/wp-json\/wp\/v2\/pages\/136863","targetHints":{"allow":["GET"]}}],"collection":[{"href":"https:\/\/www.zoner.fi\/tuki\/wp-json\/wp\/v2\/pages"}],"about":[{"href":"https:\/\/www.zoner.fi\/tuki\/wp-json\/wp\/v2\/types\/page"}],"author":[{"embeddable":true,"href":"https:\/\/www.zoner.fi\/tuki\/wp-json\/wp\/v2\/users\/18"}],"replies":[{"embeddable":true,"href":"https:\/\/www.zoner.fi\/tuki\/wp-json\/wp\/v2\/comments?post=136863"}],"version-history":[{"count":4,"href":"https:\/\/www.zoner.fi\/tuki\/wp-json\/wp\/v2\/pages\/136863\/revisions"}],"predecessor-version":[{"id":138033,"href":"https:\/\/www.zoner.fi\/tuki\/wp-json\/wp\/v2\/pages\/136863\/revisions\/138033"}],"up":[{"embeddable":true,"href":"https:\/\/www.zoner.fi\/tuki\/wp-json\/wp\/v2\/pages\/137089"}],"wp:attachment":[{"href":"https:\/\/www.zoner.fi\/tuki\/wp-json\/wp\/v2\/media?parent=136863"}],"wp:term":[{"taxonomy":"category","embeddable":true,"href":"https:\/\/www.zoner.fi\/tuki\/wp-json\/wp\/v2\/categories?post=136863"},{"taxonomy":"post_tag","embeddable":true,"href":"https:\/\/www.zoner.fi\/tuki\/wp-json\/wp\/v2\/tags?post=136863"},{"taxonomy":"wf_page_folders","embeddable":true,"href":"https:\/\/www.zoner.fi\/tuki\/wp-json\/wp\/v2\/wf_page_folders?post=136863"}],"curies":[{"name":"wp","href":"https:\/\/api.w.org\/{rel}","templated":true}]}}