{"id":136865,"date":"2025-08-20T14:43:10","date_gmt":"2025-08-20T11:43:10","guid":{"rendered":"https:\/\/www.zoner.fi\/tuki\/?page_id=136865"},"modified":"2025-11-12T15:56:10","modified_gmt":"2025-11-12T13:56:10","slug":"miten-luon-sahkopostin-edelleenohjaus","status":"publish","type":"page","link":"https:\/\/www.zoner.fi\/tuki\/webhotellit\/cpanel-wepardi\/miten-luon-sahkopostin-edelleenohjaus\/","title":{"rendered":"Miten luon s\u00e4hk\u00f6postin edelleenohjauksen?"},"content":{"rendered":"\n<p>Voit muokata edelleenohjausten asetuksia cPanelissa.<\/p>\n\n\n\n<p>1. Kirjaudu cPaneliin Zoner Homen kautta. <strong>Ohje<\/strong>: <a href=\"https:\/\/www.zoner.fi\/tuki\/webhotellit\/cpanel-webhotelli-fi\/cpanel-palvelunhallintaan-siirtyminen\/\">cPanel-palvelunhallintaan siirtyminen<\/a><\/p>\n\n\n\n<p>2. Siirry cPanelissa kohtaan S\u00e4hk\u00f6postitilit -&gt; V\u00e4litt\u00e4j\u00e4t.<\/p>\n\n\n\n<p>3. Mik\u00e4li s\u00e4hk\u00f6postiosoitteelle on m\u00e4\u00e4ritelty sek\u00e4 s\u00e4hk\u00f6postilaatikko ett\u00e4 my\u00f6s edelleenohjaus, tallentuu viesti cPanel-palvelimelle ja ohjautuu sen lis\u00e4ksi m\u00e4\u00e4ritellylle vastaanottajalle. Mik\u00e4li osoitteelle on m\u00e4\u00e4ritelty ainoastaan edelleenohjaus, viesti ei tallennu cPanel -palvelimelle.<\/p>\n\n\n\n<figure class=\"wp-block-image size-large\"><img loading=\"lazy\" decoding=\"async\" width=\"1024\" height=\"437\" src=\"https:\/\/www.zoner.fi\/tuki\/wp-content\/uploads\/2025\/08\/wepardi-sahkopostin-edelleenlahetys-1024x437.png\" alt=\"\" class=\"wp-image-136866\" srcset=\"https:\/\/www.zoner.fi\/tuki\/wp-content\/uploads\/2025\/08\/wepardi-sahkopostin-edelleenlahetys-1024x437.png 1024w, https:\/\/www.zoner.fi\/tuki\/wp-content\/uploads\/2025\/08\/wepardi-sahkopostin-edelleenlahetys-300x128.png 300w, https:\/\/www.zoner.fi\/tuki\/wp-content\/uploads\/2025\/08\/wepardi-sahkopostin-edelleenlahetys-768x328.png 768w, https:\/\/www.zoner.fi\/tuki\/wp-content\/uploads\/2025\/08\/wepardi-sahkopostin-edelleenlahetys.png 1250w\" sizes=\"auto, (max-width: 1024px) 100vw, 1024px\" \/><\/figure>\n","protected":false},"excerpt":{"rendered":"<p>S\u00e4hk\u00f6postin edelleenl\u00e4hetys cPanel-hallintapaneelissa<\/p>\n","protected":false},"author":18,"featured_media":0,"parent":136943,"menu_order":0,"comment_status":"closed","ping_status":"closed","template":"","meta":{"_relevanssi_hide_post":"","_relevanssi_hide_content":"","_relevanssi_pin_for_all":"","_relevanssi_pin_keywords":"","_relevanssi_unpin_keywords":"","_relevanssi_related_keywords":"","_relevanssi_related_include_ids":"","_relevanssi_related_exclude_ids":"","_relevanssi_related_no_append":"","_relevanssi_related_not_related":"","_relevanssi_related_posts":"135737,130455,136211,131506,136147,132938","_relevanssi_noindex_reason":"","footnotes":""},"categories":[195],"tags":[214],"wf_page_folders":[],"class_list":{"0":"post-136865","1":"page","2":"type-page","3":"status-publish","5":"category-cpanel-wepardi-sahkoposti","6":"tag-sahkopostin-hallinta"},"_links":{"self":[{"href":"https:\/\/www.zoner.fi\/tuki\/wp-json\/wp\/v2\/pages\/136865","targetHints":{"allow":["GET"]}}],"collection":[{"href":"https:\/\/www.zoner.fi\/tuki\/wp-json\/wp\/v2\/pages"}],"about":[{"href":"https:\/\/www.zoner.fi\/tuki\/wp-json\/wp\/v2\/types\/page"}],"author":[{"embeddable":true,"href":"https:\/\/www.zoner.fi\/tuki\/wp-json\/wp\/v2\/users\/18"}],"replies":[{"embeddable":true,"href":"https:\/\/www.zoner.fi\/tuki\/wp-json\/wp\/v2\/comments?post=136865"}],"version-history":[{"count":3,"href":"https:\/\/www.zoner.fi\/tuki\/wp-json\/wp\/v2\/pages\/136865\/revisions"}],"predecessor-version":[{"id":138107,"href":"https:\/\/www.zoner.fi\/tuki\/wp-json\/wp\/v2\/pages\/136865\/revisions\/138107"}],"up":[{"embeddable":true,"href":"https:\/\/www.zoner.fi\/tuki\/wp-json\/wp\/v2\/pages\/136943"}],"wp:attachment":[{"href":"https:\/\/www.zoner.fi\/tuki\/wp-json\/wp\/v2\/media?parent=136865"}],"wp:term":[{"taxonomy":"category","embeddable":true,"href":"https:\/\/www.zoner.fi\/tuki\/wp-json\/wp\/v2\/categories?post=136865"},{"taxonomy":"post_tag","embeddable":true,"href":"https:\/\/www.zoner.fi\/tuki\/wp-json\/wp\/v2\/tags?post=136865"},{"taxonomy":"wf_page_folders","embeddable":true,"href":"https:\/\/www.zoner.fi\/tuki\/wp-json\/wp\/v2\/wf_page_folders?post=136865"}],"curies":[{"name":"wp","href":"https:\/\/api.w.org\/{rel}","templated":true}]}}