{"id":136868,"date":"2025-08-20T14:49:11","date_gmt":"2025-08-20T11:49:11","guid":{"rendered":"https:\/\/www.zoner.fi\/tuki\/?page_id=136868"},"modified":"2025-11-12T15:57:47","modified_gmt":"2025-11-12T13:57:47","slug":"uuden-sahkopostilaatikon-luonti","status":"publish","type":"page","link":"https:\/\/www.zoner.fi\/tuki\/webhotellit\/cpanel-wepardi\/uuden-sahkopostilaatikon-luonti\/","title":{"rendered":"Miten luon uuden s\u00e4hk\u00f6postilaatikon?"},"content":{"rendered":"\n<p>Jotta voit saada ja l\u00e4hett\u00e4\u00e4 s\u00e4hk\u00f6posteja, sinun on luotava v\u00e4hint\u00e4\u00e4n yksi s\u00e4hk\u00f6postilaatikko. S\u00e4hk\u00f6postilaatikoita voi luoda cPanelissa.<\/p>\n\n\n\n<h2 class=\"wp-block-heading\" id=\"Mitenluonuudens\u00e4hk\u00f6postilaatikon?-Mik\u00e4ons\u00e4hk\u00f6postilaatikko?\">Mik\u00e4 on s\u00e4hk\u00f6postilaatikko?<\/h2>\n\n\n\n<p>S\u00e4hk\u00f6postilaatikko on digitaalinen postilaatikko, joka on yhteydess\u00e4 s\u00e4hk\u00f6postipalvelimeen. Se toimii vastaanottimena s\u00e4hk\u00f6postiviesteille, joita muut ihmiset l\u00e4hett\u00e4v\u00e4t sinulle internetin kautta. Kun joku l\u00e4hett\u00e4\u00e4 sinulle s\u00e4hk\u00f6postiviestin, se saapuu s\u00e4hk\u00f6postilaatikkoosi, josta voit lukea ja vastata siihen. S\u00e4hk\u00f6postilaatikkoon p\u00e4\u00e4see joko kirjautumalla s\u00e4hk\u00f6postipalvelun sivulle (ns. webmail) tai k\u00e4ytt\u00e4m\u00e4ll\u00e4 erillist\u00e4 s\u00e4hk\u00f6postiohjelmaa tietokoneella tai mobiililaitteella.<\/p>\n\n\n\n<h2 class=\"wp-block-heading\">S\u00e4hk\u00f6postilaatikon luominen<\/h2>\n\n\n\n<p>S\u00e4hk\u00f6postilaatikon luominen cPanelissa on yleens\u00e4 helppoa ja nopeaa. Seuraa n\u00e4it\u00e4 yksinkertaisia \u200b\u200bohjeita:<\/p>\n\n\n\n<ol class=\"wp-block-list\">\n<li>Kirjaudu cPaneliin Zoner Homen kautta. <strong>Ohje<\/strong>: <a href=\"https:\/\/www.zoner.fi\/tuki\/webhotellit\/cpanel-webhotelli-fi\/cpanel-palvelunhallintaan-siirtyminen\/\">cPanel-palvelunhallintaan siirtyminen<\/a><\/li>\n\n\n\n<li>Etsi &#8221;Email \/ S\u00e4hk\u00f6posti&#8221;-osio cPanelin etusivulta.<\/li>\n\n\n\n<li>Klikkaa &#8221;Email Accounts \/ S\u00e4hk\u00f6postitilit &#8221; -painiketta.<\/li>\n\n\n\n<li>Anna haluamasi s\u00e4hk\u00f6postitilin k\u00e4ytt\u00e4j\u00e4nimi ja salasana.<\/li>\n\n\n\n<li>Valitse haluamasi s\u00e4hk\u00f6postitilin tallennustila.<\/li>\n\n\n\n<li>Klikkaa &#8221;Create Account&#8221; -painiketta.<\/li>\n\n\n\n<li>Onnittelut! Olet luonut uuden s\u00e4hk\u00f6postitilin cPanelissa.<\/li>\n<\/ol>\n\n\n\n<p>Voit nyt k\u00e4ytt\u00e4\u00e4 t\u00e4t\u00e4 s\u00e4hk\u00f6postitili\u00e4 l\u00e4hett\u00e4\u00e4ksesi ja vastaanottaaksesi s\u00e4hk\u00f6posteja. Voit my\u00f6s hallita s\u00e4hk\u00f6postitilej\u00e4 cPanelin kautta ja tehd\u00e4 muutoksia tarvittaessa, kuten vaihtaa salasanan tai lis\u00e4t\u00e4 uusia postilaatikoita. Salasanan vaihtamiseen ohjeet saat t\u00e4\u00e4lt\u00e4:&nbsp;S\u00e4hk\u00f6postin salasanan vaihtaminen<\/p>\n\n\n\n<h2 class=\"wp-block-heading\">Miten kirjaudun s\u00e4hk\u00f6postiin?<\/h2>\n\n\n\n<p>S\u00e4hk\u00f6postiin voi kirjautua Webmailissa selaimella. Ohje: <a href=\"https:\/\/www.zoner.fi\/tuki\/sahkopostiohjeet\/directadmin\/mista-kirjaudun-webmailiin\/\">Mist\u00e4 kirjaudun Webmailiin?<\/a><\/p>\n","protected":false},"excerpt":{"rendered":"<p>Uuden s\u00e4hk\u00f6postilaatikon luonti webhotellin cPanel-hallintapaneelissa<\/p>\n","protected":false},"author":18,"featured_media":0,"parent":136943,"menu_order":0,"comment_status":"closed","ping_status":"closed","template":"","meta":{"_relevanssi_hide_post":"","_relevanssi_hide_content":"","_relevanssi_pin_for_all":"","_relevanssi_pin_keywords":"","_relevanssi_unpin_keywords":"","_relevanssi_related_keywords":"","_relevanssi_related_include_ids":"","_relevanssi_related_exclude_ids":"","_relevanssi_related_no_append":"","_relevanssi_related_not_related":"","_relevanssi_related_posts":"135737,130455,136211,131506,136147,132938","_relevanssi_noindex_reason":"","footnotes":""},"categories":[195],"tags":[214],"wf_page_folders":[],"class_list":{"0":"post-136868","1":"page","2":"type-page","3":"status-publish","5":"category-cpanel-wepardi-sahkoposti","6":"tag-sahkopostin-hallinta"},"_links":{"self":[{"href":"https:\/\/www.zoner.fi\/tuki\/wp-json\/wp\/v2\/pages\/136868","targetHints":{"allow":["GET"]}}],"collection":[{"href":"https:\/\/www.zoner.fi\/tuki\/wp-json\/wp\/v2\/pages"}],"about":[{"href":"https:\/\/www.zoner.fi\/tuki\/wp-json\/wp\/v2\/types\/page"}],"author":[{"embeddable":true,"href":"https:\/\/www.zoner.fi\/tuki\/wp-json\/wp\/v2\/users\/18"}],"replies":[{"embeddable":true,"href":"https:\/\/www.zoner.fi\/tuki\/wp-json\/wp\/v2\/comments?post=136868"}],"version-history":[{"count":4,"href":"https:\/\/www.zoner.fi\/tuki\/wp-json\/wp\/v2\/pages\/136868\/revisions"}],"predecessor-version":[{"id":138112,"href":"https:\/\/www.zoner.fi\/tuki\/wp-json\/wp\/v2\/pages\/136868\/revisions\/138112"}],"up":[{"embeddable":true,"href":"https:\/\/www.zoner.fi\/tuki\/wp-json\/wp\/v2\/pages\/136943"}],"wp:attachment":[{"href":"https:\/\/www.zoner.fi\/tuki\/wp-json\/wp\/v2\/media?parent=136868"}],"wp:term":[{"taxonomy":"category","embeddable":true,"href":"https:\/\/www.zoner.fi\/tuki\/wp-json\/wp\/v2\/categories?post=136868"},{"taxonomy":"post_tag","embeddable":true,"href":"https:\/\/www.zoner.fi\/tuki\/wp-json\/wp\/v2\/tags?post=136868"},{"taxonomy":"wf_page_folders","embeddable":true,"href":"https:\/\/www.zoner.fi\/tuki\/wp-json\/wp\/v2\/wf_page_folders?post=136868"}],"curies":[{"name":"wp","href":"https:\/\/api.w.org\/{rel}","templated":true}]}}