{"id":136871,"date":"2025-08-20T14:52:31","date_gmt":"2025-08-20T11:52:31","guid":{"rendered":"https:\/\/www.zoner.fi\/tuki\/?page_id=136871"},"modified":"2025-09-17T13:10:45","modified_gmt":"2025-09-17T10:10:45","slug":"thunderbird-postipalvelin","status":"publish","type":"page","link":"https:\/\/www.zoner.fi\/tuki\/webhotellit\/cpanel-wepardi\/thunderbird-postipalvelin\/","title":{"rendered":"Miten vaihdan postipalvelimen osoitteen Thunderbirdin asetuksiin (Windows)"},"content":{"rendered":"\n<p>Klikkaa s\u00e4hk\u00f6postitilin nime\u00e4 hiiren oikealla painikkeella<\/p>\n\n\n\n<figure class=\"wp-block-image size-full\"><img loading=\"lazy\" decoding=\"async\" width=\"505\" height=\"320\" src=\"https:\/\/www.zoner.fi\/tuki\/wp-content\/uploads\/2025\/08\/wepardi-thunderbird-1.png\" alt=\"\" class=\"wp-image-136873\" srcset=\"https:\/\/www.zoner.fi\/tuki\/wp-content\/uploads\/2025\/08\/wepardi-thunderbird-1.png 505w, https:\/\/www.zoner.fi\/tuki\/wp-content\/uploads\/2025\/08\/wepardi-thunderbird-1-300x190.png 300w\" sizes=\"auto, (max-width: 505px) 100vw, 505px\" \/><\/figure>\n\n\n\n<p>Valitse &#8221;Asetukset&#8221;<\/p>\n\n\n\n<figure class=\"wp-block-image size-full\"><img loading=\"lazy\" decoding=\"async\" width=\"494\" height=\"419\" src=\"https:\/\/www.zoner.fi\/tuki\/wp-content\/uploads\/2025\/08\/wepardi-thunderbird-2.png\" alt=\"\" class=\"wp-image-136874\" srcset=\"https:\/\/www.zoner.fi\/tuki\/wp-content\/uploads\/2025\/08\/wepardi-thunderbird-2.png 494w, https:\/\/www.zoner.fi\/tuki\/wp-content\/uploads\/2025\/08\/wepardi-thunderbird-2-300x254.png 300w\" sizes=\"auto, (max-width: 494px) 100vw, 494px\" \/><\/figure>\n\n\n\n<p>Valitse vasemmalta &#8221;Palvelimen asetukset&#8221;<\/p>\n\n\n\n<figure class=\"wp-block-image size-full\"><img loading=\"lazy\" decoding=\"async\" width=\"495\" height=\"433\" src=\"https:\/\/www.zoner.fi\/tuki\/wp-content\/uploads\/2025\/08\/wepardi-thunderbird-3.png\" alt=\"\" class=\"wp-image-136875\" srcset=\"https:\/\/www.zoner.fi\/tuki\/wp-content\/uploads\/2025\/08\/wepardi-thunderbird-3.png 495w, https:\/\/www.zoner.fi\/tuki\/wp-content\/uploads\/2025\/08\/wepardi-thunderbird-3-300x262.png 300w\" sizes=\"auto, (max-width: 495px) 100vw, 495px\" \/><\/figure>\n\n\n\n<p>Tarkista ett\u00e4 &#8221;Palvelin&#8221; -kent\u00e4ss\u00e4 on&nbsp;<a href=\"http:\/\/mail.omadomain.com\/\" target=\"_blank\" rel=\"noopener\">mail.omadomain.com<\/a>&nbsp;(vaihda oma domainnimesi tilalle)<\/p>\n\n\n\n<figure class=\"wp-block-image size-full\"><img loading=\"lazy\" decoding=\"async\" width=\"813\" height=\"253\" src=\"https:\/\/www.zoner.fi\/tuki\/wp-content\/uploads\/2025\/08\/wepardi-thunderbird-4.png\" alt=\"\" class=\"wp-image-136876\" srcset=\"https:\/\/www.zoner.fi\/tuki\/wp-content\/uploads\/2025\/08\/wepardi-thunderbird-4.png 813w, https:\/\/www.zoner.fi\/tuki\/wp-content\/uploads\/2025\/08\/wepardi-thunderbird-4-300x93.png 300w, https:\/\/www.zoner.fi\/tuki\/wp-content\/uploads\/2025\/08\/wepardi-thunderbird-4-768x239.png 768w\" sizes=\"auto, (max-width: 813px) 100vw, 813px\" \/><\/figure>\n\n\n\n<p>Valitse vasemmasta navigaatiosta &#8221;L\u00e4htev\u00e4n postin palvelin&#8221;<\/p>\n\n\n\n<figure class=\"wp-block-image size-full\"><img loading=\"lazy\" decoding=\"async\" width=\"264\" height=\"393\" src=\"https:\/\/www.zoner.fi\/tuki\/wp-content\/uploads\/2025\/08\/wepardi-thunderbird-5.png\" alt=\"\" class=\"wp-image-136877\" srcset=\"https:\/\/www.zoner.fi\/tuki\/wp-content\/uploads\/2025\/08\/wepardi-thunderbird-5.png 264w, https:\/\/www.zoner.fi\/tuki\/wp-content\/uploads\/2025\/08\/wepardi-thunderbird-5-202x300.png 202w\" sizes=\"auto, (max-width: 264px) 100vw, 264px\" \/><\/figure>\n\n\n\n<p>Valitse l\u00e4htev\u00e4 palvelin ja klikkaa &#8221;Muokkaa&#8221;<\/p>\n\n\n\n<figure class=\"wp-block-image size-full\"><img loading=\"lazy\" decoding=\"async\" width=\"617\" height=\"237\" src=\"https:\/\/www.zoner.fi\/tuki\/wp-content\/uploads\/2025\/08\/wepardi-thunderbird-6.png\" alt=\"\" class=\"wp-image-136878\" srcset=\"https:\/\/www.zoner.fi\/tuki\/wp-content\/uploads\/2025\/08\/wepardi-thunderbird-6.png 617w, https:\/\/www.zoner.fi\/tuki\/wp-content\/uploads\/2025\/08\/wepardi-thunderbird-6-300x115.png 300w\" sizes=\"auto, (max-width: 617px) 100vw, 617px\" \/><\/figure>\n\n\n\n<p>Tee sama muutos &#8221;Palvelin&#8221; -kentt\u00e4\u00e4n, eli vaihda osoitteeksi&nbsp;<a href=\"http:\/\/mail.omadomain.com\/\" target=\"_blank\" rel=\"noopener\">mail.omadomain.com<\/a><\/p>\n\n\n\n<figure class=\"wp-block-image size-full\"><img loading=\"lazy\" decoding=\"async\" width=\"424\" height=\"321\" src=\"https:\/\/www.zoner.fi\/tuki\/wp-content\/uploads\/2025\/08\/wepardi-thunderbird-7.png\" alt=\"\" class=\"wp-image-136879\" srcset=\"https:\/\/www.zoner.fi\/tuki\/wp-content\/uploads\/2025\/08\/wepardi-thunderbird-7.png 424w, https:\/\/www.zoner.fi\/tuki\/wp-content\/uploads\/2025\/08\/wepardi-thunderbird-7-300x227.png 300w\" sizes=\"auto, (max-width: 424px) 100vw, 424px\" \/><\/figure>\n\n\n\n<p>Yhteyden suojaus:&nbsp;<strong>SSL\/TLS<\/strong><\/p>\n\n\n\n<p>Todennustapa:&nbsp;<strong>Normaali salasana<\/strong><\/p>\n\n\n\n<p>K\u00e4ytt\u00e4j\u00e4tunnus:&nbsp;<strong>oma s\u00e4hk\u00f6postiosoite<\/strong><\/p>\n\n\n\n<p>Tallenna asetukset, ja olet valmis.<\/p>\n","protected":false},"excerpt":{"rendered":"<p>Klikkaa s\u00e4hk\u00f6postitilin nime\u00e4 hiiren oikealla painikkeella Valitse &#8221;Asetukset&#8221; Valitse vasemmalta &#8221;Palvelimen asetukset&#8221; Tarkista ett\u00e4 &#8221;Palvelin&#8221; -kent\u00e4ss\u00e4 on&nbsp;mail.omadomain.com&nbsp;(vaihda oma domainnimesi tilalle) Valitse vasemmasta navigaatiosta &#8221;L\u00e4htev\u00e4n postin palvelin&#8221; Valitse l\u00e4htev\u00e4 palvelin ja klikkaa &#8221;Muokkaa&#8221; Tee sama muutos &#8221;Palvelin&#8221; -kentt\u00e4\u00e4n, eli vaihda osoitteeksi&nbsp;mail.omadomain.com Yhteyden suojaus:&nbsp;SSL\/TLS Todennustapa:&nbsp;Normaali salasana K\u00e4ytt\u00e4j\u00e4tunnus:&nbsp;oma s\u00e4hk\u00f6postiosoite Tallenna asetukset, ja olet valmis.<\/p>\n","protected":false},"author":18,"featured_media":0,"parent":136943,"menu_order":0,"comment_status":"closed","ping_status":"closed","template":"","meta":{"_relevanssi_hide_post":"","_relevanssi_hide_content":"","_relevanssi_pin_for_all":"","_relevanssi_pin_keywords":"","_relevanssi_unpin_keywords":"","_relevanssi_related_keywords":"","_relevanssi_related_include_ids":"","_relevanssi_related_exclude_ids":"","_relevanssi_related_no_append":"","_relevanssi_related_not_related":"","_relevanssi_related_posts":"135737,130455,136211,131506,136147,132938","_relevanssi_noindex_reason":"","footnotes":""},"categories":[195],"tags":[215],"wf_page_folders":[],"class_list":{"0":"post-136871","1":"page","2":"type-page","3":"status-publish","5":"category-cpanel-wepardi-sahkoposti","6":"tag-sahkopostiohjelmat"},"_links":{"self":[{"href":"https:\/\/www.zoner.fi\/tuki\/wp-json\/wp\/v2\/pages\/136871","targetHints":{"allow":["GET"]}}],"collection":[{"href":"https:\/\/www.zoner.fi\/tuki\/wp-json\/wp\/v2\/pages"}],"about":[{"href":"https:\/\/www.zoner.fi\/tuki\/wp-json\/wp\/v2\/types\/page"}],"author":[{"embeddable":true,"href":"https:\/\/www.zoner.fi\/tuki\/wp-json\/wp\/v2\/users\/18"}],"replies":[{"embeddable":true,"href":"https:\/\/www.zoner.fi\/tuki\/wp-json\/wp\/v2\/comments?post=136871"}],"version-history":[{"count":3,"href":"https:\/\/www.zoner.fi\/tuki\/wp-json\/wp\/v2\/pages\/136871\/revisions"}],"predecessor-version":[{"id":137000,"href":"https:\/\/www.zoner.fi\/tuki\/wp-json\/wp\/v2\/pages\/136871\/revisions\/137000"}],"up":[{"embeddable":true,"href":"https:\/\/www.zoner.fi\/tuki\/wp-json\/wp\/v2\/pages\/136943"}],"wp:attachment":[{"href":"https:\/\/www.zoner.fi\/tuki\/wp-json\/wp\/v2\/media?parent=136871"}],"wp:term":[{"taxonomy":"category","embeddable":true,"href":"https:\/\/www.zoner.fi\/tuki\/wp-json\/wp\/v2\/categories?post=136871"},{"taxonomy":"post_tag","embeddable":true,"href":"https:\/\/www.zoner.fi\/tuki\/wp-json\/wp\/v2\/tags?post=136871"},{"taxonomy":"wf_page_folders","embeddable":true,"href":"https:\/\/www.zoner.fi\/tuki\/wp-json\/wp\/v2\/wf_page_folders?post=136871"}],"curies":[{"name":"wp","href":"https:\/\/api.w.org\/{rel}","templated":true}]}}