{"id":136881,"date":"2025-08-20T14:53:29","date_gmt":"2025-08-20T11:53:29","guid":{"rendered":"https:\/\/www.zoner.fi\/tuki\/?page_id=136881"},"modified":"2025-09-17T13:07:28","modified_gmt":"2025-09-17T10:07:28","slug":"postipalvelin-ipad","status":"publish","type":"page","link":"https:\/\/www.zoner.fi\/tuki\/sahkopostiohjeet\/cpanel-wepardi\/postipalvelin-ipad\/","title":{"rendered":"Miten vaihdan postipalvelimen osoitteen iPadin asetuksiin?"},"content":{"rendered":"\n<p>N\u00e4ill\u00e4 ohjeilla voit vaihtaa iPadin asetuksista k\u00e4ytt\u00f6\u00f6n uuden s\u00e4hk\u00f6postipalvelimen osoitteen.<\/p>\n\n\n\n<p>Valitse &#8221;<strong>Asetukset<\/strong>&#8221;.<\/p>\n\n\n\n<p>Valitse &#8221;<strong>Salasanat ja tilit<\/strong>&#8221;.<\/p>\n\n\n\n<p>Valitse oikea s\u00e4hk\u00f6postili listalta.<\/p>\n\n\n\n<p>Siirry s\u00e4hk\u00f6postin asetuksiin valitsemalla IMAP \/ POP3 -tili listalta.<\/p>\n\n\n\n<p>Tarkista ett\u00e4 &#8221;<strong>Palvelinnimi<\/strong>&#8221; ja &#8221;<strong>SMTP&#8221;<\/strong>&nbsp;-kentiss\u00e4 on oikea palvelinosoite eli oma verkkotunnuksesi&nbsp;<strong>mail.omadomain.com<\/strong>&nbsp;-muodossa. Muokkaa tarvittaessa osoite oikeaksi.<\/p>\n\n\n\n<p><\/p>\n","protected":false},"excerpt":{"rendered":"<p>N\u00e4ill\u00e4 ohjeilla voit vaihtaa iPadin asetuksista k\u00e4ytt\u00f6\u00f6n uuden s\u00e4hk\u00f6postipalvelimen osoitteen. Valitse &#8221;Asetukset&#8221;. Valitse &#8221;Salasanat ja tilit&#8221;. Valitse oikea s\u00e4hk\u00f6postili listalta. Siirry s\u00e4hk\u00f6postin asetuksiin valitsemalla IMAP \/ POP3 -tili listalta. Tarkista ett\u00e4 &#8221;Palvelinnimi&#8221; ja &#8221;SMTP&#8221;&nbsp;-kentiss\u00e4 on oikea palvelinosoite eli oma verkkotunnuksesi&nbsp;mail.omadomain.com&nbsp;-muodossa. Muokkaa tarvittaessa osoite oikeaksi.<\/p>\n","protected":false},"author":18,"featured_media":0,"parent":137353,"menu_order":0,"comment_status":"closed","ping_status":"closed","template":"","meta":{"_relevanssi_hide_post":"","_relevanssi_hide_content":"","_relevanssi_pin_for_all":"","_relevanssi_pin_keywords":"","_relevanssi_unpin_keywords":"","_relevanssi_related_keywords":"","_relevanssi_related_include_ids":"","_relevanssi_related_exclude_ids":"","_relevanssi_related_no_append":"","_relevanssi_related_not_related":"","_relevanssi_related_posts":"135737,130455,136211,131506,136147,132938","_relevanssi_noindex_reason":"","footnotes":""},"categories":[195],"tags":[215],"wf_page_folders":[],"class_list":{"0":"post-136881","1":"page","2":"type-page","3":"status-publish","5":"category-cpanel-wepardi-sahkoposti","6":"tag-sahkopostiohjelmat"},"_links":{"self":[{"href":"https:\/\/www.zoner.fi\/tuki\/wp-json\/wp\/v2\/pages\/136881","targetHints":{"allow":["GET"]}}],"collection":[{"href":"https:\/\/www.zoner.fi\/tuki\/wp-json\/wp\/v2\/pages"}],"about":[{"href":"https:\/\/www.zoner.fi\/tuki\/wp-json\/wp\/v2\/types\/page"}],"author":[{"embeddable":true,"href":"https:\/\/www.zoner.fi\/tuki\/wp-json\/wp\/v2\/users\/18"}],"replies":[{"embeddable":true,"href":"https:\/\/www.zoner.fi\/tuki\/wp-json\/wp\/v2\/comments?post=136881"}],"version-history":[{"count":2,"href":"https:\/\/www.zoner.fi\/tuki\/wp-json\/wp\/v2\/pages\/136881\/revisions"}],"predecessor-version":[{"id":137001,"href":"https:\/\/www.zoner.fi\/tuki\/wp-json\/wp\/v2\/pages\/136881\/revisions\/137001"}],"up":[{"embeddable":true,"href":"https:\/\/www.zoner.fi\/tuki\/wp-json\/wp\/v2\/pages\/137353"}],"wp:attachment":[{"href":"https:\/\/www.zoner.fi\/tuki\/wp-json\/wp\/v2\/media?parent=136881"}],"wp:term":[{"taxonomy":"category","embeddable":true,"href":"https:\/\/www.zoner.fi\/tuki\/wp-json\/wp\/v2\/categories?post=136881"},{"taxonomy":"post_tag","embeddable":true,"href":"https:\/\/www.zoner.fi\/tuki\/wp-json\/wp\/v2\/tags?post=136881"},{"taxonomy":"wf_page_folders","embeddable":true,"href":"https:\/\/www.zoner.fi\/tuki\/wp-json\/wp\/v2\/wf_page_folders?post=136881"}],"curies":[{"name":"wp","href":"https:\/\/api.w.org\/{rel}","templated":true}]}}