{"id":136883,"date":"2025-08-20T14:55:18","date_gmt":"2025-08-20T11:55:18","guid":{"rendered":"https:\/\/www.zoner.fi\/tuki\/?page_id=136883"},"modified":"2025-09-17T13:06:39","modified_gmt":"2025-09-17T10:06:39","slug":"sahkopostin-otsaketiedot","status":"publish","type":"page","link":"https:\/\/www.zoner.fi\/tuki\/sahkopostiohjeet\/cpanel-webhotelli-fi\/sahkopostin-otsaketiedot\/","title":{"rendered":"S\u00e4hk\u00f6postin otsaketietojen n\u00e4ytt\u00e4minen s\u00e4hk\u00f6postiohjelmissa"},"content":{"rendered":"\n<p id=\"Ohjes\u00e4hk\u00f6postinotsaketietojenn\u00e4ytt\u00e4miseksi-Outlook\"><strong>Outlook<\/strong><\/p>\n\n\n\n<ol class=\"wp-block-list\">\n<li>Avaa Outlook.<\/li>\n\n\n\n<li>Avaa s\u00e4hk\u00f6posti, jonka yl\u00e4tunnisteet haluat n\u00e4hd\u00e4.<\/li>\n\n\n\n<li>Valitse Tiedosto ja sitten Ominaisuudet.<\/li>\n<\/ol>\n\n\n\n<p>Otsikkotiedot n\u00e4ytet\u00e4\u00e4n Internet-otsikot -kent\u00e4ss\u00e4.<\/p>\n\n\n\n<p id=\"Ohjes\u00e4hk\u00f6postinotsaketietojenn\u00e4ytt\u00e4miseksi-Thunderbird\"><strong>Thunderbird<\/strong><\/p>\n\n\n\n<ol class=\"wp-block-list\">\n<li>Avaa viesti ja valitse Lis\u00e4\u00e4 -valikosta &#8221;N\u00e4yt\u00e4 l\u00e4hde&#8221;.<\/li>\n<\/ol>\n\n\n\n<p>Otsikkotiedot n\u00e4kyv\u00e4t avautuneessa ikkunassa.<\/p>\n\n\n\n<p id=\"Ohjes\u00e4hk\u00f6postinotsaketietojenn\u00e4ytt\u00e4miseksi-AppleMail\"><strong>Apple Mail<\/strong><\/p>\n\n\n\n<ol class=\"wp-block-list\">\n<li>Avaa Apple Mail.<\/li>\n\n\n\n<li>Avaa s\u00e4hk\u00f6posti, jonka otsaketiedot haluat n\u00e4hd\u00e4.<\/li>\n\n\n\n<li>Valitse <strong>N\u00e4yt\u00e4\u00a0<\/strong>\u2192 <strong>Viesti\u00a0<\/strong>\u2192 <strong>Kaikki otsakkeet<\/strong>.<\/li>\n<\/ol>\n\n\n\n<p>Otsaketiedot n\u00e4kyv\u00e4t postilaatikon alapuolella olevassa ikkunassa.<\/p>\n","protected":false},"excerpt":{"rendered":"<p>Outlook Otsikkotiedot n\u00e4ytet\u00e4\u00e4n Internet-otsikot -kent\u00e4ss\u00e4. Thunderbird Otsikkotiedot n\u00e4kyv\u00e4t avautuneessa ikkunassa. Apple Mail Otsaketiedot n\u00e4kyv\u00e4t postilaatikon alapuolella olevassa ikkunassa.<\/p>\n","protected":false},"author":18,"featured_media":0,"parent":137089,"menu_order":0,"comment_status":"closed","ping_status":"closed","template":"","meta":{"_relevanssi_hide_post":"","_relevanssi_hide_content":"","_relevanssi_pin_for_all":"","_relevanssi_pin_keywords":"","_relevanssi_unpin_keywords":"","_relevanssi_related_keywords":"","_relevanssi_related_include_ids":"","_relevanssi_related_exclude_ids":"","_relevanssi_related_no_append":"","_relevanssi_related_not_related":"","_relevanssi_related_posts":"135737,130455,136211,131506,136147,132938","_relevanssi_noindex_reason":"","footnotes":""},"categories":[213,195,193,198,197,194,196],"tags":[215],"wf_page_folders":[],"class_list":{"0":"post-136883","1":"page","2":"type-page","3":"status-publish","5":"category-cpanel-webhotelli-fi-sahkoposti","6":"category-cpanel-wepardi-sahkoposti","7":"category-directadmin-sahkoposti","8":"category-google-workspace","9":"category-microsoft-365","10":"category-zoner-home","11":"category-zoner-sahkoposti","12":"tag-sahkopostiohjelmat"},"_links":{"self":[{"href":"https:\/\/www.zoner.fi\/tuki\/wp-json\/wp\/v2\/pages\/136883","targetHints":{"allow":["GET"]}}],"collection":[{"href":"https:\/\/www.zoner.fi\/tuki\/wp-json\/wp\/v2\/pages"}],"about":[{"href":"https:\/\/www.zoner.fi\/tuki\/wp-json\/wp\/v2\/types\/page"}],"author":[{"embeddable":true,"href":"https:\/\/www.zoner.fi\/tuki\/wp-json\/wp\/v2\/users\/18"}],"replies":[{"embeddable":true,"href":"https:\/\/www.zoner.fi\/tuki\/wp-json\/wp\/v2\/comments?post=136883"}],"version-history":[{"count":3,"href":"https:\/\/www.zoner.fi\/tuki\/wp-json\/wp\/v2\/pages\/136883\/revisions"}],"predecessor-version":[{"id":137435,"href":"https:\/\/www.zoner.fi\/tuki\/wp-json\/wp\/v2\/pages\/136883\/revisions\/137435"}],"up":[{"embeddable":true,"href":"https:\/\/www.zoner.fi\/tuki\/wp-json\/wp\/v2\/pages\/137089"}],"wp:attachment":[{"href":"https:\/\/www.zoner.fi\/tuki\/wp-json\/wp\/v2\/media?parent=136883"}],"wp:term":[{"taxonomy":"category","embeddable":true,"href":"https:\/\/www.zoner.fi\/tuki\/wp-json\/wp\/v2\/categories?post=136883"},{"taxonomy":"post_tag","embeddable":true,"href":"https:\/\/www.zoner.fi\/tuki\/wp-json\/wp\/v2\/tags?post=136883"},{"taxonomy":"wf_page_folders","embeddable":true,"href":"https:\/\/www.zoner.fi\/tuki\/wp-json\/wp\/v2\/wf_page_folders?post=136883"}],"curies":[{"name":"wp","href":"https:\/\/api.w.org\/{rel}","templated":true}]}}