{"id":136885,"date":"2025-08-20T15:11:25","date_gmt":"2025-08-20T12:11:25","guid":{"rendered":"https:\/\/www.zoner.fi\/tuki\/?page_id=136885"},"modified":"2025-11-12T15:11:21","modified_gmt":"2025-11-12T13:11:21","slug":"osoitekirjaston-varmuuskopiointi","status":"publish","type":"page","link":"https:\/\/www.zoner.fi\/tuki\/sahkopostiohjeet\/cpanel-webhotelli-fi\/osoitekirjaston-varmuuskopiointi\/","title":{"rendered":"Webmailin osoitekirjaston varmuuskopiointi"},"content":{"rendered":"\n<p id=\"Ohjes\u00e4hk\u00f6postinotsaketietojenn\u00e4ytt\u00e4miseksi-Outlook\">Osoitekirjan varmuuskopiointi Roundcube-s\u00e4hk\u00f6postiohjelmassa vaihtelee hieman k\u00e4yt\u00f6ss\u00e4 olevan Roundcube-version&nbsp;mukaan, mutta perusvaiheet ovat seuraavat:<\/p>\n\n\n\n<ol class=\"wp-block-list\">\n<li>Kirjaudu sis\u00e4\u00e4n\u00a0Roundcube-webmailiin. Ohje: <a href=\"https:\/\/www.zoner.fi\/tuki\/sahkopostiohjeet\/directadmin\/mista-kirjaudun-webmailiin\/\">Mist\u00e4 kirjaudun Webmailiin?<\/a><\/li>\n\n\n\n<li>Siirry kohtaan&nbsp;<strong>Osoitekirja<\/strong>&nbsp;tai&nbsp;<strong>Address Book<\/strong>, joka sijaitsee yleens\u00e4 sivun yl\u00e4reunassa tai sivupalkissa.<\/li>\n\n\n\n<li>Kun olet osoitekirja-n\u00e4kym\u00e4ss\u00e4,&nbsp;<strong>valitse osoitteet<\/strong>,&nbsp;joista haluat ottaa varmuuskopion. Jos haluat varmuuskopion koko osoitekirjasta, valitse kaikki osoitteet kerralla.<\/li>\n\n\n\n<li>Etsi ja klikkaa&nbsp;<strong>Vie (Export)<\/strong>&nbsp;-nappia tai vastaavaa. T\u00e4m\u00e4 nappi on usein sijoitettu yl\u00e4palkkiin tai valikkoon osoitekirja-n\u00e4kym\u00e4ss\u00e4.<\/li>\n\n\n\n<li>Sinulle tarjotaan yleens\u00e4 useita eri formaatteja, joissa voit tallentaa varmuuskopion, kuten&nbsp;<code>.vcf<\/code>&nbsp;(vCard) tai&nbsp;<code>.csv<\/code>&nbsp;(Comma Separated Values). Valitse haluamasi formaatti ja seuraa ohjeita.<\/li>\n\n\n\n<li>Varmuuskopio ladataan yleens\u00e4 suoraan tietokoneellesi. S\u00e4ilyt\u00e4 ladattu tiedosto turvallisessa paikassa.<\/li>\n<\/ol>\n\n\n\n<p id=\"Ohjes\u00e4hk\u00f6postinotsaketietojenn\u00e4ytt\u00e4miseksi-Outlook\">Koska ohjelmiston versiot ja asetukset saattavat vaihdella, yksityiskohdat voivat olla erilaiset eri Roundcube-versioilla. Yll\u00e4 olevat ohjeet ovat kuitenkin hyv\u00e4 yleinen viite.<\/p>\n","protected":false},"excerpt":{"rendered":"<p>Osoitekirjan varmuuskopiointi Roundcube-s\u00e4hk\u00f6postiohjelmassa vaihtelee hieman k\u00e4yt\u00f6ss\u00e4 olevan Roundcube-version&nbsp;mukaan, mutta perusvaiheet ovat seuraavat: Koska ohjelmiston versiot ja asetukset saattavat vaihdella, yksityiskohdat voivat olla erilaiset eri Roundcube-versioilla. Yll\u00e4 olevat ohjeet ovat kuitenkin hyv\u00e4 yleinen viite.<\/p>\n","protected":false},"author":18,"featured_media":0,"parent":137089,"menu_order":0,"comment_status":"closed","ping_status":"closed","template":"","meta":{"_relevanssi_hide_post":"","_relevanssi_hide_content":"","_relevanssi_pin_for_all":"","_relevanssi_pin_keywords":"","_relevanssi_unpin_keywords":"","_relevanssi_related_keywords":"","_relevanssi_related_include_ids":"","_relevanssi_related_exclude_ids":"","_relevanssi_related_no_append":"","_relevanssi_related_not_related":"","_relevanssi_related_posts":"135737,130455,136211,131506,136147,132938","_relevanssi_noindex_reason":"","footnotes":""},"categories":[213,195,193,194,196],"tags":[216],"wf_page_folders":[],"class_list":{"0":"post-136885","1":"page","2":"type-page","3":"status-publish","5":"category-cpanel-webhotelli-fi-sahkoposti","6":"category-cpanel-wepardi-sahkoposti","7":"category-directadmin-sahkoposti","8":"category-zoner-home","9":"category-zoner-sahkoposti","10":"tag-webmail"},"_links":{"self":[{"href":"https:\/\/www.zoner.fi\/tuki\/wp-json\/wp\/v2\/pages\/136885","targetHints":{"allow":["GET"]}}],"collection":[{"href":"https:\/\/www.zoner.fi\/tuki\/wp-json\/wp\/v2\/pages"}],"about":[{"href":"https:\/\/www.zoner.fi\/tuki\/wp-json\/wp\/v2\/types\/page"}],"author":[{"embeddable":true,"href":"https:\/\/www.zoner.fi\/tuki\/wp-json\/wp\/v2\/users\/18"}],"replies":[{"embeddable":true,"href":"https:\/\/www.zoner.fi\/tuki\/wp-json\/wp\/v2\/comments?post=136885"}],"version-history":[{"count":6,"href":"https:\/\/www.zoner.fi\/tuki\/wp-json\/wp\/v2\/pages\/136885\/revisions"}],"predecessor-version":[{"id":138032,"href":"https:\/\/www.zoner.fi\/tuki\/wp-json\/wp\/v2\/pages\/136885\/revisions\/138032"}],"up":[{"embeddable":true,"href":"https:\/\/www.zoner.fi\/tuki\/wp-json\/wp\/v2\/pages\/137089"}],"wp:attachment":[{"href":"https:\/\/www.zoner.fi\/tuki\/wp-json\/wp\/v2\/media?parent=136885"}],"wp:term":[{"taxonomy":"category","embeddable":true,"href":"https:\/\/www.zoner.fi\/tuki\/wp-json\/wp\/v2\/categories?post=136885"},{"taxonomy":"post_tag","embeddable":true,"href":"https:\/\/www.zoner.fi\/tuki\/wp-json\/wp\/v2\/tags?post=136885"},{"taxonomy":"wf_page_folders","embeddable":true,"href":"https:\/\/www.zoner.fi\/tuki\/wp-json\/wp\/v2\/wf_page_folders?post=136885"}],"curies":[{"name":"wp","href":"https:\/\/api.w.org\/{rel}","templated":true}]}}