{"id":136890,"date":"2025-08-20T15:15:48","date_gmt":"2025-08-20T12:15:48","guid":{"rendered":"https:\/\/www.zoner.fi\/tuki\/?page_id=136890"},"modified":"2025-09-17T12:54:59","modified_gmt":"2025-09-17T09:54:59","slug":"sahkopostin-tiliasetukset-outlook","status":"publish","type":"page","link":"https:\/\/www.zoner.fi\/tuki\/verkkotunnus\/cpanel-wepardi\/sahkopostin-tiliasetukset-outlook\/","title":{"rendered":"S\u00e4hk\u00f6postin tiliasetusten muuttaminen Outlookissa (Windows)"},"content":{"rendered":"\n<p id=\"Ohjes\u00e4hk\u00f6postinotsaketietojenn\u00e4ytt\u00e4miseksi-Outlook\">N\u00e4iden ohjeiden avulla voit tarkistaa s\u00e4hk\u00f6postin tiliasetukset ja tehd\u00e4 niihin tarvittaessa muutoksia.<\/p>\n\n\n\n<ol class=\"wp-block-list\">\n<li>Valitse Outlookin valikosta kohta &#8221;Tiedosto&#8221;<\/li>\n\n\n\n<li>Valitse valikosta &#8221;Tiliasetukset&#8221; -valikkoa ja sen alta &#8221;Tiliasetukset&#8221;<\/li>\n\n\n\n<li>Valitse oikea s\u00e4hk\u00f6postitili esiin tulevasta ikkunasta, ja klikkaa sen j\u00e4lkeen &#8221;Korjaa&#8221;<\/li>\n\n\n\n<li>Valitse valintaruutu &#8221;Anna minun korjata tilini manuaalisesti&#8221; ja klikkaa sen j\u00e4lkeen &#8221;Korjaa&#8221;<\/li>\n\n\n\n<li>Tarkista ett\u00e4 tiedot ovat oikein ja valitse sen j\u00e4lkeen &#8221;L\u00e4htev\u00e4 posti&#8221;<\/li>\n\n\n\n<li>Tarkista my\u00f6s l\u00e4htev\u00e4n palvelimen asetukset ja tallenna sen j\u00e4lkeen muutokset valitsemalla &#8221;Seuraava&#8221;<\/li>\n<\/ol>\n\n\n\n<p><\/p>\n","protected":false},"excerpt":{"rendered":"<p>N\u00e4in kirjaudut cPaneliin<\/p>\n","protected":false},"author":18,"featured_media":0,"parent":137375,"menu_order":0,"comment_status":"closed","ping_status":"closed","template":"","meta":{"_relevanssi_hide_post":"","_relevanssi_hide_content":"","_relevanssi_pin_for_all":"","_relevanssi_pin_keywords":"","_relevanssi_unpin_keywords":"","_relevanssi_related_keywords":"","_relevanssi_related_include_ids":"","_relevanssi_related_exclude_ids":"","_relevanssi_related_no_append":"","_relevanssi_related_not_related":"","_relevanssi_related_posts":"135737,130455,136211,131506,136147,132938","_relevanssi_noindex_reason":"","footnotes":""},"categories":[195],"tags":[215],"wf_page_folders":[],"class_list":{"0":"post-136890","1":"page","2":"type-page","3":"status-publish","5":"category-cpanel-wepardi-sahkoposti","6":"tag-sahkopostiohjelmat"},"_links":{"self":[{"href":"https:\/\/www.zoner.fi\/tuki\/wp-json\/wp\/v2\/pages\/136890","targetHints":{"allow":["GET"]}}],"collection":[{"href":"https:\/\/www.zoner.fi\/tuki\/wp-json\/wp\/v2\/pages"}],"about":[{"href":"https:\/\/www.zoner.fi\/tuki\/wp-json\/wp\/v2\/types\/page"}],"author":[{"embeddable":true,"href":"https:\/\/www.zoner.fi\/tuki\/wp-json\/wp\/v2\/users\/18"}],"replies":[{"embeddable":true,"href":"https:\/\/www.zoner.fi\/tuki\/wp-json\/wp\/v2\/comments?post=136890"}],"version-history":[{"count":2,"href":"https:\/\/www.zoner.fi\/tuki\/wp-json\/wp\/v2\/pages\/136890\/revisions"}],"predecessor-version":[{"id":137008,"href":"https:\/\/www.zoner.fi\/tuki\/wp-json\/wp\/v2\/pages\/136890\/revisions\/137008"}],"up":[{"embeddable":true,"href":"https:\/\/www.zoner.fi\/tuki\/wp-json\/wp\/v2\/pages\/137375"}],"wp:attachment":[{"href":"https:\/\/www.zoner.fi\/tuki\/wp-json\/wp\/v2\/media?parent=136890"}],"wp:term":[{"taxonomy":"category","embeddable":true,"href":"https:\/\/www.zoner.fi\/tuki\/wp-json\/wp\/v2\/categories?post=136890"},{"taxonomy":"post_tag","embeddable":true,"href":"https:\/\/www.zoner.fi\/tuki\/wp-json\/wp\/v2\/tags?post=136890"},{"taxonomy":"wf_page_folders","embeddable":true,"href":"https:\/\/www.zoner.fi\/tuki\/wp-json\/wp\/v2\/wf_page_folders?post=136890"}],"curies":[{"name":"wp","href":"https:\/\/api.w.org\/{rel}","templated":true}]}}