{"id":136892,"date":"2025-08-20T15:27:51","date_gmt":"2025-08-20T12:27:51","guid":{"rendered":"https:\/\/www.zoner.fi\/tuki\/?page_id=136892"},"modified":"2025-09-17T12:55:30","modified_gmt":"2025-09-17T09:55:30","slug":"sahkopostin-tiliasetukset-outlook-macos","status":"publish","type":"page","link":"https:\/\/www.zoner.fi\/tuki\/webhotellit\/cpanel-wepardi\/sahkopostin-tiliasetukset-outlook-macos\/","title":{"rendered":"S\u00e4hk\u00f6postin tiliasetusten muuttaminen Outlookissa (macOS)"},"content":{"rendered":"\n<p id=\"Ohjes\u00e4hk\u00f6postinotsaketietojenn\u00e4ytt\u00e4miseksi-Outlook\">N\u00e4iden ohjeiden avulla voit tarkistaa s\u00e4hk\u00f6postin tiliasetukset ja tehd\u00e4 niihin tarvittaessa muutoksia Outlookissa (macOS).<\/p>\n\n\n\n<ol class=\"wp-block-list\">\n<li>Valitse &#8221;Ty\u00f6kalut&#8221; ja &#8221;Tilit&#8221;<\/li>\n\n\n\n<li>Valitse aukeavasta ikkunasta se s\u00e4hk\u00f6postitili, jonka asetuksia haluat muokata.<\/li>\n\n\n\n<li>Tarkista ett\u00e4 asetukset ovat oikein. Jos porttinumerot ovat v\u00e4\u00e4r\u00e4t, valitse valintaruutu &#8221;Ohita oletusportti&#8221; ja tee tarvittavat korjaukset.<\/li>\n<\/ol>\n","protected":false},"excerpt":{"rendered":"<p>N\u00e4iden ohjeiden avulla voit tarkistaa s\u00e4hk\u00f6postin tiliasetukset ja tehd\u00e4 niihin tarvittaessa muutoksia Outlookissa (macOS).<\/p>\n","protected":false},"author":18,"featured_media":0,"parent":136943,"menu_order":0,"comment_status":"closed","ping_status":"closed","template":"","meta":{"_relevanssi_hide_post":"","_relevanssi_hide_content":"","_relevanssi_pin_for_all":"","_relevanssi_pin_keywords":"","_relevanssi_unpin_keywords":"","_relevanssi_related_keywords":"","_relevanssi_related_include_ids":"","_relevanssi_related_exclude_ids":"","_relevanssi_related_no_append":"","_relevanssi_related_not_related":"","_relevanssi_related_posts":"135737,130455,136211,131506,136147,132938","_relevanssi_noindex_reason":"","footnotes":""},"categories":[195],"tags":[215],"wf_page_folders":[],"class_list":{"0":"post-136892","1":"page","2":"type-page","3":"status-publish","5":"category-cpanel-wepardi-sahkoposti","6":"tag-sahkopostiohjelmat"},"_links":{"self":[{"href":"https:\/\/www.zoner.fi\/tuki\/wp-json\/wp\/v2\/pages\/136892","targetHints":{"allow":["GET"]}}],"collection":[{"href":"https:\/\/www.zoner.fi\/tuki\/wp-json\/wp\/v2\/pages"}],"about":[{"href":"https:\/\/www.zoner.fi\/tuki\/wp-json\/wp\/v2\/types\/page"}],"author":[{"embeddable":true,"href":"https:\/\/www.zoner.fi\/tuki\/wp-json\/wp\/v2\/users\/18"}],"replies":[{"embeddable":true,"href":"https:\/\/www.zoner.fi\/tuki\/wp-json\/wp\/v2\/comments?post=136892"}],"version-history":[{"count":2,"href":"https:\/\/www.zoner.fi\/tuki\/wp-json\/wp\/v2\/pages\/136892\/revisions"}],"predecessor-version":[{"id":137010,"href":"https:\/\/www.zoner.fi\/tuki\/wp-json\/wp\/v2\/pages\/136892\/revisions\/137010"}],"up":[{"embeddable":true,"href":"https:\/\/www.zoner.fi\/tuki\/wp-json\/wp\/v2\/pages\/136943"}],"wp:attachment":[{"href":"https:\/\/www.zoner.fi\/tuki\/wp-json\/wp\/v2\/media?parent=136892"}],"wp:term":[{"taxonomy":"category","embeddable":true,"href":"https:\/\/www.zoner.fi\/tuki\/wp-json\/wp\/v2\/categories?post=136892"},{"taxonomy":"post_tag","embeddable":true,"href":"https:\/\/www.zoner.fi\/tuki\/wp-json\/wp\/v2\/tags?post=136892"},{"taxonomy":"wf_page_folders","embeddable":true,"href":"https:\/\/www.zoner.fi\/tuki\/wp-json\/wp\/v2\/wf_page_folders?post=136892"}],"curies":[{"name":"wp","href":"https:\/\/api.w.org\/{rel}","templated":true}]}}