{"id":136894,"date":"2025-08-20T15:38:43","date_gmt":"2025-08-20T12:38:43","guid":{"rendered":"https:\/\/www.zoner.fi\/tuki\/?page_id=136894"},"modified":"2025-11-12T15:55:48","modified_gmt":"2025-11-12T13:55:48","slug":"mika-on-webmail","status":"publish","type":"page","link":"https:\/\/www.zoner.fi\/tuki\/webhotellit\/cpanel-wepardi\/mika-on-webmail\/","title":{"rendered":"Mik\u00e4 on Webmail?"},"content":{"rendered":"\n<p id=\"Ohjes\u00e4hk\u00f6postinotsaketietojenn\u00e4ytt\u00e4miseksi-Outlook\">Webmail on s\u00e4hk\u00f6postipalvelun k\u00e4ytt\u00f6liittym\u00e4, joka toimii selaimessa ilman erillist\u00e4 s\u00e4hk\u00f6postiohjelmaa. Sen avulla voit l\u00e4hett\u00e4\u00e4, vastaanottaa ja hallita s\u00e4hk\u00f6postiviestej\u00e4 laitteella, jolla on internetyhteys. Webmailiin p\u00e4\u00e4see yleens\u00e4 kirjoittamalla selaimen osoitteeksi&nbsp;https:\/\/webmail.<strong>omadomain.com<\/strong>&nbsp;(<em>korvaa&nbsp;omadomain.com&nbsp;omalla verkkotunnuksellasi<\/em>), kirjoita sivulle saamasi k\u00e4ytt\u00e4j\u00e4tunnus ja salasana.<\/p>\n\n\n\n<p id=\"Ohjes\u00e4hk\u00f6postinotsaketietojenn\u00e4ytt\u00e4miseksi-Outlook\"><strong>Ohje<\/strong>: <a href=\"https:\/\/www.zoner.fi\/tuki\/sahkopostiohjeet\/directadmin\/mista-kirjaudun-webmailiin\/\">Mist\u00e4 kirjaudun Webmailiin?<\/a><\/p>\n\n\n\n<p>Webmailin k\u00e4ytt\u00f6 on helppoa ja k\u00e4tev\u00e4\u00e4, sill\u00e4 se ei vaadi erillist\u00e4 s\u00e4hk\u00f6postiohjelman asennusta tai asetusten muokkaamista.<\/p>\n\n\n\n<p id=\"Ohjes\u00e4hk\u00f6postinotsaketietojenn\u00e4ytt\u00e4miseksi-Outlook\">Jos et ole varma onko sinulla luotuna s\u00e4hk\u00f6postilaatikolta tai haluat luoda uuden laatikon, lue ohjeet: <a href=\"https:\/\/www.zoner.fi\/tuki\/webhotellit\/cpanel-wepardi\/uuden-sahkopostilaatikon-luonti\/\">Miten luon s\u00e4hk\u00f6postilaatikoita palvelussani? <\/a><\/p>\n\n\n\n<p><\/p>\n","protected":false},"excerpt":{"rendered":"<p>Webmail on s\u00e4hk\u00f6postipalvelun k\u00e4ytt\u00f6liittym\u00e4, joka toimii selaimessa ilman erillist\u00e4 s\u00e4hk\u00f6postiohjelmaa. Sen avulla voit l\u00e4hett\u00e4\u00e4, vastaanottaa ja hallita s\u00e4hk\u00f6postiviestej\u00e4 laitteella, jolla on internetyhteys. Webmailiin p\u00e4\u00e4see yleens\u00e4 kirjoittamalla selaimen osoitteeksi&nbsp;https:\/\/webmail.omadomain.com&nbsp;(korvaa&nbsp;omadomain.com&nbsp;omalla verkkotunnuksellasi), kirjoita sivulle saamasi k\u00e4ytt\u00e4j\u00e4tunnus ja salasana. Ohje: Mist\u00e4 kirjaudun Webmailiin? Webmailin k\u00e4ytt\u00f6 on helppoa ja k\u00e4tev\u00e4\u00e4, sill\u00e4 se ei vaadi erillist\u00e4 s\u00e4hk\u00f6postiohjelman asennusta tai asetusten muokkaamista. &#8230; <a title=\"Mik\u00e4 on Webmail?\" class=\"read-more\" href=\"https:\/\/www.zoner.fi\/tuki\/webhotellit\/cpanel-wepardi\/mika-on-webmail\/\" aria-label=\"Lue lis\u00e4\u00e4 aiheesta Mik\u00e4 on Webmail?\">Lue lis\u00e4\u00e4<\/a><\/p>\n","protected":false},"author":18,"featured_media":0,"parent":136943,"menu_order":0,"comment_status":"closed","ping_status":"closed","template":"","meta":{"_relevanssi_hide_post":"","_relevanssi_hide_content":"","_relevanssi_pin_for_all":"","_relevanssi_pin_keywords":"","_relevanssi_unpin_keywords":"","_relevanssi_related_keywords":"","_relevanssi_related_include_ids":"","_relevanssi_related_exclude_ids":"","_relevanssi_related_no_append":"","_relevanssi_related_not_related":"","_relevanssi_related_posts":"135737,130455,136211,131506,136147,132938","_relevanssi_noindex_reason":"","footnotes":""},"categories":[195],"tags":[214],"wf_page_folders":[],"class_list":{"0":"post-136894","1":"page","2":"type-page","3":"status-publish","5":"category-cpanel-wepardi-sahkoposti","6":"tag-sahkopostin-hallinta"},"_links":{"self":[{"href":"https:\/\/www.zoner.fi\/tuki\/wp-json\/wp\/v2\/pages\/136894","targetHints":{"allow":["GET"]}}],"collection":[{"href":"https:\/\/www.zoner.fi\/tuki\/wp-json\/wp\/v2\/pages"}],"about":[{"href":"https:\/\/www.zoner.fi\/tuki\/wp-json\/wp\/v2\/types\/page"}],"author":[{"embeddable":true,"href":"https:\/\/www.zoner.fi\/tuki\/wp-json\/wp\/v2\/users\/18"}],"replies":[{"embeddable":true,"href":"https:\/\/www.zoner.fi\/tuki\/wp-json\/wp\/v2\/comments?post=136894"}],"version-history":[{"count":6,"href":"https:\/\/www.zoner.fi\/tuki\/wp-json\/wp\/v2\/pages\/136894\/revisions"}],"predecessor-version":[{"id":138106,"href":"https:\/\/www.zoner.fi\/tuki\/wp-json\/wp\/v2\/pages\/136894\/revisions\/138106"}],"up":[{"embeddable":true,"href":"https:\/\/www.zoner.fi\/tuki\/wp-json\/wp\/v2\/pages\/136943"}],"wp:attachment":[{"href":"https:\/\/www.zoner.fi\/tuki\/wp-json\/wp\/v2\/media?parent=136894"}],"wp:term":[{"taxonomy":"category","embeddable":true,"href":"https:\/\/www.zoner.fi\/tuki\/wp-json\/wp\/v2\/categories?post=136894"},{"taxonomy":"post_tag","embeddable":true,"href":"https:\/\/www.zoner.fi\/tuki\/wp-json\/wp\/v2\/tags?post=136894"},{"taxonomy":"wf_page_folders","embeddable":true,"href":"https:\/\/www.zoner.fi\/tuki\/wp-json\/wp\/v2\/wf_page_folders?post=136894"}],"curies":[{"name":"wp","href":"https:\/\/api.w.org\/{rel}","templated":true}]}}