{"id":136898,"date":"2025-08-20T15:40:29","date_gmt":"2025-08-20T12:40:29","guid":{"rendered":"https:\/\/www.zoner.fi\/tuki\/?page_id=136898"},"modified":"2025-09-17T11:05:13","modified_gmt":"2025-09-17T08:05:13","slug":"miksi-ssl-sertifikaatti-tarvitaan","status":"publish","type":"page","link":"https:\/\/www.zoner.fi\/tuki\/webhotellit\/cpanel-wepardi\/miksi-ssl-sertifikaatti-tarvitaan\/","title":{"rendered":"Miksi SSL-sertifikaattia tarvitaan?"},"content":{"rendered":"\n<p id=\"Ohjes\u00e4hk\u00f6postinotsaketietojenn\u00e4ytt\u00e4miseksi-Outlook\">SSL-sertifikaatin k\u00e4ytt\u00f6 on olennainen osa verkkoturvallisuutta. Se ei ainoastaan suojaa arkaluonteisia tietoja, vaan my\u00f6s rakentaa luottamusta k\u00e4ytt\u00e4jien ja verkkosivustojen v\u00e4lill\u00e4 ja parantaa sivuston n\u00e4kyvyytt\u00e4 hakukoneissa.<\/p>\n\n\n\n<h3 class=\"wp-block-heading\">Mik\u00e4 on SSL-sertifikaatti?<\/h3>\n\n\n\n<p>SSL (Secure Sockets Layer) -sertifikaatti on digitaalinen todistus, joka varmentaa verkkosivuston identiteetin ja mahdollistaa salatun yhteyden verkkosivuston ja k\u00e4ytt\u00e4j\u00e4n selaimen v\u00e4lill\u00e4.<\/p>\n\n\n\n<h3 class=\"wp-block-heading\">Miksi SSL on t\u00e4rke\u00e4?<\/h3>\n\n\n\n<h4 class=\"wp-block-heading\">1. Tietoturva<\/h4>\n\n\n\n<ul class=\"wp-block-list\">\n<li><strong>Salaa tiedot:<\/strong>\u00a0SSL suojaa herkki\u00e4 tietoja, kuten luottokorttinumeroita ja henkil\u00f6tietoja, salakoodaamalla tiedot matkan aikana.<\/li>\n\n\n\n<li><strong>Est\u00e4\u00e4 tietojen v\u00e4\u00e4rink\u00e4ytt\u00f6\u00e4:<\/strong>\u00a0Salatun tiedon sieppaaminen ei ole hy\u00f6dyllist\u00e4 ulkopuolisille, koska se on salattu.<\/li>\n<\/ul>\n\n\n\n<h4 class=\"wp-block-heading\">2. Luotettavuus<\/h4>\n\n\n\n<ul class=\"wp-block-list\">\n<li><strong>Suojelee identiteetti\u00e4:<\/strong>\u00a0SSL varmistaa, ett\u00e4 k\u00e4ytt\u00e4j\u00e4 on yhteydess\u00e4 aitoon palvelimeen, ei huijaukseen.<\/li>\n\n\n\n<li><strong>Lis\u00e4\u00e4 k\u00e4ytt\u00e4jien luottamusta:<\/strong>\u00a0SSL-sertifikaatti osoittaa k\u00e4ytt\u00e4jille, ett\u00e4 heid\u00e4n tietonsa ovat turvassa, mik\u00e4 lis\u00e4\u00e4 luottamusta sivustoa kohtaan.<\/li>\n<\/ul>\n\n\n\n<h4 class=\"wp-block-heading\">3. Hakukoneoptimointi<\/h4>\n\n\n\n<ul class=\"wp-block-list\">\n<li><strong>Parantaa SEO-sijoitusta:<\/strong>\u00a0Google ja muut hakukoneet suosivat SSL-suojattuja sivustoja, mik\u00e4 parantaa sivuston n\u00e4kyvyytt\u00e4 hakutuloksissa.<\/li>\n<\/ul>\n\n\n\n<h4 class=\"wp-block-heading\">4. Lains\u00e4\u00e4d\u00e4nn\u00f6lliset vaatimukset<\/h4>\n\n\n\n<ul class=\"wp-block-list\">\n<li><strong>T\u00e4ytt\u00e4\u00e4 vaatimukset:<\/strong>\u00a0Tietyiss\u00e4 maissa lait saattavat vaatia tietojen salaamista, erityisesti kun k\u00e4sitell\u00e4\u00e4n henkil\u00f6kohtaisia tietoja.<\/li>\n<\/ul>\n\n\n\n<h3 class=\"wp-block-heading\">Miten SSL Toimii?<\/h3>\n\n\n\n<p id=\"Ohjes\u00e4hk\u00f6postinotsaketietojenn\u00e4ytt\u00e4miseksi-Outlook\"><strong>Salaus:<\/strong>\u00a0T\u00e4m\u00e4n j\u00e4lkeen kaikki l\u00e4hetett\u00e4v\u00e4 ja vastaanotettava tieto on salattu, mik\u00e4 varmistaa, ett\u00e4 tieto pysyy yksityisen\u00e4 ja turvassa.<\/p>\n\n\n\n<p><strong>SSL-k\u00e4ttely:<\/strong>\u00a0Kun k\u00e4ytt\u00e4j\u00e4 yhdist\u00e4\u00e4 SSL-suojattuun sivustoon, selain ja palvelin suorittavat &#8221;k\u00e4ttelyn&#8221; vahvistaakseen yhteyden ja vaihtaakseen salausavaimet.<\/p>\n","protected":false},"excerpt":{"rendered":"<p>SSL-sertifikaatin k\u00e4ytt\u00f6 on olennainen osa verkkoturvallisuutta. Se ei ainoastaan suojaa arkaluonteisia tietoja, vaan my\u00f6s rakentaa luottamusta k\u00e4ytt\u00e4jien ja verkkosivustojen v\u00e4lill\u00e4 ja parantaa sivuston n\u00e4kyvyytt\u00e4 hakukoneissa. Mik\u00e4 on SSL-sertifikaatti? SSL (Secure Sockets Layer) -sertifikaatti on digitaalinen todistus, joka varmentaa verkkosivuston identiteetin ja mahdollistaa salatun yhteyden verkkosivuston ja k\u00e4ytt\u00e4j\u00e4n selaimen v\u00e4lill\u00e4. Miksi SSL on t\u00e4rke\u00e4? 1. Tietoturva &#8230; <a title=\"Miksi SSL-sertifikaattia tarvitaan?\" class=\"read-more\" href=\"https:\/\/www.zoner.fi\/tuki\/webhotellit\/cpanel-wepardi\/miksi-ssl-sertifikaatti-tarvitaan\/\" aria-label=\"Lue lis\u00e4\u00e4 aiheesta Miksi SSL-sertifikaattia tarvitaan?\">Lue lis\u00e4\u00e4<\/a><\/p>\n","protected":false},"author":18,"featured_media":0,"parent":136943,"menu_order":0,"comment_status":"closed","ping_status":"closed","template":"","meta":{"_relevanssi_hide_post":"","_relevanssi_hide_content":"","_relevanssi_pin_for_all":"","_relevanssi_pin_keywords":"","_relevanssi_unpin_keywords":"","_relevanssi_related_keywords":"","_relevanssi_related_include_ids":"","_relevanssi_related_exclude_ids":"","_relevanssi_related_no_append":"","_relevanssi_related_not_related":"","_relevanssi_related_posts":"135737,130455,136211,131506,136147,132938","_relevanssi_noindex_reason":"","footnotes":""},"categories":[190,212],"tags":[96,158],"wf_page_folders":[],"class_list":{"0":"post-136898","1":"page","2":"type-page","3":"status-publish","5":"category-cpanel-wepardi","6":"category-cpanel-wepardi-verkkotunnus","7":"tag-domainhallinta","8":"tag-yleiset"},"_links":{"self":[{"href":"https:\/\/www.zoner.fi\/tuki\/wp-json\/wp\/v2\/pages\/136898","targetHints":{"allow":["GET"]}}],"collection":[{"href":"https:\/\/www.zoner.fi\/tuki\/wp-json\/wp\/v2\/pages"}],"about":[{"href":"https:\/\/www.zoner.fi\/tuki\/wp-json\/wp\/v2\/types\/page"}],"author":[{"embeddable":true,"href":"https:\/\/www.zoner.fi\/tuki\/wp-json\/wp\/v2\/users\/18"}],"replies":[{"embeddable":true,"href":"https:\/\/www.zoner.fi\/tuki\/wp-json\/wp\/v2\/comments?post=136898"}],"version-history":[{"count":2,"href":"https:\/\/www.zoner.fi\/tuki\/wp-json\/wp\/v2\/pages\/136898\/revisions"}],"predecessor-version":[{"id":137013,"href":"https:\/\/www.zoner.fi\/tuki\/wp-json\/wp\/v2\/pages\/136898\/revisions\/137013"}],"up":[{"embeddable":true,"href":"https:\/\/www.zoner.fi\/tuki\/wp-json\/wp\/v2\/pages\/136943"}],"wp:attachment":[{"href":"https:\/\/www.zoner.fi\/tuki\/wp-json\/wp\/v2\/media?parent=136898"}],"wp:term":[{"taxonomy":"category","embeddable":true,"href":"https:\/\/www.zoner.fi\/tuki\/wp-json\/wp\/v2\/categories?post=136898"},{"taxonomy":"post_tag","embeddable":true,"href":"https:\/\/www.zoner.fi\/tuki\/wp-json\/wp\/v2\/tags?post=136898"},{"taxonomy":"wf_page_folders","embeddable":true,"href":"https:\/\/www.zoner.fi\/tuki\/wp-json\/wp\/v2\/wf_page_folders?post=136898"}],"curies":[{"name":"wp","href":"https:\/\/api.w.org\/{rel}","templated":true}]}}