{"id":136902,"date":"2025-08-20T15:41:45","date_gmt":"2025-08-20T12:41:45","guid":{"rendered":"https:\/\/www.zoner.fi\/tuki\/?page_id=136902"},"modified":"2025-09-17T11:04:33","modified_gmt":"2025-09-17T08:04:33","slug":"mika-on-ssl-salaus","status":"publish","type":"page","link":"https:\/\/www.zoner.fi\/tuki\/webhotellit\/cpanel-wepardi\/mika-on-ssl-salaus\/","title":{"rendered":"Yleist\u00e4 tietoa SSL-salauksesta"},"content":{"rendered":"\n<h2 class=\"wp-block-heading\" id=\"Ohjes\u00e4hk\u00f6postinotsaketietojenn\u00e4ytt\u00e4miseksi-Outlook\">Mik\u00e4 SSL-salaus?<\/h2>\n\n\n\n<p>SSL-salauksella tarkoitetaan protokollaa, jolla suojataan tietoliikennett\u00e4 internetin yli. Salauksella pyrit\u00e4\u00e4n est\u00e4m\u00e4\u00e4n arkaluontoisten tietojen p\u00e4\u00e4tyminen ulkopuolisten k\u00e4siin. Esimerkiksi verkkokaupoissa maksutietojen p\u00e4\u00e4tyminen v\u00e4\u00e4riin k\u00e4siin v\u00e4ltet\u00e4\u00e4n salaamalla yhteys asiakkaan selaimen ja palvelimen v\u00e4lill\u00e4.<\/p>\n\n\n\n<p>Liikenteen salaamiseksi tarvitaan SSL-sertifikaatti, jonka avulla kolmas osapuoli vahvistaa sen ett\u00e4 liikenne on salattu palvelimen ja sivuston k\u00e4vij\u00e4n selaimen v\u00e4lill\u00e4.<\/p>\n\n\n\n<h3 class=\"wp-block-heading\" id=\"Selain-varoittaa-ettei-sivustoni-ole-turvallinen\">Selain varoittaa ettei sivustoni ole turvallinen<\/h3>\n\n\n\n<p id=\"Ohjes\u00e4hk\u00f6postinotsaketietojenn\u00e4ytt\u00e4miseksi-Outlook\">Nyky\u00e4\u00e4n useimmat selaimet, esim. Chrome varoittavat sivustolla k\u00e4vij\u00e4\u00e4 mik\u00e4li yhteys ei ole suojattu. Suosittelemme ottamaan\u00a0<a href=\"https:\/\/www.zoner.fi\/tietoturva\/ssl-sertifikaatti\/\">SSL-sertifikaatin<\/a> k\u00e4ytt\u00f6\u00f6n\u00a0webhotelleissamme.<\/p>\n","protected":false},"excerpt":{"rendered":"<p>Mik\u00e4 SSL-salaus? SSL-salauksella tarkoitetaan protokollaa, jolla suojataan tietoliikennett\u00e4 internetin yli. Salauksella pyrit\u00e4\u00e4n est\u00e4m\u00e4\u00e4n arkaluontoisten tietojen p\u00e4\u00e4tyminen ulkopuolisten k\u00e4siin. Esimerkiksi verkkokaupoissa maksutietojen p\u00e4\u00e4tyminen v\u00e4\u00e4riin k\u00e4siin v\u00e4ltet\u00e4\u00e4n salaamalla yhteys asiakkaan selaimen ja palvelimen v\u00e4lill\u00e4. Liikenteen salaamiseksi tarvitaan SSL-sertifikaatti, jonka avulla kolmas osapuoli vahvistaa sen ett\u00e4 liikenne on salattu palvelimen ja sivuston k\u00e4vij\u00e4n selaimen v\u00e4lill\u00e4. Selain varoittaa ettei &#8230; <a title=\"Yleist\u00e4 tietoa SSL-salauksesta\" class=\"read-more\" href=\"https:\/\/www.zoner.fi\/tuki\/webhotellit\/cpanel-wepardi\/mika-on-ssl-salaus\/\" aria-label=\"Lue lis\u00e4\u00e4 aiheesta Yleist\u00e4 tietoa SSL-salauksesta\">Lue lis\u00e4\u00e4<\/a><\/p>\n","protected":false},"author":18,"featured_media":0,"parent":136943,"menu_order":0,"comment_status":"closed","ping_status":"closed","template":"","meta":{"_relevanssi_hide_post":"","_relevanssi_hide_content":"","_relevanssi_pin_for_all":"","_relevanssi_pin_keywords":"","_relevanssi_unpin_keywords":"","_relevanssi_related_keywords":"","_relevanssi_related_include_ids":"","_relevanssi_related_exclude_ids":"","_relevanssi_related_no_append":"","_relevanssi_related_not_related":"","_relevanssi_related_posts":"135737,130455,136211,131506,136147,132938","_relevanssi_noindex_reason":"","footnotes":""},"categories":[190,212],"tags":[96,158],"wf_page_folders":[],"class_list":{"0":"post-136902","1":"page","2":"type-page","3":"status-publish","5":"category-cpanel-wepardi","6":"category-cpanel-wepardi-verkkotunnus","7":"tag-domainhallinta","8":"tag-yleiset"},"_links":{"self":[{"href":"https:\/\/www.zoner.fi\/tuki\/wp-json\/wp\/v2\/pages\/136902","targetHints":{"allow":["GET"]}}],"collection":[{"href":"https:\/\/www.zoner.fi\/tuki\/wp-json\/wp\/v2\/pages"}],"about":[{"href":"https:\/\/www.zoner.fi\/tuki\/wp-json\/wp\/v2\/types\/page"}],"author":[{"embeddable":true,"href":"https:\/\/www.zoner.fi\/tuki\/wp-json\/wp\/v2\/users\/18"}],"replies":[{"embeddable":true,"href":"https:\/\/www.zoner.fi\/tuki\/wp-json\/wp\/v2\/comments?post=136902"}],"version-history":[{"count":4,"href":"https:\/\/www.zoner.fi\/tuki\/wp-json\/wp\/v2\/pages\/136902\/revisions"}],"predecessor-version":[{"id":137050,"href":"https:\/\/www.zoner.fi\/tuki\/wp-json\/wp\/v2\/pages\/136902\/revisions\/137050"}],"up":[{"embeddable":true,"href":"https:\/\/www.zoner.fi\/tuki\/wp-json\/wp\/v2\/pages\/136943"}],"wp:attachment":[{"href":"https:\/\/www.zoner.fi\/tuki\/wp-json\/wp\/v2\/media?parent=136902"}],"wp:term":[{"taxonomy":"category","embeddable":true,"href":"https:\/\/www.zoner.fi\/tuki\/wp-json\/wp\/v2\/categories?post=136902"},{"taxonomy":"post_tag","embeddable":true,"href":"https:\/\/www.zoner.fi\/tuki\/wp-json\/wp\/v2\/tags?post=136902"},{"taxonomy":"wf_page_folders","embeddable":true,"href":"https:\/\/www.zoner.fi\/tuki\/wp-json\/wp\/v2\/wf_page_folders?post=136902"}],"curies":[{"name":"wp","href":"https:\/\/api.w.org\/{rel}","templated":true}]}}