{"id":136904,"date":"2025-08-20T15:44:47","date_gmt":"2025-08-20T12:44:47","guid":{"rendered":"https:\/\/www.zoner.fi\/tuki\/?page_id=136904"},"modified":"2025-09-17T15:39:53","modified_gmt":"2025-09-17T12:39:53","slug":"sahkopostilaatikko-suljettu","status":"publish","type":"page","link":"https:\/\/www.zoner.fi\/tuki\/sahkopostiohjeet\/cpanel-webhotelli-fi\/sahkopostilaatikko-suljettu\/","title":{"rendered":"Miksi s\u00e4hk\u00f6postilaatikkoni on suljettu?"},"content":{"rendered":"\n<p>Kyse saattaa olla v\u00e4\u00e4rink\u00e4ytt\u00f6tilanteesta, jolloin yll\u00e4pitomme on joutunut sulkemaan s\u00e4hk\u00f6postilaatikkosi k\u00e4yt\u00f6n tilap\u00e4isesti. Olethan yhteydess\u00e4 asiakaspalveluun asian selvitt\u00e4miseksi.<\/p>\n\n\n\n<p><\/p>\n","protected":false},"excerpt":{"rendered":"<p>Kyse saattaa olla v\u00e4\u00e4rink\u00e4ytt\u00f6tilanteesta, jolloin yll\u00e4pitomme on joutunut sulkemaan s\u00e4hk\u00f6postilaatikkosi k\u00e4yt\u00f6n tilap\u00e4isesti. Olethan yhteydess\u00e4 asiakaspalveluun asian selvitt\u00e4miseksi.<\/p>\n","protected":false},"author":18,"featured_media":0,"parent":137089,"menu_order":0,"comment_status":"closed","ping_status":"closed","template":"","meta":{"_relevanssi_hide_post":"","_relevanssi_hide_content":"","_relevanssi_pin_for_all":"","_relevanssi_pin_keywords":"","_relevanssi_unpin_keywords":"","_relevanssi_related_keywords":"","_relevanssi_related_include_ids":"","_relevanssi_related_exclude_ids":"","_relevanssi_related_no_append":"","_relevanssi_related_not_related":"","_relevanssi_related_posts":"135737,130455,136211,131506,136147,132938","_relevanssi_noindex_reason":"","footnotes":""},"categories":[213,195],"tags":[214],"wf_page_folders":[],"class_list":{"0":"post-136904","1":"page","2":"type-page","3":"status-publish","5":"category-cpanel-webhotelli-fi-sahkoposti","6":"category-cpanel-wepardi-sahkoposti","7":"tag-sahkopostin-hallinta"},"_links":{"self":[{"href":"https:\/\/www.zoner.fi\/tuki\/wp-json\/wp\/v2\/pages\/136904","targetHints":{"allow":["GET"]}}],"collection":[{"href":"https:\/\/www.zoner.fi\/tuki\/wp-json\/wp\/v2\/pages"}],"about":[{"href":"https:\/\/www.zoner.fi\/tuki\/wp-json\/wp\/v2\/types\/page"}],"author":[{"embeddable":true,"href":"https:\/\/www.zoner.fi\/tuki\/wp-json\/wp\/v2\/users\/18"}],"replies":[{"embeddable":true,"href":"https:\/\/www.zoner.fi\/tuki\/wp-json\/wp\/v2\/comments?post=136904"}],"version-history":[{"count":2,"href":"https:\/\/www.zoner.fi\/tuki\/wp-json\/wp\/v2\/pages\/136904\/revisions"}],"predecessor-version":[{"id":137016,"href":"https:\/\/www.zoner.fi\/tuki\/wp-json\/wp\/v2\/pages\/136904\/revisions\/137016"}],"up":[{"embeddable":true,"href":"https:\/\/www.zoner.fi\/tuki\/wp-json\/wp\/v2\/pages\/137089"}],"wp:attachment":[{"href":"https:\/\/www.zoner.fi\/tuki\/wp-json\/wp\/v2\/media?parent=136904"}],"wp:term":[{"taxonomy":"category","embeddable":true,"href":"https:\/\/www.zoner.fi\/tuki\/wp-json\/wp\/v2\/categories?post=136904"},{"taxonomy":"post_tag","embeddable":true,"href":"https:\/\/www.zoner.fi\/tuki\/wp-json\/wp\/v2\/tags?post=136904"},{"taxonomy":"wf_page_folders","embeddable":true,"href":"https:\/\/www.zoner.fi\/tuki\/wp-json\/wp\/v2\/wf_page_folders?post=136904"}],"curies":[{"name":"wp","href":"https:\/\/api.w.org\/{rel}","templated":true}]}}