{"id":136908,"date":"2025-08-20T15:50:14","date_gmt":"2025-08-20T12:50:14","guid":{"rendered":"https:\/\/www.zoner.fi\/tuki\/?page_id=136908"},"modified":"2025-09-17T12:47:24","modified_gmt":"2025-09-17T09:47:24","slug":"nimellani-lahetetaan-roskapostia","status":"publish","type":"page","link":"https:\/\/www.zoner.fi\/tuki\/sahkopostiohjeet\/cpanel-webhotelli-fi\/nimellani-lahetetaan-roskapostia\/","title":{"rendered":"Nimell\u00e4ni l\u00e4hetet\u00e4\u00e4n roskapostia &#8211; mit\u00e4 tehd\u00e4?"},"content":{"rendered":"\n<h2 class=\"wp-block-heading\">A) S\u00e4hk\u00f6postilaatikkosi salasana on arvattu ja roskaposti on l\u00e4hetetty Zonerin palvelimelta<\/h2>\n\n\n\n<p>T\u00e4ss\u00e4 tilanteessa sinun tulisi vaihtaa s\u00e4hk\u00f6postisi salasana v\u00e4litt\u00f6m\u00e4sti uuteen. Mik\u00e4li et p\u00e4\u00e4se en\u00e4\u00e4 kirjautumaan s\u00e4hk\u00f6postiisi, olethan asiasta yhteydess\u00e4 asiakaspalveluumme.&nbsp;<\/p>\n\n\n\n<p>Mik\u00e4li yll\u00e4pitomme havaitsee ett\u00e4 postilaatikostasi on l\u00e4hetetty roskapostia, sen k\u00e4ytt\u00f6 suljetaan tilap\u00e4isesti. Sinun tulisi my\u00f6s t\u00e4ss\u00e4 tapauksessa olla yhteydess\u00e4 asiakaspalveluumme.<\/p>\n\n\n\n<h2 class=\"wp-block-heading\" id=\"Nimell\u00e4nil\u00e4hetet\u00e4\u00e4nroskapostia,mit\u00e4nyt?-B)Viestionl\u00e4hetettytodellisuudessamuultakuinWepardinpalvelimelta\">B) Viesti on l\u00e4hetetty todellisuudessa muulta kuin Zonerin palvelimelta<\/h2>\n\n\n\n<p>Jos joku muu l\u00e4hett\u00e4\u00e4 roskapostia sinun osoitteesi nimiss\u00e4, verkkotunnuksesi SPF-tietueeseen voidaan mahdollisesti tehd\u00e4 parannuksia t\u00e4m\u00e4n est\u00e4miseksi. Voit olla asiasta yhteydess\u00e4 asiakaspalveluumme.&nbsp;<\/p>\n\n\n\n<h2 class=\"wp-block-heading\" id=\"Nimell\u00e4nil\u00e4hetet\u00e4\u00e4nroskapostia,mit\u00e4nyt?-Mist\u00e4tied\u00e4n,onkoviestil\u00e4hetettyminunpostilaatikostani?\">Mist\u00e4 tied\u00e4n, onko viesti l\u00e4hetetty omasta postilaatikostani?<\/h2>\n\n\n\n<p>cPanel -hallintapaneelin kohdasta &#8221;Seuraa toimitusta&#8221; on mahdollista tarkistaa, mit\u00e4 viestej\u00e4 palvelusta on l\u00e4hetetty ulosp\u00e4in. Jos kyseist\u00e4 roskapostiviesti\u00e4 ei n\u00e4y listauksessa, viesti on l\u00e4hetetty muulta kuin Zonerin palvelimelta.<\/p>\n\n\n\n<p><\/p>\n","protected":false},"excerpt":{"rendered":"<p>A) S\u00e4hk\u00f6postilaatikkosi salasana on arvattu ja roskaposti on l\u00e4hetetty Zonerin palvelimelta T\u00e4ss\u00e4 tilanteessa sinun tulisi vaihtaa s\u00e4hk\u00f6postisi salasana v\u00e4litt\u00f6m\u00e4sti uuteen. Mik\u00e4li et p\u00e4\u00e4se en\u00e4\u00e4 kirjautumaan s\u00e4hk\u00f6postiisi, olethan asiasta yhteydess\u00e4 asiakaspalveluumme.&nbsp; Mik\u00e4li yll\u00e4pitomme havaitsee ett\u00e4 postilaatikostasi on l\u00e4hetetty roskapostia, sen k\u00e4ytt\u00f6 suljetaan tilap\u00e4isesti. Sinun tulisi my\u00f6s t\u00e4ss\u00e4 tapauksessa olla yhteydess\u00e4 asiakaspalveluumme. B) Viesti on l\u00e4hetetty todellisuudessa &#8230; <a title=\"Nimell\u00e4ni l\u00e4hetet\u00e4\u00e4n roskapostia &#8211; mit\u00e4 tehd\u00e4?\" class=\"read-more\" href=\"https:\/\/www.zoner.fi\/tuki\/sahkopostiohjeet\/cpanel-webhotelli-fi\/nimellani-lahetetaan-roskapostia\/\" aria-label=\"Lue lis\u00e4\u00e4 aiheesta Nimell\u00e4ni l\u00e4hetet\u00e4\u00e4n roskapostia &#8211; mit\u00e4 tehd\u00e4?\">Lue lis\u00e4\u00e4<\/a><\/p>\n","protected":false},"author":18,"featured_media":0,"parent":137089,"menu_order":0,"comment_status":"closed","ping_status":"closed","template":"","meta":{"_relevanssi_hide_post":"","_relevanssi_hide_content":"","_relevanssi_pin_for_all":"","_relevanssi_pin_keywords":"","_relevanssi_unpin_keywords":"","_relevanssi_related_keywords":"","_relevanssi_related_include_ids":"","_relevanssi_related_exclude_ids":"","_relevanssi_related_no_append":"","_relevanssi_related_not_related":"","_relevanssi_related_posts":"135737,130455,136211,131506,136147,132938","_relevanssi_noindex_reason":"","footnotes":""},"categories":[213,195],"tags":[214],"wf_page_folders":[],"class_list":{"0":"post-136908","1":"page","2":"type-page","3":"status-publish","5":"category-cpanel-webhotelli-fi-sahkoposti","6":"category-cpanel-wepardi-sahkoposti","7":"tag-sahkopostin-hallinta"},"_links":{"self":[{"href":"https:\/\/www.zoner.fi\/tuki\/wp-json\/wp\/v2\/pages\/136908","targetHints":{"allow":["GET"]}}],"collection":[{"href":"https:\/\/www.zoner.fi\/tuki\/wp-json\/wp\/v2\/pages"}],"about":[{"href":"https:\/\/www.zoner.fi\/tuki\/wp-json\/wp\/v2\/types\/page"}],"author":[{"embeddable":true,"href":"https:\/\/www.zoner.fi\/tuki\/wp-json\/wp\/v2\/users\/18"}],"replies":[{"embeddable":true,"href":"https:\/\/www.zoner.fi\/tuki\/wp-json\/wp\/v2\/comments?post=136908"}],"version-history":[{"count":2,"href":"https:\/\/www.zoner.fi\/tuki\/wp-json\/wp\/v2\/pages\/136908\/revisions"}],"predecessor-version":[{"id":137018,"href":"https:\/\/www.zoner.fi\/tuki\/wp-json\/wp\/v2\/pages\/136908\/revisions\/137018"}],"up":[{"embeddable":true,"href":"https:\/\/www.zoner.fi\/tuki\/wp-json\/wp\/v2\/pages\/137089"}],"wp:attachment":[{"href":"https:\/\/www.zoner.fi\/tuki\/wp-json\/wp\/v2\/media?parent=136908"}],"wp:term":[{"taxonomy":"category","embeddable":true,"href":"https:\/\/www.zoner.fi\/tuki\/wp-json\/wp\/v2\/categories?post=136908"},{"taxonomy":"post_tag","embeddable":true,"href":"https:\/\/www.zoner.fi\/tuki\/wp-json\/wp\/v2\/tags?post=136908"},{"taxonomy":"wf_page_folders","embeddable":true,"href":"https:\/\/www.zoner.fi\/tuki\/wp-json\/wp\/v2\/wf_page_folders?post=136908"}],"curies":[{"name":"wp","href":"https:\/\/api.w.org\/{rel}","templated":true}]}}