{"id":136910,"date":"2025-08-21T14:43:40","date_gmt":"2025-08-21T11:43:40","guid":{"rendered":"https:\/\/www.zoner.fi\/tuki\/?page_id=136910"},"modified":"2025-09-25T12:24:38","modified_gmt":"2025-09-25T09:24:38","slug":"kotisivut-hakkeroitu","status":"publish","type":"page","link":"https:\/\/www.zoner.fi\/tuki\/webhotellit\/cpanel-wepardi\/kotisivut-hakkeroitu\/","title":{"rendered":"Sivuni on hakkeroitu, mit\u00e4 voin tehd\u00e4?"},"content":{"rendered":"\n<p>Palvelimelle asennettujen ohjelmistojen (esim. WordPress, Joomla jne.) tietoturvasta on t\u00e4rke\u00e4\u00e4 huolehtia mm. s\u00e4\u00e4nn\u00f6llisin p\u00e4ivityksin.<\/p>\n\n\n\n<p>Jos julkaisuj\u00e4rjestelm\u00e4ss\u00e4 tai mussa ohjelmistossa on tietoturva-aukkoja, palvelimella oleviin tiedoistoihin saatetaan p\u00e4\u00e4st\u00e4 tekem\u00e4\u00e4n ulkopuolelta haitallisia muutoksia.<\/p>\n\n\n\n<p>Mik\u00e4li yll\u00e4pitomme havaitsee haitallista sis\u00e4lt\u00f6\u00e4 sivustolla, se suljetaan tilap\u00e4isesti k\u00e4yt\u00f6st\u00e4. P\u00e4\u00e4sy sivustolle voidaan sallia asiakkaan ilmoittamasta IP-osoitteesta korjaustoimenpiteit\u00e4 varten. IP-osoitteen sallimisesta tulee olla yhteydess\u00e4 asiakaspalveluumme.<\/p>\n\n\n\n<p>Ennen sivuston uudelleenavaamista kaikki haitallinen koodi \/ sis\u00e4lt\u00f6 pit\u00e4\u00e4 ensin poistaa palvelusta. Jos t\u00e4m\u00e4 ei ole mahdollista, asiakaspalvelumme voi tyhjent\u00e4\u00e4 palvelimen sivutilan kokonaan ja avata palvelun uudelleen k\u00e4ytt\u00f6\u00f6n.<\/p>\n","protected":false},"excerpt":{"rendered":"<p>Palvelimelle asennettujen ohjelmistojen (esim. WordPress, Joomla jne.) tietoturvasta on t\u00e4rke\u00e4\u00e4 huolehtia mm. s\u00e4\u00e4nn\u00f6llisin p\u00e4ivityksin. Jos julkaisuj\u00e4rjestelm\u00e4ss\u00e4 tai mussa ohjelmistossa on tietoturva-aukkoja, palvelimella oleviin tiedoistoihin saatetaan p\u00e4\u00e4st\u00e4 tekem\u00e4\u00e4n ulkopuolelta haitallisia muutoksia. Mik\u00e4li yll\u00e4pitomme havaitsee haitallista sis\u00e4lt\u00f6\u00e4 sivustolla, se suljetaan tilap\u00e4isesti k\u00e4yt\u00f6st\u00e4. P\u00e4\u00e4sy sivustolle voidaan sallia asiakkaan ilmoittamasta IP-osoitteesta korjaustoimenpiteit\u00e4 varten. IP-osoitteen sallimisesta tulee olla yhteydess\u00e4 asiakaspalveluumme. &#8230; <a title=\"Sivuni on hakkeroitu, mit\u00e4 voin tehd\u00e4?\" class=\"read-more\" href=\"https:\/\/www.zoner.fi\/tuki\/webhotellit\/cpanel-wepardi\/kotisivut-hakkeroitu\/\" aria-label=\"Lue lis\u00e4\u00e4 aiheesta Sivuni on hakkeroitu, mit\u00e4 voin tehd\u00e4?\">Lue lis\u00e4\u00e4<\/a><\/p>\n","protected":false},"author":18,"featured_media":0,"parent":136943,"menu_order":0,"comment_status":"closed","ping_status":"closed","template":"","meta":{"_relevanssi_hide_post":"","_relevanssi_hide_content":"","_relevanssi_pin_for_all":"","_relevanssi_pin_keywords":"","_relevanssi_unpin_keywords":"","_relevanssi_related_keywords":"","_relevanssi_related_include_ids":"","_relevanssi_related_exclude_ids":"","_relevanssi_related_no_append":"","_relevanssi_related_not_related":"","_relevanssi_related_posts":"135737,130455,136211,131506,136147,132938","_relevanssi_noindex_reason":"","footnotes":""},"categories":[190],"tags":[158],"wf_page_folders":[],"class_list":{"0":"post-136910","1":"page","2":"type-page","3":"status-publish","5":"category-cpanel-wepardi","6":"tag-yleiset"},"_links":{"self":[{"href":"https:\/\/www.zoner.fi\/tuki\/wp-json\/wp\/v2\/pages\/136910","targetHints":{"allow":["GET"]}}],"collection":[{"href":"https:\/\/www.zoner.fi\/tuki\/wp-json\/wp\/v2\/pages"}],"about":[{"href":"https:\/\/www.zoner.fi\/tuki\/wp-json\/wp\/v2\/types\/page"}],"author":[{"embeddable":true,"href":"https:\/\/www.zoner.fi\/tuki\/wp-json\/wp\/v2\/users\/18"}],"replies":[{"embeddable":true,"href":"https:\/\/www.zoner.fi\/tuki\/wp-json\/wp\/v2\/comments?post=136910"}],"version-history":[{"count":2,"href":"https:\/\/www.zoner.fi\/tuki\/wp-json\/wp\/v2\/pages\/136910\/revisions"}],"predecessor-version":[{"id":137019,"href":"https:\/\/www.zoner.fi\/tuki\/wp-json\/wp\/v2\/pages\/136910\/revisions\/137019"}],"up":[{"embeddable":true,"href":"https:\/\/www.zoner.fi\/tuki\/wp-json\/wp\/v2\/pages\/136943"}],"wp:attachment":[{"href":"https:\/\/www.zoner.fi\/tuki\/wp-json\/wp\/v2\/media?parent=136910"}],"wp:term":[{"taxonomy":"category","embeddable":true,"href":"https:\/\/www.zoner.fi\/tuki\/wp-json\/wp\/v2\/categories?post=136910"},{"taxonomy":"post_tag","embeddable":true,"href":"https:\/\/www.zoner.fi\/tuki\/wp-json\/wp\/v2\/tags?post=136910"},{"taxonomy":"wf_page_folders","embeddable":true,"href":"https:\/\/www.zoner.fi\/tuki\/wp-json\/wp\/v2\/wf_page_folders?post=136910"}],"curies":[{"name":"wp","href":"https:\/\/api.w.org\/{rel}","templated":true}]}}